{"id":36624,"date":"2025-06-17T14:13:08","date_gmt":"2025-06-17T14:13:08","guid":{"rendered":"https:\/\/mps.digital-monkey.in\/product\/ellebogen-gt-m55\/"},"modified":"2025-10-28T19:02:58","modified_gmt":"2025-10-28T19:02:58","slug":"ellebogen-gt-m55","status":"publish","type":"product","link":"https:\/\/mps.digital-monkey.in\/de\/product\/ellebogen-gt-m55\/","title":{"rendered":"Ellebogen GT-M55 Volvo Penta 856834"},"content":{"rendered":"<h2 data-start=\"153\" data-end=\"241\"><strong data-start=\"156\" data-end=\"239\">Ellebogen GT-M55 Volvo Penta 856834 \/ Yanmar 120672-08400 &#8211; Marine Motorhalterung<\/strong><\/h2>\n<p data-start=\"243\" data-end=\"523\">Der <strong data-start=\"247\" data-end=\"267\">Ellebogen GT-M55<\/strong> Marine-Motorhalter ist ein hochbelastbarer <strong data-start=\"304\" data-end=\"328\">Schwingungsd\u00e4mpfer<\/strong> f\u00fcr Schiffsmotoren. Er ist ein direkter Ersatz f\u00fcr <strong data-start=\"389\" data-end=\"411\">Volvo Penta 856834<\/strong> und <strong data-start=\"416\" data-end=\"439\">Yanmar 120672-08400<\/strong> und gew\u00e4hrleistet eine hervorragende Vibrationsd\u00e4mpfung und zuverl\u00e4ssige Unterst\u00fctzung bei h\u00f6heren Belastungen.<\/p>\n<hr data-start=\"525\" data-end=\"528\">\n<h3 data-start=\"530\" data-end=\"562\"><strong data-start=\"534\" data-end=\"562\">Technische Daten<\/strong><\/h3>\n<ul data-start=\"563\" data-end=\"731\">\n<li data-start=\"563\" data-end=\"605\">\n<p data-start=\"565\" data-end=\"605\"><strong data-start=\"565\" data-end=\"586\">Referenznummer:<\/strong> Ellebogen GT-M55<\/p>\n<\/li>\n<li data-start=\"606\" data-end=\"672\">\n<p data-start=\"608\" data-end=\"672\"><strong data-start=\"608\" data-end=\"629\">OEM-Ersatzteile:<\/strong> Volvo Penta 856834 \/ Yanmar 120672-08400<\/p>\n<\/li>\n<li data-start=\"673\" data-end=\"695\">\n<p data-start=\"675\" data-end=\"695\"><strong data-start=\"675\" data-end=\"688\">H\u00e4rte:<\/strong> 55Sh<\/p>\n<\/li>\n<li data-start=\"696\" data-end=\"731\">\n<p data-start=\"698\" data-end=\"731\"><strong data-start=\"698\" data-end=\"722\">Maximale statische Belastung:<\/strong> 220 kg<\/p>\n<\/li>\n<\/ul>\n<hr data-start=\"733\" data-end=\"736\">\n<h3 data-start=\"738\" data-end=\"764\"><strong data-start=\"742\" data-end=\"764\">Kompatible Motoren<\/strong><\/h3>\n<ul data-start=\"765\" data-end=\"986\">\n<li data-start=\"765\" data-end=\"986\">\n<p data-start=\"767\" data-end=\"803\"><strong data-start=\"767\" data-end=\"801\">Volvo Penta Saildrive-Motoren:<\/strong><\/p>\n<ul data-start=\"806\" data-end=\"986\">\n<li data-start=\"806\" data-end=\"825\">\n<p data-start=\"808\" data-end=\"825\">D2-50 Saildrive<\/p>\n<\/li>\n<li data-start=\"828\" data-end=\"847\">\n<p data-start=\"830\" data-end=\"847\">D2-55 Saildrive<\/p>\n<\/li>\n<li data-start=\"850\" data-end=\"869\">\n<p data-start=\"852\" data-end=\"869\">D2-60 Saildrive<\/p>\n<\/li>\n<li data-start=\"872\" data-end=\"891\">\n<p data-start=\"874\" data-end=\"891\">D2-75 Saildrive<\/p>\n<\/li>\n<li data-start=\"894\" data-end=\"914\">\n<p data-start=\"896\" data-end=\"914\">MD2020 Saildrive<\/p>\n<\/li>\n<li data-start=\"917\" data-end=\"938\">\n<p data-start=\"919\" data-end=\"938\">MD2020B Saildrive<\/p>\n<\/li>\n<li data-start=\"941\" data-end=\"962\">\n<p data-start=\"943\" data-end=\"962\">MD2020C Saildrive<\/p>\n<\/li>\n<li data-start=\"965\" data-end=\"986\">\n<p data-start=\"967\" data-end=\"986\">MD2020D Saildrive<\/p>\n<\/li>\n<\/ul>\n<\/li>\n<\/ul>\n<hr data-start=\"988\" data-end=\"991\">\n<h3 data-start=\"993\" data-end=\"1013\"><strong data-start=\"997\" data-end=\"1013\">Wesentliche Merkmale<\/strong><\/h3>\n<ul data-start=\"1014\" data-end=\"1321\">\n<li data-start=\"1014\" data-end=\"1081\">\n<p data-start=\"1016\" data-end=\"1081\">OEM-Ersatz f\u00fcr Volvo Penta 856834 und Yanmar 120672-08400.<\/p>\n<\/li>\n<li data-start=\"1082\" data-end=\"1133\">\n<p data-start=\"1084\" data-end=\"1133\">Schwerlasthalterung mit einer maximalen Tragf\u00e4higkeit von 220 kg.<\/p>\n<\/li>\n<li data-start=\"1134\" data-end=\"1198\">\n<p data-start=\"1136\" data-end=\"1198\">Effektive Vibrationsreduzierung f\u00fcr einen ruhigeren Motorbetrieb.<\/p>\n<\/li>\n<li data-start=\"1199\" data-end=\"1259\">\n<p data-start=\"1201\" data-end=\"1259\">Hergestellt aus Gummi und Metall in Marinequalit\u00e4t f\u00fcr lange Haltbarkeit.<\/p>\n<\/li>\n<li data-start=\"1260\" data-end=\"1321\">\n<p data-start=\"1262\" data-end=\"1321\">Einfache Installation und zuverl\u00e4ssige Passform f\u00fcr Saildrive-Motoren.<\/p>\n<\/li>\n<\/ul>\n","protected":false},"excerpt":{"rendered":"<p>Ellebogen GT-M55 Volvo Penta 856834 \/ Yanmar 120672-08400 &#8211; Marine Motorhalterung Der Ellebogen GT-M55 Marine-Motorhalter ist ein hochbelastbarer Schwingungsd\u00e4mpfer f\u00fcr Schiffsmotoren. Er ist ein direkter Ersatz f\u00fcr Volvo Penta 856834 und Yanmar 120672-08400 und gew\u00e4hrleistet eine hervorragende Vibrationsd\u00e4mpfung und zuverl\u00e4ssige Unterst\u00fctzung bei h\u00f6heren Belastungen. Technische Daten Referenznummer: Ellebogen GT-M55 OEM-Ersatzteile: Volvo Penta 856834 \/ Yanmar [&hellip;]<\/p>\n","protected":false},"featured_media":38937,"comment_status":"open","ping_status":"closed","template":"","meta":[],"product_brand":[4234,4230],"product_cat":[2532,2886,4308,4335,4336,4309,4312,4331],"product_tag":[],"class_list":{"0":"post-36624","1":"product","2":"type-product","3":"status-publish","4":"has-post-thumbnail","6":"product_brand-ellebogen","7":"product_brand-volvo-penta","8":"product_cat-motorenteile","9":"product_cat-motorhalterungen","10":"product_cat-volvo-penta","11":"product_cat-volvo-penta-d2-55-teile","12":"product_cat-volvo-penta-d2-75-teile","13":"product_cat-volvo-penta-md-serie","14":"product_cat-volvo-penta-md2020-teile","15":"product_cat-volvo-penta-serie-d2","16":"pa_condition-neu","17":"pa_model-d2-50","18":"pa_model-d2-55","19":"pa_model-d2-60","20":"pa_model-d2-75","21":"pa_model-md2020","22":"pa_oem-or-aftermarket-aftermarket","24":"first","25":"onbackorder","26":"taxable","27":"shipping-taxable","28":"purchasable","29":"product-type-simple"},"supplier_id":7297,"supplier_sku":"GT-M55","barcode":null,"atum_controlled":true,"out_stock_date":"2025-10-29 09:34:53","out_stock_threshold":null,"inheritable":false,"inbound_stock":2,"stock_on_hold":0,"sold_today":0,"sales_last_days":0,"reserved_stock":0,"customer_returns":0,"warehouse_damage":0,"lost_in_post":0,"other_logs":0,"out_stock_days":0,"lost_sales":0,"has_location":false,"update_date":"2025-10-29T09:35:22","atum_locations":[],"atum_stock_status":"onbackorder","restock_status":false,"low_stock_amount":1,"sales_update_date":null,"calc_backorders":null,"_links":{"self":[{"href":"https:\/\/mps.digital-monkey.in\/de\/wp-json\/wp\/v2\/product\/36624","targetHints":{"allow":["GET"]}}],"collection":[{"href":"https:\/\/mps.digital-monkey.in\/de\/wp-json\/wp\/v2\/product"}],"about":[{"href":"https:\/\/mps.digital-monkey.in\/de\/wp-json\/wp\/v2\/types\/product"}],"replies":[{"embeddable":true,"href":"https:\/\/mps.digital-monkey.in\/de\/wp-json\/wp\/v2\/comments?post=36624"}],"wp:featuredmedia":[{"embeddable":true,"href":"https:\/\/mps.digital-monkey.in\/de\/wp-json\/wp\/v2\/media\/38937"}],"wp:attachment":[{"href":"https:\/\/mps.digital-monkey.in\/de\/wp-json\/wp\/v2\/media?parent=36624"}],"wp:term":[{"taxonomy":"product_brand","embeddable":true,"href":"https:\/\/mps.digital-monkey.in\/de\/wp-json\/wp\/v2\/product_brand?post=36624"},{"taxonomy":"product_cat","embeddable":true,"href":"https:\/\/mps.digital-monkey.in\/de\/wp-json\/wp\/v2\/product_cat?post=36624"},{"taxonomy":"product_tag","embeddable":true,"href":"https:\/\/mps.digital-monkey.in\/de\/wp-json\/wp\/v2\/product_tag?post=36624"}],"curies":[{"name":"wp","href":"https:\/\/api.w.org\/{rel}","templated":true}]}}