{"id":36656,"date":"2025-06-17T14:13:10","date_gmt":"2025-06-17T14:13:10","guid":{"rendered":"https:\/\/mps.digital-monkey.in\/product\/volvo-penta-vds-4-5-motoroel-15w40\/"},"modified":"2025-12-02T11:09:16","modified_gmt":"2025-12-02T11:09:16","slug":"volvo-penta-vds-4-5-motoroel-15w40","status":"publish","type":"product","link":"https:\/\/mps.digital-monkey.in\/de\/product\/volvo-penta-vds-4-5-motoroel-15w40\/","title":{"rendered":"Volvo Penta VDS-4.5 Motor\u00f6l 15W40"},"content":{"rendered":"<h3 data-start=\"109\" data-end=\"153\"><strong data-start=\"113\" data-end=\"153\">Volvo Penta VDS-4.5 Motor\u00f6l 15W40<\/strong><\/h3>\n<p data-start=\"155\" data-end=\"452\">Volvo Penta VDS-4.5 Engine Oil 15W40 ist ein Hochleistungs-Dieselmotoren\u00f6l f\u00fcr die Schifffahrt, das f\u00fcr hervorragenden Schutz und Leistung unter rauen Bedingungen entwickelt wurde. Es hilft, den Motorverschlei\u00df zu reduzieren, Ablagerungen zu verhindern und die Kraftstoffeffizienz zu verbessern. Geeignet f\u00fcr eine breite Palette von Volvo Penta Schiffsmotoren.  <\/p>\n<p data-start=\"454\" data-end=\"473\"><strong data-start=\"454\" data-end=\"471\">Wichtige Merkmale:<\/strong><\/p>\n<ul data-start=\"474\" data-end=\"697\">\n<li data-start=\"474\" data-end=\"536\">\n<p data-start=\"476\" data-end=\"536\">Erf\u00fcllt die VDS-4.5-Spezifikation f\u00fcr verbesserten Motorschutz<\/p>\n<\/li>\n<li data-start=\"537\" data-end=\"588\">\n<p data-start=\"539\" data-end=\"588\">Geeignet f\u00fcr Anwendungen der Viskosit\u00e4tsklasse 15W40<\/p>\n<\/li>\n<li data-start=\"589\" data-end=\"643\">\n<p data-start=\"591\" data-end=\"643\">Sch\u00fctzt vor Korrosion, Verschlei\u00df und Ru\u00dfablagerungen<\/p>\n<\/li>\n<li data-start=\"644\" data-end=\"697\">\n<p data-start=\"646\" data-end=\"697\">Hilft, Sauberkeit und Leistung des Motors zu erhalten<\/p>\n<\/li>\n<\/ul>\n<hr data-start=\"699\" data-end=\"702\">\n<p data-start=\"704\" data-end=\"845\">\u2705 <strong data-start=\"706\" data-end=\"722\">Anwendung:<\/strong> Schiffsdieselmotoren<br data-start=\"744\" data-end=\"747\">\u2699\ufe0f <strong data-start=\"750\" data-end=\"764\">Viskosit\u00e4t:<\/strong> 15W40<br data-start=\"770\" data-end=\"773\">???? <strong data-start=\"776\" data-end=\"785\">Hinweis:<\/strong> Pr\u00fcfen Sie vor der Verwendung immer die Empfehlungen des Motorherstellers<\/p>\n<hr data-start=\"847\" data-end=\"850\">\n<p>&nbsp;<\/p>\n","protected":false},"excerpt":{"rendered":"<p>Volvo Penta VDS-4.5 Motor\u00f6l 15W40 Volvo Penta VDS-4.5 Engine Oil 15W40 ist ein Hochleistungs-Dieselmotoren\u00f6l f\u00fcr die Schifffahrt, das f\u00fcr hervorragenden Schutz und Leistung unter rauen Bedingungen entwickelt wurde. Es hilft, den Motorverschlei\u00df zu reduzieren, Ablagerungen zu verhindern und die Kraftstoffeffizienz zu verbessern. Geeignet f\u00fcr eine breite Palette von Volvo Penta Schiffsmotoren. Wichtige Merkmale: Erf\u00fcllt die [&hellip;]<\/p>\n","protected":false},"featured_media":26739,"comment_status":"open","ping_status":"closed","template":"","meta":[],"product_brand":[],"product_cat":[2498,2726,2725,4599,4722,4485,4574,4466],"product_tag":[],"class_list":{"0":"post-36656","1":"product","2":"type-product","3":"status-publish","4":"has-post-thumbnail","6":"product_cat-ersatzteile-fur-motoren","7":"product_cat-ol","8":"product_cat-ole-flussigkeiten","9":"product_cat-volvo-penta-120s-saildrive-service-teile","10":"product_cat-volvo-penta-2000-serie-service-teile","11":"product_cat-volvo-penta-ol","12":"product_cat-volvo-penta-saildrive-service-teile","13":"product_cat-volvo-penta-serie-2000","15":"first","16":"instock","17":"sale","18":"taxable","19":"shipping-taxable","20":"purchasable","21":"product-type-variable"},"supplier_id":null,"supplier_sku":"","barcode":null,"atum_controlled":true,"out_stock_date":null,"out_stock_threshold":null,"inheritable":true,"inbound_stock":0,"stock_on_hold":4,"sold_today":2,"sales_last_days":4,"reserved_stock":0,"customer_returns":0,"warehouse_damage":0,"lost_in_post":0,"other_logs":0,"out_stock_days":0,"lost_sales":0,"has_location":false,"update_date":"2026-03-11T14:39:47","atum_locations":[],"atum_stock_status":"instock","restock_status":false,"low_stock_amount":"","sales_update_date":"2025-12-03T10:47:50","calc_backorders":null,"_links":{"self":[{"href":"https:\/\/mps.digital-monkey.in\/de\/wp-json\/wp\/v2\/product\/36656","targetHints":{"allow":["GET"]}}],"collection":[{"href":"https:\/\/mps.digital-monkey.in\/de\/wp-json\/wp\/v2\/product"}],"about":[{"href":"https:\/\/mps.digital-monkey.in\/de\/wp-json\/wp\/v2\/types\/product"}],"replies":[{"embeddable":true,"href":"https:\/\/mps.digital-monkey.in\/de\/wp-json\/wp\/v2\/comments?post=36656"}],"wp:featuredmedia":[{"embeddable":true,"href":"https:\/\/mps.digital-monkey.in\/de\/wp-json\/wp\/v2\/media\/26739"}],"wp:attachment":[{"href":"https:\/\/mps.digital-monkey.in\/de\/wp-json\/wp\/v2\/media?parent=36656"}],"wp:term":[{"taxonomy":"product_brand","embeddable":true,"href":"https:\/\/mps.digital-monkey.in\/de\/wp-json\/wp\/v2\/product_brand?post=36656"},{"taxonomy":"product_cat","embeddable":true,"href":"https:\/\/mps.digital-monkey.in\/de\/wp-json\/wp\/v2\/product_cat?post=36656"},{"taxonomy":"product_tag","embeddable":true,"href":"https:\/\/mps.digital-monkey.in\/de\/wp-json\/wp\/v2\/product_tag?post=36656"}],"curies":[{"name":"wp","href":"https:\/\/api.w.org\/{rel}","templated":true}]}}