{"id":36665,"date":"2025-06-17T14:14:26","date_gmt":"2025-06-17T14:14:26","guid":{"rendered":"https:\/\/mps.digital-monkey.in\/product\/synthetisches-getriebeoel-75w-140-22574246-5l\/"},"modified":"2026-02-27T11:00:13","modified_gmt":"2026-02-27T11:00:13","slug":"synthetisches-getriebeoel-75w-140-22574246-5l","status":"publish","type":"product","link":"https:\/\/mps.digital-monkey.in\/de\/produkt\/synthetisches-getriebeoel-75w-140-22574246-5l\/","title":{"rendered":"Synthetisches Getriebe\u00f6l 75W-140 22574246 5L"},"content":{"rendered":"<h3 data-start=\"131\" data-end=\"189\"><strong data-start=\"135\" data-end=\"189\">Synthetisches Getriebe\u00f6l 75W-140 - 22574246 (5L)<\/strong><\/h3>\n<p data-start=\"191\" data-end=\"474\">Synthetisches Getriebe\u00f6l 75W-140 (Artikelnummer 22574246) ist ein hochwertiges Hochleistungs\u00f6l, das f\u00fcr Schiffsgetriebe und -schaltungen entwickelt wurde. Es bietet einen ausgezeichneten Schutz vor Verschlei\u00df, reduziert die Reibung und sorgt f\u00fcr einen reibungslosen Betrieb auch bei extremen Temperaturen und schweren Lasten. <\/p>\n<p data-start=\"476\" data-end=\"495\"><strong data-start=\"476\" data-end=\"493\">Wichtige Merkmale:<\/strong><\/p>\n<ul data-start=\"496\" data-end=\"670\">\n<li data-start=\"496\" data-end=\"548\">\n<p data-start=\"498\" data-end=\"548\">Viskosit\u00e4tsklasse 75W-140 f\u00fcr hervorragende Schmierung<\/p>\n<\/li>\n<li data-start=\"549\" data-end=\"609\">\n<p data-start=\"551\" data-end=\"609\">Synthetische Formel f\u00fcr verbesserte Haltbarkeit und Schutz<\/p>\n<\/li>\n<li data-start=\"610\" data-end=\"670\">\n<p data-start=\"612\" data-end=\"670\">Ideal f\u00fcr Volvo Penta Schiffsgetriebe und -schaltungen<\/p>\n<\/li>\n<\/ul>\n<hr data-start=\"672\" data-end=\"675\">\n<p data-start=\"677\" data-end=\"884\">\u2705 <strong data-start=\"679\" data-end=\"699\">OEM Teilenummer:<\/strong> 22574246<br data-start=\"708\" data-end=\"711\">\u2699\ufe0f <strong data-start=\"714\" data-end=\"730\">Anwendung:<\/strong> Schiffstransmissionen und Getriebe<br data-start=\"765\" data-end=\"768\">???? <strong data-start=\"771\" data-end=\"782\">Volumen:<\/strong> 5 Liter<br data-start=\"791\" data-end=\"794\">???? <strong data-start=\"797\" data-end=\"806\">Hinweis:<\/strong> \u00dcberpr\u00fcfen Sie vor der Verwendung immer die Kompatibilit\u00e4t mit Ihrem spezifischen Getriebemodell.<\/p>\n","protected":false},"excerpt":{"rendered":"<p>Synthetisches Getriebe\u00f6l 75W-140 - 22574246 (5L) Synthetisches Getriebe\u00f6l 75W-140 (Artikelnummer 22574246) ist ein hochwertiges Hochleistungs\u00f6l, das f\u00fcr Schiffsgetriebe und -schaltungen entwickelt wurde. Es bietet einen ausgezeichneten Schutz vor Verschlei\u00df, reduziert die Reibung und sorgt f\u00fcr einen reibungslosen Betrieb auch bei extremen Temperaturen und schweren Lasten. Wichtige Merkmale: Viskosit\u00e4tsklasse 75W-140 f\u00fcr hervorragende Schmierung Synthetische Formel f\u00fcr [&hellip;]<\/p>\n","protected":false},"featured_media":26787,"comment_status":"open","ping_status":"closed","template":"","meta":[],"product_brand":[4230],"product_cat":[2498,4028,4485,4526],"product_tag":[],"class_list":{"0":"post-36665","1":"product","2":"type-product","3":"status-publish","4":"has-post-thumbnail","6":"product_brand-volvo-penta","7":"product_cat-ersatzteile-fur-motoren","8":"product_cat-getriebeol","9":"product_cat-volvo-penta-ol","10":"product_cat-volvo-penta-service-teile","12":"first","13":"onbackorder","14":"taxable","15":"shipping-taxable","16":"purchasable","17":"product-type-simple"},"supplier_id":null,"supplier_sku":"","barcode":null,"atum_controlled":true,"out_stock_date":"2025-11-21 12:46:58","out_stock_threshold":null,"inheritable":false,"inbound_stock":null,"stock_on_hold":0,"sold_today":0,"sales_last_days":0,"reserved_stock":null,"customer_returns":null,"warehouse_damage":null,"lost_in_post":null,"other_logs":null,"out_stock_days":0,"lost_sales":0,"has_location":null,"update_date":"2025-11-21T12:49:49","atum_locations":[],"atum_stock_status":"onbackorder","restock_status":false,"low_stock_amount":"","sales_update_date":"2025-08-29T00:00:42","calc_backorders":0,"_links":{"self":[{"href":"https:\/\/mps.digital-monkey.in\/de\/wp-json\/wp\/v2\/product\/36665","targetHints":{"allow":["GET"]}}],"collection":[{"href":"https:\/\/mps.digital-monkey.in\/de\/wp-json\/wp\/v2\/product"}],"about":[{"href":"https:\/\/mps.digital-monkey.in\/de\/wp-json\/wp\/v2\/types\/product"}],"replies":[{"embeddable":true,"href":"https:\/\/mps.digital-monkey.in\/de\/wp-json\/wp\/v2\/comments?post=36665"}],"wp:featuredmedia":[{"embeddable":true,"href":"https:\/\/mps.digital-monkey.in\/de\/wp-json\/wp\/v2\/media\/26787"}],"wp:attachment":[{"href":"https:\/\/mps.digital-monkey.in\/de\/wp-json\/wp\/v2\/media?parent=36665"}],"wp:term":[{"taxonomy":"product_brand","embeddable":true,"href":"https:\/\/mps.digital-monkey.in\/de\/wp-json\/wp\/v2\/product_brand?post=36665"},{"taxonomy":"product_cat","embeddable":true,"href":"https:\/\/mps.digital-monkey.in\/de\/wp-json\/wp\/v2\/product_cat?post=36665"},{"taxonomy":"product_tag","embeddable":true,"href":"https:\/\/mps.digital-monkey.in\/de\/wp-json\/wp\/v2\/product_tag?post=36665"}],"curies":[{"name":"wp","href":"https:\/\/api.w.org\/{rel}","templated":true}]}}