{"id":36675,"date":"2025-06-17T14:14:27","date_gmt":"2025-06-17T14:14:27","guid":{"rendered":"https:\/\/mps.digital-monkey.in\/product\/oelfilter-yanmar-119593-35410-vor-119593-35400\/"},"modified":"2025-11-21T14:07:35","modified_gmt":"2025-11-21T14:07:35","slug":"oelfilter-yanmar-119593-35410-vor-119593-35400","status":"publish","type":"product","link":"https:\/\/mps.digital-monkey.in\/de\/product\/oelfilter-yanmar-119593-35410-vor-119593-35400\/","title":{"rendered":"\u00d6lfilter Yanmar 119593-35410 (vor 119593-35400)"},"content":{"rendered":"<p>Zweiter \u00d6lfilter f\u00fcr Motoren der Yanmar 6LY-Serie. (Der 6LY-STE und die Motoren der 6LYA-Serie haben nur einen \u00d6lfilter, 119593-35110). <\/p>\n<p>Ersatz f\u00fcr die Teilenummer: 119593-35400.<\/p>\n","protected":false},"excerpt":{"rendered":"<p>Zweiter \u00d6lfilter f\u00fcr Motoren der Yanmar 6LY-Serie. (Der 6LY-STE und die Motoren der 6LYA-Serie haben nur einen \u00d6lfilter, 119593-35110). Ersatz f\u00fcr die Teilenummer: 119593-35400.<\/p>\n","protected":false},"featured_media":36676,"comment_status":"open","ping_status":"closed","template":"","meta":[],"product_brand":[4236],"product_cat":[2498,2790,4553,4531],"product_tag":[],"class_list":{"0":"post-36675","1":"product","2":"type-product","3":"status-publish","4":"has-post-thumbnail","6":"product_brand-yanmar","7":"product_cat-ersatzteile-fur-motoren","8":"product_cat-olfilter","9":"product_cat-yanmar-olfilter","10":"product_cat-yanmar-service-teile","11":"pa_condition-neu","12":"pa_model-6ly-ute","13":"pa_model-6ly2-ste","14":"pa_model-6ly2a-stp","15":"pa_model-6ly2a-utp","16":"pa_model-6ly2m-wdt","17":"pa_model-6ly2m-wst","18":"pa_model-6ly3-etp","19":"pa_model-6ly3-stp","20":"pa_model-6ly3-utp","21":"pa_model-6ly400","22":"pa_model-6ly440","23":"pa_oem-or-aftermarket-oem","25":"first","26":"onbackorder","27":"taxable","28":"shipping-taxable","29":"purchasable","30":"product-type-simple"},"supplier_id":null,"supplier_sku":"","barcode":null,"atum_controlled":true,"out_stock_date":"2025-11-21 14:06:23","out_stock_threshold":null,"inheritable":false,"inbound_stock":null,"stock_on_hold":0,"sold_today":0,"sales_last_days":0,"reserved_stock":null,"customer_returns":null,"warehouse_damage":null,"lost_in_post":null,"other_logs":null,"out_stock_days":0,"lost_sales":0,"has_location":null,"update_date":"2025-11-21T14:07:09","atum_locations":[],"atum_stock_status":"onbackorder","restock_status":false,"low_stock_amount":"","sales_update_date":"2025-08-29T00:00:42","calc_backorders":0,"_links":{"self":[{"href":"https:\/\/mps.digital-monkey.in\/de\/wp-json\/wp\/v2\/product\/36675","targetHints":{"allow":["GET"]}}],"collection":[{"href":"https:\/\/mps.digital-monkey.in\/de\/wp-json\/wp\/v2\/product"}],"about":[{"href":"https:\/\/mps.digital-monkey.in\/de\/wp-json\/wp\/v2\/types\/product"}],"replies":[{"embeddable":true,"href":"https:\/\/mps.digital-monkey.in\/de\/wp-json\/wp\/v2\/comments?post=36675"}],"wp:featuredmedia":[{"embeddable":true,"href":"https:\/\/mps.digital-monkey.in\/de\/wp-json\/wp\/v2\/media\/36676"}],"wp:attachment":[{"href":"https:\/\/mps.digital-monkey.in\/de\/wp-json\/wp\/v2\/media?parent=36675"}],"wp:term":[{"taxonomy":"product_brand","embeddable":true,"href":"https:\/\/mps.digital-monkey.in\/de\/wp-json\/wp\/v2\/product_brand?post=36675"},{"taxonomy":"product_cat","embeddable":true,"href":"https:\/\/mps.digital-monkey.in\/de\/wp-json\/wp\/v2\/product_cat?post=36675"},{"taxonomy":"product_tag","embeddable":true,"href":"https:\/\/mps.digital-monkey.in\/de\/wp-json\/wp\/v2\/product_tag?post=36675"}],"curies":[{"name":"wp","href":"https:\/\/api.w.org\/{rel}","templated":true}]}}