{"id":36682,"date":"2025-06-17T14:14:27","date_gmt":"2025-06-17T14:14:27","guid":{"rendered":"https:\/\/mps.digital-monkey.in\/product\/volvo-penta-atf-getriebeoel-dexron-iii-23909465-23909464\/"},"modified":"2026-02-27T10:59:46","modified_gmt":"2026-02-27T10:59:46","slug":"volvo-penta-atf-getriebeoel-dexron-iii-23909465-23909464","status":"publish","type":"product","link":"https:\/\/mps.digital-monkey.in\/de\/produkt\/volvo-penta-atf-getriebeoel-dexron-iii-23909465-23909464\/","title":{"rendered":"Volvo Penta ATF-Getriebe\u00f6l Dexron III | 23909465 - 23909464"},"content":{"rendered":"<h3 data-start=\"114\" data-end=\"165\"><strong data-start=\"118\" data-end=\"165\">Volvo Penta ATF-Getriebe\u00f6l Dexron III<\/strong><\/h3>\n<p data-start=\"167\" data-end=\"447\">Volvo Penta ATF Getriebe\u00f6l Dexron III ist ein hochwertiges Automatikgetriebe\u00f6l, das speziell f\u00fcr Volvo Penta Schiffsgetriebe entwickelt wurde. Es sorgt f\u00fcr reibungslose Schaltvorg\u00e4nge, sch\u00fctzt die Getriebekomponenten vor Verschlei\u00df und sorgt f\u00fcr eine optimale Leistung in Meeresumgebungen. <\/p>\n<p data-start=\"449\" data-end=\"488\"><strong data-start=\"449\" data-end=\"486\">Verf\u00fcgbare Gr\u00f6\u00dfen und Teilenummern:<\/strong><\/p>\n<ul data-start=\"489\" data-end=\"561\">\n<li data-start=\"489\" data-end=\"524\">\n<p data-start=\"491\" data-end=\"524\">1 Liter - Teilenummer: 23909464<\/p>\n<\/li>\n<li data-start=\"525\" data-end=\"561\">\n<p data-start=\"527\" data-end=\"561\">5 Liter - Teilenummer: 23909465<\/p>\n<\/li>\n<\/ul>\n<hr data-start=\"563\" data-end=\"566\">\n<p data-start=\"568\" data-end=\"754\">\u2705 <strong data-start=\"570\" data-end=\"579\">Typ:<\/strong> Dexron III ATF<br data-start=\"594\" data-end=\"597\">\u2699\ufe0f <strong data-start=\"600\" data-end=\"616\">Anwendung:<\/strong> Volvo Penta Marine-Getriebe und -Kupplungen<br data-start=\"663\" data-end=\"666\">???? <strong data-start=\"669\" data-end=\"678\">Hinweis:<\/strong> Verwenden Sie nur Originalfl\u00fcssigkeiten von Volvo Penta, um Kompatibilit\u00e4t und Leistung zu gew\u00e4hrleisten.<\/p>\n","protected":false},"excerpt":{"rendered":"<p>Volvo Penta ATF-Getriebe\u00f6l Dexron III Volvo Penta ATF Getriebe\u00f6l Dexron III ist ein hochwertiges Automatikgetriebe\u00f6l, das speziell f\u00fcr Volvo Penta Schiffsgetriebe entwickelt wurde. Es sorgt f\u00fcr reibungslose Schaltvorg\u00e4nge, sch\u00fctzt die Getriebekomponenten vor Verschlei\u00df und sorgt f\u00fcr eine optimale Leistung in Meeresumgebungen. Verf\u00fcgbare Gr\u00f6\u00dfen und Teilenummern: 1 Liter - Teilenummer: 23909464 5 Liter - Teilenummer: 23909465 [&hellip;]<\/p>\n","protected":false},"featured_media":26792,"comment_status":"open","ping_status":"closed","template":"","meta":[],"product_brand":[4230],"product_cat":[2498,4028,4485,4526],"product_tag":[],"class_list":{"0":"post-36682","1":"product","2":"type-product","3":"status-publish","4":"has-post-thumbnail","6":"product_brand-volvo-penta","7":"product_cat-ersatzteile-fur-motoren","8":"product_cat-getriebeol","9":"product_cat-volvo-penta-ol","10":"product_cat-volvo-penta-service-teile","12":"first","13":"onbackorder","14":"taxable","15":"shipping-taxable","16":"purchasable","17":"product-type-variable"},"supplier_id":null,"supplier_sku":"","barcode":null,"atum_controlled":true,"out_stock_date":"2025-11-21 12:46:47","out_stock_threshold":null,"inheritable":false,"inbound_stock":null,"stock_on_hold":0,"sold_today":0,"sales_last_days":0,"reserved_stock":0,"customer_returns":0,"warehouse_damage":0,"lost_in_post":0,"other_logs":0,"out_stock_days":0,"lost_sales":0,"has_location":null,"update_date":"2025-11-21T12:49:49","atum_locations":[],"atum_stock_status":"onbackorder","restock_status":false,"low_stock_amount":"","sales_update_date":"2025-08-29T00:00:37","calc_backorders":0,"_links":{"self":[{"href":"https:\/\/mps.digital-monkey.in\/de\/wp-json\/wp\/v2\/product\/36682","targetHints":{"allow":["GET"]}}],"collection":[{"href":"https:\/\/mps.digital-monkey.in\/de\/wp-json\/wp\/v2\/product"}],"about":[{"href":"https:\/\/mps.digital-monkey.in\/de\/wp-json\/wp\/v2\/types\/product"}],"replies":[{"embeddable":true,"href":"https:\/\/mps.digital-monkey.in\/de\/wp-json\/wp\/v2\/comments?post=36682"}],"wp:featuredmedia":[{"embeddable":true,"href":"https:\/\/mps.digital-monkey.in\/de\/wp-json\/wp\/v2\/media\/26792"}],"wp:attachment":[{"href":"https:\/\/mps.digital-monkey.in\/de\/wp-json\/wp\/v2\/media?parent=36682"}],"wp:term":[{"taxonomy":"product_brand","embeddable":true,"href":"https:\/\/mps.digital-monkey.in\/de\/wp-json\/wp\/v2\/product_brand?post=36682"},{"taxonomy":"product_cat","embeddable":true,"href":"https:\/\/mps.digital-monkey.in\/de\/wp-json\/wp\/v2\/product_cat?post=36682"},{"taxonomy":"product_tag","embeddable":true,"href":"https:\/\/mps.digital-monkey.in\/de\/wp-json\/wp\/v2\/product_tag?post=36682"}],"curies":[{"name":"wp","href":"https:\/\/api.w.org\/{rel}","templated":true}]}}