{"id":36836,"date":"2025-06-17T14:15:32","date_gmt":"2025-06-17T14:15:32","guid":{"rendered":"https:\/\/mps.digital-monkey.in\/product\/impeller-bausatz-yanmar-119175-42650\/"},"modified":"2025-11-21T14:11:36","modified_gmt":"2025-11-21T14:11:36","slug":"impeller-bausatz-yanmar-119175-42650","status":"publish","type":"product","link":"https:\/\/mps.digital-monkey.in\/de\/product\/impeller-bausatz-yanmar-119175-42650\/","title":{"rendered":"Impeller Bausatz Yanmar 119175-42650"},"content":{"rendered":"<p>F\u00fcr \u00e4ltere 4LH-Typen bestellen Sie den richtigen O-Ring bitte separat.<\/p>\n<p>O-Ring f\u00fcr \u00e4ltere 4LH-Typen (4LH-TE\/HTE\/DTE\/STE &amp; 4LHA-HTE\/HTP): Artikelnummer 24321-000700.<\/p>\n<p>Das einzelne Laufrad 120650-42310 ist nicht mehr erh\u00e4ltlich.<\/p>\n<p>F\u00fcr die BY-Serie bestellen Sie bitte den Laufradsatz 120650-42530.<\/p>\n<ul>\n<li>4LHA DTE 190HP, 4LHA DTP 200HP, 4LHA STE 230HP, 4LHA STP 240HP<\/li>\n<\/ul>\n","protected":false},"excerpt":{"rendered":"<p>F\u00fcr \u00e4ltere 4LH-Typen bestellen Sie den richtigen O-Ring bitte separat. O-Ring f\u00fcr \u00e4ltere 4LH-Typen (4LH-TE\/HTE\/DTE\/STE &amp; 4LHA-HTE\/HTP): Artikelnummer 24321-000700. Das einzelne Laufrad 120650-42310 ist nicht mehr erh\u00e4ltlich. F\u00fcr die BY-Serie bestellen Sie bitte den Laufradsatz 120650-42530. 4LHA DTE 190HP, 4LHA DTP 200HP, 4LHA STE 230HP, 4LHA STP 240HP<\/p>\n","protected":false},"featured_media":36837,"comment_status":"open","ping_status":"closed","template":"","meta":[],"product_brand":[4236],"product_cat":[2498,3027,4559,4531],"product_tag":[],"class_list":{"0":"post-36836","1":"product","2":"type-product","3":"status-publish","4":"has-post-thumbnail","6":"product_brand-yanmar","7":"product_cat-ersatzteile-fur-motoren","8":"product_cat-impeller","9":"product_cat-yanmar-impellers","10":"product_cat-yanmar-service-teile","11":"pa_condition-neu","12":"pa_model-4lh","13":"pa_model-4lh-dte","14":"pa_model-4lh-hte","15":"pa_model-4lh-ste","16":"pa_model-4lh-te","17":"pa_model-4lha-dte","18":"pa_model-4lha-dtp","19":"pa_model-4lha-hte","20":"pa_model-4lha-htp","21":"pa_model-4lha-ste","22":"pa_model-4lha-stp","23":"pa_oem-or-aftermarket-oem","25":"first","26":"onbackorder","27":"taxable","28":"shipping-taxable","29":"purchasable","30":"product-type-simple"},"supplier_id":null,"supplier_sku":"","barcode":null,"atum_controlled":true,"out_stock_date":"2025-11-21 14:08:01","out_stock_threshold":null,"inheritable":false,"inbound_stock":null,"stock_on_hold":0,"sold_today":0,"sales_last_days":0,"reserved_stock":null,"customer_returns":null,"warehouse_damage":null,"lost_in_post":null,"other_logs":null,"out_stock_days":0,"lost_sales":0,"has_location":null,"update_date":"2025-11-21T14:08:57","atum_locations":[],"atum_stock_status":"onbackorder","restock_status":false,"low_stock_amount":"","sales_update_date":"2025-08-29T00:00:42","calc_backorders":0,"_links":{"self":[{"href":"https:\/\/mps.digital-monkey.in\/de\/wp-json\/wp\/v2\/product\/36836","targetHints":{"allow":["GET"]}}],"collection":[{"href":"https:\/\/mps.digital-monkey.in\/de\/wp-json\/wp\/v2\/product"}],"about":[{"href":"https:\/\/mps.digital-monkey.in\/de\/wp-json\/wp\/v2\/types\/product"}],"replies":[{"embeddable":true,"href":"https:\/\/mps.digital-monkey.in\/de\/wp-json\/wp\/v2\/comments?post=36836"}],"wp:featuredmedia":[{"embeddable":true,"href":"https:\/\/mps.digital-monkey.in\/de\/wp-json\/wp\/v2\/media\/36837"}],"wp:attachment":[{"href":"https:\/\/mps.digital-monkey.in\/de\/wp-json\/wp\/v2\/media?parent=36836"}],"wp:term":[{"taxonomy":"product_brand","embeddable":true,"href":"https:\/\/mps.digital-monkey.in\/de\/wp-json\/wp\/v2\/product_brand?post=36836"},{"taxonomy":"product_cat","embeddable":true,"href":"https:\/\/mps.digital-monkey.in\/de\/wp-json\/wp\/v2\/product_cat?post=36836"},{"taxonomy":"product_tag","embeddable":true,"href":"https:\/\/mps.digital-monkey.in\/de\/wp-json\/wp\/v2\/product_tag?post=36836"}],"curies":[{"name":"wp","href":"https:\/\/api.w.org\/{rel}","templated":true}]}}