{"id":36840,"date":"2025-06-17T14:15:32","date_gmt":"2025-06-17T14:15:32","guid":{"rendered":"https:\/\/mps.digital-monkey.in\/product\/impeller-bausatz-yanmar-120650-42530\/"},"modified":"2025-11-21T14:12:00","modified_gmt":"2025-11-21T14:12:00","slug":"impeller-bausatz-yanmar-120650-42530","status":"publish","type":"product","link":"https:\/\/mps.digital-monkey.in\/de\/produkt\/impeller-bausatz-yanmar-120650-42530\/","title":{"rendered":"Impeller Bausatz Yanmar 120650-42530"},"content":{"rendered":"<p><strong>Impeller Satz<\/strong> mit Laufrad 129650-42310 und O-Ring 120650-42440. Geeignet f\u00fcr alle Motoren der BY-Serie. <\/p>\n<p>Das einzelne Laufrad 120650-42310 ist nicht mehr erh\u00e4ltlich. (Bestellen Sie f\u00fcr die Serie 4LH(A) den Laufradsatz 119175-42650). <\/p>\n<ul>\n<li>4BY 150HP, 4BY 180HP, 4BY2 150HP, 4BY2 180HP, 4BY3 150HP, 4BY3 180HP<\/li>\n<li>6BY 220HP, 6BY 260HP, 6BY2 220HP, 6BY2 260HP<\/li>\n<li>6BY3 160HP, 6BY3 220HP, 6BY3 260HP<\/li>\n<\/ul>\n","protected":false},"excerpt":{"rendered":"<p>Impeller Satz mit Laufrad 129650-42310 und O-Ring 120650-42440. Geeignet f\u00fcr alle Motoren der BY-Serie. Das einzelne Laufrad 120650-42310 ist nicht mehr erh\u00e4ltlich. (Bestellen Sie f\u00fcr die Serie 4LH(A) den Laufradsatz 119175-42650). 4BY 150HP, 4BY 180HP, 4BY2 150HP, 4BY2 180HP, 4BY3 150HP, 4BY3 180HP 6BY 220HP, 6BY 260HP, 6BY2 220HP, 6BY2 260HP 6BY3 160HP, 6BY3 220HP, [&hellip;]<\/p>\n","protected":false},"featured_media":36841,"comment_status":"open","ping_status":"closed","template":"","meta":[],"product_brand":[4236],"product_cat":[2498,3027,4559],"product_tag":[],"class_list":{"0":"post-36840","1":"product","2":"type-product","3":"status-publish","4":"has-post-thumbnail","6":"product_brand-yanmar","7":"product_cat-ersatzteile-fur-motoren","8":"product_cat-impeller","9":"product_cat-yanmar-impellers","10":"pa_condition-neu","11":"pa_model-4by","12":"pa_model-4by2","13":"pa_model-4by3","14":"pa_model-6by","15":"pa_model-6by2","16":"pa_model-6by3","17":"pa_oem-or-aftermarket-oem","19":"first","20":"onbackorder","21":"taxable","22":"shipping-taxable","23":"purchasable","24":"product-type-simple"},"supplier_id":null,"supplier_sku":"","barcode":null,"atum_controlled":true,"out_stock_date":"2025-11-21 14:07:56","out_stock_threshold":null,"inheritable":false,"inbound_stock":null,"stock_on_hold":0,"sold_today":0,"sales_last_days":0,"reserved_stock":null,"customer_returns":null,"warehouse_damage":null,"lost_in_post":null,"other_logs":null,"out_stock_days":0,"lost_sales":0,"has_location":null,"update_date":"2025-11-21T14:08:57","atum_locations":[],"atum_stock_status":"onbackorder","restock_status":false,"low_stock_amount":"","sales_update_date":"2025-08-29T00:00:42","calc_backorders":0,"_links":{"self":[{"href":"https:\/\/mps.digital-monkey.in\/de\/wp-json\/wp\/v2\/product\/36840","targetHints":{"allow":["GET"]}}],"collection":[{"href":"https:\/\/mps.digital-monkey.in\/de\/wp-json\/wp\/v2\/product"}],"about":[{"href":"https:\/\/mps.digital-monkey.in\/de\/wp-json\/wp\/v2\/types\/product"}],"replies":[{"embeddable":true,"href":"https:\/\/mps.digital-monkey.in\/de\/wp-json\/wp\/v2\/comments?post=36840"}],"wp:featuredmedia":[{"embeddable":true,"href":"https:\/\/mps.digital-monkey.in\/de\/wp-json\/wp\/v2\/media\/36841"}],"wp:attachment":[{"href":"https:\/\/mps.digital-monkey.in\/de\/wp-json\/wp\/v2\/media?parent=36840"}],"wp:term":[{"taxonomy":"product_brand","embeddable":true,"href":"https:\/\/mps.digital-monkey.in\/de\/wp-json\/wp\/v2\/product_brand?post=36840"},{"taxonomy":"product_cat","embeddable":true,"href":"https:\/\/mps.digital-monkey.in\/de\/wp-json\/wp\/v2\/product_cat?post=36840"},{"taxonomy":"product_tag","embeddable":true,"href":"https:\/\/mps.digital-monkey.in\/de\/wp-json\/wp\/v2\/product_tag?post=36840"}],"curies":[{"name":"wp","href":"https:\/\/api.w.org\/{rel}","templated":true}]}}