{"id":36924,"date":"2025-06-17T14:16:30","date_gmt":"2025-06-17T14:16:30","guid":{"rendered":"https:\/\/mps.digital-monkey.in\/product\/volvo-penta-dichtungen-und-o-ringe-satz-120s-e-ms25s-a-ms25r-a-ausgangswelle\/"},"modified":"2025-12-02T11:08:02","modified_gmt":"2025-12-02T11:08:02","slug":"volvo-penta-dichtungen-und-o-ringe-satz-120s-e-ms25s-a-ms25r-a-ausgangswelle","status":"publish","type":"product","link":"https:\/\/mps.digital-monkey.in\/de\/produkt\/volvo-penta-dichtungen-und-o-ringe-satz-120s-e-ms25s-a-ms25r-a-ausgangswelle\/","title":{"rendered":"Volvo Penta Dichtungen und O-Ringe Satz 120S-E, MS25S-A, MS25R-A (Ausgangswelle)"},"content":{"rendered":"<p>120S-E, MS25S-A, MS25R-A<\/p>\n<p>Qualit\u00e4tsprodukt f\u00fcr den Nachr\u00fcstmarkt<\/p>\n","protected":false},"excerpt":{"rendered":"<p>120S-E, MS25S-A, MS25R-A Qualit\u00e4tsprodukt f\u00fcr den Nachr\u00fcstmarkt<\/p>\n","protected":false},"featured_media":36925,"comment_status":"open","ping_status":"closed","template":"","meta":[],"product_brand":[4230],"product_cat":[2498,4599,4574,4526],"product_tag":[],"class_list":{"0":"post-36924","1":"product","2":"type-product","3":"status-publish","4":"has-post-thumbnail","6":"product_brand-volvo-penta","7":"product_cat-ersatzteile-fur-motoren","8":"product_cat-volvo-penta-120s-saildrive-service-teile","9":"product_cat-volvo-penta-saildrive-service-teile","10":"product_cat-volvo-penta-service-teile","12":"first","13":"instock","14":"taxable","15":"shipping-taxable","16":"purchasable","17":"product-type-simple"},"supplier_id":null,"supplier_sku":"","barcode":null,"atum_controlled":true,"out_stock_date":null,"out_stock_threshold":null,"inheritable":false,"inbound_stock":null,"stock_on_hold":0,"sold_today":0,"sales_last_days":0,"reserved_stock":null,"customer_returns":null,"warehouse_damage":null,"lost_in_post":null,"other_logs":null,"out_stock_days":0,"lost_sales":0,"has_location":null,"update_date":"2025-12-02T11:04:01","atum_locations":[],"atum_stock_status":"instock","restock_status":false,"low_stock_amount":1,"sales_update_date":"2025-08-29T00:00:38","calc_backorders":0,"_links":{"self":[{"href":"https:\/\/mps.digital-monkey.in\/de\/wp-json\/wp\/v2\/product\/36924","targetHints":{"allow":["GET"]}}],"collection":[{"href":"https:\/\/mps.digital-monkey.in\/de\/wp-json\/wp\/v2\/product"}],"about":[{"href":"https:\/\/mps.digital-monkey.in\/de\/wp-json\/wp\/v2\/types\/product"}],"replies":[{"embeddable":true,"href":"https:\/\/mps.digital-monkey.in\/de\/wp-json\/wp\/v2\/comments?post=36924"}],"wp:featuredmedia":[{"embeddable":true,"href":"https:\/\/mps.digital-monkey.in\/de\/wp-json\/wp\/v2\/media\/36925"}],"wp:attachment":[{"href":"https:\/\/mps.digital-monkey.in\/de\/wp-json\/wp\/v2\/media?parent=36924"}],"wp:term":[{"taxonomy":"product_brand","embeddable":true,"href":"https:\/\/mps.digital-monkey.in\/de\/wp-json\/wp\/v2\/product_brand?post=36924"},{"taxonomy":"product_cat","embeddable":true,"href":"https:\/\/mps.digital-monkey.in\/de\/wp-json\/wp\/v2\/product_cat?post=36924"},{"taxonomy":"product_tag","embeddable":true,"href":"https:\/\/mps.digital-monkey.in\/de\/wp-json\/wp\/v2\/product_tag?post=36924"}],"curies":[{"name":"wp","href":"https:\/\/api.w.org\/{rel}","templated":true}]}}