{"id":36960,"date":"2025-06-17T14:16:57","date_gmt":"2025-06-17T14:16:57","guid":{"rendered":"https:\/\/mps.digital-monkey.in\/product\/oelkuehlerdichtungssatz-fuer-volvo-penta-tamd22\/"},"modified":"2025-06-17T14:16:57","modified_gmt":"2025-06-17T14:16:57","slug":"oelkuehlerdichtungssatz-fuer-volvo-penta-tamd22","status":"publish","type":"product","link":"https:\/\/mps.digital-monkey.in\/de\/product\/oelkuehlerdichtungssatz-fuer-volvo-penta-tamd22\/","title":{"rendered":"\u00d6lk\u00fchlerdichtungssatz f\u00fcr Volvo Penta (TA)MD22"},"content":{"rendered":"<p>Passend f\u00fcr folgende Modelle:<\/p>\n<p>&#8211; D22<br \/>\n&#8211; MD22L-B, P-B<br \/>\n&#8211; TAMD22P-B<br \/>\n&#8211; TMD22B<\/p>\n<p>Nachr\u00fcstungsprodukt<\/p>\n","protected":false},"excerpt":{"rendered":"<p>Passend f\u00fcr folgende Modelle: &#8211; D22 &#8211; MD22L-B, P-B &#8211; TAMD22P-B &#8211; TMD22B Nachr\u00fcstungsprodukt<\/p>\n","protected":false},"featured_media":0,"comment_status":"open","ping_status":"closed","template":"","meta":[],"product_brand":[],"product_cat":[2498],"product_tag":[],"class_list":{"0":"post-36960","1":"product","2":"type-product","3":"status-publish","5":"product_cat-ersatzteile-fur-motoren","7":"first","8":"instock","9":"taxable","10":"shipping-taxable","11":"purchasable","12":"product-type-simple"},"supplier_id":null,"supplier_sku":"","barcode":null,"atum_controlled":true,"out_stock_date":null,"out_stock_threshold":null,"inheritable":false,"inbound_stock":0,"stock_on_hold":0,"sold_today":0,"sales_last_days":0,"reserved_stock":0,"customer_returns":0,"warehouse_damage":0,"lost_in_post":0,"other_logs":0,"out_stock_days":0,"lost_sales":0,"has_location":false,"update_date":"2026-03-20T13:24:52","atum_locations":[],"atum_stock_status":"instock","restock_status":false,"low_stock_amount":1,"sales_update_date":"2026-03-20T13:24:52","calc_backorders":0,"_links":{"self":[{"href":"https:\/\/mps.digital-monkey.in\/de\/wp-json\/wp\/v2\/product\/36960","targetHints":{"allow":["GET"]}}],"collection":[{"href":"https:\/\/mps.digital-monkey.in\/de\/wp-json\/wp\/v2\/product"}],"about":[{"href":"https:\/\/mps.digital-monkey.in\/de\/wp-json\/wp\/v2\/types\/product"}],"replies":[{"embeddable":true,"href":"https:\/\/mps.digital-monkey.in\/de\/wp-json\/wp\/v2\/comments?post=36960"}],"wp:attachment":[{"href":"https:\/\/mps.digital-monkey.in\/de\/wp-json\/wp\/v2\/media?parent=36960"}],"wp:term":[{"taxonomy":"product_brand","embeddable":true,"href":"https:\/\/mps.digital-monkey.in\/de\/wp-json\/wp\/v2\/product_brand?post=36960"},{"taxonomy":"product_cat","embeddable":true,"href":"https:\/\/mps.digital-monkey.in\/de\/wp-json\/wp\/v2\/product_cat?post=36960"},{"taxonomy":"product_tag","embeddable":true,"href":"https:\/\/mps.digital-monkey.in\/de\/wp-json\/wp\/v2\/product_tag?post=36960"}],"curies":[{"name":"wp","href":"https:\/\/api.w.org\/{rel}","templated":true}]}}