{"id":36966,"date":"2025-06-17T14:16:58","date_gmt":"2025-06-17T14:16:58","guid":{"rendered":"https:\/\/mps.digital-monkey.in\/product\/oelkuehler-dichtungssatz-volvo-penta-md21ab\/"},"modified":"2025-06-17T14:16:58","modified_gmt":"2025-06-17T14:16:58","slug":"oelkuehler-dichtungssatz-volvo-penta-md21ab","status":"publish","type":"product","link":"https:\/\/mps.digital-monkey.in\/de\/product\/oelkuehler-dichtungssatz-volvo-penta-md21ab\/","title":{"rendered":"\u00d6lk\u00fchler-Dichtungssatz Volvo Penta MD21A,B"},"content":{"rendered":"<p>Hochwertiges Nachr\u00fcstprodukt<\/p>\n<p>AQD19, MD19<\/p>\n<p>AQD21A, AQD21B, MD21A, MD21B<\/p>\n","protected":false},"excerpt":{"rendered":"<p>Hochwertiges Nachr\u00fcstprodukt AQD19, MD19 AQD21A, AQD21B, MD21A, MD21B<\/p>\n","protected":false},"featured_media":0,"comment_status":"open","ping_status":"closed","template":"","meta":[],"product_brand":[],"product_cat":[2498],"product_tag":[],"class_list":{"0":"post-36966","1":"product","2":"type-product","3":"status-publish","5":"product_cat-ersatzteile-fur-motoren","7":"first","8":"instock","9":"taxable","10":"shipping-taxable","11":"purchasable","12":"product-type-simple"},"supplier_id":null,"supplier_sku":"","barcode":null,"atum_controlled":true,"out_stock_date":null,"out_stock_threshold":null,"inheritable":false,"inbound_stock":null,"stock_on_hold":0,"sold_today":0,"sales_last_days":0,"reserved_stock":null,"customer_returns":null,"warehouse_damage":null,"lost_in_post":null,"other_logs":null,"out_stock_days":0,"lost_sales":0,"has_location":null,"update_date":"2025-08-29T00:00:39","atum_locations":[],"atum_stock_status":"instock","restock_status":false,"low_stock_amount":1,"sales_update_date":"2025-08-29T00:00:39","calc_backorders":0,"_links":{"self":[{"href":"https:\/\/mps.digital-monkey.in\/de\/wp-json\/wp\/v2\/product\/36966","targetHints":{"allow":["GET"]}}],"collection":[{"href":"https:\/\/mps.digital-monkey.in\/de\/wp-json\/wp\/v2\/product"}],"about":[{"href":"https:\/\/mps.digital-monkey.in\/de\/wp-json\/wp\/v2\/types\/product"}],"replies":[{"embeddable":true,"href":"https:\/\/mps.digital-monkey.in\/de\/wp-json\/wp\/v2\/comments?post=36966"}],"wp:attachment":[{"href":"https:\/\/mps.digital-monkey.in\/de\/wp-json\/wp\/v2\/media?parent=36966"}],"wp:term":[{"taxonomy":"product_brand","embeddable":true,"href":"https:\/\/mps.digital-monkey.in\/de\/wp-json\/wp\/v2\/product_brand?post=36966"},{"taxonomy":"product_cat","embeddable":true,"href":"https:\/\/mps.digital-monkey.in\/de\/wp-json\/wp\/v2\/product_cat?post=36966"},{"taxonomy":"product_tag","embeddable":true,"href":"https:\/\/mps.digital-monkey.in\/de\/wp-json\/wp\/v2\/product_tag?post=36966"}],"curies":[{"name":"wp","href":"https:\/\/api.w.org\/{rel}","templated":true}]}}