{"id":36972,"date":"2025-06-17T14:16:58","date_gmt":"2025-06-17T14:16:58","guid":{"rendered":"https:\/\/mps.digital-monkey.in\/product\/oelkuehler-dichtungssatz-fuer-volvo-diesel-md30-31-40-41-42-43-44-300\/"},"modified":"2025-11-21T12:50:48","modified_gmt":"2025-11-21T12:50:48","slug":"oelkuehler-dichtungssatz-fuer-volvo-diesel-md30-31-40-41-42-43-44-300","status":"publish","type":"product","link":"https:\/\/mps.digital-monkey.in\/de\/produkt\/oelkuehler-dichtungssatz-fuer-volvo-diesel-md30-31-40-41-42-43-44-300\/","title":{"rendered":"\u00d6lk\u00fchler-Dichtungssatz f\u00fcr Volvo Diesel MD30, 31, 40, 41, 42, 43, 44, 300"},"content":{"rendered":"<p><strong>Motoren:<\/strong><\/p>\n<ul>\n<li>MD30, 31, 40, 41, 42, 43, 44, 300<\/li>\n<\/ul>\n<p>Hochwertiges Nachr\u00fcstteil<\/p>\n","protected":false},"excerpt":{"rendered":"<p>Motoren: MD30, 31, 40, 41, 42, 43, 44, 300 Hochwertiges Nachr\u00fcstteil<\/p>\n","protected":false},"featured_media":36973,"comment_status":"open","ping_status":"closed","template":"","meta":[],"product_brand":[4230],"product_cat":[2498,4526],"product_tag":[],"class_list":{"0":"post-36972","1":"product","2":"type-product","3":"status-publish","4":"has-post-thumbnail","6":"product_brand-volvo-penta","7":"product_cat-ersatzteile-fur-motoren","8":"product_cat-volvo-penta-service-teile","10":"first","11":"instock","12":"taxable","13":"shipping-taxable","14":"purchasable","15":"product-type-simple"},"supplier_id":null,"supplier_sku":"","barcode":null,"atum_controlled":true,"out_stock_date":null,"out_stock_threshold":null,"inheritable":false,"inbound_stock":null,"stock_on_hold":0,"sold_today":0,"sales_last_days":0,"reserved_stock":null,"customer_returns":null,"warehouse_damage":null,"lost_in_post":null,"other_logs":null,"out_stock_days":0,"lost_sales":0,"has_location":null,"update_date":"2025-11-21T12:49:48","atum_locations":[],"atum_stock_status":"instock","restock_status":false,"low_stock_amount":1,"sales_update_date":"2025-08-29T00:00:39","calc_backorders":0,"_links":{"self":[{"href":"https:\/\/mps.digital-monkey.in\/de\/wp-json\/wp\/v2\/product\/36972","targetHints":{"allow":["GET"]}}],"collection":[{"href":"https:\/\/mps.digital-monkey.in\/de\/wp-json\/wp\/v2\/product"}],"about":[{"href":"https:\/\/mps.digital-monkey.in\/de\/wp-json\/wp\/v2\/types\/product"}],"replies":[{"embeddable":true,"href":"https:\/\/mps.digital-monkey.in\/de\/wp-json\/wp\/v2\/comments?post=36972"}],"wp:featuredmedia":[{"embeddable":true,"href":"https:\/\/mps.digital-monkey.in\/de\/wp-json\/wp\/v2\/media\/36973"}],"wp:attachment":[{"href":"https:\/\/mps.digital-monkey.in\/de\/wp-json\/wp\/v2\/media?parent=36972"}],"wp:term":[{"taxonomy":"product_brand","embeddable":true,"href":"https:\/\/mps.digital-monkey.in\/de\/wp-json\/wp\/v2\/product_brand?post=36972"},{"taxonomy":"product_cat","embeddable":true,"href":"https:\/\/mps.digital-monkey.in\/de\/wp-json\/wp\/v2\/product_cat?post=36972"},{"taxonomy":"product_tag","embeddable":true,"href":"https:\/\/mps.digital-monkey.in\/de\/wp-json\/wp\/v2\/product_tag?post=36972"}],"curies":[{"name":"wp","href":"https:\/\/api.w.org\/{rel}","templated":true}]}}