{"id":36996,"date":"2025-06-17T14:16:59","date_gmt":"2025-06-17T14:16:59","guid":{"rendered":"https:\/\/mps.digital-monkey.in\/product\/dichtungssatz-waermetauscher-fuer-volvo-penta-40-serie\/"},"modified":"2025-06-17T14:16:59","modified_gmt":"2025-06-17T14:16:59","slug":"dichtungssatz-waermetauscher-fuer-volvo-penta-40-serie","status":"publish","type":"product","link":"https:\/\/mps.digital-monkey.in\/de\/product\/dichtungssatz-waermetauscher-fuer-volvo-penta-40-serie\/","title":{"rendered":"Dichtungssatz W\u00e4rmetauscher f\u00fcr Volvo Penta 40 Serie"},"content":{"rendered":"<p>Dichtungssatz W\u00e4rmetauscher f\u00fcr Volvo Penta 40<\/p>\n<p>F\u00fcr Volvo Penta Modelle:<\/p>\n<p>AD40B, AQAD40A, AQAD40B, TAMD40A, TAMD40B<br \/>\nTMD40B, TMD40C<\/p>\n<p>Hochwertiges Aftermarket Produkt<\/p>\n","protected":false},"excerpt":{"rendered":"<p>Dichtungssatz W\u00e4rmetauscher f\u00fcr Volvo Penta 40 F\u00fcr Volvo Penta Modelle: AD40B, AQAD40A, AQAD40B, TAMD40A, TAMD40B TMD40B, TMD40C Hochwertiges Aftermarket Produkt<\/p>\n","protected":false},"featured_media":0,"comment_status":"open","ping_status":"closed","template":"","meta":[],"product_brand":[4230],"product_cat":[2498],"product_tag":[],"class_list":{"0":"post-36996","1":"product","2":"type-product","3":"status-publish","5":"product_brand-volvo-penta","6":"product_cat-ersatzteile-fur-motoren","8":"first","9":"instock","10":"taxable","11":"shipping-taxable","12":"purchasable","13":"product-type-simple"},"supplier_id":null,"supplier_sku":"","barcode":null,"atum_controlled":true,"out_stock_date":null,"out_stock_threshold":null,"inheritable":false,"inbound_stock":null,"stock_on_hold":0,"sold_today":0,"sales_last_days":0,"reserved_stock":null,"customer_returns":null,"warehouse_damage":null,"lost_in_post":null,"other_logs":null,"out_stock_days":0,"lost_sales":0,"has_location":null,"update_date":"2025-08-29T00:00:39","atum_locations":[],"atum_stock_status":"instock","restock_status":false,"low_stock_amount":1,"sales_update_date":"2025-08-29T00:00:39","calc_backorders":0,"_links":{"self":[{"href":"https:\/\/mps.digital-monkey.in\/de\/wp-json\/wp\/v2\/product\/36996","targetHints":{"allow":["GET"]}}],"collection":[{"href":"https:\/\/mps.digital-monkey.in\/de\/wp-json\/wp\/v2\/product"}],"about":[{"href":"https:\/\/mps.digital-monkey.in\/de\/wp-json\/wp\/v2\/types\/product"}],"replies":[{"embeddable":true,"href":"https:\/\/mps.digital-monkey.in\/de\/wp-json\/wp\/v2\/comments?post=36996"}],"wp:attachment":[{"href":"https:\/\/mps.digital-monkey.in\/de\/wp-json\/wp\/v2\/media?parent=36996"}],"wp:term":[{"taxonomy":"product_brand","embeddable":true,"href":"https:\/\/mps.digital-monkey.in\/de\/wp-json\/wp\/v2\/product_brand?post=36996"},{"taxonomy":"product_cat","embeddable":true,"href":"https:\/\/mps.digital-monkey.in\/de\/wp-json\/wp\/v2\/product_cat?post=36996"},{"taxonomy":"product_tag","embeddable":true,"href":"https:\/\/mps.digital-monkey.in\/de\/wp-json\/wp\/v2\/product_tag?post=36996"}],"curies":[{"name":"wp","href":"https:\/\/api.w.org\/{rel}","templated":true}]}}