{"id":37002,"date":"2025-06-17T14:16:59","date_gmt":"2025-06-17T14:16:59","guid":{"rendered":"https:\/\/mps.digital-monkey.in\/product\/dichtungssatz-fuer-oelkuehler-volvo-penta-kad-32p-a-42p-a-43p-a-44p-a-kamd-42p-a-43p-a-44p-a-tamd-42wj-a\/"},"modified":"2025-06-17T14:16:59","modified_gmt":"2025-06-17T14:16:59","slug":"dichtungssatz-fuer-oelkuehler-volvo-penta-kad-32p-a-42p-a-43p-a-44p-a-kamd-42p-a-43p-a-44p-a-tamd-42wj-a","status":"publish","type":"product","link":"https:\/\/mps.digital-monkey.in\/de\/product\/dichtungssatz-fuer-oelkuehler-volvo-penta-kad-32p-a-42p-a-43p-a-44p-a-kamd-42p-a-43p-a-44p-a-tamd-42wj-a\/","title":{"rendered":"Dichtungssatz f\u00fcr \u00d6lk\u00fchler Volvo Penta KAD 32P-A, 42P-A, 43P-A, 44P-A; KAMD 42P-A, 43P-A, 44P-A; TAMD 42WJ-A"},"content":{"rendered":"<div class=\"row-fluid \">\n<div class=\"et-container clearfix N\">\n<div class=\"span16 \">\n<div class=\"row-fluid \">\n<div class=\"span13 \">\n<div id=\"et-product-page\" class=\"ty-product-block ty-product-detail\" data-et-offset=\"5\">\n<div id=\"tabs_content\" class=\"et-product-tabs cm-tabs-content ty-tabs__content clearfix\">\n<div id=\"content_description\" class=\"ty-wysiwyg-content content-description et-tab-content\">\n<div>\n<ul>\n<li>KAD32P-A, 42P-A, 43P-A, 44P-A, 300A KAMD42P-A, 43P-A, 44P-A, 300A TAMD42WJ-A D31, 32, 41, 42, 43, 44, 300<\/li>\n<\/ul>\n<\/div>\n<\/div>\n<div id=\"content_attachments\" class=\"ty-wysiwyg-content content-attachments \"><\/div>\n<div id=\"content_product_tab_306\" class=\"ty-wysiwyg-content content-product_tab_306 \"><\/div>\n<div id=\"content_product_tab_409\" class=\"ty-wysiwyg-content content-product_tab_409 \"><\/div>\n<\/div>\n<\/div>\n<div class=\"product-details\"><\/div>\n<\/div>\n<\/div>\n<\/div>\n<\/div>\n<\/div>\n<div class=\"row-fluid \">\n<div class=\"et-container clearfix N\">\n<div class=\"span16 et-product-blocks\">\n<div class=\"ty-mainbox-simple-container clearfix et_mainbox_simple\">Hochwertiges Aftermarket-Produkt<\/div>\n<\/div>\n<\/div>\n<\/div>\n","protected":false},"excerpt":{"rendered":"<p>KAD32P-A, 42P-A, 43P-A, 44P-A, 300A KAMD42P-A, 43P-A, 44P-A, 300A TAMD42WJ-A D31, 32, 41, 42, 43, 44, 300 Hochwertiges Aftermarket-Produkt<\/p>\n","protected":false},"featured_media":0,"comment_status":"open","ping_status":"closed","template":"","meta":[],"product_brand":[],"product_cat":[2498],"product_tag":[],"class_list":{"0":"post-37002","1":"product","2":"type-product","3":"status-publish","5":"product_cat-ersatzteile-fur-motoren","7":"first","8":"instock","9":"taxable","10":"shipping-taxable","11":"purchasable","12":"product-type-simple"},"supplier_id":null,"supplier_sku":"","barcode":null,"atum_controlled":true,"out_stock_date":null,"out_stock_threshold":null,"inheritable":false,"inbound_stock":null,"stock_on_hold":0,"sold_today":0,"sales_last_days":0,"reserved_stock":null,"customer_returns":null,"warehouse_damage":null,"lost_in_post":null,"other_logs":null,"out_stock_days":0,"lost_sales":0,"has_location":null,"update_date":"2025-08-29T00:00:39","atum_locations":[],"atum_stock_status":"instock","restock_status":false,"low_stock_amount":1,"sales_update_date":"2025-08-29T00:00:39","calc_backorders":0,"_links":{"self":[{"href":"https:\/\/mps.digital-monkey.in\/de\/wp-json\/wp\/v2\/product\/37002","targetHints":{"allow":["GET"]}}],"collection":[{"href":"https:\/\/mps.digital-monkey.in\/de\/wp-json\/wp\/v2\/product"}],"about":[{"href":"https:\/\/mps.digital-monkey.in\/de\/wp-json\/wp\/v2\/types\/product"}],"replies":[{"embeddable":true,"href":"https:\/\/mps.digital-monkey.in\/de\/wp-json\/wp\/v2\/comments?post=37002"}],"wp:attachment":[{"href":"https:\/\/mps.digital-monkey.in\/de\/wp-json\/wp\/v2\/media?parent=37002"}],"wp:term":[{"taxonomy":"product_brand","embeddable":true,"href":"https:\/\/mps.digital-monkey.in\/de\/wp-json\/wp\/v2\/product_brand?post=37002"},{"taxonomy":"product_cat","embeddable":true,"href":"https:\/\/mps.digital-monkey.in\/de\/wp-json\/wp\/v2\/product_cat?post=37002"},{"taxonomy":"product_tag","embeddable":true,"href":"https:\/\/mps.digital-monkey.in\/de\/wp-json\/wp\/v2\/product_tag?post=37002"}],"curies":[{"name":"wp","href":"https:\/\/api.w.org\/{rel}","templated":true}]}}