{"id":37050,"date":"2025-06-17T14:17:28","date_gmt":"2025-06-17T14:17:28","guid":{"rendered":"https:\/\/mps.digital-monkey.in\/product\/kopfdichtungssatz-volvo-penta-md17-875572-876380\/"},"modified":"2025-10-29T11:11:30","modified_gmt":"2025-10-29T11:11:30","slug":"kopfdichtungssatz-volvo-penta-md17-875572-876380","status":"publish","type":"product","link":"https:\/\/mps.digital-monkey.in\/de\/product\/kopfdichtungssatz-volvo-penta-md17-875572-876380\/","title":{"rendered":"Kopfdichtungssatz Volvo Penta MD17 &#8211; 875572, 876380"},"content":{"rendered":"<p data-start=\"126\" data-end=\"141\"><strong data-start=\"126\" data-end=\"139\">Beinhaltet:<\/strong><\/p>\n<ul data-start=\"142\" data-end=\"393\" data-is-last-node=\"\">\n<li data-start=\"142\" data-end=\"187\">Zylinderkopfdichtung (833453, 833453)<\/li>\n<li data-start=\"188\" data-end=\"211\">Ventildeckeldichtungen<\/li>\n<li data-start=\"212\" data-end=\"232\">Ventilschaftdichtungen<\/li>\n<li data-start=\"233\" data-end=\"255\">Dichtungen f\u00fcr das K\u00fchlrohr<\/li>\n<li data-start=\"256\" data-end=\"284\">Auspuffkr\u00fcmmer-Dichtungen<\/li>\n<li data-start=\"285\" data-end=\"309\">Auspuffkr\u00fcmmer Dichtung<\/li>\n<li data-start=\"310\" data-end=\"346\">Verschiedene O-Ringe und Gummidichtungen<\/li>\n<li data-start=\"347\" data-end=\"393\" data-is-last-node=\"\">Dichtungssatz f\u00fcr Einspritzd\u00fcsen und Kraftstofffilter<\/li>\n<\/ul>\n<p>Alles zum Wechseln Ihrer Kopfdichtungen!<\/p>\n","protected":false},"excerpt":{"rendered":"<p>Beinhaltet: Zylinderkopfdichtung (833453, 833453) Ventildeckeldichtungen Ventilschaftdichtungen Dichtungen f\u00fcr das K\u00fchlrohr Auspuffkr\u00fcmmer-Dichtungen Auspuffkr\u00fcmmer Dichtung Verschiedene O-Ringe und Gummidichtungen Dichtungssatz f\u00fcr Einspritzd\u00fcsen und Kraftstofffilter Alles zum Wechseln Ihrer Kopfdichtungen!<\/p>\n","protected":false},"featured_media":37051,"comment_status":"open","ping_status":"closed","template":"","meta":[],"product_brand":[4230],"product_cat":[2498,4308,4309,4369,4526],"product_tag":[],"class_list":{"0":"post-37050","1":"product","2":"type-product","3":"status-publish","4":"has-post-thumbnail","6":"product_brand-volvo-penta","7":"product_cat-ersatzteile-fur-motoren","8":"product_cat-volvo-penta","9":"product_cat-volvo-penta-md-serie","10":"product_cat-volvo-penta-md17","11":"product_cat-volvo-penta-service-teile","13":"first","14":"instock","15":"taxable","16":"shipping-taxable","17":"purchasable","18":"product-type-simple"},"supplier_id":null,"supplier_sku":"","barcode":null,"atum_controlled":true,"out_stock_date":null,"out_stock_threshold":null,"inheritable":false,"inbound_stock":null,"stock_on_hold":1,"sold_today":1,"sales_last_days":1,"reserved_stock":null,"customer_returns":null,"warehouse_damage":null,"lost_in_post":null,"other_logs":null,"out_stock_days":0,"lost_sales":0,"has_location":null,"update_date":"2026-02-08T16:00:28","atum_locations":[],"atum_stock_status":"instock","restock_status":true,"low_stock_amount":1,"sales_update_date":"2026-02-08T16:00:28","calc_backorders":0,"_links":{"self":[{"href":"https:\/\/mps.digital-monkey.in\/de\/wp-json\/wp\/v2\/product\/37050","targetHints":{"allow":["GET"]}}],"collection":[{"href":"https:\/\/mps.digital-monkey.in\/de\/wp-json\/wp\/v2\/product"}],"about":[{"href":"https:\/\/mps.digital-monkey.in\/de\/wp-json\/wp\/v2\/types\/product"}],"replies":[{"embeddable":true,"href":"https:\/\/mps.digital-monkey.in\/de\/wp-json\/wp\/v2\/comments?post=37050"}],"wp:featuredmedia":[{"embeddable":true,"href":"https:\/\/mps.digital-monkey.in\/de\/wp-json\/wp\/v2\/media\/37051"}],"wp:attachment":[{"href":"https:\/\/mps.digital-monkey.in\/de\/wp-json\/wp\/v2\/media?parent=37050"}],"wp:term":[{"taxonomy":"product_brand","embeddable":true,"href":"https:\/\/mps.digital-monkey.in\/de\/wp-json\/wp\/v2\/product_brand?post=37050"},{"taxonomy":"product_cat","embeddable":true,"href":"https:\/\/mps.digital-monkey.in\/de\/wp-json\/wp\/v2\/product_cat?post=37050"},{"taxonomy":"product_tag","embeddable":true,"href":"https:\/\/mps.digital-monkey.in\/de\/wp-json\/wp\/v2\/product_tag?post=37050"}],"curies":[{"name":"wp","href":"https:\/\/api.w.org\/{rel}","templated":true}]}}