{"id":37081,"date":"2025-06-17T14:17:29","date_gmt":"2025-06-17T14:17:29","guid":{"rendered":"https:\/\/mps.digital-monkey.in\/product\/kopfdichtungssatz-volvo-penta-md11-875553-876376\/"},"modified":"2025-11-07T10:13:30","modified_gmt":"2025-11-07T10:13:30","slug":"kopfdichtungssatz-volvo-penta-md11-875553-876376","status":"publish","type":"product","link":"https:\/\/mps.digital-monkey.in\/de\/product\/kopfdichtungssatz-volvo-penta-md11-875553-876376\/","title":{"rendered":"Kopfdichtungssatz Volvo Penta MD11 &#8211; 875553, 876376"},"content":{"rendered":"<div class=\"flex max-w-full flex-col flex-grow\">\n<div class=\"min-h-8 text-message flex w-full flex-col items-end gap-2 whitespace-normal break-words text-start [.text-message+&amp;]:mt-5\" dir=\"auto\" data-message-author-role=\"assistant\" data-message-id=\"e012cc81-6b72-4486-b152-f76ca91f22c4\" data-message-model-slug=\"gpt-4o\">\n<div class=\"flex w-full flex-col gap-1 empty:hidden first:pt-[3px]\">\n<div class=\"markdown prose w-full break-words dark:prose-invert dark\">\n<p data-start=\"180\" data-end=\"195\"><strong data-start=\"180\" data-end=\"193\">Beinhaltet:<\/strong><\/p>\n<ul data-start=\"196\" data-end=\"425\">\n<li data-start=\"196\" data-end=\"241\">Zylinderkopfdichtung (833453, 833453)<\/li>\n<li data-start=\"242\" data-end=\"265\">Ventildeckeldichtungen<\/li>\n<li data-start=\"266\" data-end=\"288\">Dichtungen f\u00fcr das K\u00fchlrohr<\/li>\n<li data-start=\"289\" data-end=\"317\">Auspuffkr\u00fcmmer-Dichtungen<\/li>\n<li data-start=\"318\" data-end=\"341\">Auspuffkr\u00fcmmer Dichtung<\/li>\n<li data-start=\"342\" data-end=\"378\">O-Ringe und Gummidichtungen<\/li>\n<li data-start=\"379\" data-end=\"425\">Dichtungssatz f\u00fcr Einspritzd\u00fcsen und Kraftstofffilter<\/li>\n<\/ul>\n<p>Kompletter Satz f\u00fcr den Austausch Ihrer Kopfdichtungen<\/p>\n<\/div>\n<\/div>\n<\/div>\n<\/div>\n<div class=\"mb-2 flex gap-3 empty:hidden -ml-2\">\n<div class=\"items-center justify-start rounded-xl p-1 flex\">\n<div class=\"flex items-center\">\n<div class=\"flex items-center pb-0\"><\/div>\n<\/div>\n<\/div>\n<\/div>\n","protected":false},"excerpt":{"rendered":"<p>Beinhaltet: Zylinderkopfdichtung (833453, 833453) Ventildeckeldichtungen Dichtungen f\u00fcr das K\u00fchlrohr Auspuffkr\u00fcmmer-Dichtungen Auspuffkr\u00fcmmer Dichtung O-Ringe und Gummidichtungen Dichtungssatz f\u00fcr Einspritzd\u00fcsen und Kraftstofffilter Kompletter Satz f\u00fcr den Austausch Ihrer Kopfdichtungen<\/p>\n","protected":false},"featured_media":37082,"comment_status":"open","ping_status":"closed","template":"","meta":[],"product_brand":[4230],"product_cat":[2498,3037,3038,4308,4309,4366,4526],"product_tag":[],"class_list":{"0":"post-37081","1":"product","2":"type-product","3":"status-publish","4":"has-post-thumbnail","6":"product_brand-volvo-penta","7":"product_cat-ersatzteile-fur-motoren","8":"product_cat-kits-fur-wartung-und-reparatur","9":"product_cat-motor-dichtungen","10":"product_cat-volvo-penta","11":"product_cat-volvo-penta-md-serie","12":"product_cat-volvo-penta-md11","13":"product_cat-volvo-penta-service-teile","14":"pa_condition-neu","15":"pa_model-md11","16":"pa_model-md11c","17":"pa_model-md11d","18":"pa_oem-or-aftermarket-aftermarket","20":"first","21":"instock","22":"taxable","23":"shipping-taxable","24":"purchasable","25":"product-type-simple"},"supplier_id":null,"supplier_sku":"","barcode":null,"atum_controlled":true,"out_stock_date":null,"out_stock_threshold":null,"inheritable":false,"inbound_stock":0,"stock_on_hold":0,"sold_today":0,"sales_last_days":0,"reserved_stock":null,"customer_returns":null,"warehouse_damage":null,"lost_in_post":null,"other_logs":null,"out_stock_days":0,"lost_sales":0,"has_location":null,"update_date":"2025-11-07T15:04:17","atum_locations":[],"atum_stock_status":"instock","restock_status":false,"low_stock_amount":1,"sales_update_date":"2025-11-07T15:04:17","calc_backorders":0,"_links":{"self":[{"href":"https:\/\/mps.digital-monkey.in\/de\/wp-json\/wp\/v2\/product\/37081","targetHints":{"allow":["GET"]}}],"collection":[{"href":"https:\/\/mps.digital-monkey.in\/de\/wp-json\/wp\/v2\/product"}],"about":[{"href":"https:\/\/mps.digital-monkey.in\/de\/wp-json\/wp\/v2\/types\/product"}],"replies":[{"embeddable":true,"href":"https:\/\/mps.digital-monkey.in\/de\/wp-json\/wp\/v2\/comments?post=37081"}],"wp:featuredmedia":[{"embeddable":true,"href":"https:\/\/mps.digital-monkey.in\/de\/wp-json\/wp\/v2\/media\/37082"}],"wp:attachment":[{"href":"https:\/\/mps.digital-monkey.in\/de\/wp-json\/wp\/v2\/media?parent=37081"}],"wp:term":[{"taxonomy":"product_brand","embeddable":true,"href":"https:\/\/mps.digital-monkey.in\/de\/wp-json\/wp\/v2\/product_brand?post=37081"},{"taxonomy":"product_cat","embeddable":true,"href":"https:\/\/mps.digital-monkey.in\/de\/wp-json\/wp\/v2\/product_cat?post=37081"},{"taxonomy":"product_tag","embeddable":true,"href":"https:\/\/mps.digital-monkey.in\/de\/wp-json\/wp\/v2\/product_tag?post=37081"}],"curies":[{"name":"wp","href":"https:\/\/api.w.org\/{rel}","templated":true}]}}