{"id":37171,"date":"2025-06-17T14:19:12","date_gmt":"2025-06-17T14:19:12","guid":{"rendered":"https:\/\/mps.digital-monkey.in\/product\/zinkanode-mit-stecker-yanmar-119574-18790\/"},"modified":"2025-06-17T14:19:12","modified_gmt":"2025-06-17T14:19:12","slug":"zinkanode-mit-stecker-yanmar-119574-18790","status":"publish","type":"product","link":"https:\/\/mps.digital-monkey.in\/de\/product\/zinkanode-mit-stecker-yanmar-119574-18790\/","title":{"rendered":"Zinkanode mit Stecker Yanmar 119574-18790"},"content":{"rendered":"<p data-start=\"0\" data-end=\"22\"><strong data-start=\"0\" data-end=\"20\">Produkt-Details:<\/strong><\/p>\n<ul data-start=\"23\" data-end=\"336\">\n<li data-start=\"23\" data-end=\"63\"><strong data-start=\"25\" data-end=\"41\">Teilenummer: <\/strong>Yanmar 119574-18790<\/li>\n<li data-start=\"64\" data-end=\"86\"><strong data-start=\"66\" data-end=\"79\">Material:<\/strong> Zink<\/li>\n<li data-start=\"87\" data-end=\"184\"><strong data-start=\"89\" data-end=\"99\">Verwendung:<\/strong> Entwickelt f\u00fcr Salzwasseranwendungen; gelegentliche Verwendung in Brackwasser ist m\u00f6glich.<\/li>\n<li data-start=\"287\" data-end=\"336\"><strong data-start=\"289\" data-end=\"316\">Zus\u00e4tzliche Informationen:<\/strong> Wird mit einer Mutter geliefert.<\/li>\n<\/ul>\n","protected":false},"excerpt":{"rendered":"<p>Produkt-Details: Teilenummer: Yanmar 119574-18790 Material: Zink Verwendung: Entwickelt f\u00fcr Salzwasseranwendungen; gelegentliche Verwendung in Brackwasser ist m\u00f6glich. Zus\u00e4tzliche Informationen: Wird mit einer Mutter geliefert.<\/p>\n","protected":false},"featured_media":0,"comment_status":"open","ping_status":"closed","template":"","meta":[],"product_brand":[4236],"product_cat":[3286,2498],"product_tag":[],"class_list":{"0":"post-37171","1":"product","2":"type-product","3":"status-publish","5":"product_brand-yanmar","6":"product_cat-anoden","7":"product_cat-ersatzteile-fur-motoren","8":"pa_condition-neu","9":"pa_model-6ly2-ste","10":"pa_model-6ly2a-stp","11":"pa_model-6ly2a-utp","12":"pa_model-6ly2m-wdt","13":"pa_model-6ly2m-wst","14":"pa_model-6ly400","15":"pa_model-6ly440","16":"pa_model-6lya-ste","17":"pa_model-6lya-stp","18":"pa_model-6lya-ute","19":"pa_model-8lv320","20":"pa_model-8lv350","21":"pa_model-8lv370","22":"pa_oem-or-aftermarket-aftermarket","24":"first","25":"instock","26":"taxable","27":"shipping-taxable","28":"purchasable","29":"product-type-simple"},"supplier_id":null,"supplier_sku":"","barcode":null,"atum_controlled":true,"out_stock_date":null,"out_stock_threshold":null,"inheritable":false,"inbound_stock":null,"stock_on_hold":0,"sold_today":0,"sales_last_days":0,"reserved_stock":null,"customer_returns":null,"warehouse_damage":null,"lost_in_post":null,"other_logs":null,"out_stock_days":0,"lost_sales":0,"has_location":null,"update_date":"2025-08-29T00:00:40","atum_locations":[],"atum_stock_status":"instock","restock_status":false,"low_stock_amount":1,"sales_update_date":"2025-08-29T00:00:40","calc_backorders":0,"_links":{"self":[{"href":"https:\/\/mps.digital-monkey.in\/de\/wp-json\/wp\/v2\/product\/37171","targetHints":{"allow":["GET"]}}],"collection":[{"href":"https:\/\/mps.digital-monkey.in\/de\/wp-json\/wp\/v2\/product"}],"about":[{"href":"https:\/\/mps.digital-monkey.in\/de\/wp-json\/wp\/v2\/types\/product"}],"replies":[{"embeddable":true,"href":"https:\/\/mps.digital-monkey.in\/de\/wp-json\/wp\/v2\/comments?post=37171"}],"wp:attachment":[{"href":"https:\/\/mps.digital-monkey.in\/de\/wp-json\/wp\/v2\/media?parent=37171"}],"wp:term":[{"taxonomy":"product_brand","embeddable":true,"href":"https:\/\/mps.digital-monkey.in\/de\/wp-json\/wp\/v2\/product_brand?post=37171"},{"taxonomy":"product_cat","embeddable":true,"href":"https:\/\/mps.digital-monkey.in\/de\/wp-json\/wp\/v2\/product_cat?post=37171"},{"taxonomy":"product_tag","embeddable":true,"href":"https:\/\/mps.digital-monkey.in\/de\/wp-json\/wp\/v2\/product_tag?post=37171"}],"curies":[{"name":"wp","href":"https:\/\/api.w.org\/{rel}","templated":true}]}}