{"id":37185,"date":"2025-06-17T14:19:12","date_gmt":"2025-06-17T14:19:12","guid":{"rendered":"https:\/\/mps.digital-monkey.in\/product\/wasserabscheider-dieselkraftstofffilter-cav-delphi-296\/"},"modified":"2025-06-17T14:19:12","modified_gmt":"2025-06-17T14:19:12","slug":"wasserabscheider-dieselkraftstofffilter-cav-delphi-296","status":"publish","type":"product","link":"https:\/\/mps.digital-monkey.in\/de\/product\/wasserabscheider-dieselkraftstofffilter-cav-delphi-296\/","title":{"rendered":"Wasserabscheider-Dieselkraftstofffilter CAV Delphi 296"},"content":{"rendered":"<p>Kraftstofffilter mit Halterung, Wasserabscheider, entspricht CAV DELPHI 296, zur Verwendung mit Dieselmotoren.<\/p>\n<p>Dieser Filter hat eine Durchflusskapazit\u00e4t von bis zu 50 Litern pro Stunde. Der Filter wird f\u00fcr Motoren bis zu 100 PS empfohlen, kann aber auch z.B. f\u00fcr Traktoren verwendet werden. <\/p>\n<p>Das Wasser kann \u00fcber das Ventil im Boden der Kunststoffschale abgelassen werden. UNF-Gewindeanschl\u00fcsse, die CAV-Anschl\u00fcsse sind nicht im Lieferumfang enthalten. <\/p>\n<p>Ma\u00dfe: 18,5 x 10 x 10 cm<\/p>\n<p>Vorfilter f\u00fcr Dieselmotoren<\/p>\n","protected":false},"excerpt":{"rendered":"<p>Kraftstofffilter mit Halterung, Wasserabscheider, entspricht CAV DELPHI 296, zur Verwendung mit Dieselmotoren. Dieser Filter hat eine Durchflusskapazit\u00e4t von bis zu 50 Litern pro Stunde. Der Filter wird f\u00fcr Motoren bis zu 100 PS empfohlen, kann aber auch z.B. f\u00fcr Traktoren verwendet werden. Das Wasser kann \u00fcber das Ventil im Boden der Kunststoffschale abgelassen werden. UNF-Gewindeanschl\u00fcsse, [&hellip;]<\/p>\n","protected":false},"featured_media":0,"comment_status":"open","ping_status":"closed","template":"","meta":[],"product_brand":[],"product_cat":[2498],"product_tag":[],"class_list":{"0":"post-37185","1":"product","2":"type-product","3":"status-publish","5":"product_cat-ersatzteile-fur-motoren","7":"first","8":"onbackorder","9":"taxable","10":"shipping-taxable","11":"purchasable","12":"product-type-simple"},"supplier_id":null,"supplier_sku":"","barcode":null,"atum_controlled":true,"out_stock_date":"2025-08-23 12:29:42","out_stock_threshold":null,"inheritable":false,"inbound_stock":null,"stock_on_hold":0,"sold_today":0,"sales_last_days":0,"reserved_stock":null,"customer_returns":null,"warehouse_damage":null,"lost_in_post":null,"other_logs":null,"out_stock_days":5,"lost_sales":0,"has_location":null,"update_date":"2025-08-29T00:00:42","atum_locations":[],"atum_stock_status":"onbackorder","restock_status":false,"low_stock_amount":1,"sales_update_date":"2025-08-29T00:00:42","calc_backorders":0,"_links":{"self":[{"href":"https:\/\/mps.digital-monkey.in\/de\/wp-json\/wp\/v2\/product\/37185","targetHints":{"allow":["GET"]}}],"collection":[{"href":"https:\/\/mps.digital-monkey.in\/de\/wp-json\/wp\/v2\/product"}],"about":[{"href":"https:\/\/mps.digital-monkey.in\/de\/wp-json\/wp\/v2\/types\/product"}],"replies":[{"embeddable":true,"href":"https:\/\/mps.digital-monkey.in\/de\/wp-json\/wp\/v2\/comments?post=37185"}],"wp:attachment":[{"href":"https:\/\/mps.digital-monkey.in\/de\/wp-json\/wp\/v2\/media?parent=37185"}],"wp:term":[{"taxonomy":"product_brand","embeddable":true,"href":"https:\/\/mps.digital-monkey.in\/de\/wp-json\/wp\/v2\/product_brand?post=37185"},{"taxonomy":"product_cat","embeddable":true,"href":"https:\/\/mps.digital-monkey.in\/de\/wp-json\/wp\/v2\/product_cat?post=37185"},{"taxonomy":"product_tag","embeddable":true,"href":"https:\/\/mps.digital-monkey.in\/de\/wp-json\/wp\/v2\/product_tag?post=37185"}],"curies":[{"name":"wp","href":"https:\/\/api.w.org\/{rel}","templated":true}]}}