{"id":37197,"date":"2025-06-17T14:19:13","date_gmt":"2025-06-17T14:19:13","guid":{"rendered":"https:\/\/mps.digital-monkey.in\/product\/volvo-penta-anode-110s-antriebe-aluminium-875812\/"},"modified":"2025-11-29T11:07:45","modified_gmt":"2025-11-29T11:07:45","slug":"volvo-penta-anode-110s-antriebe-aluminium-875812","status":"publish","type":"product","link":"https:\/\/mps.digital-monkey.in\/de\/product\/volvo-penta-anode-110s-antriebe-aluminium-875812\/","title":{"rendered":"Volvo Penta 110S Saildrive Anode Aluminium | 875812"},"content":{"rendered":"<p data-start=\"443\" data-end=\"805\">Die Volvo Penta 110S Saildrive Anode Aluminium (Teilenummer <strong data-start=\"503\" data-end=\"515\">875812<\/strong>) wurde entwickelt, um einen effektiven Korrosionsschutz f\u00fcr 110S Saildrive Einheiten zu bieten, die in <strong data-start=\"609\" data-end=\"647\">Brack- oder Mischwasser<\/strong> betrieben werden. Diese Anode aus einer hochwertigen Aluminiumlegierung gew\u00e4hrleistet einen lang anhaltenden Schutz, indem sie galvanische Korrosion am Saildrive-Geh\u00e4use und an den Unterwasserkomponenten verhindert. <\/p>\n<p data-start=\"807\" data-end=\"826\"><strong data-start=\"807\" data-end=\"824\">Kompatibilit\u00e4t<\/strong><\/p>\n<ul data-start=\"827\" data-end=\"855\">\n<li data-start=\"827\" data-end=\"855\">\n<p data-start=\"829\" data-end=\"855\">Volvo Penta 110S Saildrive<\/p>\n<\/li>\n<\/ul>\n<p data-start=\"857\" data-end=\"871\"><strong data-start=\"857\" data-end=\"869\">Material<\/strong><\/p>\n<ul data-start=\"872\" data-end=\"916\">\n<li data-start=\"872\" data-end=\"916\">\n<p data-start=\"874\" data-end=\"916\">Aluminium (empfohlen f\u00fcr Brackwasser)<\/p>\n<\/li>\n<\/ul>\n<p data-start=\"918\" data-end=\"944\"><strong data-start=\"918\" data-end=\"942\">OEM-Referenznummer<\/strong><\/p>\n<ul data-start=\"945\" data-end=\"953\">\n<li data-start=\"945\" data-end=\"953\">\n<p data-start=\"947\" data-end=\"953\">875812<\/p>\n<\/li>\n<\/ul>\n<p data-start=\"955\" data-end=\"969\"><strong data-start=\"955\" data-end=\"967\">Eigenschaften<\/strong><\/p>\n<ul data-start=\"970\" data-end=\"1214\">\n<li data-start=\"970\" data-end=\"1025\">\n<p data-start=\"972\" data-end=\"1025\">Direkter Ersatz f\u00fcr Volvo Penta Saildrive Anoden<\/p>\n<\/li>\n<li data-start=\"1026\" data-end=\"1081\">\n<p data-start=\"1028\" data-end=\"1081\">Sch\u00fctzt den 110S Saildrive vor galvanischer Korrosion<\/p>\n<\/li>\n<li data-start=\"1082\" data-end=\"1149\">\n<p data-start=\"1084\" data-end=\"1149\">Gefertigt aus hochwertigem Aluminium f\u00fcr zuverl\u00e4ssige Leistung<\/p>\n<\/li>\n<li data-start=\"1150\" data-end=\"1171\">\n<p data-start=\"1152\" data-end=\"1171\">Einfache Installation<\/p>\n<\/li>\n<li data-start=\"1172\" data-end=\"1214\">\n<p data-start=\"1174\" data-end=\"1214\">Geeignet f\u00fcr gemischte und brackige Gew\u00e4sser<\/p>\n<\/li>\n<\/ul>\n<p data-start=\"1216\" data-end=\"1320\">Sorgen Sie f\u00fcr einen angemessenen Schutz Ihres Segelantriebs, indem Sie die Anoden im Rahmen der Routinewartung regelm\u00e4\u00dfig austauschen.<\/p>\n","protected":false},"excerpt":{"rendered":"<p>Die Volvo Penta 110S Saildrive Anode Aluminium (Teilenummer 875812) wurde entwickelt, um einen effektiven Korrosionsschutz f\u00fcr 110S Saildrive Einheiten zu bieten, die in Brack- oder Mischwasser betrieben werden. Diese Anode aus einer hochwertigen Aluminiumlegierung gew\u00e4hrleistet einen lang anhaltenden Schutz, indem sie galvanische Korrosion am Saildrive-Geh\u00e4use und an den Unterwasserkomponenten verhindert. Kompatibilit\u00e4t Volvo Penta 110S Saildrive [&hellip;]<\/p>\n","protected":false},"featured_media":44320,"comment_status":"open","ping_status":"closed","template":"","meta":[],"product_brand":[4230],"product_cat":[3286,2498,4308,4523,4526],"product_tag":[],"class_list":{"0":"post-37197","1":"product","2":"type-product","3":"status-publish","4":"has-post-thumbnail","6":"product_brand-volvo-penta","7":"product_cat-anoden","8":"product_cat-ersatzteile-fur-motoren","9":"product_cat-volvo-penta","10":"product_cat-volvo-penta-anoden","11":"product_cat-volvo-penta-service-teile","12":"pa_condition-neu","13":"pa_model-110s","14":"pa_oem-or-aftermarket-aftermarket","16":"first","17":"instock","18":"taxable","19":"shipping-taxable","20":"purchasable","21":"product-type-simple"},"supplier_id":null,"supplier_sku":"00705AL","barcode":null,"atum_controlled":true,"out_stock_date":null,"out_stock_threshold":null,"inheritable":false,"inbound_stock":0,"stock_on_hold":1,"sold_today":0,"sales_last_days":0,"reserved_stock":0,"customer_returns":0,"warehouse_damage":0,"lost_in_post":0,"other_logs":0,"out_stock_days":0,"lost_sales":0,"has_location":false,"update_date":"2026-01-29T09:10:44","atum_locations":[],"atum_stock_status":"instock","restock_status":false,"low_stock_amount":1,"sales_update_date":"2026-01-29T09:10:44","calc_backorders":0,"_links":{"self":[{"href":"https:\/\/mps.digital-monkey.in\/de\/wp-json\/wp\/v2\/product\/37197","targetHints":{"allow":["GET"]}}],"collection":[{"href":"https:\/\/mps.digital-monkey.in\/de\/wp-json\/wp\/v2\/product"}],"about":[{"href":"https:\/\/mps.digital-monkey.in\/de\/wp-json\/wp\/v2\/types\/product"}],"replies":[{"embeddable":true,"href":"https:\/\/mps.digital-monkey.in\/de\/wp-json\/wp\/v2\/comments?post=37197"}],"wp:featuredmedia":[{"embeddable":true,"href":"https:\/\/mps.digital-monkey.in\/de\/wp-json\/wp\/v2\/media\/44320"}],"wp:attachment":[{"href":"https:\/\/mps.digital-monkey.in\/de\/wp-json\/wp\/v2\/media?parent=37197"}],"wp:term":[{"taxonomy":"product_brand","embeddable":true,"href":"https:\/\/mps.digital-monkey.in\/de\/wp-json\/wp\/v2\/product_brand?post=37197"},{"taxonomy":"product_cat","embeddable":true,"href":"https:\/\/mps.digital-monkey.in\/de\/wp-json\/wp\/v2\/product_cat?post=37197"},{"taxonomy":"product_tag","embeddable":true,"href":"https:\/\/mps.digital-monkey.in\/de\/wp-json\/wp\/v2\/product_tag?post=37197"}],"curies":[{"name":"wp","href":"https:\/\/api.w.org\/{rel}","templated":true}]}}