{"id":37205,"date":"2025-06-17T14:19:13","date_gmt":"2025-06-17T14:19:13","guid":{"rendered":"https:\/\/mps.digital-monkey.in\/product\/volvo-anode-zink-aluminium-120s-sb-antriebe-876286\/"},"modified":"2025-12-02T11:08:08","modified_gmt":"2025-12-02T11:08:08","slug":"volvo-anode-zink-aluminium-120s-sb-antriebe-876286","status":"publish","type":"product","link":"https:\/\/mps.digital-monkey.in\/de\/product\/volvo-anode-zink-aluminium-120s-sb-antriebe-876286\/","title":{"rendered":"Volvo Penta 120S Saildrive Zinkringanode | 851983 &#8211; 876286"},"content":{"rendered":"<p data-start=\"506\" data-end=\"774\">Diese <strong data-start=\"511\" data-end=\"557\">Volvo Penta 120S Saildrive Zinkringanode<\/strong> wurde entwickelt, um einen effektiven Korrosionsschutz f\u00fcr 120S Saildrive Einheiten zu bieten, die in <strong data-start=\"650\" data-end=\"663\">Salzwasser<\/strong> betrieben werden. Er wird nach den Ma\u00dfen des Originalteils gefertigt und gew\u00e4hrleistet eine pr\u00e4zise Passform und zuverl\u00e4ssige Leistung.<\/p>\n<p data-start=\"776\" data-end=\"798\"><strong data-start=\"776\" data-end=\"796\">Kompatibel mit:<\/strong><\/p>\n<ul data-start=\"799\" data-end=\"827\">\n<li data-start=\"799\" data-end=\"827\">\n<p data-start=\"801\" data-end=\"827\">Volvo Penta 120S Saildrive<\/p>\n<\/li>\n<\/ul>\n<p data-start=\"829\" data-end=\"861\"><strong data-start=\"829\" data-end=\"859\">Ersetzt die OEM-Teilenummern:<\/strong><\/p>\n<ul data-start=\"862\" data-end=\"883\">\n<li data-start=\"862\" data-end=\"872\">\n<p data-start=\"864\" data-end=\"872\">851983<\/p>\n<\/li>\n<li data-start=\"873\" data-end=\"883\">\n<p data-start=\"875\" data-end=\"883\">876286<\/p>\n<\/li>\n<\/ul>\n<p data-start=\"885\" data-end=\"900\"><strong data-start=\"885\" data-end=\"898\">Material:<\/strong><\/p>\n<ul data-start=\"901\" data-end=\"939\">\n<li data-start=\"901\" data-end=\"939\">\n<p data-start=\"903\" data-end=\"939\">Zink (empfohlen f\u00fcr die Verwendung in Salzwasser)<\/p>\n<\/li>\n<\/ul>\n<p data-start=\"941\" data-end=\"956\"><strong data-start=\"941\" data-end=\"954\">Merkmale:<\/strong><\/p>\n<ul data-start=\"957\" data-end=\"1157\">\n<li data-start=\"957\" data-end=\"1024\">\n<p data-start=\"959\" data-end=\"1024\">Direkter Ersatz f\u00fcr die originale Volvo Penta Saildrive Anode<\/p>\n<\/li>\n<li data-start=\"1025\" data-end=\"1077\">\n<p data-start=\"1027\" data-end=\"1077\">Sch\u00fctzt Ihr 120S Laufwerk vor galvanischer Korrosion<\/p>\n<\/li>\n<li data-start=\"1078\" data-end=\"1114\">\n<p data-start=\"1080\" data-end=\"1114\">Strapazierf\u00e4hige, langlebige Zinklegierung<\/p>\n<\/li>\n<li data-start=\"1115\" data-end=\"1157\">\n<p data-start=\"1117\" data-end=\"1157\">Einfache Installation mit korrekter Passform<\/p>\n<\/li>\n<\/ul>\n<p data-start=\"1159\" data-end=\"1279\">Die Wartung Ihres Segelantriebs mit der richtigen Anode ist entscheidend, um Sch\u00e4den zu vermeiden und eine langfristige Zuverl\u00e4ssigkeit zu gew\u00e4hrleisten.<\/p>\n","protected":false},"excerpt":{"rendered":"<p>Diese Volvo Penta 120S Saildrive Zinkringanode wurde entwickelt, um einen effektiven Korrosionsschutz f\u00fcr 120S Saildrive Einheiten zu bieten, die in Salzwasser betrieben werden. Er wird nach den Ma\u00dfen des Originalteils gefertigt und gew\u00e4hrleistet eine pr\u00e4zise Passform und zuverl\u00e4ssige Leistung. Kompatibel mit: Volvo Penta 120S Saildrive Ersetzt die OEM-Teilenummern: 851983 876286 Material: Zink (empfohlen f\u00fcr die [&hellip;]<\/p>\n","protected":false},"featured_media":37206,"comment_status":"open","ping_status":"closed","template":"","meta":[],"product_brand":[4230],"product_cat":[3286,2498,4308,4599,4523,4574,4526],"product_tag":[],"class_list":{"0":"post-37205","1":"product","2":"type-product","3":"status-publish","4":"has-post-thumbnail","6":"product_brand-volvo-penta","7":"product_cat-anoden","8":"product_cat-ersatzteile-fur-motoren","9":"product_cat-volvo-penta","10":"product_cat-volvo-penta-120s-saildrive-service-teile","11":"product_cat-volvo-penta-anoden","12":"product_cat-volvo-penta-saildrive-service-teile","13":"product_cat-volvo-penta-service-teile","14":"pa_condition-neu","15":"pa_model-120s","16":"pa_oem-or-aftermarket-aftermarket","18":"first","19":"instock","20":"taxable","21":"shipping-taxable","22":"purchasable","23":"product-type-simple"},"supplier_id":null,"supplier_sku":"00706","barcode":null,"atum_controlled":true,"out_stock_date":null,"out_stock_threshold":null,"inheritable":false,"inbound_stock":0,"stock_on_hold":0,"sold_today":0,"sales_last_days":0,"reserved_stock":0,"customer_returns":0,"warehouse_damage":0,"lost_in_post":0,"other_logs":0,"out_stock_days":0,"lost_sales":0,"has_location":false,"update_date":"2026-01-29T09:10:44","atum_locations":[],"atum_stock_status":"instock","restock_status":false,"low_stock_amount":0,"sales_update_date":"2026-01-29T09:10:44","calc_backorders":null,"_links":{"self":[{"href":"https:\/\/mps.digital-monkey.in\/de\/wp-json\/wp\/v2\/product\/37205","targetHints":{"allow":["GET"]}}],"collection":[{"href":"https:\/\/mps.digital-monkey.in\/de\/wp-json\/wp\/v2\/product"}],"about":[{"href":"https:\/\/mps.digital-monkey.in\/de\/wp-json\/wp\/v2\/types\/product"}],"replies":[{"embeddable":true,"href":"https:\/\/mps.digital-monkey.in\/de\/wp-json\/wp\/v2\/comments?post=37205"}],"wp:featuredmedia":[{"embeddable":true,"href":"https:\/\/mps.digital-monkey.in\/de\/wp-json\/wp\/v2\/media\/37206"}],"wp:attachment":[{"href":"https:\/\/mps.digital-monkey.in\/de\/wp-json\/wp\/v2\/media?parent=37205"}],"wp:term":[{"taxonomy":"product_brand","embeddable":true,"href":"https:\/\/mps.digital-monkey.in\/de\/wp-json\/wp\/v2\/product_brand?post=37205"},{"taxonomy":"product_cat","embeddable":true,"href":"https:\/\/mps.digital-monkey.in\/de\/wp-json\/wp\/v2\/product_cat?post=37205"},{"taxonomy":"product_tag","embeddable":true,"href":"https:\/\/mps.digital-monkey.in\/de\/wp-json\/wp\/v2\/product_tag?post=37205"}],"curies":[{"name":"wp","href":"https:\/\/api.w.org\/{rel}","templated":true}]}}