{"id":37233,"date":"2025-06-17T14:19:14","date_gmt":"2025-06-17T14:19:14","guid":{"rendered":"https:\/\/mps.digital-monkey.in\/product\/zink-anode-volvo-penta-838929\/"},"modified":"2025-12-16T12:50:56","modified_gmt":"2025-12-16T12:50:56","slug":"zink-anode-volvo-penta-838929","status":"publish","type":"product","link":"https:\/\/mps.digital-monkey.in\/de\/product\/zink-anode-volvo-penta-838929\/","title":{"rendered":"Zink-Anode Volvo Penta 838929"},"content":{"rendered":"<p data-start=\"494\" data-end=\"808\">Die <strong>Zinkanode Volvo Penta 838929<\/strong> wurde entwickelt, um zuverl\u00e4ssigen Schutz vor <strong data-start=\"585\" data-end=\"633\">galvanischer Korrosion in Salzwasserumgebungen<\/strong> zu bieten. Diese aus hochwertigem Marinezink hergestellte Opferanode sch\u00fctzt metallische Motor- und K\u00fchlsystemkomponenten, indem sie korrodiert, bevor kritische Teile in Mitleidenschaft gezogen werden. <\/p>\n<p data-start=\"810\" data-end=\"1072\">Diese Zinkanode wird nach pr\u00e4zisen Ma\u00dfen hergestellt, um einen korrekten Einbau und zuverl\u00e4ssigen elektrischen Kontakt zu gew\u00e4hrleisten. Sie dient als direkter Ersatz f\u00fcr die <strong data-start=\"957\" data-end=\"991\">Volvo Penta Teilenummer 838929<\/strong> und ist f\u00fcr eine Vielzahl von Volvo Penta Motoren und Marineanwendungen geeignet. <\/p>\n<p data-start=\"1074\" data-end=\"1174\"><strong data-start=\"1077\" data-end=\"1093\">Bitte beachten Sie:<\/strong> Diese Anode wird <strong data-start=\"1117\" data-end=\"1143\">ohne eine Befestigungsmutter<\/strong> geliefert. Bestellen Sie sie bei Bedarf separat. <\/p>\n<h3 data-start=\"1176\" data-end=\"1192\"><strong data-start=\"1180\" data-end=\"1192\">Material<\/strong><\/h3>\n<ul data-start=\"1193\" data-end=\"1231\">\n<li data-start=\"1193\" data-end=\"1231\">\n<p data-start=\"1195\" data-end=\"1231\">Zink (empfohlen f\u00fcr die Verwendung in Salzwasser)<\/p>\n<\/li>\n<\/ul>\n<h3 data-start=\"1233\" data-end=\"1252\"><strong data-start=\"1237\" data-end=\"1252\">Teilenummer<\/strong><\/h3>\n<ul data-start=\"1253\" data-end=\"1286\">\n<li data-start=\"1253\" data-end=\"1286\">\n<p data-start=\"1255\" data-end=\"1286\">Ersetzt Volvo Penta <strong data-start=\"1276\" data-end=\"1286\">838929<\/strong><\/p>\n<\/li>\n<\/ul>\n<h3 data-start=\"1288\" data-end=\"1306\"><strong data-start=\"1292\" data-end=\"1306\">Abmessungen<\/strong><\/h3>\n<ul data-start=\"1307\" data-end=\"1410\">\n<li data-start=\"1307\" data-end=\"1332\">\n<p data-start=\"1309\" data-end=\"1332\">Durchmesser (\u00d8): 15.0 mm<\/p>\n<\/li>\n<li data-start=\"1333\" data-end=\"1356\">\n<p data-start=\"1335\" data-end=\"1356\">L\u00e4nge (L): 30,0 mm<\/p>\n<\/li>\n<li data-start=\"1357\" data-end=\"1382\">\n<p data-start=\"1359\" data-end=\"1382\">Gewinde (B): 7\/16\u2033 UNC<\/p>\n<\/li>\n<li data-start=\"1383\" data-end=\"1410\">\n<p data-start=\"1385\" data-end=\"1410\">Befestigungsgewinde (M): M8<\/p>\n<\/li>\n<\/ul>\n<h3 data-start=\"1412\" data-end=\"1432\"><strong data-start=\"1416\" data-end=\"1432\">Wesentliche Merkmale<\/strong><\/h3>\n<ul data-start=\"1433\" data-end=\"1702\">\n<li data-start=\"1433\" data-end=\"1484\">\n<p data-start=\"1435\" data-end=\"1484\">Zink-Opferanode f\u00fcr Korrosionsschutz<\/p>\n<\/li>\n<li data-start=\"1485\" data-end=\"1524\">\n<p data-start=\"1487\" data-end=\"1524\">Geeignet f\u00fcr Salzwasserumgebungen<\/p>\n<\/li>\n<li data-start=\"1525\" data-end=\"1579\">\n<p data-start=\"1527\" data-end=\"1579\">Pr\u00e4zisionsgefertigt f\u00fcr korrekten Sitz und Kontakt<\/p>\n<\/li>\n<li data-start=\"1580\" data-end=\"1625\">\n<p data-start=\"1582\" data-end=\"1625\">Direkter Ersatz f\u00fcr Volvo Penta 838929<\/p>\n<\/li>\n<li data-start=\"1626\" data-end=\"1668\">\n<p data-start=\"1628\" data-end=\"1668\">Langlebige Konstruktion aus Zink in Marinequalit\u00e4t<\/p>\n<\/li>\n<li data-start=\"1669\" data-end=\"1702\">\n<p data-start=\"1671\" data-end=\"1702\">Wird ohne Befestigungsmutter geliefert<\/p>\n<\/li>\n<\/ul>\n<h3 data-start=\"1704\" data-end=\"1727\"><strong data-start=\"1708\" data-end=\"1727\">Kompatibel mit<\/strong><\/h3>\n<p data-start=\"1728\" data-end=\"1808\">Geeignet f\u00fcr eine Vielzahl von Volvo Penta Motoren und Systemen, die die Anode 838929 verwenden.<\/p>\n","protected":false},"excerpt":{"rendered":"<p>Die Zinkanode Volvo Penta 838929 wurde entwickelt, um zuverl\u00e4ssigen Schutz vor galvanischer Korrosion in Salzwasserumgebungen zu bieten. Diese aus hochwertigem Marinezink hergestellte Opferanode sch\u00fctzt metallische Motor- und K\u00fchlsystemkomponenten, indem sie korrodiert, bevor kritische Teile in Mitleidenschaft gezogen werden. Diese Zinkanode wird nach pr\u00e4zisen Ma\u00dfen hergestellt, um einen korrekten Einbau und zuverl\u00e4ssigen elektrischen Kontakt zu gew\u00e4hrleisten. [&hellip;]<\/p>\n","protected":false},"featured_media":45458,"comment_status":"open","ping_status":"closed","template":"","meta":[],"product_brand":[4230],"product_cat":[3286,2498,4308,4523],"product_tag":[],"class_list":{"0":"post-37233","1":"product","2":"type-product","3":"status-publish","4":"has-post-thumbnail","6":"product_brand-volvo-penta","7":"product_cat-anoden","8":"product_cat-ersatzteile-fur-motoren","9":"product_cat-volvo-penta","10":"product_cat-volvo-penta-anoden","11":"pa_condition-neu","12":"pa_oem-or-aftermarket-aftermarket","14":"first","15":"instock","16":"sale","17":"taxable","18":"shipping-taxable","19":"purchasable","20":"product-type-simple"},"supplier_id":null,"supplier_sku":"","barcode":null,"atum_controlled":true,"out_stock_date":null,"out_stock_threshold":null,"inheritable":false,"inbound_stock":0,"stock_on_hold":1,"sold_today":0,"sales_last_days":0,"reserved_stock":0,"customer_returns":0,"warehouse_damage":0,"lost_in_post":0,"other_logs":0,"out_stock_days":0,"lost_sales":0,"has_location":false,"update_date":"2026-03-05T15:34:52","atum_locations":[],"atum_stock_status":"instock","restock_status":false,"low_stock_amount":1,"sales_update_date":"2026-03-05T15:34:52","calc_backorders":0,"_links":{"self":[{"href":"https:\/\/mps.digital-monkey.in\/de\/wp-json\/wp\/v2\/product\/37233","targetHints":{"allow":["GET"]}}],"collection":[{"href":"https:\/\/mps.digital-monkey.in\/de\/wp-json\/wp\/v2\/product"}],"about":[{"href":"https:\/\/mps.digital-monkey.in\/de\/wp-json\/wp\/v2\/types\/product"}],"replies":[{"embeddable":true,"href":"https:\/\/mps.digital-monkey.in\/de\/wp-json\/wp\/v2\/comments?post=37233"}],"wp:featuredmedia":[{"embeddable":true,"href":"https:\/\/mps.digital-monkey.in\/de\/wp-json\/wp\/v2\/media\/45458"}],"wp:attachment":[{"href":"https:\/\/mps.digital-monkey.in\/de\/wp-json\/wp\/v2\/media?parent=37233"}],"wp:term":[{"taxonomy":"product_brand","embeddable":true,"href":"https:\/\/mps.digital-monkey.in\/de\/wp-json\/wp\/v2\/product_brand?post=37233"},{"taxonomy":"product_cat","embeddable":true,"href":"https:\/\/mps.digital-monkey.in\/de\/wp-json\/wp\/v2\/product_cat?post=37233"},{"taxonomy":"product_tag","embeddable":true,"href":"https:\/\/mps.digital-monkey.in\/de\/wp-json\/wp\/v2\/product_tag?post=37233"}],"curies":[{"name":"wp","href":"https:\/\/api.w.org\/{rel}","templated":true}]}}