{"id":37578,"date":"2025-09-02T08:04:59","date_gmt":"2025-09-02T08:04:59","guid":{"rendered":"https:\/\/mps.digital-monkey.in\/product\/kopfdichtung-yanmar-3ym30-3ym30ae-119717-01331-ersetzt-119717-01330\/"},"modified":"2025-09-02T08:04:59","modified_gmt":"2025-09-02T08:04:59","slug":"kopfdichtung-yanmar-3ym30-3ym30ae-119717-01331-ersetzt-119717-01330","status":"publish","type":"product","link":"https:\/\/mps.digital-monkey.in\/de\/produkt\/kopfdichtung-yanmar-3ym30-3ym30ae-119717-01331-ersetzt-119717-01330\/","title":{"rendered":"Kopfdichtung Yanmar 3YM30 \/ 3YM30AE - 119717-01331 (Ersetzt 119717-01330)"},"content":{"rendered":"<p data-start=\"181\" data-end=\"515\">Die Yanmar Zylinderkopfdichtung <strong data-start=\"231\" data-end=\"247\">119717-01331<\/strong> (ehemals <strong data-start=\"258\" data-end=\"274\">119717-01330<\/strong>) ist ein OE-Ersatzteil f\u00fcr Yanmar Schiffsdieselmotoren. Sie sorgt f\u00fcr eine sichere Abdichtung zwischen dem Zylinderkopf und dem Motorblock, verhindert Lecks, sorgt f\u00fcr eine korrekte Kompression und gew\u00e4hrleistet eine optimale Leistung Ihres Motors. <\/p>\n<p data-start=\"517\" data-end=\"539\"><strong data-start=\"517\" data-end=\"537\">Kompatibel mit:<\/strong><\/p>\n<ul data-start=\"540\" data-end=\"599\">\n<li data-start=\"540\" data-end=\"568\">\n<p data-start=\"542\" data-end=\"568\">Yanmar <strong data-start=\"549\" data-end=\"558\">3YM30<\/strong> (29 PS)<\/p>\n<\/li>\n<li data-start=\"569\" data-end=\"599\">\n<p data-start=\"571\" data-end=\"599\">Yanmar <strong data-start=\"578\" data-end=\"589\">3YM30AE<\/strong> (29 PS)<\/p>\n<\/li>\n<\/ul>\n<p data-start=\"601\" data-end=\"616\"><strong data-start=\"601\" data-end=\"614\">Merkmale:<\/strong><\/p>\n<ul data-start=\"617\" data-end=\"783\">\n<li data-start=\"645\" data-end=\"696\">\n<p data-start=\"647\" data-end=\"696\">Teilenummer: 119717-01331 (ersetzt 119717-01330)<\/p>\n<\/li>\n<li data-start=\"697\" data-end=\"732\">\n<p data-start=\"699\" data-end=\"732\">Zuverl\u00e4ssige Versiegelung und Haltbarkeit<\/p>\n<\/li>\n<li data-start=\"733\" data-end=\"783\">\n<p data-start=\"735\" data-end=\"783\">Unverzichtbar f\u00fcr die Wartung und Langlebigkeit des Motors<\/p>\n<\/li>\n<\/ul>\n","protected":false},"excerpt":{"rendered":"<p>Die Yanmar Zylinderkopfdichtung 119717-01331 (ehemals 119717-01330) ist ein OE-Ersatzteil f\u00fcr Yanmar Schiffsdieselmotoren. Sie sorgt f\u00fcr eine sichere Abdichtung zwischen dem Zylinderkopf und dem Motorblock, verhindert Lecks, sorgt f\u00fcr eine korrekte Kompression und gew\u00e4hrleistet eine optimale Leistung Ihres Motors. Kompatibel mit: Yanmar 3YM30 (29 PS) Yanmar 3YM30AE (29 PS) Merkmale: Teilenummer: 119717-01331 (ersetzt 119717-01330) Zuverl\u00e4ssige Versiegelung [&hellip;]<\/p>\n","protected":false},"featured_media":37579,"comment_status":"open","ping_status":"closed","template":"","meta":[],"product_brand":[4236],"product_cat":[3037,2498,3038,4531],"product_tag":[],"class_list":{"0":"post-37578","1":"product","2":"type-product","3":"status-publish","4":"has-post-thumbnail","6":"product_brand-yanmar","7":"product_cat-kits-fur-wartung-und-reparatur","8":"product_cat-ersatzteile-fur-motoren","9":"product_cat-motor-dichtungen","10":"product_cat-yanmar-service-teile","11":"pa_condition-neu","12":"pa_model-3ym30","13":"pa_oem-or-aftermarket-aftermarket","15":"first","16":"instock","17":"sale","18":"taxable","19":"shipping-taxable","20":"purchasable","21":"product-type-simple"},"supplier_id":7294,"supplier_sku":"REC119717-01331","barcode":null,"atum_controlled":true,"out_stock_date":null,"out_stock_threshold":null,"inheritable":false,"inbound_stock":0,"stock_on_hold":0,"sold_today":0,"sales_last_days":0,"reserved_stock":0,"customer_returns":0,"warehouse_damage":0,"lost_in_post":0,"other_logs":0,"out_stock_days":0,"lost_sales":0,"has_location":false,"update_date":"2026-01-29T09:11:07","atum_locations":[],"atum_stock_status":"instock","restock_status":false,"low_stock_amount":1,"sales_update_date":"2026-01-29T09:11:07","calc_backorders":null,"_links":{"self":[{"href":"https:\/\/mps.digital-monkey.in\/de\/wp-json\/wp\/v2\/product\/37578","targetHints":{"allow":["GET"]}}],"collection":[{"href":"https:\/\/mps.digital-monkey.in\/de\/wp-json\/wp\/v2\/product"}],"about":[{"href":"https:\/\/mps.digital-monkey.in\/de\/wp-json\/wp\/v2\/types\/product"}],"replies":[{"embeddable":true,"href":"https:\/\/mps.digital-monkey.in\/de\/wp-json\/wp\/v2\/comments?post=37578"}],"wp:featuredmedia":[{"embeddable":true,"href":"https:\/\/mps.digital-monkey.in\/de\/wp-json\/wp\/v2\/media\/37579"}],"wp:attachment":[{"href":"https:\/\/mps.digital-monkey.in\/de\/wp-json\/wp\/v2\/media?parent=37578"}],"wp:term":[{"taxonomy":"product_brand","embeddable":true,"href":"https:\/\/mps.digital-monkey.in\/de\/wp-json\/wp\/v2\/product_brand?post=37578"},{"taxonomy":"product_cat","embeddable":true,"href":"https:\/\/mps.digital-monkey.in\/de\/wp-json\/wp\/v2\/product_cat?post=37578"},{"taxonomy":"product_tag","embeddable":true,"href":"https:\/\/mps.digital-monkey.in\/de\/wp-json\/wp\/v2\/product_tag?post=37578"}],"curies":[{"name":"wp","href":"https:\/\/api.w.org\/{rel}","templated":true}]}}