{"id":37610,"date":"2025-09-02T08:44:58","date_gmt":"2025-09-02T08:44:58","guid":{"rendered":"https:\/\/mps.digital-monkey.in\/product\/kopfdichtung-yanmar-3gm-3gmd-3gmf-128370-01332\/"},"modified":"2025-10-30T12:18:34","modified_gmt":"2025-10-30T12:18:34","slug":"kopfdichtung-yanmar-3gm-3gmd-3gmf-128370-01332","status":"publish","type":"product","link":"https:\/\/mps.digital-monkey.in\/de\/produkt\/kopfdichtung-yanmar-3gm-3gmd-3gmf-128370-01332\/","title":{"rendered":"Kopfdichtung Yanmar 3GM \/ 3GMD \/ 3GMF - 128370-01332"},"content":{"rendered":"<p data-start=\"175\" data-end=\"556\">Erhalten Sie die Spitzenleistung Ihres Yanmar 3GM-, 3GMD- oder 3GMF-Motors mit dieser Yanmar Kopfdichtung, Teilenummer <strong data-start=\"320\" data-end=\"336\">128370-01332<\/strong> (ersetzt das Yanmar Originalteil <strong data-start=\"368\" data-end=\"384\">128370-01332<\/strong>). Er wurde nach OEM-Spezifikationen gefertigt und sorgt f\u00fcr eine perfekte Abdichtung zwischen Zylinderkopf und Motorblock, um Lecks zu verhindern und eine optimale Kompression zu gew\u00e4hrleisten.<\/p>\n<p data-start=\"558\" data-end=\"592\"><strong data-start=\"558\" data-end=\"590\">Kompatible Motoren \/ Modelle:<\/strong><\/p>\n<ul data-start=\"593\" data-end=\"639\">\n<li data-start=\"593\" data-end=\"607\">\n<p data-start=\"595\" data-end=\"607\">Yanmar 3GM<\/p>\n<\/li>\n<li data-start=\"608\" data-end=\"623\">\n<p data-start=\"610\" data-end=\"623\">Yanmar 3GMD<\/p>\n<\/li>\n<li data-start=\"624\" data-end=\"639\">\n<p data-start=\"626\" data-end=\"639\">Yanmar 3GMF<\/p>\n<\/li>\n<\/ul>\n<p data-start=\"641\" data-end=\"660\"><strong data-start=\"641\" data-end=\"658\">Wichtige Merkmale:<\/strong><\/p>\n<ul data-start=\"661\" data-end=\"844\">\n<li data-start=\"661\" data-end=\"698\">\n<p data-start=\"663\" data-end=\"698\">Original Yanmar Ersatzdichtung<\/p>\n<\/li>\n<li data-start=\"699\" data-end=\"750\">\n<p data-start=\"701\" data-end=\"750\">Lecksichere Dichtung f\u00fcr zuverl\u00e4ssige Motorleistung<\/p>\n<\/li>\n<li data-start=\"751\" data-end=\"789\">\n<p data-start=\"753\" data-end=\"789\">Langlebige, hochwertige Konstruktion<\/p>\n<\/li>\n<li data-start=\"790\" data-end=\"844\">\n<p data-start=\"792\" data-end=\"844\">Ideal f\u00fcr Wartung, Reparaturen oder Motor\u00fcberholungen<\/p>\n<\/li>\n<\/ul>\n<p data-start=\"846\" data-end=\"948\">Sorgen Sie daf\u00fcr, dass Ihr Yanmar-Schiffsmotor mit dieser bew\u00e4hrten Zylinderkopfdichtung in Erstausr\u00fcsterqualit\u00e4t reibungslos l\u00e4uft.<\/p>\n<p data-start=\"955\" data-end=\"1146\">\n","protected":false},"excerpt":{"rendered":"<p>Erhalten Sie die Spitzenleistung Ihres Yanmar 3GM-, 3GMD- oder 3GMF-Motors mit dieser Yanmar Kopfdichtung, Teilenummer 128370-01332 (ersetzt das Yanmar Originalteil 128370-01332). Er wurde nach OEM-Spezifikationen gefertigt und sorgt f\u00fcr eine perfekte Abdichtung zwischen Zylinderkopf und Motorblock, um Lecks zu verhindern und eine optimale Kompression zu gew\u00e4hrleisten. Kompatible Motoren \/ Modelle: Yanmar 3GM Yanmar 3GMD Yanmar [&hellip;]<\/p>\n","protected":false},"featured_media":37611,"comment_status":"open","ping_status":"closed","template":"","meta":[],"product_brand":[4236],"product_cat":[3037,4443,2498,3038,4441],"product_tag":[],"class_list":{"0":"post-37610","1":"product","2":"type-product","3":"status-publish","4":"has-post-thumbnail","6":"product_brand-yanmar","7":"product_cat-kits-fur-wartung-und-reparatur","8":"product_cat-3gm-3gm30-teile","9":"product_cat-ersatzteile-fur-motoren","10":"product_cat-motor-dichtungen","11":"product_cat-yanmar","12":"pa_condition-neu","13":"pa_model-3gm","14":"pa_model-3gmd","15":"pa_model-3gmf","16":"pa_oem-or-aftermarket-aftermarket","18":"first","19":"onbackorder","20":"sale","21":"taxable","22":"shipping-taxable","23":"purchasable","24":"product-type-simple"},"supplier_id":null,"supplier_sku":"","barcode":null,"atum_controlled":true,"out_stock_date":"2025-11-21 13:02:52","out_stock_threshold":null,"inheritable":false,"inbound_stock":0,"stock_on_hold":0,"sold_today":0,"sales_last_days":0,"reserved_stock":0,"customer_returns":0,"warehouse_damage":0,"lost_in_post":0,"other_logs":0,"out_stock_days":19,"lost_sales":0,"has_location":false,"update_date":"2025-11-21T13:02:52","atum_locations":[],"atum_stock_status":"onbackorder","restock_status":false,"low_stock_amount":1,"sales_update_date":"2025-09-22T08:41:04","calc_backorders":null,"_links":{"self":[{"href":"https:\/\/mps.digital-monkey.in\/de\/wp-json\/wp\/v2\/product\/37610","targetHints":{"allow":["GET"]}}],"collection":[{"href":"https:\/\/mps.digital-monkey.in\/de\/wp-json\/wp\/v2\/product"}],"about":[{"href":"https:\/\/mps.digital-monkey.in\/de\/wp-json\/wp\/v2\/types\/product"}],"replies":[{"embeddable":true,"href":"https:\/\/mps.digital-monkey.in\/de\/wp-json\/wp\/v2\/comments?post=37610"}],"wp:featuredmedia":[{"embeddable":true,"href":"https:\/\/mps.digital-monkey.in\/de\/wp-json\/wp\/v2\/media\/37611"}],"wp:attachment":[{"href":"https:\/\/mps.digital-monkey.in\/de\/wp-json\/wp\/v2\/media?parent=37610"}],"wp:term":[{"taxonomy":"product_brand","embeddable":true,"href":"https:\/\/mps.digital-monkey.in\/de\/wp-json\/wp\/v2\/product_brand?post=37610"},{"taxonomy":"product_cat","embeddable":true,"href":"https:\/\/mps.digital-monkey.in\/de\/wp-json\/wp\/v2\/product_cat?post=37610"},{"taxonomy":"product_tag","embeddable":true,"href":"https:\/\/mps.digital-monkey.in\/de\/wp-json\/wp\/v2\/product_tag?post=37610"}],"curies":[{"name":"wp","href":"https:\/\/api.w.org\/{rel}","templated":true}]}}