{"id":37620,"date":"2025-09-02T09:01:43","date_gmt":"2025-09-02T09:01:43","guid":{"rendered":"https:\/\/mps.digital-monkey.in\/product\/yanmar-3gm30-3gm30f-kompletter-dichtungssatz-fuer-motor-728374-92605\/"},"modified":"2025-10-30T12:18:26","modified_gmt":"2025-10-30T12:18:26","slug":"yanmar-3gm30-3gm30f-kompletter-dichtungssatz-fuer-motor-728374-92605","status":"publish","type":"product","link":"https:\/\/mps.digital-monkey.in\/de\/product\/yanmar-3gm30-3gm30f-kompletter-dichtungssatz-fuer-motor-728374-92605\/","title":{"rendered":"Yanmar 3GM30 \/ 3GM30F Kompletter Dichtungssatz f\u00fcr Motor &#8211; 728374-92605"},"content":{"rendered":"<p data-start=\"192\" data-end=\"548\">Mit diesem <strong data-start=\"305\" data-end=\"334\">kompletten Motordichtsatz<\/strong> (Teilenummer <strong data-start=\"348\" data-end=\"364\">728374-92605<\/strong>) k\u00f6nnen Sie Ihren Yanmar 3GM30 oder 3GM30F komplett \u00fcberholen oder warten. Dieses Set wurde gem\u00e4\u00df den OEM-Spezifikationen entwickelt und enth\u00e4lt alle wichtigen Dichtungen, die f\u00fcr eine perfekte Abdichtung des Motors ben\u00f6tigt werden, um eine leckfreie Leistung und einen zuverl\u00e4ssigen Betrieb zu gew\u00e4hrleisten.<\/p>\n<p data-start=\"550\" data-end=\"572\"><strong data-start=\"550\" data-end=\"570\">Was enthalten ist:<\/strong><\/p>\n<ul data-start=\"573\" data-end=\"844\">\n<li data-start=\"573\" data-end=\"597\">\n<p data-start=\"575\" data-end=\"597\">Zylinderkopfdichtung<\/p>\n<\/li>\n<li data-start=\"598\" data-end=\"620\">\n<p data-start=\"600\" data-end=\"620\">Ventildeckeldichtung<\/p>\n<\/li>\n<li data-start=\"621\" data-end=\"648\">\n<p data-start=\"623\" data-end=\"648\">Dichtung Auspuffkr\u00fcmmer<\/p>\n<\/li>\n<li data-start=\"649\" data-end=\"673\">\n<p data-start=\"651\" data-end=\"673\">Auspuffkr\u00fcmmer Dichtung<\/p>\n<\/li>\n<li data-start=\"674\" data-end=\"700\">\n<p data-start=\"676\" data-end=\"700\">Ansaugkr\u00fcmmer Dichtung<\/p>\n<\/li>\n<li data-start=\"701\" data-end=\"730\">\n<p data-start=\"703\" data-end=\"730\">Dichtung Thermostatgeh\u00e4use<\/p>\n<\/li>\n<li data-start=\"731\" data-end=\"755\">\n<p data-start=\"733\" data-end=\"755\">Verschiedene Gummidichtungen<\/p>\n<\/li>\n<li data-start=\"756\" data-end=\"774\">\n<p data-start=\"758\" data-end=\"774\">Unterlegscheiben aus Kupfer<\/p>\n<\/li>\n<li data-start=\"775\" data-end=\"798\">\n<p data-start=\"777\" data-end=\"798\">Dichtung des Steuergeh\u00e4usedeckels<\/p>\n<\/li>\n<li data-start=\"799\" data-end=\"817\">\n<p data-start=\"801\" data-end=\"817\">Dichtung der \u00d6lwanne<\/p>\n<\/li>\n<li data-start=\"818\" data-end=\"844\">\n<p data-start=\"820\" data-end=\"844\">W\u00e4rmetauscher-Dichtungen<\/p>\n<\/li>\n<\/ul>\n<p data-start=\"846\" data-end=\"865\"><strong data-start=\"846\" data-end=\"863\">Wichtige Merkmale:<\/strong><\/p>\n<ul data-start=\"866\" data-end=\"1110\">\n<li data-start=\"866\" data-end=\"935\">\n<p data-start=\"868\" data-end=\"935\">Kompletter Dichtungssatz in OEM-Qualit\u00e4t f\u00fcr Yanmar 3GM30 \/ 3GM30F Motoren<\/p>\n<\/li>\n<li data-start=\"936\" data-end=\"981\">\n<p data-start=\"938\" data-end=\"981\">Sorgt f\u00fcr korrekte Abdichtung und verhindert Lecks<\/p>\n<\/li>\n<li data-start=\"982\" data-end=\"1041\">\n<p data-start=\"984\" data-end=\"1041\">Ideal f\u00fcr Wartung, Reparaturen oder komplette \u00dcberholungen von Motoren<\/p>\n<\/li>\n<li data-start=\"1042\" data-end=\"1110\">\n<p data-start=\"1044\" data-end=\"1110\">Hochwertige, langlebige Komponenten, auf die Profis in der Schifffahrt vertrauen<\/p>\n<\/li>\n<\/ul>\n<p data-start=\"1112\" data-end=\"1219\">Sorgen Sie daf\u00fcr, dass Ihr Yanmar 3GM30- oder 3GM30F-Motor reibungslos und effizient l\u00e4uft &#8211; mit diesem kompletten Dichtungssatz.<\/p>\n","protected":false},"excerpt":{"rendered":"<p>Mit diesem kompletten Motordichtsatz (Teilenummer 728374-92605) k\u00f6nnen Sie Ihren Yanmar 3GM30 oder 3GM30F komplett \u00fcberholen oder warten. Dieses Set wurde gem\u00e4\u00df den OEM-Spezifikationen entwickelt und enth\u00e4lt alle wichtigen Dichtungen, die f\u00fcr eine perfekte Abdichtung des Motors ben\u00f6tigt werden, um eine leckfreie Leistung und einen zuverl\u00e4ssigen Betrieb zu gew\u00e4hrleisten. Was enthalten ist: Zylinderkopfdichtung Ventildeckeldichtung Dichtung Auspuffkr\u00fcmmer [&hellip;]<\/p>\n","protected":false},"featured_media":37621,"comment_status":"open","ping_status":"closed","template":"","meta":[],"product_brand":[4236],"product_cat":[4443,2498,3037,3038,4441],"product_tag":[],"class_list":{"0":"post-37620","1":"product","2":"type-product","3":"status-publish","4":"has-post-thumbnail","6":"product_brand-yanmar","7":"product_cat-3gm-3gm30-teile","8":"product_cat-ersatzteile-fur-motoren","9":"product_cat-kits-fur-wartung-und-reparatur","10":"product_cat-motor-dichtungen","11":"product_cat-yanmar","12":"pa_condition-neu","13":"pa_model-3gm30","14":"pa_model-3gm30-yeu","15":"pa_model-3gm30f","16":"pa_model-3gm30f-yeu","17":"pa_oem-or-aftermarket-aftermarket","19":"first","20":"instock","21":"sale","22":"taxable","23":"shipping-taxable","24":"purchasable","25":"product-type-simple"},"supplier_id":7294,"supplier_sku":"REC728374-92605","barcode":null,"atum_controlled":true,"out_stock_date":null,"out_stock_threshold":null,"inheritable":false,"inbound_stock":0,"stock_on_hold":0,"sold_today":0,"sales_last_days":0,"reserved_stock":0,"customer_returns":0,"warehouse_damage":0,"lost_in_post":0,"other_logs":0,"out_stock_days":0,"lost_sales":0,"has_location":false,"update_date":"2025-10-30T10:27:32","atum_locations":[],"atum_stock_status":"instock","restock_status":false,"low_stock_amount":1,"sales_update_date":"2025-10-22T14:30:40","calc_backorders":null,"_links":{"self":[{"href":"https:\/\/mps.digital-monkey.in\/de\/wp-json\/wp\/v2\/product\/37620","targetHints":{"allow":["GET"]}}],"collection":[{"href":"https:\/\/mps.digital-monkey.in\/de\/wp-json\/wp\/v2\/product"}],"about":[{"href":"https:\/\/mps.digital-monkey.in\/de\/wp-json\/wp\/v2\/types\/product"}],"replies":[{"embeddable":true,"href":"https:\/\/mps.digital-monkey.in\/de\/wp-json\/wp\/v2\/comments?post=37620"}],"wp:featuredmedia":[{"embeddable":true,"href":"https:\/\/mps.digital-monkey.in\/de\/wp-json\/wp\/v2\/media\/37621"}],"wp:attachment":[{"href":"https:\/\/mps.digital-monkey.in\/de\/wp-json\/wp\/v2\/media?parent=37620"}],"wp:term":[{"taxonomy":"product_brand","embeddable":true,"href":"https:\/\/mps.digital-monkey.in\/de\/wp-json\/wp\/v2\/product_brand?post=37620"},{"taxonomy":"product_cat","embeddable":true,"href":"https:\/\/mps.digital-monkey.in\/de\/wp-json\/wp\/v2\/product_cat?post=37620"},{"taxonomy":"product_tag","embeddable":true,"href":"https:\/\/mps.digital-monkey.in\/de\/wp-json\/wp\/v2\/product_tag?post=37620"}],"curies":[{"name":"wp","href":"https:\/\/api.w.org\/{rel}","templated":true}]}}