{"id":37683,"date":"2025-09-02T13:13:38","date_gmt":"2025-09-02T13:13:38","guid":{"rendered":"https:\/\/mps.digital-monkey.in\/product\/volvo-penta-waermetauscher-dichtungssatz-aqd29-aqd32a-md29-md32a\/"},"modified":"2025-11-02T18:27:45","modified_gmt":"2025-11-02T18:27:45","slug":"volvo-penta-waermetauscher-dichtungssatz-aqd29-aqd32a-md29-md32a","status":"publish","type":"product","link":"https:\/\/mps.digital-monkey.in\/de\/produkt\/volvo-penta-waermetauscher-dichtungssatz-aqd29-aqd32a-md29-md32a\/","title":{"rendered":"Volvo Penta W\u00e4rmetauscher-Dichtungssatz AQD29 AQD32A MD29 MD32A"},"content":{"rendered":"<div class=\"relative basis-auto flex-col -mb-(--composer-overlap-px) [--composer-overlap-px:28px] grow flex overflow-hidden\">\n<div class=\"relative h-full\">\n<div class=\"flex h-full flex-col overflow-y-auto [scrollbar-gutter:stable_both-edges] @[84rem]\/thread:pt-(--header-height)\">\n<div class=\"@thread-xl\/thread:pt-header-height flex flex-col text-sm pb-25\">\n<article class=\"text-token-text-primary w-full focus:outline-none scroll-mt-[calc(var(--header-height)+min(200px,max(70px,20svh)))]\" dir=\"auto\" tabindex=\"-1\" data-turn-id=\"request-WEB:e67dfed6-edcd-452e-aead-e95c6d0affee-1\" data-testid=\"conversation-turn-4\" data-scroll-anchor=\"true\" data-turn=\"assistant\">\n<div class=\"text-base my-auto mx-auto pb-10 [--thread-content-margin:--spacing(4)] @[37rem]:[--thread-content-margin:--spacing(6)] @[72rem]:[--thread-content-margin:--spacing(16)] px-(--thread-content-margin)\">\n<div class=\"[--thread-content-max-width:32rem] @[34rem]:[--thread-content-max-width:40rem] @[64rem]:[--thread-content-max-width:48rem] mx-auto max-w-(--thread-content-max-width) flex-1 group\/turn-messages focus-visible:outline-hidden relative flex w-full min-w-0 flex-col agent-turn\" tabindex=\"-1\">\n<div class=\"flex max-w-full flex-col grow\">\n<div class=\"min-h-8 text-message relative flex w-full flex-col items-end gap-2 text-start break-words whitespace-normal [.text-message+&amp;]:mt-5\" dir=\"auto\" data-message-author-role=\"assistant\" data-message-id=\"4c6f8c95-1e74-4537-a526-d5d0c581f44f\" data-message-model-slug=\"gpt-5\">\n<div class=\"flex w-full flex-col gap-1 empty:hidden first:pt-[3px]\">\n<div class=\"markdown prose dark:prose-invert w-full break-words dark markdown-new-styling\">\n<p data-start=\"106\" data-end=\"178\"><strong data-start=\"106\" data-end=\"176\">Volvo Penta W\u00e4rmetauscher-Dichtungssatz - AQD29, AQD32A, MD29, MD32A<\/strong><\/p>\n<p data-start=\"180\" data-end=\"579\">Mit diesem <strong data-start=\"243\" data-end=\"272\">Dichtungssatz f\u00fcr den W\u00e4rmetauscher<\/strong> sorgen Sie f\u00fcr einen reibungslosen Betrieb Ihres Volvo Penta Bootsmotors. Dieser Dichtungssatz wurde f\u00fcr perfekte Passgenauigkeit und Zuverl\u00e4ssigkeit entwickelt und gew\u00e4hrleistet eine sichere Abdichtung, die K\u00fchlmittel- und Wasserlecks im K\u00fchlsystem Ihres Motors verhindert. Es wird aus hochwertigen Materialien hergestellt, die den OEM-Standards entsprechen oder diese sogar \u00fcbertreffen. Das macht es zu einer langlebigen und kosteng\u00fcnstigen L\u00f6sung f\u00fcr die Wartung oder Reparatur.<\/p>\n<p data-start=\"581\" data-end=\"626\"><strong data-start=\"581\" data-end=\"624\">Passend f\u00fcr die folgenden Volvo Penta Motoren:<\/strong><\/p>\n<ul data-start=\"627\" data-end=\"720\">\n<li data-start=\"627\" data-end=\"651\">\n<p data-start=\"629\" data-end=\"651\">Volvo Penta AQD29, A<\/p>\n<\/li>\n<li data-start=\"652\" data-end=\"674\">\n<p data-start=\"654\" data-end=\"674\">Volvo Penta AQD32A<\/p>\n<\/li>\n<li data-start=\"675\" data-end=\"698\">\n<p data-start=\"677\" data-end=\"698\">Volvo Penta MD29, A<\/p>\n<\/li>\n<li data-start=\"699\" data-end=\"720\">\n<p data-start=\"701\" data-end=\"720\">Volvo Penta MD32A<\/p>\n<\/li>\n<\/ul>\n<p data-start=\"722\" data-end=\"835\">\u2705 Ersatz in Erstausr\u00fcsterqualit\u00e4t<br data-start=\"747\" data-end=\"750\">\u2705 Verhindert Leckagen und \u00dcberhitzung<br data-start=\"782\" data-end=\"785\">\u2705 Einfache Installation f\u00fcr lang anhaltende Leistung<\/p>\n<p data-start=\"837\" data-end=\"989\">Dieser <strong data-start=\"842\" data-end=\"868\">Volvo Penta Dichtungssatz<\/strong> ist die ideale Wahl f\u00fcr Bootseigner und Schiffsmechaniker, die die K\u00fchlleistung wiederherstellen und die Lebensdauer des Motors verl\u00e4ngern m\u00f6chten.<\/p>\n<\/div>\n<\/div>\n<\/div>\n<\/div>\n<\/div>\n<\/div>\n<\/article>\n<\/div>\n<\/div>\n<\/div>\n<\/div>\n","protected":false},"excerpt":{"rendered":"<p>Volvo Penta W\u00e4rmetauscher-Dichtungssatz - AQD29, AQD32A, MD29, MD32A Mit diesem Dichtungssatz f\u00fcr den W\u00e4rmetauscher sorgen Sie f\u00fcr einen reibungslosen Betrieb Ihres Volvo Penta Bootsmotors. Dieser Dichtungssatz wurde f\u00fcr perfekte Passgenauigkeit und Zuverl\u00e4ssigkeit entwickelt und gew\u00e4hrleistet eine sichere Abdichtung, die K\u00fchlmittel- und Wasserlecks im K\u00fchlsystem Ihres Motors verhindert. Es wird aus hochwertigen Materialien hergestellt, die den [&hellip;]<\/p>\n","protected":false},"featured_media":37684,"comment_status":"open","ping_status":"closed","template":"","meta":[],"product_brand":[4230],"product_cat":[3038,4488,2498,3037],"product_tag":[],"class_list":{"0":"post-37683","1":"product","2":"type-product","3":"status-publish","4":"has-post-thumbnail","6":"product_brand-volvo-penta","7":"product_cat-motor-dichtungen","8":"product_cat-brauchen-sie-volvo-penta-teile","9":"product_cat-ersatzteile-fur-motoren","10":"product_cat-kits-fur-wartung-und-reparatur","11":"pa_condition-neu","12":"pa_model-aqd29","13":"pa_model-aqd32","14":"pa_model-md29","15":"pa_model-md32","16":"pa_oem-or-aftermarket-aftermarket","18":"first","19":"instock","20":"taxable","21":"shipping-taxable","22":"purchasable","23":"product-type-simple"},"supplier_id":7294,"supplier_sku":"REC22022","barcode":null,"atum_controlled":true,"out_stock_date":null,"out_stock_threshold":null,"inheritable":false,"inbound_stock":0,"stock_on_hold":0,"sold_today":0,"sales_last_days":0,"reserved_stock":0,"customer_returns":0,"warehouse_damage":0,"lost_in_post":0,"other_logs":0,"out_stock_days":0,"lost_sales":0,"has_location":false,"update_date":"2026-01-29T09:10:25","atum_locations":[],"atum_stock_status":"instock","restock_status":false,"low_stock_amount":1,"sales_update_date":"2026-01-29T09:10:25","calc_backorders":null,"_links":{"self":[{"href":"https:\/\/mps.digital-monkey.in\/de\/wp-json\/wp\/v2\/product\/37683","targetHints":{"allow":["GET"]}}],"collection":[{"href":"https:\/\/mps.digital-monkey.in\/de\/wp-json\/wp\/v2\/product"}],"about":[{"href":"https:\/\/mps.digital-monkey.in\/de\/wp-json\/wp\/v2\/types\/product"}],"replies":[{"embeddable":true,"href":"https:\/\/mps.digital-monkey.in\/de\/wp-json\/wp\/v2\/comments?post=37683"}],"wp:featuredmedia":[{"embeddable":true,"href":"https:\/\/mps.digital-monkey.in\/de\/wp-json\/wp\/v2\/media\/37684"}],"wp:attachment":[{"href":"https:\/\/mps.digital-monkey.in\/de\/wp-json\/wp\/v2\/media?parent=37683"}],"wp:term":[{"taxonomy":"product_brand","embeddable":true,"href":"https:\/\/mps.digital-monkey.in\/de\/wp-json\/wp\/v2\/product_brand?post=37683"},{"taxonomy":"product_cat","embeddable":true,"href":"https:\/\/mps.digital-monkey.in\/de\/wp-json\/wp\/v2\/product_cat?post=37683"},{"taxonomy":"product_tag","embeddable":true,"href":"https:\/\/mps.digital-monkey.in\/de\/wp-json\/wp\/v2\/product_tag?post=37683"}],"curies":[{"name":"wp","href":"https:\/\/api.w.org\/{rel}","templated":true}]}}