{"id":37730,"date":"2025-09-02T13:41:19","date_gmt":"2025-09-02T13:41:19","guid":{"rendered":"https:\/\/mps.digital-monkey.in\/product\/volvo-penta-waermetauscher-dichtungssatz-md22a-md22l-a\/"},"modified":"2025-11-02T18:27:46","modified_gmt":"2025-11-02T18:27:46","slug":"volvo-penta-waermetauscher-dichtungssatz-md22a-md22l-a","status":"publish","type":"product","link":"https:\/\/mps.digital-monkey.in\/de\/product\/volvo-penta-waermetauscher-dichtungssatz-md22a-md22l-a\/","title":{"rendered":"Volvo Penta W\u00e4rmetauscher-Dichtungssatz MD22A MD22L-A"},"content":{"rendered":"<p data-start=\"483\" data-end=\"543\"><strong data-start=\"483\" data-end=\"541\">Volvo Penta W\u00e4rmetauscher-Dichtungssatz &#8211; MD22A, MD22L-A<\/strong><\/p>\n<p data-start=\"545\" data-end=\"842\">Halten Sie Ihren <strong data-start=\"555\" data-end=\"589\">Volvo Penta-Motor der MD22-Serie<\/strong> mit diesem hochwertigen <strong data-start=\"625\" data-end=\"654\">Dichtungssatz f\u00fcr den W\u00e4rmetauscher<\/strong> in Topform. Dieser Dichtungssatz wurde f\u00fcr eine pr\u00e4zise Passform entwickelt und sorgt f\u00fcr eine sichere Abdichtung, um das Austreten von K\u00fchlmittel und Seewasser zu verhindern. So wird eine optimale K\u00fchlleistung aufrechterhalten und eine \u00dcberhitzung des Motors vermieden.<\/p>\n<p data-start=\"844\" data-end=\"886\"><strong data-start=\"844\" data-end=\"884\">Kompatibel mit Volvo Penta Motoren:<\/strong><\/p>\n<ul data-start=\"887\" data-end=\"908\">\n<li data-start=\"887\" data-end=\"896\">\n<p data-start=\"889\" data-end=\"896\">MD22A<\/p>\n<\/li>\n<li data-start=\"897\" data-end=\"908\">\n<p data-start=\"899\" data-end=\"908\">MD22L-A<\/p>\n<\/li>\n<\/ul>\n<p data-start=\"910\" data-end=\"929\"><strong data-start=\"910\" data-end=\"927\">Wichtigste Vorteile:<\/strong><\/p>\n<ul data-start=\"930\" data-end=\"1136\">\n<li data-start=\"930\" data-end=\"968\">\n<p data-start=\"932\" data-end=\"968\">Ersatz-Dichtungssatz in OEM-Qualit\u00e4t<\/p>\n<\/li>\n<li data-start=\"969\" data-end=\"1009\">\n<p data-start=\"971\" data-end=\"1009\">Verhindert Lecks im K\u00fchlsystem<\/p>\n<\/li>\n<li data-start=\"1010\" data-end=\"1060\">\n<p data-start=\"1012\" data-end=\"1060\">Strapazierf\u00e4hige Materialien f\u00fcr lang anhaltende Zuverl\u00e4ssigkeit<\/p>\n<\/li>\n<li data-start=\"1061\" data-end=\"1136\">\n<p data-start=\"1063\" data-end=\"1136\">Einfache Installation &#8211; sowohl f\u00fcr Profis als auch f\u00fcr Heimwerker geeignet<\/p>\n<\/li>\n<\/ul>\n<p data-start=\"1138\" data-end=\"1303\">Dieser <strong data-start=\"1143\" data-end=\"1174\">Volvo Penta MD22 Dichtungssatz<\/strong> ist die perfekte L\u00f6sung f\u00fcr die Wartung oder Reparatur, damit das K\u00fchlsystem Ihres Schiffsmotors effizient und zuverl\u00e4ssig l\u00e4uft.<\/p>\n","protected":false},"excerpt":{"rendered":"<p>Volvo Penta W\u00e4rmetauscher-Dichtungssatz &#8211; MD22A, MD22L-A Halten Sie Ihren Volvo Penta-Motor der MD22-Serie mit diesem hochwertigen Dichtungssatz f\u00fcr den W\u00e4rmetauscher in Topform. Dieser Dichtungssatz wurde f\u00fcr eine pr\u00e4zise Passform entwickelt und sorgt f\u00fcr eine sichere Abdichtung, um das Austreten von K\u00fchlmittel und Seewasser zu verhindern. So wird eine optimale K\u00fchlleistung aufrechterhalten und eine \u00dcberhitzung des [&hellip;]<\/p>\n","protected":false},"featured_media":37731,"comment_status":"open","ping_status":"closed","template":"","meta":[],"product_brand":[4230],"product_cat":[4488,2498,3037,3038],"product_tag":[],"class_list":{"0":"post-37730","1":"product","2":"type-product","3":"status-publish","4":"has-post-thumbnail","6":"product_brand-volvo-penta","7":"product_cat-brauchen-sie-volvo-penta-teile","8":"product_cat-ersatzteile-fur-motoren","9":"product_cat-kits-fur-wartung-und-reparatur","10":"product_cat-motor-dichtungen","11":"pa_condition-neu","12":"pa_model-md22","13":"pa_oem-or-aftermarket-aftermarket","15":"first","16":"instock","17":"taxable","18":"shipping-taxable","19":"purchasable","20":"product-type-simple"},"supplier_id":7294,"supplier_sku":"REC22155","barcode":null,"atum_controlled":true,"out_stock_date":null,"out_stock_threshold":null,"inheritable":false,"inbound_stock":0,"stock_on_hold":0,"sold_today":0,"sales_last_days":0,"reserved_stock":0,"customer_returns":0,"warehouse_damage":0,"lost_in_post":0,"other_logs":0,"out_stock_days":0,"lost_sales":0,"has_location":false,"update_date":"2026-01-29T09:10:57","atum_locations":[],"atum_stock_status":"instock","restock_status":false,"low_stock_amount":1,"sales_update_date":"2026-01-29T09:10:57","calc_backorders":null,"_links":{"self":[{"href":"https:\/\/mps.digital-monkey.in\/de\/wp-json\/wp\/v2\/product\/37730","targetHints":{"allow":["GET"]}}],"collection":[{"href":"https:\/\/mps.digital-monkey.in\/de\/wp-json\/wp\/v2\/product"}],"about":[{"href":"https:\/\/mps.digital-monkey.in\/de\/wp-json\/wp\/v2\/types\/product"}],"replies":[{"embeddable":true,"href":"https:\/\/mps.digital-monkey.in\/de\/wp-json\/wp\/v2\/comments?post=37730"}],"wp:featuredmedia":[{"embeddable":true,"href":"https:\/\/mps.digital-monkey.in\/de\/wp-json\/wp\/v2\/media\/37731"}],"wp:attachment":[{"href":"https:\/\/mps.digital-monkey.in\/de\/wp-json\/wp\/v2\/media?parent=37730"}],"wp:term":[{"taxonomy":"product_brand","embeddable":true,"href":"https:\/\/mps.digital-monkey.in\/de\/wp-json\/wp\/v2\/product_brand?post=37730"},{"taxonomy":"product_cat","embeddable":true,"href":"https:\/\/mps.digital-monkey.in\/de\/wp-json\/wp\/v2\/product_cat?post=37730"},{"taxonomy":"product_tag","embeddable":true,"href":"https:\/\/mps.digital-monkey.in\/de\/wp-json\/wp\/v2\/product_tag?post=37730"}],"curies":[{"name":"wp","href":"https:\/\/api.w.org\/{rel}","templated":true}]}}