{"id":37760,"date":"2025-09-02T13:52:55","date_gmt":"2025-09-02T13:52:55","guid":{"rendered":"https:\/\/mps.digital-monkey.in\/product\/volvo-penta-waermetauscher-dichtungssatz-md22l-b-md22p-b\/"},"modified":"2025-11-02T18:28:05","modified_gmt":"2025-11-02T18:28:05","slug":"volvo-penta-waermetauscher-dichtungssatz-md22l-b-md22p-b","status":"publish","type":"product","link":"https:\/\/mps.digital-monkey.in\/de\/produkt\/volvo-penta-waermetauscher-dichtungssatz-md22l-b-md22p-b\/","title":{"rendered":"Volvo Penta W\u00e4rmetauscher-Dichtungssatz MD22L-B MD22P-B"},"content":{"rendered":"<p data-start=\"503\" data-end=\"579\"><strong data-start=\"503\" data-end=\"577\">Volvo Penta W\u00e4rmetauscher-Dichtungssatz - MD22L-B, MD22P-B (Nachr\u00fcstsatz)<\/strong><\/p>\n<p data-start=\"581\" data-end=\"838\">Dieses hochwertige <strong data-start=\"599\" data-end=\"625\">Aftermarket-Dichtungsset<\/strong> ist f\u00fcr den W\u00e4rmetauscher von Volvo Penta Schiffsmotoren der MD22-Serie bestimmt. Es enth\u00e4lt alle wichtigen Dichtungen und O-Ringe, die f\u00fcr ein leckagefreies K\u00fchlsystem erforderlich sind, um eine zuverl\u00e4ssige Motorleistung zu gew\u00e4hrleisten.<\/p>\n<p data-start=\"840\" data-end=\"882\"><strong data-start=\"840\" data-end=\"880\">Kompatibel mit Volvo Penta Motoren:<\/strong><\/p>\n<ul data-start=\"883\" data-end=\"906\">\n<li data-start=\"883\" data-end=\"894\">\n<p data-start=\"885\" data-end=\"894\">MD22L-B<\/p>\n<\/li>\n<li data-start=\"895\" data-end=\"906\">\n<p data-start=\"897\" data-end=\"906\">MD22P-B<\/p>\n<\/li>\n<\/ul>\n<p data-start=\"908\" data-end=\"927\"><strong data-start=\"908\" data-end=\"925\">Das Set enth\u00e4lt:<\/strong><\/p>\n<ul data-start=\"928\" data-end=\"1097\">\n<li data-start=\"928\" data-end=\"968\">\n<p data-start=\"930\" data-end=\"968\">1 x Auspuffkr\u00fcmmer Dichtung - 859785<\/p>\n<\/li>\n<li data-start=\"969\" data-end=\"1006\">\n<p data-start=\"971\" data-end=\"1006\">1 x Auspuffkr\u00fcmmer Dichtung - 859834<\/p>\n<\/li>\n<li data-start=\"1007\" data-end=\"1073\">\n<p data-start=\"1009\" data-end=\"1073\">6 x O-Ringe - 3580818 (4 f\u00fcr W\u00e4rmetauscher, 2 f\u00fcr \u00d6lk\u00fchler)<\/p>\n<\/li>\n<li data-start=\"1074\" data-end=\"1097\">\n<p data-start=\"1076\" data-end=\"1097\">1 x Dichtung - 859835<\/p>\n<\/li>\n<\/ul>\n<p data-start=\"1099\" data-end=\"1118\"><strong data-start=\"1099\" data-end=\"1116\">Wichtigste Vorteile:<\/strong><\/p>\n<ul data-start=\"1119\" data-end=\"1327\">\n<li data-start=\"1119\" data-end=\"1163\">\n<p data-start=\"1121\" data-end=\"1163\">Hochwertiger Aftermarket-Ersatzteilsatz<\/p>\n<\/li>\n<li data-start=\"1164\" data-end=\"1225\">\n<p data-start=\"1166\" data-end=\"1225\">Verhindert das Austreten von K\u00fchlmittel und Seewasser im K\u00fchlsystem<\/p>\n<\/li>\n<li data-start=\"1226\" data-end=\"1278\">\n<p data-start=\"1228\" data-end=\"1278\">Entwickelt f\u00fcr Langlebigkeit und zuverl\u00e4ssige Leistung<\/p>\n<\/li>\n<li data-start=\"1279\" data-end=\"1327\">\n<p data-start=\"1281\" data-end=\"1327\">Komplettset f\u00fcr eine schnelle und einfache Installation<\/p>\n<\/li>\n<\/ul>\n<p data-start=\"1329\" data-end=\"1570\">Dieser <strong data-start=\"1334\" data-end=\"1365\">Volvo Penta MD22 Dichtungssatz<\/strong> ist eine kosteng\u00fcnstige L\u00f6sung, um das K\u00fchlsystem Ihres Schiffsmotors in Topform zu halten. Perfekt f\u00fcr Bootseigner und Bootsmechaniker, die eine zuverl\u00e4ssige Alternative zu OEM-Teilen suchen.<\/p>\n","protected":false},"excerpt":{"rendered":"<p>Volvo Penta W\u00e4rmetauscher-Dichtungssatz - MD22L-B, MD22P-B (Nachr\u00fcstsatz) Dieses hochwertige Aftermarket-Dichtungsset ist f\u00fcr den W\u00e4rmetauscher von Volvo Penta Schiffsmotoren der MD22-Serie bestimmt. Es enth\u00e4lt alle wichtigen Dichtungen und O-Ringe, die f\u00fcr ein leckagefreies K\u00fchlsystem erforderlich sind, um eine zuverl\u00e4ssige Motorleistung zu gew\u00e4hrleisten. Kompatibel mit Volvo Penta Motoren: MD22L-B MD22P-B Das Set enth\u00e4lt: 1 x Auspuffkr\u00fcmmer Dichtung [&hellip;]<\/p>\n","protected":false},"featured_media":37761,"comment_status":"open","ping_status":"closed","template":"","meta":[],"product_brand":[4230],"product_cat":[3038,4488,2498,3037],"product_tag":[],"class_list":{"0":"post-37760","1":"product","2":"type-product","3":"status-publish","4":"has-post-thumbnail","6":"product_brand-volvo-penta","7":"product_cat-motor-dichtungen","8":"product_cat-brauchen-sie-volvo-penta-teile","9":"product_cat-ersatzteile-fur-motoren","10":"product_cat-kits-fur-wartung-und-reparatur","11":"pa_condition-neu","12":"pa_model-md22","13":"pa_oem-or-aftermarket-aftermarket","15":"first","16":"instock","17":"taxable","18":"shipping-taxable","19":"purchasable","20":"product-type-simple"},"supplier_id":7294,"supplier_sku":"REC22077","barcode":null,"atum_controlled":true,"out_stock_date":null,"out_stock_threshold":null,"inheritable":false,"inbound_stock":0,"stock_on_hold":0,"sold_today":0,"sales_last_days":0,"reserved_stock":0,"customer_returns":0,"warehouse_damage":0,"lost_in_post":0,"other_logs":0,"out_stock_days":0,"lost_sales":0,"has_location":false,"update_date":"2025-11-02T17:31:21","atum_locations":[],"atum_stock_status":"instock","restock_status":false,"low_stock_amount":0,"sales_update_date":"2025-10-22T14:30:39","calc_backorders":null,"_links":{"self":[{"href":"https:\/\/mps.digital-monkey.in\/de\/wp-json\/wp\/v2\/product\/37760","targetHints":{"allow":["GET"]}}],"collection":[{"href":"https:\/\/mps.digital-monkey.in\/de\/wp-json\/wp\/v2\/product"}],"about":[{"href":"https:\/\/mps.digital-monkey.in\/de\/wp-json\/wp\/v2\/types\/product"}],"replies":[{"embeddable":true,"href":"https:\/\/mps.digital-monkey.in\/de\/wp-json\/wp\/v2\/comments?post=37760"}],"wp:featuredmedia":[{"embeddable":true,"href":"https:\/\/mps.digital-monkey.in\/de\/wp-json\/wp\/v2\/media\/37761"}],"wp:attachment":[{"href":"https:\/\/mps.digital-monkey.in\/de\/wp-json\/wp\/v2\/media?parent=37760"}],"wp:term":[{"taxonomy":"product_brand","embeddable":true,"href":"https:\/\/mps.digital-monkey.in\/de\/wp-json\/wp\/v2\/product_brand?post=37760"},{"taxonomy":"product_cat","embeddable":true,"href":"https:\/\/mps.digital-monkey.in\/de\/wp-json\/wp\/v2\/product_cat?post=37760"},{"taxonomy":"product_tag","embeddable":true,"href":"https:\/\/mps.digital-monkey.in\/de\/wp-json\/wp\/v2\/product_tag?post=37760"}],"curies":[{"name":"wp","href":"https:\/\/api.w.org\/{rel}","templated":true}]}}