{"id":37776,"date":"2025-09-02T14:03:38","date_gmt":"2025-09-02T14:03:38","guid":{"rendered":"https:\/\/mps.digital-monkey.in\/product\/yanmar-waermetauscher-dichtungssatz-3ym20-3ym30\/"},"modified":"2025-09-22T14:31:29","modified_gmt":"2025-09-22T14:31:29","slug":"yanmar-waermetauscher-dichtungssatz-3ym20-3ym30","status":"publish","type":"product","link":"https:\/\/mps.digital-monkey.in\/de\/produkt\/yanmar-waermetauscher-dichtungssatz-3ym20-3ym30\/","title":{"rendered":"Yanmar W\u00e4rmetauscher-Dichtungssatz 3YM20 3YM30"},"content":{"rendered":"<p data-start=\"484\" data-end=\"537\"><strong data-start=\"484\" data-end=\"535\">Yanmar W\u00e4rmetauscher-Dichtungssatz - 3YM20, 3YM30<\/strong><\/p>\n<p data-start=\"539\" data-end=\"857\">Stellen Sie die zuverl\u00e4ssige Leistung Ihres <strong data-start=\"575\" data-end=\"599\">Yanmar-Bootsmotors<\/strong> mit diesem hochwertigen <strong data-start=\"623\" data-end=\"652\">Dichtungssatz f\u00fcr den W\u00e4rmetauscher<\/strong> sicher. Dieser Dichtungssatz wurde f\u00fcr eine perfekte Passform und Langlebigkeit entwickelt und sorgt f\u00fcr eine sichere Abdichtung, um K\u00fchlmittel- und Seewasserlecks zu verhindern. So bleibt das K\u00fchlsystem Ihres Motors effizient und wird vor \u00dcberhitzung gesch\u00fctzt. <\/p>\n<p data-start=\"859\" data-end=\"909\"><strong data-start=\"859\" data-end=\"907\">Kompatibel mit Yanmar Schiffsmotorenmodellen:<\/strong><\/p>\n<ul data-start=\"910\" data-end=\"929\">\n<li data-start=\"910\" data-end=\"919\">\n<p data-start=\"912\" data-end=\"919\">3YM20<\/p>\n<\/li>\n<li data-start=\"920\" data-end=\"929\">\n<p data-start=\"922\" data-end=\"929\">3YM30<\/p>\n<\/li>\n<\/ul>\n<p data-start=\"931\" data-end=\"950\"><strong data-start=\"931\" data-end=\"948\">Wichtigste Vorteile:<\/strong><\/p>\n<ul data-start=\"951\" data-end=\"1182\">\n<li data-start=\"951\" data-end=\"996\">\n<p data-start=\"953\" data-end=\"996\">Dichtungssatz in OEM-Qualit\u00e4t f\u00fcr Yanmar-Motoren<\/p>\n<\/li>\n<li data-start=\"997\" data-end=\"1053\">\n<p data-start=\"999\" data-end=\"1053\">Verhindert Lecks und \u00dcberhitzung im K\u00fchlsystem<\/p>\n<\/li>\n<li data-start=\"1054\" data-end=\"1112\">\n<p data-start=\"1056\" data-end=\"1112\">Hergestellt aus langlebigen, hitze- und wasserbest\u00e4ndigen Materialien<\/p>\n<\/li>\n<li data-start=\"1113\" data-end=\"1182\">\n<p data-start=\"1115\" data-end=\"1182\">Einfach zu installieren - sowohl f\u00fcr Profis als auch f\u00fcr Bootsbesitzer geeignet<\/p>\n<\/li>\n<\/ul>\n<p data-start=\"1184\" data-end=\"1342\">Dieser <strong data-start=\"1189\" data-end=\"1214\">Yanmar 3YM Dichtungssatz<\/strong> ist die ideale Wahl f\u00fcr die regelm\u00e4\u00dfige Wartung oder Reparatur und gew\u00e4hrleistet eine lang anhaltende Zuverl\u00e4ssigkeit und Leistung des Motors auf dem Wasser.<\/p>\n","protected":false},"excerpt":{"rendered":"<p>Yanmar W\u00e4rmetauscher-Dichtungssatz - 3YM20, 3YM30 Stellen Sie die zuverl\u00e4ssige Leistung Ihres Yanmar-Bootsmotors mit diesem hochwertigen Dichtungssatz f\u00fcr den W\u00e4rmetauscher sicher. Dieser Dichtungssatz wurde f\u00fcr eine perfekte Passform und Langlebigkeit entwickelt und sorgt f\u00fcr eine sichere Abdichtung, um K\u00fchlmittel- und Seewasserlecks zu verhindern. So bleibt das K\u00fchlsystem Ihres Motors effizient und wird vor \u00dcberhitzung gesch\u00fctzt. Kompatibel [&hellip;]<\/p>\n","protected":false},"featured_media":37777,"comment_status":"open","ping_status":"closed","template":"","meta":[],"product_brand":[4236],"product_cat":[3037,2498,3038,4531],"product_tag":[],"class_list":{"0":"post-37776","1":"product","2":"type-product","3":"status-publish","4":"has-post-thumbnail","6":"product_brand-yanmar","7":"product_cat-kits-fur-wartung-und-reparatur","8":"product_cat-ersatzteile-fur-motoren","9":"product_cat-motor-dichtungen","10":"product_cat-yanmar-service-teile","11":"pa_condition-neu","12":"pa_model-3ym20","13":"pa_model-3ym30","14":"pa_oem-or-aftermarket-aftermarket","16":"first","17":"onbackorder","18":"taxable","19":"shipping-taxable","20":"purchasable","21":"product-type-simple"},"supplier_id":7294,"supplier_sku":"REC3YMWC","barcode":null,"atum_controlled":true,"out_stock_date":"2026-02-27 14:11:46","out_stock_threshold":null,"inheritable":false,"inbound_stock":0,"stock_on_hold":1,"sold_today":1,"sales_last_days":1,"reserved_stock":0,"customer_returns":0,"warehouse_damage":0,"lost_in_post":0,"other_logs":0,"out_stock_days":0,"lost_sales":0,"has_location":false,"update_date":"2026-02-27T14:11:46","atum_locations":[],"atum_stock_status":"onbackorder","restock_status":false,"low_stock_amount":0,"sales_update_date":"2026-02-07T07:43:42","calc_backorders":0,"_links":{"self":[{"href":"https:\/\/mps.digital-monkey.in\/de\/wp-json\/wp\/v2\/product\/37776","targetHints":{"allow":["GET"]}}],"collection":[{"href":"https:\/\/mps.digital-monkey.in\/de\/wp-json\/wp\/v2\/product"}],"about":[{"href":"https:\/\/mps.digital-monkey.in\/de\/wp-json\/wp\/v2\/types\/product"}],"replies":[{"embeddable":true,"href":"https:\/\/mps.digital-monkey.in\/de\/wp-json\/wp\/v2\/comments?post=37776"}],"wp:featuredmedia":[{"embeddable":true,"href":"https:\/\/mps.digital-monkey.in\/de\/wp-json\/wp\/v2\/media\/37777"}],"wp:attachment":[{"href":"https:\/\/mps.digital-monkey.in\/de\/wp-json\/wp\/v2\/media?parent=37776"}],"wp:term":[{"taxonomy":"product_brand","embeddable":true,"href":"https:\/\/mps.digital-monkey.in\/de\/wp-json\/wp\/v2\/product_brand?post=37776"},{"taxonomy":"product_cat","embeddable":true,"href":"https:\/\/mps.digital-monkey.in\/de\/wp-json\/wp\/v2\/product_cat?post=37776"},{"taxonomy":"product_tag","embeddable":true,"href":"https:\/\/mps.digital-monkey.in\/de\/wp-json\/wp\/v2\/product_tag?post=37776"}],"curies":[{"name":"wp","href":"https:\/\/api.w.org\/{rel}","templated":true}]}}