{"id":37804,"date":"2025-09-02T14:17:21","date_gmt":"2025-09-02T14:17:21","guid":{"rendered":"https:\/\/mps.digital-monkey.in\/product\/yanmar-3gmf-3gm30f-waermetauscher-dichtungssatz-121450-13251-128297-44030-128695-44070\/"},"modified":"2025-10-30T12:18:53","modified_gmt":"2025-10-30T12:18:53","slug":"yanmar-3gmf-3gm30f-waermetauscher-dichtungssatz-121450-13251-128297-44030-128695-44070","status":"publish","type":"product","link":"https:\/\/mps.digital-monkey.in\/de\/produkt\/yanmar-3gmf-3gm30f-waermetauscher-dichtungssatz-121450-13251-128297-44030-128695-44070\/","title":{"rendered":"Yanmar 3GMF 3GM30F W\u00e4rmetauscher Dichtungssatz - 121450-13251, 128297-44030, 128695-44070"},"content":{"rendered":"<p data-start=\"513\" data-end=\"596\"><strong data-start=\"513\" data-end=\"594\">Yanmar 3GM W\u00e4rmetauscher Dichtungssatz - 121450-13251, 128297-44030, 128695-44070<\/strong><\/p>\n<p data-start=\"598\" data-end=\"855\">Dieser hochwertige <strong data-start=\"616\" data-end=\"628\">Dichtungssatz<\/strong> ist f\u00fcr den <strong data-start=\"649\" data-end=\"696\">W\u00e4rmetauscher von Yanmar 3GM-Schiffsmotoren<\/strong> bestimmt. Es enth\u00e4lt alle wichtigen Dichtungen, die f\u00fcr ein leckagefreies K\u00fchlsystem ben\u00f6tigt werden, um einen zuverl\u00e4ssigen Betrieb und eine lang anhaltende Motorleistung zu gew\u00e4hrleisten.<\/p>\n<p data-start=\"857\" data-end=\"893\"><strong data-start=\"857\" data-end=\"891\">Kompatibel mit Yanmar-Motor:<\/strong><\/p>\n<ul data-start=\"894\" data-end=\"901\">\n<li data-start=\"894\" data-end=\"901\">\n<p data-start=\"896\" data-end=\"901\">3GMF<\/p>\n<\/li>\n<li data-start=\"894\" data-end=\"901\">3GM30F<\/li>\n<\/ul>\n<p data-start=\"903\" data-end=\"922\"><strong data-start=\"903\" data-end=\"920\">Das Kit enth\u00e4lt:<\/strong><\/p>\n<ul data-start=\"923\" data-end=\"1021\">\n<li data-start=\"923\" data-end=\"955\">\n<p data-start=\"925\" data-end=\"955\">Dichtung \/ Dichtungsring - 121450-13251<\/p>\n<\/li>\n<li data-start=\"956\" data-end=\"988\">\n<p data-start=\"958\" data-end=\"988\">Dichtung \/ Dichtungsring - 128297-44030<\/p>\n<\/li>\n<li data-start=\"989\" data-end=\"1021\">\n<p data-start=\"991\" data-end=\"1021\">Dichtung \/ Dichtungsring - 128695-44070<\/p>\n<\/li>\n<\/ul>\n<p data-start=\"1023\" data-end=\"1042\"><strong data-start=\"1023\" data-end=\"1040\">Wichtigste Vorteile:<\/strong><\/p>\n<ul data-start=\"1043\" data-end=\"1275\">\n<li data-start=\"1043\" data-end=\"1091\">\n<p data-start=\"1045\" data-end=\"1091\">Ersatzteile in OEM-Qualit\u00e4t f\u00fcr Yanmar 3GM<\/p>\n<\/li>\n<li data-start=\"1092\" data-end=\"1131\">\n<p data-start=\"1094\" data-end=\"1131\">Verhindert das Austreten von K\u00fchlmittel und Seewasser<\/p>\n<\/li>\n<li data-start=\"1132\" data-end=\"1187\">\n<p data-start=\"1134\" data-end=\"1187\">Hilft bei der Aufrechterhaltung der richtigen Motork\u00fchlung und Effizienz<\/p>\n<\/li>\n<li data-start=\"1188\" data-end=\"1236\">\n<p data-start=\"1190\" data-end=\"1236\">Langlebige, hitze- und wasserbest\u00e4ndige Materialien<\/p>\n<\/li>\n<li data-start=\"1237\" data-end=\"1275\">\n<p data-start=\"1239\" data-end=\"1275\">Kompletter Bausatz f\u00fcr einfache Installation<\/p>\n<\/li>\n<\/ul>\n<p data-start=\"1277\" data-end=\"1455\">Dieser <strong data-start=\"1282\" data-end=\"1331\">Dichtungssatz f\u00fcr den Yanmar 3GM-W\u00e4rmetauscher<\/strong> ist die perfekte L\u00f6sung f\u00fcr Bootseigner und Schiffsmechaniker, die ihr K\u00fchlsystem in hervorragendem Zustand halten m\u00f6chten.<\/p>\n","protected":false},"excerpt":{"rendered":"<p>Yanmar 3GM W\u00e4rmetauscher Dichtungssatz - 121450-13251, 128297-44030, 128695-44070 Dieser hochwertige Dichtungssatz ist f\u00fcr den W\u00e4rmetauscher von Yanmar 3GM-Schiffsmotoren bestimmt. Es enth\u00e4lt alle wichtigen Dichtungen, die f\u00fcr ein leckagefreies K\u00fchlsystem ben\u00f6tigt werden, um einen zuverl\u00e4ssigen Betrieb und eine lang anhaltende Motorleistung zu gew\u00e4hrleisten. Kompatibel mit Yanmar-Motor: 3GMF 3GM30F Das Kit enth\u00e4lt: Dichtung \/ Dichtungsring - 121450-13251 [&hellip;]<\/p>\n","protected":false},"featured_media":37805,"comment_status":"open","ping_status":"closed","template":"","meta":[],"product_brand":[4236],"product_cat":[3037,4443,2498,3038,4441],"product_tag":[],"class_list":{"0":"post-37804","1":"product","2":"type-product","3":"status-publish","4":"has-post-thumbnail","6":"product_brand-yanmar","7":"product_cat-kits-fur-wartung-und-reparatur","8":"product_cat-3gm-3gm30-teile","9":"product_cat-ersatzteile-fur-motoren","10":"product_cat-motor-dichtungen","11":"product_cat-yanmar","12":"pa_condition-neu","13":"pa_model-3gm30f","14":"pa_model-3gmf","15":"pa_oem-or-aftermarket-aftermarket","17":"first","18":"instock","19":"taxable","20":"shipping-taxable","21":"purchasable","22":"product-type-simple"},"supplier_id":7294,"supplier_sku":"REC3GMWC","barcode":null,"atum_controlled":true,"out_stock_date":null,"out_stock_threshold":null,"inheritable":false,"inbound_stock":0,"stock_on_hold":0,"sold_today":0,"sales_last_days":0,"reserved_stock":0,"customer_returns":0,"warehouse_damage":0,"lost_in_post":0,"other_logs":0,"out_stock_days":0,"lost_sales":0,"has_location":false,"update_date":"2026-01-29T09:10:25","atum_locations":[],"atum_stock_status":"instock","restock_status":false,"low_stock_amount":0,"sales_update_date":"2026-01-29T09:10:25","calc_backorders":null,"_links":{"self":[{"href":"https:\/\/mps.digital-monkey.in\/de\/wp-json\/wp\/v2\/product\/37804","targetHints":{"allow":["GET"]}}],"collection":[{"href":"https:\/\/mps.digital-monkey.in\/de\/wp-json\/wp\/v2\/product"}],"about":[{"href":"https:\/\/mps.digital-monkey.in\/de\/wp-json\/wp\/v2\/types\/product"}],"replies":[{"embeddable":true,"href":"https:\/\/mps.digital-monkey.in\/de\/wp-json\/wp\/v2\/comments?post=37804"}],"wp:featuredmedia":[{"embeddable":true,"href":"https:\/\/mps.digital-monkey.in\/de\/wp-json\/wp\/v2\/media\/37805"}],"wp:attachment":[{"href":"https:\/\/mps.digital-monkey.in\/de\/wp-json\/wp\/v2\/media?parent=37804"}],"wp:term":[{"taxonomy":"product_brand","embeddable":true,"href":"https:\/\/mps.digital-monkey.in\/de\/wp-json\/wp\/v2\/product_brand?post=37804"},{"taxonomy":"product_cat","embeddable":true,"href":"https:\/\/mps.digital-monkey.in\/de\/wp-json\/wp\/v2\/product_cat?post=37804"},{"taxonomy":"product_tag","embeddable":true,"href":"https:\/\/mps.digital-monkey.in\/de\/wp-json\/wp\/v2\/product_tag?post=37804"}],"curies":[{"name":"wp","href":"https:\/\/api.w.org\/{rel}","templated":true}]}}