{"id":37889,"date":"2025-09-03T08:50:38","date_gmt":"2025-09-03T08:50:38","guid":{"rendered":"https:\/\/mps.digital-monkey.in\/product\/kopfdichtung-yanmar-3jh-serie-129171-01330\/"},"modified":"2025-09-03T08:50:38","modified_gmt":"2025-09-03T08:50:38","slug":"kopfdichtung-yanmar-3jh-serie-129171-01330","status":"publish","type":"product","link":"https:\/\/mps.digital-monkey.in\/de\/produkt\/kopfdichtung-yanmar-3jh-serie-129171-01330\/","title":{"rendered":"Kopfdichtung Yanmar 3JH Serie - 129171-01330"},"content":{"rendered":"<p data-start=\"430\" data-end=\"480\"><strong data-start=\"430\" data-end=\"478\">Kopfdichtung Yanmar 3JH Serie - 129171-01330<\/strong><\/p>\n<p data-start=\"482\" data-end=\"759\">Diese hochwertige <strong data-start=\"500\" data-end=\"537\">Yanmar Kopfdichtung (129171-01330)<\/strong> wurde f\u00fcr die <strong data-start=\"558\" data-end=\"587\">Schiffsmotoren der 3JH-Serie<\/strong> entwickelt. Sie sorgt f\u00fcr eine pr\u00e4zise Abdichtung zwischen dem Zylinderkopf und dem Motorblock. Dadurch werden Leckagen von K\u00fchlmittel und Verbrennungsr\u00fcckst\u00e4nden verhindert und gleichzeitig eine maximale Motorkompression und Effizienz gew\u00e4hrleistet. <\/p>\n<p data-start=\"761\" data-end=\"798\"><strong data-start=\"761\" data-end=\"796\">Kompatibel mit Yanmar-Motoren:<\/strong><\/p>\n<ul data-start=\"799\" data-end=\"845\">\n<li data-start=\"799\" data-end=\"808\">\n<p data-start=\"801\" data-end=\"808\">3JH25<\/p>\n<\/li>\n<li data-start=\"809\" data-end=\"818\">\n<p data-start=\"811\" data-end=\"818\">3JH30<\/p>\n<\/li>\n<li data-start=\"819\" data-end=\"831\">\n<p data-start=\"821\" data-end=\"831\">3JH2(B)E<\/p>\n<\/li>\n<li data-start=\"832\" data-end=\"845\">\n<p data-start=\"834\" data-end=\"845\">3JH2T(B)E<\/p>\n<\/li>\n<\/ul>\n<p data-start=\"847\" data-end=\"866\"><strong data-start=\"847\" data-end=\"864\">Wichtigste Vorteile:<\/strong><\/p>\n<ul data-start=\"867\" data-end=\"1089\">\n<li data-start=\"867\" data-end=\"899\">\n<p data-start=\"869\" data-end=\"899\">Ersatzteil in OEM-Qualit\u00e4t<\/p>\n<\/li>\n<li data-start=\"900\" data-end=\"947\">\n<p data-start=\"902\" data-end=\"947\">Verhindert das Austreten von K\u00fchlmittel und Verbrennungsgasen<\/p>\n<\/li>\n<li data-start=\"948\" data-end=\"996\">\n<p data-start=\"950\" data-end=\"996\">Erh\u00e4lt die Leistung und Zuverl\u00e4ssigkeit des Motors<\/p>\n<\/li>\n<li data-start=\"997\" data-end=\"1043\">\n<p data-start=\"999\" data-end=\"1043\">Robuste Konstruktion f\u00fcr lange Lebensdauer<\/p>\n<\/li>\n<li data-start=\"1044\" data-end=\"1089\">\n<p data-start=\"1046\" data-end=\"1089\">Ideal f\u00fcr \u00dcberholungen, Umbauten oder Reparaturen<\/p>\n<\/li>\n<\/ul>\n<p data-start=\"1091\" data-end=\"1235\">Diese <strong data-start=\"1096\" data-end=\"1122\">Yanmar 3JH Zylinderkopfdichtung<\/strong> ist die perfekte L\u00f6sung f\u00fcr die Wartung von Schiffsmotoren und bietet zuverl\u00e4ssige Leistung und lange Haltbarkeit.<\/p>\n","protected":false},"excerpt":{"rendered":"<p>Kopfdichtung Yanmar 3JH Serie - 129171-01330 Diese hochwertige Yanmar Kopfdichtung (129171-01330) wurde f\u00fcr die Schiffsmotoren der 3JH-Serie entwickelt. Sie sorgt f\u00fcr eine pr\u00e4zise Abdichtung zwischen dem Zylinderkopf und dem Motorblock. Dadurch werden Leckagen von K\u00fchlmittel und Verbrennungsr\u00fcckst\u00e4nden verhindert und gleichzeitig eine maximale Motorkompression und Effizienz gew\u00e4hrleistet. Kompatibel mit Yanmar-Motoren: 3JH25 3JH30 3JH2(B)E 3JH2T(B)E Wichtigste Vorteile: [&hellip;]<\/p>\n","protected":false},"featured_media":37890,"comment_status":"open","ping_status":"closed","template":"","meta":[],"product_brand":[4236],"product_cat":[3038,2498,3037],"product_tag":[],"class_list":{"0":"post-37889","1":"product","2":"type-product","3":"status-publish","4":"has-post-thumbnail","6":"product_brand-yanmar","7":"product_cat-motor-dichtungen","8":"product_cat-ersatzteile-fur-motoren","9":"product_cat-kits-fur-wartung-und-reparatur","10":"pa_condition-neu","11":"pa_model-3jh2","12":"pa_model-3jh25","13":"pa_model-3jh2be","14":"pa_model-3jh2e","15":"pa_model-3jh2t","16":"pa_model-3jh2tbe","17":"pa_model-3jh2te","18":"pa_model-3jh30","19":"pa_oem-or-aftermarket-aftermarket","21":"first","22":"instock","23":"taxable","24":"shipping-taxable","25":"purchasable","26":"product-type-simple"},"supplier_id":7294,"supplier_sku":"REC129171-01330","barcode":null,"atum_controlled":true,"out_stock_date":null,"out_stock_threshold":null,"inheritable":false,"inbound_stock":0,"stock_on_hold":0,"sold_today":0,"sales_last_days":0,"reserved_stock":0,"customer_returns":0,"warehouse_damage":0,"lost_in_post":0,"other_logs":0,"out_stock_days":0,"lost_sales":0,"has_location":false,"update_date":"2025-10-22T14:30:25","atum_locations":[],"atum_stock_status":"instock","restock_status":false,"low_stock_amount":1,"sales_update_date":"2025-10-22T14:30:25","calc_backorders":null,"_links":{"self":[{"href":"https:\/\/mps.digital-monkey.in\/de\/wp-json\/wp\/v2\/product\/37889","targetHints":{"allow":["GET"]}}],"collection":[{"href":"https:\/\/mps.digital-monkey.in\/de\/wp-json\/wp\/v2\/product"}],"about":[{"href":"https:\/\/mps.digital-monkey.in\/de\/wp-json\/wp\/v2\/types\/product"}],"replies":[{"embeddable":true,"href":"https:\/\/mps.digital-monkey.in\/de\/wp-json\/wp\/v2\/comments?post=37889"}],"wp:featuredmedia":[{"embeddable":true,"href":"https:\/\/mps.digital-monkey.in\/de\/wp-json\/wp\/v2\/media\/37890"}],"wp:attachment":[{"href":"https:\/\/mps.digital-monkey.in\/de\/wp-json\/wp\/v2\/media?parent=37889"}],"wp:term":[{"taxonomy":"product_brand","embeddable":true,"href":"https:\/\/mps.digital-monkey.in\/de\/wp-json\/wp\/v2\/product_brand?post=37889"},{"taxonomy":"product_cat","embeddable":true,"href":"https:\/\/mps.digital-monkey.in\/de\/wp-json\/wp\/v2\/product_cat?post=37889"},{"taxonomy":"product_tag","embeddable":true,"href":"https:\/\/mps.digital-monkey.in\/de\/wp-json\/wp\/v2\/product_tag?post=37889"}],"curies":[{"name":"wp","href":"https:\/\/api.w.org\/{rel}","templated":true}]}}