{"id":37898,"date":"2025-09-03T08:57:47","date_gmt":"2025-09-03T08:57:47","guid":{"rendered":"https:\/\/mps.digital-monkey.in\/product\/kopfdichtung-yanmar-4jh4e-ae-4jh5e-129407-01340\/"},"modified":"2025-09-03T08:57:47","modified_gmt":"2025-09-03T08:57:47","slug":"kopfdichtung-yanmar-4jh4e-ae-4jh5e-129407-01340","status":"publish","type":"product","link":"https:\/\/mps.digital-monkey.in\/de\/product\/kopfdichtung-yanmar-4jh4e-ae-4jh5e-129407-01340\/","title":{"rendered":"Kopfdichtung Yanmar 4JH4E\/AE, 4JH5E &#8211; 129407-01340"},"content":{"rendered":"<p data-start=\"423\" data-end=\"478\"><strong data-start=\"423\" data-end=\"476\">Kopfdichtung Yanmar 4JH4E\/AE, 4JH5E &#8211; 129407-01340<\/strong><\/p>\n<p data-start=\"480\" data-end=\"794\">Diese hochwertige <strong data-start=\"498\" data-end=\"535\">Yanmar Kopfdichtung (129407-01340)<\/strong> ist f\u00fcr die <strong data-start=\"556\" data-end=\"599\">Schiffsmotoren 4JH4E, 4JH4AE und 4JH5E<\/strong> bestimmt. Sie sorgt f\u00fcr eine pr\u00e4zise und dauerhafte Abdichtung zwischen dem Zylinderkopf und dem Motorblock. Dadurch werden K\u00fchlmittel- und Verbrennungslecks verhindert und gleichzeitig eine maximale Kompression und effiziente Motorleistung gew\u00e4hrleistet. <\/p>\n<p data-start=\"796\" data-end=\"833\"><strong data-start=\"796\" data-end=\"831\">Kompatibel mit Yanmar-Motoren:<\/strong><\/p>\n<ul data-start=\"834\" data-end=\"864\">\n<li data-start=\"834\" data-end=\"843\">\n<p data-start=\"836\" data-end=\"843\">4JH4E<\/p>\n<\/li>\n<li data-start=\"844\" data-end=\"854\">\n<p data-start=\"846\" data-end=\"854\">4JH4AE<\/p>\n<\/li>\n<li data-start=\"855\" data-end=\"864\">\n<p data-start=\"857\" data-end=\"864\">4JH5E<\/p>\n<\/li>\n<\/ul>\n<p data-start=\"866\" data-end=\"885\"><strong data-start=\"866\" data-end=\"883\">Wichtigste Vorteile:<\/strong><\/p>\n<ul data-start=\"886\" data-end=\"1113\">\n<li data-start=\"886\" data-end=\"925\">\n<p data-start=\"888\" data-end=\"925\">Ersatzkopfdichtung in OEM-Qualit\u00e4t<\/p>\n<\/li>\n<li data-start=\"926\" data-end=\"962\">\n<p data-start=\"928\" data-end=\"962\">Verhindert den Austritt von K\u00fchlmittel und Gas<\/p>\n<\/li>\n<li data-start=\"963\" data-end=\"1011\">\n<p data-start=\"965\" data-end=\"1011\">Erh\u00e4lt die Effizienz von Kompression und K\u00fchlung<\/p>\n<\/li>\n<li data-start=\"1012\" data-end=\"1052\">\n<p data-start=\"1014\" data-end=\"1052\">Langlebige, hitzebest\u00e4ndige Konstruktion<\/p>\n<\/li>\n<li data-start=\"1053\" data-end=\"1113\">\n<p data-start=\"1055\" data-end=\"1113\">Ideal f\u00fcr \u00dcberholungen, \u00dcberholungen oder Reparaturen von Spitzenmotoren<\/p>\n<\/li>\n<\/ul>\n<p data-start=\"1115\" data-end=\"1268\">Diese <strong data-start=\"1120\" data-end=\"1146\">Yanmar 4JH Zylinderkopfdichtung<\/strong> ist die zuverl\u00e4ssige Wahl f\u00fcr die Wartung von Schiffsmotoren und bietet lang anhaltende Leistung und Sicherheit auf dem Wasser.<\/p>\n","protected":false},"excerpt":{"rendered":"<p>Kopfdichtung Yanmar 4JH4E\/AE, 4JH5E &#8211; 129407-01340 Diese hochwertige Yanmar Kopfdichtung (129407-01340) ist f\u00fcr die Schiffsmotoren 4JH4E, 4JH4AE und 4JH5E bestimmt. Sie sorgt f\u00fcr eine pr\u00e4zise und dauerhafte Abdichtung zwischen dem Zylinderkopf und dem Motorblock. Dadurch werden K\u00fchlmittel- und Verbrennungslecks verhindert und gleichzeitig eine maximale Kompression und effiziente Motorleistung gew\u00e4hrleistet. Kompatibel mit Yanmar-Motoren: 4JH4E 4JH4AE 4JH5E [&hellip;]<\/p>\n","protected":false},"featured_media":37899,"comment_status":"open","ping_status":"closed","template":"","meta":[],"product_brand":[4236],"product_cat":[2498,3037,3038],"product_tag":[],"class_list":{"0":"post-37898","1":"product","2":"type-product","3":"status-publish","4":"has-post-thumbnail","6":"product_brand-yanmar","7":"product_cat-ersatzteile-fur-motoren","8":"product_cat-kits-fur-wartung-und-reparatur","9":"product_cat-motor-dichtungen","10":"pa_condition-neu","11":"pa_model-4jh4","12":"pa_model-4jh4-ae","13":"pa_model-4jh4-e","14":"pa_model-4jh5-e","15":"pa_oem-or-aftermarket-aftermarket","17":"first","18":"onbackorder","19":"taxable","20":"shipping-taxable","21":"purchasable","22":"product-type-simple"},"supplier_id":7294,"supplier_sku":"REC129407-01340","barcode":null,"atum_controlled":true,"out_stock_date":"2025-11-21 13:02:27","out_stock_threshold":null,"inheritable":false,"inbound_stock":0,"stock_on_hold":0,"sold_today":0,"sales_last_days":0,"reserved_stock":0,"customer_returns":0,"warehouse_damage":0,"lost_in_post":0,"other_logs":0,"out_stock_days":18,"lost_sales":0,"has_location":false,"update_date":"2025-11-21T13:02:27","atum_locations":[],"atum_stock_status":"onbackorder","restock_status":false,"low_stock_amount":1,"sales_update_date":"2025-09-22T08:41:04","calc_backorders":null,"_links":{"self":[{"href":"https:\/\/mps.digital-monkey.in\/de\/wp-json\/wp\/v2\/product\/37898","targetHints":{"allow":["GET"]}}],"collection":[{"href":"https:\/\/mps.digital-monkey.in\/de\/wp-json\/wp\/v2\/product"}],"about":[{"href":"https:\/\/mps.digital-monkey.in\/de\/wp-json\/wp\/v2\/types\/product"}],"replies":[{"embeddable":true,"href":"https:\/\/mps.digital-monkey.in\/de\/wp-json\/wp\/v2\/comments?post=37898"}],"wp:featuredmedia":[{"embeddable":true,"href":"https:\/\/mps.digital-monkey.in\/de\/wp-json\/wp\/v2\/media\/37899"}],"wp:attachment":[{"href":"https:\/\/mps.digital-monkey.in\/de\/wp-json\/wp\/v2\/media?parent=37898"}],"wp:term":[{"taxonomy":"product_brand","embeddable":true,"href":"https:\/\/mps.digital-monkey.in\/de\/wp-json\/wp\/v2\/product_brand?post=37898"},{"taxonomy":"product_cat","embeddable":true,"href":"https:\/\/mps.digital-monkey.in\/de\/wp-json\/wp\/v2\/product_cat?post=37898"},{"taxonomy":"product_tag","embeddable":true,"href":"https:\/\/mps.digital-monkey.in\/de\/wp-json\/wp\/v2\/product_tag?post=37898"}],"curies":[{"name":"wp","href":"https:\/\/api.w.org\/{rel}","templated":true}]}}