{"id":37907,"date":"2025-09-03T09:13:39","date_gmt":"2025-09-03T09:13:39","guid":{"rendered":"https:\/\/mps.digital-monkey.in\/product\/kopfdichtung-yanmar-3hm-3hmf-121575-01334\/"},"modified":"2025-10-11T10:24:42","modified_gmt":"2025-10-11T10:24:42","slug":"kopfdichtung-yanmar-3hm-3hmf-121575-01334","status":"publish","type":"product","link":"https:\/\/mps.digital-monkey.in\/de\/produkt\/kopfdichtung-yanmar-3hm-3hmf-121575-01334\/","title":{"rendered":"Kopfdichtung Yanmar 3HM, 3HMF - 121575-01334"},"content":{"rendered":"<h3 data-start=\"73\" data-end=\"160\"><strong data-start=\"77\" data-end=\"160\">Yanmar 121575-01334 Kopfdichtung - OEM-Ersatz f\u00fcr 3HM &amp; 3HMF Schiffsmotoren<\/strong><\/h3>\n<p data-start=\"162\" data-end=\"569\">Die <strong data-start=\"166\" data-end=\"201\">Yanmar 121575-01334 Zylinderkopfdichtung<\/strong> ist ein <strong data-start=\"207\" data-end=\"242\">Originalersatzteil in Erstausr\u00fcsterqualit\u00e4t<\/strong>, das speziell f\u00fcr <strong data-start=\"269\" data-end=\"314\">Yanmar 3HM und 3HMF Schiffsdieselmotoren<\/strong> entwickelt wurde. Diese Dichtung sorgt f\u00fcr eine <strong data-start=\"338\" data-end=\"407\">sichere, pr\u00e4zise Abdichtung zwischen dem Zylinderkopf und dem Motorblock<\/strong>. Sie <strong data-start=\"421\" data-end=\"468\">verhindert<\/strong> effektiv <strong data-start=\"421\" data-end=\"468\">das Austreten von K\u00fchlmittel und Verbrennungsgasen<\/strong>, w\u00e4hrend die <strong data-start=\"487\" data-end=\"533\">Kompression und die optimale Motorleistung<\/strong> in anspruchsvollen maritimen Umgebungen erhalten bleiben. <\/p>\n<p data-start=\"571\" data-end=\"878\">Diese nach den <strong data-start=\"580\" data-end=\"621\">hohen Fertigungsstandards von Yanmar<\/strong> gefertigte Dichtung ist <strong data-start=\"638\" data-end=\"670\">hitze- und druckbest\u00e4ndig<\/strong> und eignet sich daher ideal f\u00fcr <strong data-start=\"692\" data-end=\"753\">Motor\u00fcberholungen, hochwertige Reparaturen und Routinewartungen<\/strong>. Sie bietet eine <strong data-start=\"765\" data-end=\"815\">lange Haltbarkeit und leckagefreie Leistung<\/strong>, damit Ihr Schiffsmotor effizient und zuverl\u00e4ssig bleibt. <\/p>\n<p data-start=\"880\" data-end=\"960\">\u26a0\ufe0f <em data-start=\"883\" data-end=\"958\">Hinweis: Diese Dichtung ist <strong data-start=\"905\" data-end=\"921\">nicht geeignet<\/strong> f\u00fcr Yanmar 3HM35 oder 3HM35F Motoren.<\/em><\/p>\n<p data-start=\"868\" data-end=\"905\"><strong data-start=\"868\" data-end=\"903\">Kompatibel mit Yanmar-Motoren:<\/strong><\/p>\n<ul data-start=\"906\" data-end=\"922\">\n<li data-start=\"906\" data-end=\"913\">\n<p data-start=\"908\" data-end=\"913\">3HM<\/p>\n<\/li>\n<li data-start=\"914\" data-end=\"922\">\n<p data-start=\"916\" data-end=\"922\">3HMF<\/p>\n<\/li>\n<\/ul>\n<p data-start=\"924\" data-end=\"943\"><strong data-start=\"924\" data-end=\"941\">Wichtigste Vorteile:<\/strong><\/p>\n<ul data-start=\"944\" data-end=\"1173\">\n<li data-start=\"944\" data-end=\"983\">\n<p data-start=\"946\" data-end=\"983\">Ersatzkopfdichtung in OEM-Qualit\u00e4t<\/p>\n<\/li>\n<li data-start=\"984\" data-end=\"1027\">\n<p data-start=\"986\" data-end=\"1027\">Verhindert Lecks f\u00fcr mehr Zuverl\u00e4ssigkeit<\/p>\n<\/li>\n<li data-start=\"1028\" data-end=\"1082\">\n<p data-start=\"1030\" data-end=\"1082\">Erh\u00e4lt die richtige Motorkompression und Effizienz<\/p>\n<\/li>\n<li data-start=\"1083\" data-end=\"1122\">\n<p data-start=\"1085\" data-end=\"1122\">Hitze- und druckbest\u00e4ndige Konstruktion<\/p>\n<\/li>\n<li data-start=\"1123\" data-end=\"1173\">\n<p data-start=\"1125\" data-end=\"1173\">Ideal f\u00fcr Umbauten, \u00dcberholungen oder Kopfreparaturen<\/p>\n<\/li>\n<\/ul>\n<p data-start=\"1175\" data-end=\"1350\">Diese <strong data-start=\"1180\" data-end=\"1206\">Yanmar 3HM Kopfdichtung<\/strong> ist die perfekte L\u00f6sung f\u00fcr die Wartung oder Reparatur Ihres Schiffsmotors. Sie bietet eine lange Lebensdauer und eine zuverl\u00e4ssige Dichtungsleistung.<\/p>\n","protected":false},"excerpt":{"rendered":"<p>Yanmar 121575-01334 Kopfdichtung - OEM-Ersatz f\u00fcr 3HM &amp; 3HMF Schiffsmotoren Die Yanmar 121575-01334 Zylinderkopfdichtung ist ein Originalersatzteil in Erstausr\u00fcsterqualit\u00e4t, das speziell f\u00fcr Yanmar 3HM und 3HMF Schiffsdieselmotoren entwickelt wurde. Diese Dichtung sorgt f\u00fcr eine sichere, pr\u00e4zise Abdichtung zwischen dem Zylinderkopf und dem Motorblock. Sie verhindert effektiv das Austreten von K\u00fchlmittel und Verbrennungsgasen, w\u00e4hrend die Kompression [&hellip;]<\/p>\n","protected":false},"featured_media":37908,"comment_status":"open","ping_status":"closed","template":"","meta":[],"product_brand":[4236],"product_cat":[3038,2498,3037],"product_tag":[],"class_list":{"0":"post-37907","1":"product","2":"type-product","3":"status-publish","4":"has-post-thumbnail","6":"product_brand-yanmar","7":"product_cat-motor-dichtungen","8":"product_cat-ersatzteile-fur-motoren","9":"product_cat-kits-fur-wartung-und-reparatur","10":"pa_condition-neu","11":"pa_model-3hm","12":"pa_model-3hmf","13":"pa_oem-or-aftermarket-aftermarket","15":"first","16":"onbackorder","17":"sale","18":"taxable","19":"shipping-taxable","20":"purchasable","21":"product-type-simple"},"supplier_id":7294,"supplier_sku":"REC121575-01334","barcode":null,"atum_controlled":true,"out_stock_date":"2025-11-21 13:02:23","out_stock_threshold":null,"inheritable":false,"inbound_stock":0,"stock_on_hold":0,"sold_today":0,"sales_last_days":0,"reserved_stock":0,"customer_returns":0,"warehouse_damage":0,"lost_in_post":0,"other_logs":0,"out_stock_days":38,"lost_sales":0,"has_location":false,"update_date":"2025-11-21T13:02:23","atum_locations":[],"atum_stock_status":"onbackorder","restock_status":false,"low_stock_amount":1,"sales_update_date":"2025-09-22T08:41:04","calc_backorders":null,"_links":{"self":[{"href":"https:\/\/mps.digital-monkey.in\/de\/wp-json\/wp\/v2\/product\/37907","targetHints":{"allow":["GET"]}}],"collection":[{"href":"https:\/\/mps.digital-monkey.in\/de\/wp-json\/wp\/v2\/product"}],"about":[{"href":"https:\/\/mps.digital-monkey.in\/de\/wp-json\/wp\/v2\/types\/product"}],"replies":[{"embeddable":true,"href":"https:\/\/mps.digital-monkey.in\/de\/wp-json\/wp\/v2\/comments?post=37907"}],"wp:featuredmedia":[{"embeddable":true,"href":"https:\/\/mps.digital-monkey.in\/de\/wp-json\/wp\/v2\/media\/37908"}],"wp:attachment":[{"href":"https:\/\/mps.digital-monkey.in\/de\/wp-json\/wp\/v2\/media?parent=37907"}],"wp:term":[{"taxonomy":"product_brand","embeddable":true,"href":"https:\/\/mps.digital-monkey.in\/de\/wp-json\/wp\/v2\/product_brand?post=37907"},{"taxonomy":"product_cat","embeddable":true,"href":"https:\/\/mps.digital-monkey.in\/de\/wp-json\/wp\/v2\/product_cat?post=37907"},{"taxonomy":"product_tag","embeddable":true,"href":"https:\/\/mps.digital-monkey.in\/de\/wp-json\/wp\/v2\/product_tag?post=37907"}],"curies":[{"name":"wp","href":"https:\/\/api.w.org\/{rel}","templated":true}]}}