{"id":37916,"date":"2025-09-03T09:26:40","date_gmt":"2025-09-03T09:26:40","guid":{"rendered":"https:\/\/mps.digital-monkey.in\/product\/kopfdichtung-yanmar-4jh2-serie-129573-01351\/"},"modified":"2025-10-11T10:11:57","modified_gmt":"2025-10-11T10:11:57","slug":"kopfdichtung-yanmar-4jh2-serie-129573-01351","status":"publish","type":"product","link":"https:\/\/mps.digital-monkey.in\/de\/produkt\/kopfdichtung-yanmar-4jh2-serie-129573-01351\/","title":{"rendered":"Kopfdichtung Yanmar 4JH2 Serie - 129573-01351"},"content":{"rendered":"<h3 data-start=\"73\" data-end=\"161\"><strong data-start=\"77\" data-end=\"161\">Yanmar 129573-01351 Kopfdichtung - OEM-Ersatz f\u00fcr Schiffsmotoren der 4JH2-Serie<\/strong><\/h3>\n<p data-start=\"163\" data-end=\"603\">Die <strong data-start=\"167\" data-end=\"202\">Yanmar 129573-01351 Zylinderkopfdichtung<\/strong> ist eine <strong data-start=\"208\" data-end=\"250\">hochwertige Ersatzdichtung in Erstausr\u00fcsterqualit\u00e4t<\/strong>, die speziell f\u00fcr <strong data-start=\"277\" data-end=\"321\">Yanmar Dieselmotoren der 4JH2-Serie<\/strong> entwickelt wurde, einschlie\u00dflich <strong data-start=\"333\" data-end=\"385\">4JH2-DTE, 4JH2E, 4JH2-HTE, 4JH2-TE und 4JH2-UTE<\/strong>. Diese Dichtung sorgt f\u00fcr eine <strong data-start=\"409\" data-end=\"468\">pr\u00e4zise Abdichtung zwischen dem Zylinderkopf und dem Motorblock<\/strong> und <strong data-start=\"482\" data-end=\"535\">verhindert<\/strong> effektiv <strong data-start=\"482\" data-end=\"535\">das Austreten von K\u00fchlmittel, \u00d6l und Verbrennungsgasen<\/strong>, w\u00e4hrend die <strong data-start=\"554\" data-end=\"600\">Kompression und die optimale Motorleistung<\/strong> erhalten bleiben. <\/p>\n<p data-start=\"605\" data-end=\"938\">Diese nach den <strong data-start=\"614\" data-end=\"650\">Original-Spezifikationen von Yanmar<\/strong> gefertigte Zylinderkopfdichtung bietet eine <strong data-start=\"678\" data-end=\"705\">lange Lebensdauer<\/strong>, <strong data-start=\"707\" data-end=\"726\">Hitzebest\u00e4ndigkeit<\/strong> und <strong data-start=\"732\" data-end=\"764\">hervorragende Dichtungseigenschaften<\/strong> unter anspruchsvollen Betriebsbedingungen in der Schifffahrt. Sie ist ideal f\u00fcr die <strong data-start=\"825\" data-end=\"886\">\u00dcberholung von Motoren, f\u00fcr Reparaturen am oberen Ende der Lebensdauer und f\u00fcr die regelm\u00e4\u00dfige Wartung<\/strong>, um eine zuverl\u00e4ssige und effiziente Funktion des Motors zu gew\u00e4hrleisten. <\/p>\n<p data-start=\"477\" data-end=\"528\"><strong data-start=\"842\" data-end=\"877\">Kompatibel mit Yanmar-Motoren:<\/strong><\/p>\n<ul data-start=\"880\" data-end=\"940\">\n<li data-start=\"880\" data-end=\"892\">\n<p data-start=\"882\" data-end=\"892\">4JH2-DTE<\/p>\n<\/li>\n<li data-start=\"893\" data-end=\"902\">\n<p data-start=\"895\" data-end=\"902\">4JH2E<\/p>\n<\/li>\n<li data-start=\"903\" data-end=\"915\">\n<p data-start=\"905\" data-end=\"915\">4JH2-HTE<\/p>\n<\/li>\n<li data-start=\"916\" data-end=\"927\">\n<p data-start=\"918\" data-end=\"927\">4JH2-TE<\/p>\n<\/li>\n<li data-start=\"928\" data-end=\"940\">\n<p data-start=\"930\" data-end=\"940\">4JH2-UTE<\/p>\n<\/li>\n<\/ul>\n<p data-start=\"942\" data-end=\"961\"><strong data-start=\"942\" data-end=\"959\">Wichtigste Vorteile:<\/strong><\/p>\n<ul data-start=\"962\" data-end=\"1240\">\n<li data-start=\"962\" data-end=\"996\">\n<p data-start=\"964\" data-end=\"996\">Ersatzdichtung in OEM-Qualit\u00e4t<\/p>\n<\/li>\n<li data-start=\"997\" data-end=\"1047\">\n<p data-start=\"999\" data-end=\"1047\">Sorgt f\u00fcr eine zuverl\u00e4ssige Abdichtung zwischen Kopf und Block<\/p>\n<\/li>\n<li data-start=\"1048\" data-end=\"1093\">\n<p data-start=\"1050\" data-end=\"1093\">Verhindert das Austreten von K\u00fchlmittel und Verbrennungsgas<\/p>\n<\/li>\n<li data-start=\"1094\" data-end=\"1141\">\n<p data-start=\"1096\" data-end=\"1141\">Erh\u00e4lt die Effizienz und Kompression des Motors<\/p>\n<\/li>\n<li data-start=\"1142\" data-end=\"1182\">\n<p data-start=\"1144\" data-end=\"1182\">Langlebige, hitzebest\u00e4ndige Konstruktion<\/p>\n<\/li>\n<li data-start=\"1183\" data-end=\"1240\">\n<p data-start=\"1185\" data-end=\"1240\">Unverzichtbar f\u00fcr \u00dcberholungen, \u00dcberholungen oder hochwertige Reparaturen<\/p>\n<\/li>\n<\/ul>\n<p data-start=\"1242\" data-end=\"1421\">Diese <strong data-start=\"1247\" data-end=\"1274\">Yanmar 4JH2 Zylinderkopfdichtung<\/strong> ist die ideale Wahl f\u00fcr Bootseigner und Bootsmechaniker, die nach einer zuverl\u00e4ssigen L\u00f6sung suchen, um die Zuverl\u00e4ssigkeit des Motors wiederherzustellen und die Lebensdauer des Motors zu verl\u00e4ngern.<\/p>\n","protected":false},"excerpt":{"rendered":"<p>Yanmar 129573-01351 Kopfdichtung - OEM-Ersatz f\u00fcr Schiffsmotoren der 4JH2-Serie Die Yanmar 129573-01351 Zylinderkopfdichtung ist eine hochwertige Ersatzdichtung in Erstausr\u00fcsterqualit\u00e4t, die speziell f\u00fcr Yanmar Dieselmotoren der 4JH2-Serie entwickelt wurde, einschlie\u00dflich 4JH2-DTE, 4JH2E, 4JH2-HTE, 4JH2-TE und 4JH2-UTE. Diese Dichtung sorgt f\u00fcr eine pr\u00e4zise Abdichtung zwischen dem Zylinderkopf und dem Motorblock und verhindert effektiv das Austreten von K\u00fchlmittel, [&hellip;]<\/p>\n","protected":false},"featured_media":37917,"comment_status":"open","ping_status":"closed","template":"","meta":[],"product_brand":[4236],"product_cat":[3037,2498,3038],"product_tag":[],"class_list":{"0":"post-37916","1":"product","2":"type-product","3":"status-publish","4":"has-post-thumbnail","6":"product_brand-yanmar","7":"product_cat-kits-fur-wartung-und-reparatur","8":"product_cat-ersatzteile-fur-motoren","9":"product_cat-motor-dichtungen","10":"pa_condition-neu","11":"pa_model-4jh2","12":"pa_model-4jh2dte","13":"pa_model-4jh2e","14":"pa_model-4jh2hte","15":"pa_model-4jh2te","16":"pa_model-4jh2ute","17":"pa_oem-or-aftermarket-aftermarket","19":"first","20":"onbackorder","21":"taxable","22":"shipping-taxable","23":"purchasable","24":"product-type-simple"},"supplier_id":7294,"supplier_sku":"129573-01351","barcode":null,"atum_controlled":true,"out_stock_date":"2025-11-21 13:02:19","out_stock_threshold":null,"inheritable":false,"inbound_stock":0,"stock_on_hold":0,"sold_today":0,"sales_last_days":0,"reserved_stock":0,"customer_returns":0,"warehouse_damage":0,"lost_in_post":0,"other_logs":0,"out_stock_days":38,"lost_sales":0,"has_location":false,"update_date":"2025-11-21T13:02:19","atum_locations":[],"atum_stock_status":"onbackorder","restock_status":false,"low_stock_amount":0,"sales_update_date":"2025-09-22T08:41:04","calc_backorders":null,"_links":{"self":[{"href":"https:\/\/mps.digital-monkey.in\/de\/wp-json\/wp\/v2\/product\/37916","targetHints":{"allow":["GET"]}}],"collection":[{"href":"https:\/\/mps.digital-monkey.in\/de\/wp-json\/wp\/v2\/product"}],"about":[{"href":"https:\/\/mps.digital-monkey.in\/de\/wp-json\/wp\/v2\/types\/product"}],"replies":[{"embeddable":true,"href":"https:\/\/mps.digital-monkey.in\/de\/wp-json\/wp\/v2\/comments?post=37916"}],"wp:featuredmedia":[{"embeddable":true,"href":"https:\/\/mps.digital-monkey.in\/de\/wp-json\/wp\/v2\/media\/37917"}],"wp:attachment":[{"href":"https:\/\/mps.digital-monkey.in\/de\/wp-json\/wp\/v2\/media?parent=37916"}],"wp:term":[{"taxonomy":"product_brand","embeddable":true,"href":"https:\/\/mps.digital-monkey.in\/de\/wp-json\/wp\/v2\/product_brand?post=37916"},{"taxonomy":"product_cat","embeddable":true,"href":"https:\/\/mps.digital-monkey.in\/de\/wp-json\/wp\/v2\/product_cat?post=37916"},{"taxonomy":"product_tag","embeddable":true,"href":"https:\/\/mps.digital-monkey.in\/de\/wp-json\/wp\/v2\/product_tag?post=37916"}],"curies":[{"name":"wp","href":"https:\/\/api.w.org\/{rel}","templated":true}]}}