{"id":37952,"date":"2025-09-03T10:24:14","date_gmt":"2025-09-03T10:24:14","guid":{"rendered":"https:\/\/mps.digital-monkey.in\/product\/kopfdichtung-yanmar-4lh-4lha-serie-119174-01340\/"},"modified":"2025-09-03T10:24:14","modified_gmt":"2025-09-03T10:24:14","slug":"kopfdichtung-yanmar-4lh-4lha-serie-119174-01340","status":"publish","type":"product","link":"https:\/\/mps.digital-monkey.in\/de\/product\/kopfdichtung-yanmar-4lh-4lha-serie-119174-01340\/","title":{"rendered":"Kopfdichtung Yanmar 4LH \/ 4LHA Serie &#8211; 119174-01340"},"content":{"rendered":"<p data-start=\"510\" data-end=\"567\"><strong data-start=\"510\" data-end=\"565\">Kopfdichtung Yanmar 4LH \/ 4LHA Serie &#8211; 119174-01340<\/strong><\/p>\n<p data-start=\"569\" data-end=\"917\">Diese hochwertige <strong data-start=\"587\" data-end=\"633\">Yanmar-Zylinderkopfdichtung (119174-01340)<\/strong> wurde f\u00fcr die <strong data-start=\"656\" data-end=\"694\">Schiffsmotoren der Serien 4LH und 4LHA<\/strong> entwickelt. Sie wurde gem\u00e4\u00df den OEM-Spezifikationen entwickelt und sorgt f\u00fcr eine sichere und dauerhafte Abdichtung zwischen Zylinderkopf und Motorblock. So werden K\u00fchlmittel- und Verbrennungslecks verhindert und eine optimale Kompression und Motorleistung aufrechterhalten. <\/p>\n<p data-start=\"919\" data-end=\"967\"><strong data-start=\"919\" data-end=\"965\">Kompatibel mit Yanmar-Motoren der Serie 4LH:<\/strong><\/p>\n<ul data-start=\"968\" data-end=\"1163\">\n<li data-start=\"968\" data-end=\"978\">\n<p data-start=\"970\" data-end=\"978\">4LH-TE<\/p>\n<\/li>\n<li data-start=\"979\" data-end=\"990\">\n<p data-start=\"981\" data-end=\"990\">4LH-HTE<\/p>\n<\/li>\n<li data-start=\"991\" data-end=\"1002\">\n<p data-start=\"993\" data-end=\"1002\">4LH-DTE<\/p>\n<\/li>\n<li data-start=\"1003\" data-end=\"1014\">\n<p data-start=\"1005\" data-end=\"1014\">4LH-STE<\/p>\n<\/li>\n<li data-start=\"1015\" data-end=\"1025\">\n<p data-start=\"1017\" data-end=\"1025\">4LH-HT<\/p>\n<\/li>\n<li data-start=\"1026\" data-end=\"1037\">\n<p data-start=\"1028\" data-end=\"1037\">4LH-HTZ<\/p>\n<\/li>\n<li data-start=\"1038\" data-end=\"1051\">\n<p data-start=\"1040\" data-end=\"1051\">4LH-HTZAY<\/p>\n<\/li>\n<li data-start=\"1052\" data-end=\"1063\">\n<p data-start=\"1054\" data-end=\"1063\">4LH-DTZ<\/p>\n<\/li>\n<li data-start=\"1064\" data-end=\"1074\">\n<p data-start=\"1066\" data-end=\"1074\">4LH-UT<\/p>\n<\/li>\n<li data-start=\"1075\" data-end=\"1088\">\n<p data-start=\"1077\" data-end=\"1088\">4LH-UTZAY<\/p>\n<\/li>\n<li data-start=\"1089\" data-end=\"1100\">\n<p data-start=\"1091\" data-end=\"1100\">4LH-UT2<\/p>\n<\/li>\n<li data-start=\"1101\" data-end=\"1111\">\n<p data-start=\"1103\" data-end=\"1111\">4LH-ST<\/p>\n<\/li>\n<li data-start=\"1112\" data-end=\"1125\">\n<p data-start=\"1114\" data-end=\"1125\">4LH-STZAY<\/p>\n<\/li>\n<li data-start=\"1126\" data-end=\"1137\">\n<p data-start=\"1128\" data-end=\"1137\">4LH-STZ<\/p>\n<\/li>\n<li data-start=\"1138\" data-end=\"1149\">\n<p data-start=\"1140\" data-end=\"1149\">4LH-WST<\/p>\n<\/li>\n<li data-start=\"1150\" data-end=\"1163\">\n<p data-start=\"1152\" data-end=\"1163\">4LH-WSTZY<\/p>\n<\/li>\n<\/ul>\n<p data-start=\"1165\" data-end=\"1214\"><strong data-start=\"1165\" data-end=\"1212\">Kompatibel mit Yanmar-Motoren der Serie 4LHA:<\/strong><\/p>\n<ul data-start=\"1215\" data-end=\"1376\">\n<li data-start=\"1215\" data-end=\"1227\">\n<p data-start=\"1217\" data-end=\"1227\">4LHA-STE<\/p>\n<\/li>\n<li data-start=\"1228\" data-end=\"1240\">\n<p data-start=\"1230\" data-end=\"1240\">4LHA-STP<\/p>\n<\/li>\n<li data-start=\"1241\" data-end=\"1254\">\n<p data-start=\"1243\" data-end=\"1254\">4LHA-STZE<\/p>\n<\/li>\n<li data-start=\"1255\" data-end=\"1268\">\n<p data-start=\"1257\" data-end=\"1268\">4LHA-STZP<\/p>\n<\/li>\n<li data-start=\"1269\" data-end=\"1281\">\n<p data-start=\"1271\" data-end=\"1281\">4LHA-DTE<\/p>\n<\/li>\n<li data-start=\"1282\" data-end=\"1294\">\n<p data-start=\"1284\" data-end=\"1294\">4LHA-DTP<\/p>\n<\/li>\n<li data-start=\"1295\" data-end=\"1308\">\n<p data-start=\"1297\" data-end=\"1308\">4LHA-DTZE<\/p>\n<\/li>\n<li data-start=\"1309\" data-end=\"1322\">\n<p data-start=\"1311\" data-end=\"1322\">4LHA-DTZP<\/p>\n<\/li>\n<li data-start=\"1323\" data-end=\"1335\">\n<p data-start=\"1325\" data-end=\"1335\">4LHA-HTE<\/p>\n<\/li>\n<li data-start=\"1336\" data-end=\"1348\">\n<p data-start=\"1338\" data-end=\"1348\">4LHA-HTP<\/p>\n<\/li>\n<li data-start=\"1349\" data-end=\"1362\">\n<p data-start=\"1351\" data-end=\"1362\">4LHA-HTZE<\/p>\n<\/li>\n<li data-start=\"1363\" data-end=\"1376\">\n<p data-start=\"1365\" data-end=\"1376\">4LHA-HTZP<\/p>\n<\/li>\n<\/ul>\n<p data-start=\"1378\" data-end=\"1397\"><strong data-start=\"1378\" data-end=\"1395\">Wichtigste Vorteile:<\/strong><\/p>\n<ul data-start=\"1398\" data-end=\"1670\">\n<li data-start=\"1398\" data-end=\"1467\">\n<p data-start=\"1400\" data-end=\"1467\">Ersatzkopfdichtung in OEM-Qualit\u00e4t f\u00fcr Yanmar 4LH \/ 4LHA Motoren<\/p>\n<\/li>\n<li data-start=\"1468\" data-end=\"1513\">\n<p data-start=\"1470\" data-end=\"1513\">Verhindert das Austreten von K\u00fchlmittel und Verbrennungsgas<\/p>\n<\/li>\n<li data-start=\"1514\" data-end=\"1561\">\n<p data-start=\"1516\" data-end=\"1561\">Erh\u00e4lt die Kompression und Effizienz des Motors<\/p>\n<\/li>\n<li data-start=\"1562\" data-end=\"1616\">\n<p data-start=\"1564\" data-end=\"1616\">Langlebige, hitze- und druckbest\u00e4ndige Konstruktion<\/p>\n<\/li>\n<li data-start=\"1617\" data-end=\"1670\">\n<p data-start=\"1619\" data-end=\"1670\">Ideal f\u00fcr \u00dcberholungen, \u00dcberholungen und Reparaturen<\/p>\n<\/li>\n<\/ul>\n<p data-start=\"1672\" data-end=\"1834\">Diese <strong data-start=\"1677\" data-end=\"1710\">Yanmar 4LH \/ 4LHA Kopfdichtung<\/strong> ist die ideale L\u00f6sung f\u00fcr Bootseigner und Schiffsmechaniker, die eine zuverl\u00e4ssige Abdichtung und eine lang anhaltende Motorleistung ben\u00f6tigen.<\/p>\n","protected":false},"excerpt":{"rendered":"<p>Kopfdichtung Yanmar 4LH \/ 4LHA Serie &#8211; 119174-01340 Diese hochwertige Yanmar-Zylinderkopfdichtung (119174-01340) wurde f\u00fcr die Schiffsmotoren der Serien 4LH und 4LHA entwickelt. Sie wurde gem\u00e4\u00df den OEM-Spezifikationen entwickelt und sorgt f\u00fcr eine sichere und dauerhafte Abdichtung zwischen Zylinderkopf und Motorblock. So werden K\u00fchlmittel- und Verbrennungslecks verhindert und eine optimale Kompression und Motorleistung aufrechterhalten. Kompatibel mit [&hellip;]<\/p>\n","protected":false},"featured_media":37953,"comment_status":"open","ping_status":"closed","template":"","meta":[],"product_brand":[4236],"product_cat":[2498,3037,3038],"product_tag":[],"class_list":{"0":"post-37952","1":"product","2":"type-product","3":"status-publish","4":"has-post-thumbnail","6":"product_brand-yanmar","7":"product_cat-ersatzteile-fur-motoren","8":"product_cat-kits-fur-wartung-und-reparatur","9":"product_cat-motor-dichtungen","10":"pa_condition-neu","11":"pa_model-4lh","12":"pa_model-4lh-dte","13":"pa_model-4lh-dtz","14":"pa_model-4lh-hte","15":"pa_model-4lh-htz","16":"pa_model-4lh-htzay","17":"pa_model-4lh-ste","18":"pa_model-4lh-te","19":"pa_model-4lh-ut","20":"pa_model-4lha","21":"pa_model-4lha-dte","22":"pa_model-4lha-dtp","23":"pa_model-4lha-dtze","24":"pa_model-4lha-dtzp","25":"pa_model-4lha-hte","26":"pa_model-4lha-htp","27":"pa_model-4lha-htze","28":"pa_model-4lha-htzp","29":"pa_model-4lha-ste","30":"pa_model-4lha-stp","31":"pa_model-4lha-stze","32":"pa_model-4lha-stzp","33":"pa_oem-or-aftermarket-aftermarket","35":"first","36":"onbackorder","37":"sale","38":"taxable","39":"shipping-taxable","40":"purchasable","41":"product-type-simple"},"supplier_id":7294,"supplier_sku":"REC119174-01340","barcode":null,"atum_controlled":true,"out_stock_date":"2025-11-21 13:02:02","out_stock_threshold":null,"inheritable":false,"inbound_stock":0,"stock_on_hold":0,"sold_today":0,"sales_last_days":0,"reserved_stock":0,"customer_returns":0,"warehouse_damage":0,"lost_in_post":0,"other_logs":0,"out_stock_days":18,"lost_sales":0,"has_location":false,"update_date":"2025-11-21T13:02:02","atum_locations":[],"atum_stock_status":"onbackorder","restock_status":false,"low_stock_amount":1,"sales_update_date":"2025-09-22T08:41:04","calc_backorders":null,"_links":{"self":[{"href":"https:\/\/mps.digital-monkey.in\/de\/wp-json\/wp\/v2\/product\/37952","targetHints":{"allow":["GET"]}}],"collection":[{"href":"https:\/\/mps.digital-monkey.in\/de\/wp-json\/wp\/v2\/product"}],"about":[{"href":"https:\/\/mps.digital-monkey.in\/de\/wp-json\/wp\/v2\/types\/product"}],"replies":[{"embeddable":true,"href":"https:\/\/mps.digital-monkey.in\/de\/wp-json\/wp\/v2\/comments?post=37952"}],"wp:featuredmedia":[{"embeddable":true,"href":"https:\/\/mps.digital-monkey.in\/de\/wp-json\/wp\/v2\/media\/37953"}],"wp:attachment":[{"href":"https:\/\/mps.digital-monkey.in\/de\/wp-json\/wp\/v2\/media?parent=37952"}],"wp:term":[{"taxonomy":"product_brand","embeddable":true,"href":"https:\/\/mps.digital-monkey.in\/de\/wp-json\/wp\/v2\/product_brand?post=37952"},{"taxonomy":"product_cat","embeddable":true,"href":"https:\/\/mps.digital-monkey.in\/de\/wp-json\/wp\/v2\/product_cat?post=37952"},{"taxonomy":"product_tag","embeddable":true,"href":"https:\/\/mps.digital-monkey.in\/de\/wp-json\/wp\/v2\/product_tag?post=37952"}],"curies":[{"name":"wp","href":"https:\/\/api.w.org\/{rel}","templated":true}]}}