{"id":37962,"date":"2025-09-03T13:22:18","date_gmt":"2025-09-03T13:22:18","guid":{"rendered":"https:\/\/mps.digital-monkey.in\/product\/kopfdichtung-yanmar-6lp-serie-119771-00401\/"},"modified":"2025-09-03T13:55:27","modified_gmt":"2025-09-03T13:55:27","slug":"kopfdichtung-yanmar-6lp-serie-119771-00401","status":"publish","type":"product","link":"https:\/\/mps.digital-monkey.in\/de\/product\/kopfdichtung-yanmar-6lp-serie-119771-00401\/","title":{"rendered":"Kopfdichtung Yanmar 6LP Serie (Mark 1) &#8211; 119771-00401"},"content":{"rendered":"<p data-start=\"468\" data-end=\"518\"><strong>Kopfdichtung Yanmar 6LP Serie (Mark 1) &#8211; 119771-00401<\/strong><\/p>\n<p data-start=\"520\" data-end=\"830\">Diese hochwertige <strong data-start=\"538\" data-end=\"584\">Yanmar-Zylinderkopfdichtung (119771-00401)<\/strong> ist f\u00fcr die <strong data-start=\"605\" data-end=\"634\">Schiffsmotoren der Serie 6LP<\/strong> bestimmt. Sie sorgt f\u00fcr eine pr\u00e4zise und dauerhafte Abdichtung zwischen dem Zylinderkopf und dem Motorblock. So werden K\u00fchlmittel- und Verbrennungsleckagen verhindert, w\u00e4hrend die richtige Kompression und eine zuverl\u00e4ssige Motorleistung erhalten bleiben. <\/p>\n<p data-start=\"832\" data-end=\"880\"><strong data-start=\"832\" data-end=\"878\">Kompatibel mit Yanmar-Motoren der Serie 6LP:<\/strong><\/p>\n<ul data-start=\"881\" data-end=\"983\">\n<li data-start=\"881\" data-end=\"891\">\n<p data-start=\"883\" data-end=\"891\">6LP-ST<\/p>\n<\/li>\n<li data-start=\"892\" data-end=\"903\">\n<p data-start=\"894\" data-end=\"903\">6LP-STE<\/p>\n<\/li>\n<li data-start=\"904\" data-end=\"916\">\n<p data-start=\"906\" data-end=\"916\">6LP-STZE<\/p>\n<\/li>\n<li data-start=\"917\" data-end=\"930\">\n<p data-start=\"919\" data-end=\"930\">6LP-STZE1<\/p>\n<\/li>\n<li data-start=\"931\" data-end=\"943\">\n<p data-start=\"933\" data-end=\"943\">6LP-STZY<\/p>\n<\/li>\n<li data-start=\"944\" data-end=\"957\">\n<p data-start=\"946\" data-end=\"957\">6LP-STZYJ<\/p>\n<\/li>\n<li data-start=\"958\" data-end=\"969\">\n<p data-start=\"960\" data-end=\"969\">6LP-WST<\/p>\n<\/li>\n<li data-start=\"970\" data-end=\"983\">\n<p data-start=\"972\" data-end=\"983\">6LP-WSTZY<\/p>\n<\/li>\n<\/ul>\n<p data-start=\"985\" data-end=\"1004\"><strong data-start=\"985\" data-end=\"1002\">Wichtigste Vorteile:<\/strong><\/p>\n<ul data-start=\"1005\" data-end=\"1256\">\n<li data-start=\"1005\" data-end=\"1053\">\n<p data-start=\"1007\" data-end=\"1053\">Ersatz-Zylinderkopfdichtung in OEM-Qualit\u00e4t<\/p>\n<\/li>\n<li data-start=\"1054\" data-end=\"1099\">\n<p data-start=\"1056\" data-end=\"1099\">Verhindert das Austreten von K\u00fchlmittel und Verbrennungsgas<\/p>\n<\/li>\n<li data-start=\"1100\" data-end=\"1147\">\n<p data-start=\"1102\" data-end=\"1147\">Erh\u00e4lt die Kompression und Effizienz des Motors<\/p>\n<\/li>\n<li data-start=\"1148\" data-end=\"1202\">\n<p data-start=\"1150\" data-end=\"1202\">Langlebige, hitze- und druckbest\u00e4ndige Konstruktion<\/p>\n<\/li>\n<li data-start=\"1203\" data-end=\"1256\">\n<p data-start=\"1205\" data-end=\"1256\">Ideal f\u00fcr \u00dcberholungen, \u00dcberholungen und Reparaturen<\/p>\n<\/li>\n<\/ul>\n<p data-start=\"1258\" data-end=\"1421\">Diese <strong data-start=\"1263\" data-end=\"1289\">Yanmar 6LP Kopfdichtung<\/strong> ist die perfekte L\u00f6sung f\u00fcr die Wartung von Schiffsmotoren. Sie bietet eine lang anhaltende Dichtungsleistung und einen zuverl\u00e4ssigen Betrieb auf See.<\/p>\n","protected":false},"excerpt":{"rendered":"<p>Kopfdichtung Yanmar 6LP Serie (Mark 1) &#8211; 119771-00401 Diese hochwertige Yanmar-Zylinderkopfdichtung (119771-00401) ist f\u00fcr die Schiffsmotoren der Serie 6LP bestimmt. Sie sorgt f\u00fcr eine pr\u00e4zise und dauerhafte Abdichtung zwischen dem Zylinderkopf und dem Motorblock. So werden K\u00fchlmittel- und Verbrennungsleckagen verhindert, w\u00e4hrend die richtige Kompression und eine zuverl\u00e4ssige Motorleistung erhalten bleiben. Kompatibel mit Yanmar-Motoren der Serie [&hellip;]<\/p>\n","protected":false},"featured_media":37963,"comment_status":"open","ping_status":"closed","template":"","meta":[],"product_brand":[4236],"product_cat":[2498,3037,3038],"product_tag":[],"class_list":{"0":"post-37962","1":"product","2":"type-product","3":"status-publish","4":"has-post-thumbnail","6":"product_brand-yanmar","7":"product_cat-ersatzteile-fur-motoren","8":"product_cat-kits-fur-wartung-und-reparatur","9":"product_cat-motor-dichtungen","10":"pa_condition-neu","11":"pa_model-6lp-st","12":"pa_model-6lp-ste","13":"pa_model-6lp-stze","14":"pa_model-6lp-stzy","15":"pa_model-6lp-wdtzy","16":"pa_model-6lp-wst","17":"pa_oem-or-aftermarket-aftermarket","19":"first","20":"onbackorder","21":"taxable","22":"shipping-taxable","23":"purchasable","24":"product-type-simple"},"supplier_id":7294,"supplier_sku":"REC119771-00401","barcode":null,"atum_controlled":true,"out_stock_date":"2025-11-21 13:01:57","out_stock_threshold":null,"inheritable":false,"inbound_stock":0,"stock_on_hold":0,"sold_today":0,"sales_last_days":0,"reserved_stock":0,"customer_returns":0,"warehouse_damage":0,"lost_in_post":0,"other_logs":0,"out_stock_days":24,"lost_sales":0,"has_location":false,"update_date":"2025-12-16T08:22:45","atum_locations":[],"atum_stock_status":"onbackorder","restock_status":false,"low_stock_amount":1,"sales_update_date":"2025-12-16T08:22:45","calc_backorders":null,"_links":{"self":[{"href":"https:\/\/mps.digital-monkey.in\/de\/wp-json\/wp\/v2\/product\/37962","targetHints":{"allow":["GET"]}}],"collection":[{"href":"https:\/\/mps.digital-monkey.in\/de\/wp-json\/wp\/v2\/product"}],"about":[{"href":"https:\/\/mps.digital-monkey.in\/de\/wp-json\/wp\/v2\/types\/product"}],"replies":[{"embeddable":true,"href":"https:\/\/mps.digital-monkey.in\/de\/wp-json\/wp\/v2\/comments?post=37962"}],"wp:featuredmedia":[{"embeddable":true,"href":"https:\/\/mps.digital-monkey.in\/de\/wp-json\/wp\/v2\/media\/37963"}],"wp:attachment":[{"href":"https:\/\/mps.digital-monkey.in\/de\/wp-json\/wp\/v2\/media?parent=37962"}],"wp:term":[{"taxonomy":"product_brand","embeddable":true,"href":"https:\/\/mps.digital-monkey.in\/de\/wp-json\/wp\/v2\/product_brand?post=37962"},{"taxonomy":"product_cat","embeddable":true,"href":"https:\/\/mps.digital-monkey.in\/de\/wp-json\/wp\/v2\/product_cat?post=37962"},{"taxonomy":"product_tag","embeddable":true,"href":"https:\/\/mps.digital-monkey.in\/de\/wp-json\/wp\/v2\/product_tag?post=37962"}],"curies":[{"name":"wp","href":"https:\/\/api.w.org\/{rel}","templated":true}]}}