{"id":37981,"date":"2025-09-03T13:41:29","date_gmt":"2025-09-03T13:41:29","guid":{"rendered":"https:\/\/mps.digital-monkey.in\/product\/kopfdichtung-yanmar-6lp-6lpa-serie-mark-3-119770-00940\/"},"modified":"2025-09-03T13:41:29","modified_gmt":"2025-09-03T13:41:29","slug":"kopfdichtung-yanmar-6lp-6lpa-serie-mark-3-119770-00940","status":"publish","type":"product","link":"https:\/\/mps.digital-monkey.in\/de\/produkt\/kopfdichtung-yanmar-6lp-6lpa-serie-mark-3-119770-00940\/","title":{"rendered":"Kopfdichtung Yanmar 6LP \/ 6LPA Serie (Mark 3) - 119770-00940"},"content":{"rendered":"<p data-start=\"488\" data-end=\"554\"><strong data-start=\"488\" data-end=\"552\">Kopfdichtung Yanmar 6LP \/ 6LPA Serie (Mark 3) - 119770-00940<\/strong><\/p>\n<p data-start=\"556\" data-end=\"888\">Diese <strong data-start=\"561\" data-end=\"615\">Yanmar Zylinderkopfdichtung (119770-00940, Mark 3)<\/strong> ist f\u00fcr die <strong data-start=\"636\" data-end=\"674\">Schiffsmotoren der Serien 6LP und 6LPA<\/strong> bestimmt. Sie wurde nach OEM-Standards entwickelt und sorgt f\u00fcr eine sichere, dauerhafte Abdichtung zwischen Zylinderkopf und Motorblock. Sie verhindert K\u00fchlmittel- und Verbrennungslecks, w\u00e4hrend die Motorkompression und die zuverl\u00e4ssige Leistung erhalten bleiben. <\/p>\n<p data-start=\"890\" data-end=\"939\"><strong data-start=\"890\" data-end=\"937\">Kompatibel mit Yanmar-Motoren der Serie 6LPA:<\/strong><\/p>\n<ul data-start=\"940\" data-end=\"1009\">\n<li data-start=\"940\" data-end=\"952\">\n<p data-start=\"942\" data-end=\"952\">6LPA-DTE<\/p>\n<\/li>\n<li data-start=\"953\" data-end=\"965\">\n<p data-start=\"955\" data-end=\"965\">6LPA-DTP<\/p>\n<\/li>\n<li data-start=\"966\" data-end=\"979\">\n<p data-start=\"968\" data-end=\"979\">6LPA-DTZE<\/p>\n<\/li>\n<li data-start=\"980\" data-end=\"993\">\n<p data-start=\"982\" data-end=\"993\">6LPA-DTZP<\/p>\n<\/li>\n<li data-start=\"994\" data-end=\"1009\">\n<p data-start=\"996\" data-end=\"1009\">6LPA-DTZEP1<\/p>\n<\/li>\n<\/ul>\n<p data-start=\"1011\" data-end=\"1059\"><strong data-start=\"1011\" data-end=\"1057\">Kompatibel mit Yanmar-Motoren der Serie 6LP:<\/strong><\/p>\n<ul data-start=\"1060\" data-end=\"1190\">\n<li data-start=\"1060\" data-end=\"1070\">\n<p data-start=\"1062\" data-end=\"1070\">6LP-DT<\/p>\n<\/li>\n<li data-start=\"1071\" data-end=\"1083\">\n<p data-start=\"1073\" data-end=\"1083\">6LP-DETE<\/p>\n<\/li>\n<li data-start=\"1084\" data-end=\"1095\">\n<p data-start=\"1086\" data-end=\"1095\">6LP-DTP<\/p>\n<\/li>\n<li data-start=\"1096\" data-end=\"1108\">\n<p data-start=\"1098\" data-end=\"1108\">6LP-DTZE<\/p>\n<\/li>\n<li data-start=\"1109\" data-end=\"1122\">\n<p data-start=\"1111\" data-end=\"1122\">6LP-DTZE1<\/p>\n<\/li>\n<li data-start=\"1123\" data-end=\"1136\">\n<p data-start=\"1125\" data-end=\"1136\">6LP-DTZEP<\/p>\n<\/li>\n<li data-start=\"1137\" data-end=\"1151\">\n<p data-start=\"1139\" data-end=\"1151\">6LP-DTZEP1<\/p>\n<\/li>\n<li data-start=\"1152\" data-end=\"1164\">\n<p data-start=\"1154\" data-end=\"1164\">6LP-DTZY<\/p>\n<\/li>\n<li data-start=\"1165\" data-end=\"1176\">\n<p data-start=\"1167\" data-end=\"1176\">6LP-WDT<\/p>\n<\/li>\n<li data-start=\"1177\" data-end=\"1190\">\n<p data-start=\"1179\" data-end=\"1190\">6LP-WDTZY<\/p>\n<\/li>\n<\/ul>\n<p data-start=\"1192\" data-end=\"1211\"><strong data-start=\"1192\" data-end=\"1209\">Wichtigste Vorteile:<\/strong><\/p>\n<ul data-start=\"1212\" data-end=\"1473\">\n<li data-start=\"1212\" data-end=\"1255\">\n<p data-start=\"1214\" data-end=\"1255\">Ersatzdichtung in OEM-Qualit\u00e4t (Mark 3)<\/p>\n<\/li>\n<li data-start=\"1256\" data-end=\"1301\">\n<p data-start=\"1258\" data-end=\"1301\">Verhindert das Austreten von K\u00fchlmittel und Verbrennungsgas<\/p>\n<\/li>\n<li data-start=\"1302\" data-end=\"1356\">\n<p data-start=\"1304\" data-end=\"1356\">Erh\u00e4lt die richtige Motorkompression und Effizienz<\/p>\n<\/li>\n<li data-start=\"1357\" data-end=\"1411\">\n<p data-start=\"1359\" data-end=\"1411\">Langlebige, hitze- und druckbest\u00e4ndige Konstruktion<\/p>\n<\/li>\n<li data-start=\"1412\" data-end=\"1473\">\n<p data-start=\"1414\" data-end=\"1473\">Ideal f\u00fcr Motor\u00fcberholungen, Reparaturen und \u00dcberholungen<\/p>\n<\/li>\n<\/ul>\n<p data-start=\"1475\" data-end=\"1673\">Diese <strong data-start=\"1480\" data-end=\"1520\">Yanmar 6LP \/ 6LPA Mark 3 Zylinderkopfdichtung<\/strong> gew\u00e4hrleistet eine lang anhaltende Dichtungsleistung und einen zuverl\u00e4ssigen Betrieb von Schiffsmotoren und ist damit die ideale Wahl f\u00fcr Bootsbesitzer und Schiffsmechaniker.<\/p>\n","protected":false},"excerpt":{"rendered":"<p>Kopfdichtung Yanmar 6LP \/ 6LPA Serie (Mark 3) - 119770-00940 Diese Yanmar Zylinderkopfdichtung (119770-00940, Mark 3) ist f\u00fcr die Schiffsmotoren der Serien 6LP und 6LPA bestimmt. Sie wurde nach OEM-Standards entwickelt und sorgt f\u00fcr eine sichere, dauerhafte Abdichtung zwischen Zylinderkopf und Motorblock. Sie verhindert K\u00fchlmittel- und Verbrennungslecks, w\u00e4hrend die Motorkompression und die zuverl\u00e4ssige Leistung erhalten [&hellip;]<\/p>\n","protected":false},"featured_media":37982,"comment_status":"open","ping_status":"closed","template":"","meta":[],"product_brand":[4236],"product_cat":[3037,2498,3038],"product_tag":[],"class_list":{"0":"post-37981","1":"product","2":"type-product","3":"status-publish","4":"has-post-thumbnail","6":"product_brand-yanmar","7":"product_cat-kits-fur-wartung-und-reparatur","8":"product_cat-ersatzteile-fur-motoren","9":"product_cat-motor-dichtungen","10":"pa_condition-neu","11":"pa_model-6lp-dt","12":"pa_model-6lp-dtp","13":"pa_model-6lp-dtze","14":"pa_model-6lp-dtze1","15":"pa_model-6lp-dtzep","16":"pa_model-6lp-dtzy","17":"pa_model-6lp-wdt","18":"pa_model-6lp-wdtzy","19":"pa_model-6lpa-dte","20":"pa_model-6lpa-dtp","21":"pa_model-6lpa-dtze","22":"pa_model-6lpa-dtzep1","23":"pa_model-6lpa-dtzp","24":"pa_oem-or-aftermarket-aftermarket","26":"first","27":"onbackorder","28":"sale","29":"taxable","30":"shipping-taxable","31":"purchasable","32":"product-type-simple"},"supplier_id":7294,"supplier_sku":"REC119770-00940","barcode":null,"atum_controlled":true,"out_stock_date":"2025-11-21 13:01:49","out_stock_threshold":null,"inheritable":false,"inbound_stock":0,"stock_on_hold":0,"sold_today":0,"sales_last_days":0,"reserved_stock":0,"customer_returns":0,"warehouse_damage":0,"lost_in_post":0,"other_logs":0,"out_stock_days":18,"lost_sales":0,"has_location":false,"update_date":"2025-11-21T13:01:49","atum_locations":[],"atum_stock_status":"onbackorder","restock_status":false,"low_stock_amount":1,"sales_update_date":"2025-09-22T08:41:04","calc_backorders":null,"_links":{"self":[{"href":"https:\/\/mps.digital-monkey.in\/de\/wp-json\/wp\/v2\/product\/37981","targetHints":{"allow":["GET"]}}],"collection":[{"href":"https:\/\/mps.digital-monkey.in\/de\/wp-json\/wp\/v2\/product"}],"about":[{"href":"https:\/\/mps.digital-monkey.in\/de\/wp-json\/wp\/v2\/types\/product"}],"replies":[{"embeddable":true,"href":"https:\/\/mps.digital-monkey.in\/de\/wp-json\/wp\/v2\/comments?post=37981"}],"wp:featuredmedia":[{"embeddable":true,"href":"https:\/\/mps.digital-monkey.in\/de\/wp-json\/wp\/v2\/media\/37982"}],"wp:attachment":[{"href":"https:\/\/mps.digital-monkey.in\/de\/wp-json\/wp\/v2\/media?parent=37981"}],"wp:term":[{"taxonomy":"product_brand","embeddable":true,"href":"https:\/\/mps.digital-monkey.in\/de\/wp-json\/wp\/v2\/product_brand?post=37981"},{"taxonomy":"product_cat","embeddable":true,"href":"https:\/\/mps.digital-monkey.in\/de\/wp-json\/wp\/v2\/product_cat?post=37981"},{"taxonomy":"product_tag","embeddable":true,"href":"https:\/\/mps.digital-monkey.in\/de\/wp-json\/wp\/v2\/product_tag?post=37981"}],"curies":[{"name":"wp","href":"https:\/\/api.w.org\/{rel}","templated":true}]}}