{"id":37990,"date":"2025-09-03T13:52:20","date_gmt":"2025-09-03T13:52:20","guid":{"rendered":"https:\/\/mps.digital-monkey.in\/product\/kopfdichtung-yanmar-6lp-serie-mark-3-119771-00411\/"},"modified":"2025-09-03T13:52:20","modified_gmt":"2025-09-03T13:52:20","slug":"kopfdichtung-yanmar-6lp-serie-mark-3-119771-00411","status":"publish","type":"product","link":"https:\/\/mps.digital-monkey.in\/de\/product\/kopfdichtung-yanmar-6lp-serie-mark-3-119771-00411\/","title":{"rendered":"Kopfdichtung Yanmar 6LP Serie (Mark 3) &#8211; 119771-00411"},"content":{"rendered":"<p data-start=\"451\" data-end=\"510\"><strong data-start=\"451\" data-end=\"508\">Kopfdichtung Yanmar 6LP Serie (Mark 3) &#8211; 119771-00411<\/strong><\/p>\n<p data-start=\"512\" data-end=\"837\">Diese <strong data-start=\"517\" data-end=\"571\">Yanmar-Zylinderkopfdichtung (119771-00411, Mark 3)<\/strong> ist f\u00fcr die <strong data-start=\"589\" data-end=\"618\">Schiffsmotoren der Serie 6LP<\/strong> bestimmt. Sie wird nach OEM-Spezifikationen hergestellt und sorgt f\u00fcr eine pr\u00e4zise und dauerhafte Abdichtung zwischen Zylinderkopf und Motorblock. Sie verhindert das Austreten von K\u00fchlmittel und Verbrennungsgasen und erh\u00e4lt gleichzeitig die Kompression und die Effizienz des Motors. <\/p>\n<p data-start=\"839\" data-end=\"887\"><strong data-start=\"839\" data-end=\"885\">Kompatibel mit Yanmar-Motoren der Serie 6LP:<\/strong><\/p>\n<ul data-start=\"888\" data-end=\"990\">\n<li data-start=\"888\" data-end=\"898\">\n<p data-start=\"890\" data-end=\"898\">6LP-ST<\/p>\n<\/li>\n<li data-start=\"899\" data-end=\"910\">\n<p data-start=\"901\" data-end=\"910\">6LP-STE<\/p>\n<\/li>\n<li data-start=\"911\" data-end=\"923\">\n<p data-start=\"913\" data-end=\"923\">6LP-STZE<\/p>\n<\/li>\n<li data-start=\"924\" data-end=\"937\">\n<p data-start=\"926\" data-end=\"937\">6LP-STZE1<\/p>\n<\/li>\n<li data-start=\"938\" data-end=\"950\">\n<p data-start=\"940\" data-end=\"950\">6LP-STZY<\/p>\n<\/li>\n<li data-start=\"951\" data-end=\"964\">\n<p data-start=\"953\" data-end=\"964\">6LP-STZYJ<\/p>\n<\/li>\n<li data-start=\"965\" data-end=\"976\">\n<p data-start=\"967\" data-end=\"976\">6LP-WST<\/p>\n<\/li>\n<li data-start=\"977\" data-end=\"990\">\n<p data-start=\"979\" data-end=\"990\">6LP-WSTZY<\/p>\n<\/li>\n<\/ul>\n<p data-start=\"992\" data-end=\"1011\"><strong data-start=\"992\" data-end=\"1009\">Wichtigste Vorteile:<\/strong><\/p>\n<ul data-start=\"1012\" data-end=\"1267\">\n<li data-start=\"1012\" data-end=\"1055\">\n<p data-start=\"1014\" data-end=\"1055\">Ersatzdichtung in OEM-Qualit\u00e4t (Mark 3)<\/p>\n<\/li>\n<li data-start=\"1056\" data-end=\"1099\">\n<p data-start=\"1058\" data-end=\"1099\">Verhindert das Austreten von K\u00fchlmittel und Verbrennungsr\u00fcckst\u00e4nden<\/p>\n<\/li>\n<li data-start=\"1100\" data-end=\"1153\">\n<p data-start=\"1102\" data-end=\"1153\">Sorgt f\u00fcr die richtige Kompression und K\u00fchleffizienz<\/p>\n<\/li>\n<li data-start=\"1154\" data-end=\"1199\">\n<p data-start=\"1156\" data-end=\"1199\">Hitze- und druckbest\u00e4ndige Konstruktion<\/p>\n<\/li>\n<li data-start=\"1200\" data-end=\"1267\">\n<p data-start=\"1202\" data-end=\"1267\">Ideal f\u00fcr \u00dcberholungen, \u00dcberholungen oder Reparaturen von Schiffsmotoren<\/p>\n<\/li>\n<\/ul>\n<p data-start=\"1269\" data-end=\"1480\">Diese <strong data-start=\"1274\" data-end=\"1309\">Yanmar 6LP Zylinderkopfdichtung (Mark 3)<\/strong> bietet zuverl\u00e4ssige Dichtungsleistung und lange Haltbarkeit und ist damit die perfekte Wahl f\u00fcr Schiffsmechaniker und Bootseigner, die einen zuverl\u00e4ssigen Betrieb auf See w\u00fcnschen.<\/p>\n","protected":false},"excerpt":{"rendered":"<p>Kopfdichtung Yanmar 6LP Serie (Mark 3) &#8211; 119771-00411 Diese Yanmar-Zylinderkopfdichtung (119771-00411, Mark 3) ist f\u00fcr die Schiffsmotoren der Serie 6LP bestimmt. Sie wird nach OEM-Spezifikationen hergestellt und sorgt f\u00fcr eine pr\u00e4zise und dauerhafte Abdichtung zwischen Zylinderkopf und Motorblock. Sie verhindert das Austreten von K\u00fchlmittel und Verbrennungsgasen und erh\u00e4lt gleichzeitig die Kompression und die Effizienz des [&hellip;]<\/p>\n","protected":false},"featured_media":37991,"comment_status":"open","ping_status":"closed","template":"","meta":[],"product_brand":[4236],"product_cat":[2498,3037,3038],"product_tag":[],"class_list":{"0":"post-37990","1":"product","2":"type-product","3":"status-publish","4":"has-post-thumbnail","6":"product_brand-yanmar","7":"product_cat-ersatzteile-fur-motoren","8":"product_cat-kits-fur-wartung-und-reparatur","9":"product_cat-motor-dichtungen","10":"pa_condition-neu","11":"pa_model-6lp-st","12":"pa_model-6lp-ste","13":"pa_model-6lp-stze","14":"pa_model-6lp-stze1","15":"pa_model-6lp-stzy","16":"pa_model-6lp-stzyj","17":"pa_model-6lp-wst","18":"pa_model-6lp-wstzy","19":"pa_oem-or-aftermarket-aftermarket","21":"first","22":"onbackorder","23":"sale","24":"taxable","25":"shipping-taxable","26":"purchasable","27":"product-type-simple"},"supplier_id":7294,"supplier_sku":"REC119771-00411","barcode":null,"atum_controlled":true,"out_stock_date":"2025-11-21 13:01:45","out_stock_threshold":null,"inheritable":false,"inbound_stock":0,"stock_on_hold":0,"sold_today":0,"sales_last_days":0,"reserved_stock":0,"customer_returns":0,"warehouse_damage":0,"lost_in_post":0,"other_logs":0,"out_stock_days":24,"lost_sales":0,"has_location":false,"update_date":"2025-12-16T08:22:44","atum_locations":[],"atum_stock_status":"onbackorder","restock_status":false,"low_stock_amount":1,"sales_update_date":"2025-12-16T08:22:44","calc_backorders":null,"_links":{"self":[{"href":"https:\/\/mps.digital-monkey.in\/de\/wp-json\/wp\/v2\/product\/37990","targetHints":{"allow":["GET"]}}],"collection":[{"href":"https:\/\/mps.digital-monkey.in\/de\/wp-json\/wp\/v2\/product"}],"about":[{"href":"https:\/\/mps.digital-monkey.in\/de\/wp-json\/wp\/v2\/types\/product"}],"replies":[{"embeddable":true,"href":"https:\/\/mps.digital-monkey.in\/de\/wp-json\/wp\/v2\/comments?post=37990"}],"wp:featuredmedia":[{"embeddable":true,"href":"https:\/\/mps.digital-monkey.in\/de\/wp-json\/wp\/v2\/media\/37991"}],"wp:attachment":[{"href":"https:\/\/mps.digital-monkey.in\/de\/wp-json\/wp\/v2\/media?parent=37990"}],"wp:term":[{"taxonomy":"product_brand","embeddable":true,"href":"https:\/\/mps.digital-monkey.in\/de\/wp-json\/wp\/v2\/product_brand?post=37990"},{"taxonomy":"product_cat","embeddable":true,"href":"https:\/\/mps.digital-monkey.in\/de\/wp-json\/wp\/v2\/product_cat?post=37990"},{"taxonomy":"product_tag","embeddable":true,"href":"https:\/\/mps.digital-monkey.in\/de\/wp-json\/wp\/v2\/product_tag?post=37990"}],"curies":[{"name":"wp","href":"https:\/\/api.w.org\/{rel}","templated":true}]}}