{"id":38007,"date":"2025-09-03T14:01:34","date_gmt":"2025-09-03T14:01:34","guid":{"rendered":"https:\/\/mps.digital-monkey.in\/product\/kopfdichtung-yanmar-6lp-serie-mark-5-119771-00421\/"},"modified":"2025-09-03T14:01:34","modified_gmt":"2025-09-03T14:01:34","slug":"kopfdichtung-yanmar-6lp-serie-mark-5-119771-00421","status":"publish","type":"product","link":"https:\/\/mps.digital-monkey.in\/de\/produkt\/kopfdichtung-yanmar-6lp-serie-mark-5-119771-00421\/","title":{"rendered":"Kopfdichtung Yanmar 6LP Serie (Mark 5) - 119771-00421"},"content":{"rendered":"<p data-start=\"455\" data-end=\"514\"><strong data-start=\"455\" data-end=\"512\">Kopfdichtung Yanmar 6LP Serie (Mark 5) - 119771-00421<\/strong><\/p>\n<p data-start=\"516\" data-end=\"873\">Diese <strong data-start=\"537\" data-end=\"591\">Zylinderkopfdichtung (119771-00421, Mark 5)<\/strong> in Originalqualit\u00e4t <strong data-start=\"537\" data-end=\"591\">von Yanmar<\/strong> wurde speziell f\u00fcr die <strong data-start=\"625\" data-end=\"654\">Schiffsmotoren der Serie 6LP<\/strong> entwickelt. Sie wurde nach OEM-Standards entwickelt und sorgt f\u00fcr eine pr\u00e4zise und dauerhafte Abdichtung zwischen Zylinderkopf und Motorblock. Sie verhindert das Austreten von K\u00fchlmittel und Verbrennungsgasen, w\u00e4hrend die Kompression und die zuverl\u00e4ssige Leistung erhalten bleiben. <\/p>\n<p data-start=\"875\" data-end=\"923\"><strong data-start=\"875\" data-end=\"921\">Kompatibel mit Yanmar-Motoren der Serie 6LP:<\/strong><\/p>\n<ul data-start=\"924\" data-end=\"1026\">\n<li data-start=\"924\" data-end=\"934\">\n<p data-start=\"926\" data-end=\"934\">6LP-ST<\/p>\n<\/li>\n<li data-start=\"935\" data-end=\"946\">\n<p data-start=\"937\" data-end=\"946\">6LP-STE<\/p>\n<\/li>\n<li data-start=\"947\" data-end=\"959\">\n<p data-start=\"949\" data-end=\"959\">6LP-STZE<\/p>\n<\/li>\n<li data-start=\"960\" data-end=\"973\">\n<p data-start=\"962\" data-end=\"973\">6LP-STZE1<\/p>\n<\/li>\n<li data-start=\"974\" data-end=\"986\">\n<p data-start=\"976\" data-end=\"986\">6LP-STZY<\/p>\n<\/li>\n<li data-start=\"987\" data-end=\"1000\">\n<p data-start=\"989\" data-end=\"1000\">6LP-STZYJ<\/p>\n<\/li>\n<li data-start=\"1001\" data-end=\"1012\">\n<p data-start=\"1003\" data-end=\"1012\">6LP-WST<\/p>\n<\/li>\n<li data-start=\"1013\" data-end=\"1026\">\n<p data-start=\"1015\" data-end=\"1026\">6LP-WSTZY<\/p>\n<\/li>\n<\/ul>\n<p data-start=\"1028\" data-end=\"1047\"><strong data-start=\"1028\" data-end=\"1045\">Wichtigste Vorteile:<\/strong><\/p>\n<ul data-start=\"1048\" data-end=\"1305\">\n<li data-start=\"1048\" data-end=\"1091\">\n<p data-start=\"1050\" data-end=\"1091\">Ersatzdichtung in OEM-Qualit\u00e4t (Mark 5)<\/p>\n<\/li>\n<li data-start=\"1092\" data-end=\"1139\">\n<p data-start=\"1094\" data-end=\"1139\">Verhindert das Austreten von K\u00fchlmittel und Verbrennungsgasen<\/p>\n<\/li>\n<li data-start=\"1140\" data-end=\"1188\">\n<p data-start=\"1142\" data-end=\"1188\">Erh\u00e4lt die Effizienz von Kompression und K\u00fchlung<\/p>\n<\/li>\n<li data-start=\"1189\" data-end=\"1242\">\n<p data-start=\"1191\" data-end=\"1242\">Starke, hitze- und druckbest\u00e4ndige Konstruktion<\/p>\n<\/li>\n<li data-start=\"1243\" data-end=\"1305\">\n<p data-start=\"1245\" data-end=\"1305\">Perfekt f\u00fcr \u00dcberholungen, \u00dcberholungen oder Reparaturen von Spitzenmotoren<\/p>\n<\/li>\n<\/ul>\n<p data-start=\"1307\" data-end=\"1485\">Diese <strong data-start=\"1312\" data-end=\"1347\">Yanmar 6LP Zylinderkopfdichtung (Mark 5)<\/strong> bietet die Haltbarkeit und Zuverl\u00e4ssigkeit, die f\u00fcr Schiffsmotoren erforderlich ist, und gew\u00e4hrleistet einen reibungslosen Betrieb und eine zuverl\u00e4ssige Leistung auf dem Wasser.<\/p>\n","protected":false},"excerpt":{"rendered":"<p>Kopfdichtung Yanmar 6LP Serie (Mark 5) - 119771-00421 Diese Zylinderkopfdichtung (119771-00421, Mark 5) in Originalqualit\u00e4t von Yanmar wurde speziell f\u00fcr die Schiffsmotoren der Serie 6LP entwickelt. Sie wurde nach OEM-Standards entwickelt und sorgt f\u00fcr eine pr\u00e4zise und dauerhafte Abdichtung zwischen Zylinderkopf und Motorblock. Sie verhindert das Austreten von K\u00fchlmittel und Verbrennungsgasen, w\u00e4hrend die Kompression und [&hellip;]<\/p>\n","protected":false},"featured_media":38008,"comment_status":"open","ping_status":"closed","template":"","meta":[],"product_brand":[4236],"product_cat":[3038,2498,3037],"product_tag":[],"class_list":{"0":"post-38007","1":"product","2":"type-product","3":"status-publish","4":"has-post-thumbnail","6":"product_brand-yanmar","7":"product_cat-motor-dichtungen","8":"product_cat-ersatzteile-fur-motoren","9":"product_cat-kits-fur-wartung-und-reparatur","10":"pa_condition-neu","11":"pa_model-6lp-st","12":"pa_model-6lp-ste","13":"pa_model-6lp-stze","14":"pa_model-6lp-stze1","15":"pa_model-6lp-stzy","16":"pa_model-6lp-stzyj","17":"pa_model-6lp-wst","18":"pa_model-6lp-wstzy","19":"pa_oem-or-aftermarket-aftermarket","21":"first","22":"onbackorder","23":"sale","24":"taxable","25":"shipping-taxable","26":"purchasable","27":"product-type-simple"},"supplier_id":7294,"supplier_sku":"REC119771-00421","barcode":null,"atum_controlled":true,"out_stock_date":"2025-11-21 13:01:41","out_stock_threshold":null,"inheritable":false,"inbound_stock":0,"stock_on_hold":0,"sold_today":0,"sales_last_days":0,"reserved_stock":0,"customer_returns":0,"warehouse_damage":0,"lost_in_post":0,"other_logs":0,"out_stock_days":24,"lost_sales":0,"has_location":false,"update_date":"2025-12-16T08:22:45","atum_locations":[],"atum_stock_status":"onbackorder","restock_status":false,"low_stock_amount":1,"sales_update_date":"2025-12-16T08:22:45","calc_backorders":null,"_links":{"self":[{"href":"https:\/\/mps.digital-monkey.in\/de\/wp-json\/wp\/v2\/product\/38007","targetHints":{"allow":["GET"]}}],"collection":[{"href":"https:\/\/mps.digital-monkey.in\/de\/wp-json\/wp\/v2\/product"}],"about":[{"href":"https:\/\/mps.digital-monkey.in\/de\/wp-json\/wp\/v2\/types\/product"}],"replies":[{"embeddable":true,"href":"https:\/\/mps.digital-monkey.in\/de\/wp-json\/wp\/v2\/comments?post=38007"}],"wp:featuredmedia":[{"embeddable":true,"href":"https:\/\/mps.digital-monkey.in\/de\/wp-json\/wp\/v2\/media\/38008"}],"wp:attachment":[{"href":"https:\/\/mps.digital-monkey.in\/de\/wp-json\/wp\/v2\/media?parent=38007"}],"wp:term":[{"taxonomy":"product_brand","embeddable":true,"href":"https:\/\/mps.digital-monkey.in\/de\/wp-json\/wp\/v2\/product_brand?post=38007"},{"taxonomy":"product_cat","embeddable":true,"href":"https:\/\/mps.digital-monkey.in\/de\/wp-json\/wp\/v2\/product_cat?post=38007"},{"taxonomy":"product_tag","embeddable":true,"href":"https:\/\/mps.digital-monkey.in\/de\/wp-json\/wp\/v2\/product_tag?post=38007"}],"curies":[{"name":"wp","href":"https:\/\/api.w.org\/{rel}","templated":true}]}}