{"id":38166,"date":"2025-09-05T07:16:53","date_gmt":"2025-09-05T07:16:53","guid":{"rendered":"https:\/\/mps.digital-monkey.in\/product\/kopfdichtungssatz-yanmar-1gm-1gml-728170-92600\/"},"modified":"2025-10-30T12:23:12","modified_gmt":"2025-10-30T12:23:12","slug":"kopfdichtungssatz-yanmar-1gm-1gml-728170-92600","status":"publish","type":"product","link":"https:\/\/mps.digital-monkey.in\/de\/produkt\/kopfdichtungssatz-yanmar-1gm-1gml-728170-92600\/","title":{"rendered":"Kopfdichtungssatz Yanmar 1GM \/ 1GML - 728170-92600"},"content":{"rendered":"<p data-start=\"449\" data-end=\"503\"><strong data-start=\"449\" data-end=\"501\">Kopfdichtungssatz Yanmar 1GM \/ 1GML - 728170-92600<\/strong><\/p>\n<p data-start=\"505\" data-end=\"775\">Dieser <strong data-start=\"510\" data-end=\"560\">Yanmar Zylinderkopfdichtungssatz (728170-92600<\/strong> ) ist f\u00fcr die <strong data-start=\"581\" data-end=\"612\">1GM und 1GML Schiffsmotoren<\/strong> bestimmt. Das Kit enth\u00e4lt alle wichtigen Dichtungen, die f\u00fcr die Wartung des Zylinderkopfs ben\u00f6tigt werden, und gew\u00e4hrleistet eine perfekte Passform, eine zuverl\u00e4ssige Abdichtung und eine lange Lebensdauer.<\/p>\n<p data-start=\"777\" data-end=\"814\"><strong data-start=\"777\" data-end=\"812\">Kompatibel mit Yanmar-Motoren:<\/strong><\/p>\n<ul data-start=\"815\" data-end=\"831\">\n<li data-start=\"815\" data-end=\"822\">\n<p data-start=\"817\" data-end=\"822\">1GM<\/p>\n<\/li>\n<li data-start=\"823\" data-end=\"831\">\n<p data-start=\"825\" data-end=\"831\">1GML<\/p>\n<\/li>\n<\/ul>\n<p data-start=\"833\" data-end=\"852\"><strong data-start=\"833\" data-end=\"850\">Wichtigste Vorteile:<\/strong><\/p>\n<ul data-start=\"853\" data-end=\"1126\">\n<li data-start=\"853\" data-end=\"912\">\n<p data-start=\"855\" data-end=\"912\">Kompletter Zylinderkopfdichtungssatz f\u00fcr Yanmar 1GM \/ 1GML<\/p>\n<\/li>\n<li data-start=\"913\" data-end=\"966\">\n<p data-start=\"915\" data-end=\"966\">Verhindert den Austritt von Wasser, \u00d6l und Verbrennungsgas<\/p>\n<\/li>\n<li data-start=\"967\" data-end=\"1019\">\n<p data-start=\"969\" data-end=\"1019\">Sorgt f\u00fcr die richtige Kompression und die Effizienz des Motors<\/p>\n<\/li>\n<li data-start=\"1020\" data-end=\"1067\">\n<p data-start=\"1022\" data-end=\"1067\">Materialien in Erstausr\u00fcsterqualit\u00e4t f\u00fcr Langlebigkeit auf See<\/p>\n<\/li>\n<li data-start=\"1068\" data-end=\"1126\">\n<p data-start=\"1070\" data-end=\"1126\">Ideal f\u00fcr \u00dcberholungen, \u00dcberholungen oder Kopfreparaturen<\/p>\n<\/li>\n<\/ul>\n<p data-start=\"1128\" data-end=\"1296\">Dieser <strong data-start=\"1133\" data-end=\"1170\">Yanmar 1GM \/ 1GML Kopfdichtungssatz<\/strong> ist die perfekte Wahl f\u00fcr die Wartung von Schiffsmotoren. Er enth\u00e4lt alle notwendigen Dichtungen f\u00fcr eine zuverl\u00e4ssige und leckagefreie Reparatur.<\/p>\n","protected":false},"excerpt":{"rendered":"<p>Kopfdichtungssatz Yanmar 1GM \/ 1GML - 728170-92600 Dieser Yanmar Zylinderkopfdichtungssatz (728170-92600 ) ist f\u00fcr die 1GM und 1GML Schiffsmotoren bestimmt. Das Kit enth\u00e4lt alle wichtigen Dichtungen, die f\u00fcr die Wartung des Zylinderkopfs ben\u00f6tigt werden, und gew\u00e4hrleistet eine perfekte Passform, eine zuverl\u00e4ssige Abdichtung und eine lange Lebensdauer. Kompatibel mit Yanmar-Motoren: 1GM 1GML Wichtigste Vorteile: Kompletter Zylinderkopfdichtungssatz [&hellip;]<\/p>\n","protected":false},"featured_media":38167,"comment_status":"open","ping_status":"closed","template":"","meta":[],"product_brand":[4236],"product_cat":[3038,4452,2498,3037,4441],"product_tag":[],"class_list":{"0":"post-38166","1":"product","2":"type-product","3":"status-publish","4":"has-post-thumbnail","6":"product_brand-yanmar","7":"product_cat-motor-dichtungen","8":"product_cat-1gm-1gm10-teile","9":"product_cat-ersatzteile-fur-motoren","10":"product_cat-kits-fur-wartung-und-reparatur","11":"product_cat-yanmar","12":"pa_condition-neu","13":"pa_model-1gm","14":"pa_model-1gml","15":"pa_oem-or-aftermarket-aftermarket","17":"first","18":"onbackorder","19":"sale","20":"taxable","21":"shipping-taxable","22":"purchasable","23":"product-type-simple"},"supplier_id":7294,"supplier_sku":"REC728170-92600","barcode":null,"atum_controlled":true,"out_stock_date":"2025-11-21 13:01:33","out_stock_threshold":null,"inheritable":false,"inbound_stock":0,"stock_on_hold":0,"sold_today":0,"sales_last_days":0,"reserved_stock":0,"customer_returns":0,"warehouse_damage":0,"lost_in_post":0,"other_logs":0,"out_stock_days":18,"lost_sales":0,"has_location":false,"update_date":"2025-11-21T13:01:33","atum_locations":[],"atum_stock_status":"onbackorder","restock_status":false,"low_stock_amount":1,"sales_update_date":"2025-09-23T13:31:26","calc_backorders":null,"_links":{"self":[{"href":"https:\/\/mps.digital-monkey.in\/de\/wp-json\/wp\/v2\/product\/38166","targetHints":{"allow":["GET"]}}],"collection":[{"href":"https:\/\/mps.digital-monkey.in\/de\/wp-json\/wp\/v2\/product"}],"about":[{"href":"https:\/\/mps.digital-monkey.in\/de\/wp-json\/wp\/v2\/types\/product"}],"replies":[{"embeddable":true,"href":"https:\/\/mps.digital-monkey.in\/de\/wp-json\/wp\/v2\/comments?post=38166"}],"wp:featuredmedia":[{"embeddable":true,"href":"https:\/\/mps.digital-monkey.in\/de\/wp-json\/wp\/v2\/media\/38167"}],"wp:attachment":[{"href":"https:\/\/mps.digital-monkey.in\/de\/wp-json\/wp\/v2\/media?parent=38166"}],"wp:term":[{"taxonomy":"product_brand","embeddable":true,"href":"https:\/\/mps.digital-monkey.in\/de\/wp-json\/wp\/v2\/product_brand?post=38166"},{"taxonomy":"product_cat","embeddable":true,"href":"https:\/\/mps.digital-monkey.in\/de\/wp-json\/wp\/v2\/product_cat?post=38166"},{"taxonomy":"product_tag","embeddable":true,"href":"https:\/\/mps.digital-monkey.in\/de\/wp-json\/wp\/v2\/product_tag?post=38166"}],"curies":[{"name":"wp","href":"https:\/\/api.w.org\/{rel}","templated":true}]}}