{"id":38175,"date":"2025-09-05T07:22:44","date_gmt":"2025-09-05T07:22:44","guid":{"rendered":"https:\/\/mps.digital-monkey.in\/product\/kopfdichtungssatz-yanmar-1gm10-728171-92601\/"},"modified":"2025-10-30T12:23:14","modified_gmt":"2025-10-30T12:23:14","slug":"kopfdichtungssatz-yanmar-1gm10-728171-92601","status":"publish","type":"product","link":"https:\/\/mps.digital-monkey.in\/de\/product\/kopfdichtungssatz-yanmar-1gm10-728171-92601\/","title":{"rendered":"Kopfdichtungssatz Yanmar 1GM10 &#8211; 728171-92601"},"content":{"rendered":"<p data-start=\"482\" data-end=\"531\"><strong data-start=\"482\" data-end=\"529\">Kopfdichtungssatz Yanmar 1GM10 &#8211; 728171-92601<\/strong><\/p>\n<p data-start=\"533\" data-end=\"787\">Dieser <strong data-start=\"538\" data-end=\"579\">Yanmar Kopfdichtungssatz (728171-92601<\/strong> ) ist f\u00fcr den <strong data-start=\"600\" data-end=\"630\">Yanmar 1GM10 Schiffsmotor<\/strong> bestimmt. Das Kit enth\u00e4lt alle notwendigen Dichtungen f\u00fcr die Wartung des Zylinderkopfs und gew\u00e4hrleistet eine pr\u00e4zise Passform, eine hervorragende Abdichtung und eine lange Lebensdauer.<\/p>\n<p data-start=\"789\" data-end=\"826\"><strong data-start=\"789\" data-end=\"824\">Kompatibel mit Yanmar-Motoren:<\/strong><\/p>\n<ul data-start=\"827\" data-end=\"836\">\n<li data-start=\"827\" data-end=\"836\">\n<p data-start=\"829\" data-end=\"836\">1GM10<\/p>\n<\/li>\n<\/ul>\n<p data-start=\"838\" data-end=\"857\"><strong data-start=\"838\" data-end=\"855\">Wichtigste Vorteile:<\/strong><\/p>\n<ul data-start=\"858\" data-end=\"1085\">\n<li data-start=\"858\" data-end=\"903\">\n<p data-start=\"860\" data-end=\"903\">Kompletter Kopfdichtungssatz f\u00fcr Yanmar 1GM10<\/p>\n<\/li>\n<li data-start=\"904\" data-end=\"937\">\n<p data-start=\"906\" data-end=\"937\">Ersatzteile in OEM-Qualit\u00e4t<\/p>\n<\/li>\n<li data-start=\"938\" data-end=\"989\">\n<p data-start=\"940\" data-end=\"989\">Verhindert \u00d6l-, Wasser- und Verbrennungsgaslecks<\/p>\n<\/li>\n<li data-start=\"990\" data-end=\"1037\">\n<p data-start=\"992\" data-end=\"1037\">Erh\u00e4lt die Kompression und die Effizienz des Motors<\/p>\n<\/li>\n<li data-start=\"1038\" data-end=\"1085\">\n<p data-start=\"1040\" data-end=\"1085\">Ideal f\u00fcr \u00dcberholungen und Kopfreparaturen<\/p>\n<\/li>\n<\/ul>\n<p data-start=\"1087\" data-end=\"1271\">Dieser <strong data-start=\"1092\" data-end=\"1139\">Yanmar 1GM10 Kopfdichtungssatz (728171-92601<\/strong> ) ist die perfekte Wahl f\u00fcr Bootseigner und Schiffsmechaniker, die eine zuverl\u00e4ssige Dichtungsleistung und einen zuverl\u00e4ssigen Betrieb auf See ben\u00f6tigen.<\/p>\n","protected":false},"excerpt":{"rendered":"<p>Kopfdichtungssatz Yanmar 1GM10 &#8211; 728171-92601 Dieser Yanmar Kopfdichtungssatz (728171-92601 ) ist f\u00fcr den Yanmar 1GM10 Schiffsmotor bestimmt. Das Kit enth\u00e4lt alle notwendigen Dichtungen f\u00fcr die Wartung des Zylinderkopfs und gew\u00e4hrleistet eine pr\u00e4zise Passform, eine hervorragende Abdichtung und eine lange Lebensdauer. Kompatibel mit Yanmar-Motoren: 1GM10 Wichtigste Vorteile: Kompletter Kopfdichtungssatz f\u00fcr Yanmar 1GM10 Ersatzteile in OEM-Qualit\u00e4t Verhindert [&hellip;]<\/p>\n","protected":false},"featured_media":38176,"comment_status":"open","ping_status":"closed","template":"","meta":[],"product_brand":[4236],"product_cat":[4452,2498,3037,3038,4441],"product_tag":[],"class_list":{"0":"post-38175","1":"product","2":"type-product","3":"status-publish","4":"has-post-thumbnail","6":"product_brand-yanmar","7":"product_cat-1gm-1gm10-teile","8":"product_cat-ersatzteile-fur-motoren","9":"product_cat-kits-fur-wartung-und-reparatur","10":"product_cat-motor-dichtungen","11":"product_cat-yanmar","12":"pa_condition-neu","13":"pa_model-1gm10","14":"pa_oem-or-aftermarket-aftermarket","16":"first","17":"onbackorder","18":"taxable","19":"shipping-taxable","20":"purchasable","21":"product-type-simple"},"supplier_id":7294,"supplier_sku":"REC728171-92601","barcode":null,"atum_controlled":true,"out_stock_date":"2025-11-21 13:01:28","out_stock_threshold":null,"inheritable":false,"inbound_stock":0,"stock_on_hold":0,"sold_today":0,"sales_last_days":0,"reserved_stock":0,"customer_returns":0,"warehouse_damage":0,"lost_in_post":0,"other_logs":0,"out_stock_days":18,"lost_sales":0,"has_location":false,"update_date":"2025-11-21T13:01:28","atum_locations":[],"atum_stock_status":"onbackorder","restock_status":false,"low_stock_amount":1,"sales_update_date":"2025-09-23T13:31:26","calc_backorders":null,"_links":{"self":[{"href":"https:\/\/mps.digital-monkey.in\/de\/wp-json\/wp\/v2\/product\/38175","targetHints":{"allow":["GET"]}}],"collection":[{"href":"https:\/\/mps.digital-monkey.in\/de\/wp-json\/wp\/v2\/product"}],"about":[{"href":"https:\/\/mps.digital-monkey.in\/de\/wp-json\/wp\/v2\/types\/product"}],"replies":[{"embeddable":true,"href":"https:\/\/mps.digital-monkey.in\/de\/wp-json\/wp\/v2\/comments?post=38175"}],"wp:featuredmedia":[{"embeddable":true,"href":"https:\/\/mps.digital-monkey.in\/de\/wp-json\/wp\/v2\/media\/38176"}],"wp:attachment":[{"href":"https:\/\/mps.digital-monkey.in\/de\/wp-json\/wp\/v2\/media?parent=38175"}],"wp:term":[{"taxonomy":"product_brand","embeddable":true,"href":"https:\/\/mps.digital-monkey.in\/de\/wp-json\/wp\/v2\/product_brand?post=38175"},{"taxonomy":"product_cat","embeddable":true,"href":"https:\/\/mps.digital-monkey.in\/de\/wp-json\/wp\/v2\/product_cat?post=38175"},{"taxonomy":"product_tag","embeddable":true,"href":"https:\/\/mps.digital-monkey.in\/de\/wp-json\/wp\/v2\/product_tag?post=38175"}],"curies":[{"name":"wp","href":"https:\/\/api.w.org\/{rel}","templated":true}]}}