{"id":38204,"date":"2025-09-05T08:00:37","date_gmt":"2025-09-05T08:00:37","guid":{"rendered":"https:\/\/mps.digital-monkey.in\/product\/kopfdichtungssatz-yanmar-3jh4e-3jh5-729271-92600\/"},"modified":"2025-09-05T08:00:37","modified_gmt":"2025-09-05T08:00:37","slug":"kopfdichtungssatz-yanmar-3jh4e-3jh5-729271-92600","status":"publish","type":"product","link":"https:\/\/mps.digital-monkey.in\/de\/produkt\/kopfdichtungssatz-yanmar-3jh4e-3jh5-729271-92600\/","title":{"rendered":"Kopfdichtungssatz Yanmar 3JH4E \/ 3JH5 - 729271-92600"},"content":{"rendered":"<p data-start=\"452\" data-end=\"508\"><strong data-start=\"452\" data-end=\"506\">Kopfdichtungssatz Yanmar 3JH4E \/ 3JH5 - 729271-92600<\/strong><\/p>\n<p data-start=\"510\" data-end=\"778\">Dieser <strong data-start=\"515\" data-end=\"565\">Yanmar Zylinderkopfdichtungssatz (729271-92600)<\/strong> ist f\u00fcr die <strong data-start=\"586\" data-end=\"619\">3JH4E und 3JH5 Schiffsmotoren<\/strong> bestimmt. Er enth\u00e4lt alle notwendigen Dichtungen f\u00fcr die Wartung des Zylinderkopfes und sorgt f\u00fcr eine perfekte Abdichtung, Leckagevermeidung und eine lang anhaltende Motorleistung. <\/p>\n<p data-start=\"780\" data-end=\"817\"><strong data-start=\"780\" data-end=\"815\">Kompatibel mit Yanmar-Motoren:<\/strong><\/p>\n<ul data-start=\"818\" data-end=\"836\">\n<li data-start=\"818\" data-end=\"827\">\n<p data-start=\"820\" data-end=\"827\">3JH4E<\/p>\n<\/li>\n<li data-start=\"828\" data-end=\"836\">\n<p data-start=\"830\" data-end=\"836\">3JH5<\/p>\n<\/li>\n<\/ul>\n<p data-start=\"838\" data-end=\"857\"><strong data-start=\"838\" data-end=\"855\">Wichtigste Vorteile:<\/strong><\/p>\n<ul data-start=\"858\" data-end=\"1120\">\n<li data-start=\"858\" data-end=\"910\">\n<p data-start=\"860\" data-end=\"910\">Kompletter Kopfdichtungssatz f\u00fcr Yanmar 3JH4E \/ 3JH5<\/p>\n<\/li>\n<li data-start=\"911\" data-end=\"944\">\n<p data-start=\"913\" data-end=\"944\">Ersatzteile in OEM-Qualit\u00e4t<\/p>\n<\/li>\n<li data-start=\"945\" data-end=\"996\">\n<p data-start=\"947\" data-end=\"996\">Verhindert \u00d6l-, K\u00fchlmittel- und Verbrennungsgaslecks<\/p>\n<\/li>\n<li data-start=\"997\" data-end=\"1051\">\n<p data-start=\"999\" data-end=\"1051\">Erh\u00e4lt die richtige Kompression und die Effizienz des Motors<\/p>\n<\/li>\n<li data-start=\"1052\" data-end=\"1120\">\n<p data-start=\"1054\" data-end=\"1120\">Ideal f\u00fcr Top-End-Reparaturen, \u00dcberholungen und Zylinderkopfreparaturen<\/p>\n<\/li>\n<\/ul>\n<p data-start=\"1122\" data-end=\"1292\">Dieser <strong data-start=\"1127\" data-end=\"1181\">Yanmar 3JH4E \/ 3JH5 Zylinderkopfdichtungssatz (729271-92600<\/strong> ) bietet eine zuverl\u00e4ssige Abdichtung und Langlebigkeit, was ihn zur zuverl\u00e4ssigen Wahl f\u00fcr Schiffsmechaniker und Bootsbesitzer macht.<\/p>\n","protected":false},"excerpt":{"rendered":"<p>Kopfdichtungssatz Yanmar 3JH4E \/ 3JH5 - 729271-92600 Dieser Yanmar Zylinderkopfdichtungssatz (729271-92600) ist f\u00fcr die 3JH4E und 3JH5 Schiffsmotoren bestimmt. Er enth\u00e4lt alle notwendigen Dichtungen f\u00fcr die Wartung des Zylinderkopfes und sorgt f\u00fcr eine perfekte Abdichtung, Leckagevermeidung und eine lang anhaltende Motorleistung. Kompatibel mit Yanmar-Motoren: 3JH4E 3JH5 Wichtigste Vorteile: Kompletter Kopfdichtungssatz f\u00fcr Yanmar 3JH4E \/ 3JH5 [&hellip;]<\/p>\n","protected":false},"featured_media":38205,"comment_status":"open","ping_status":"closed","template":"","meta":[],"product_brand":[4236],"product_cat":[3037,2498,3038],"product_tag":[],"class_list":{"0":"post-38204","1":"product","2":"type-product","3":"status-publish","4":"has-post-thumbnail","6":"product_brand-yanmar","7":"product_cat-kits-fur-wartung-und-reparatur","8":"product_cat-ersatzteile-fur-motoren","9":"product_cat-motor-dichtungen","10":"pa_condition-neu","11":"pa_model-3jh4e","12":"pa_model-3jh5e","13":"pa_oem-or-aftermarket-aftermarket","15":"first","16":"onbackorder","17":"taxable","18":"shipping-taxable","19":"purchasable","20":"product-type-simple"},"supplier_id":7294,"supplier_sku":"REC729271-92600","barcode":null,"atum_controlled":true,"out_stock_date":"2025-11-21 13:01:16","out_stock_threshold":null,"inheritable":false,"inbound_stock":0,"stock_on_hold":0,"sold_today":0,"sales_last_days":0,"reserved_stock":0,"customer_returns":0,"warehouse_damage":0,"lost_in_post":0,"other_logs":0,"out_stock_days":18,"lost_sales":0,"has_location":false,"update_date":"2025-11-21T13:01:16","atum_locations":[],"atum_stock_status":"onbackorder","restock_status":false,"low_stock_amount":1,"sales_update_date":"2025-09-23T13:31:26","calc_backorders":null,"_links":{"self":[{"href":"https:\/\/mps.digital-monkey.in\/de\/wp-json\/wp\/v2\/product\/38204","targetHints":{"allow":["GET"]}}],"collection":[{"href":"https:\/\/mps.digital-monkey.in\/de\/wp-json\/wp\/v2\/product"}],"about":[{"href":"https:\/\/mps.digital-monkey.in\/de\/wp-json\/wp\/v2\/types\/product"}],"replies":[{"embeddable":true,"href":"https:\/\/mps.digital-monkey.in\/de\/wp-json\/wp\/v2\/comments?post=38204"}],"wp:featuredmedia":[{"embeddable":true,"href":"https:\/\/mps.digital-monkey.in\/de\/wp-json\/wp\/v2\/media\/38205"}],"wp:attachment":[{"href":"https:\/\/mps.digital-monkey.in\/de\/wp-json\/wp\/v2\/media?parent=38204"}],"wp:term":[{"taxonomy":"product_brand","embeddable":true,"href":"https:\/\/mps.digital-monkey.in\/de\/wp-json\/wp\/v2\/product_brand?post=38204"},{"taxonomy":"product_cat","embeddable":true,"href":"https:\/\/mps.digital-monkey.in\/de\/wp-json\/wp\/v2\/product_cat?post=38204"},{"taxonomy":"product_tag","embeddable":true,"href":"https:\/\/mps.digital-monkey.in\/de\/wp-json\/wp\/v2\/product_tag?post=38204"}],"curies":[{"name":"wp","href":"https:\/\/api.w.org\/{rel}","templated":true}]}}