{"id":38211,"date":"2025-09-05T10:06:46","date_gmt":"2025-09-05T10:06:46","guid":{"rendered":"https:\/\/mps.digital-monkey.in\/product\/kopfdichtungssatz-yanmar-3ym30-728990-92600-119717-01331\/"},"modified":"2025-09-05T10:06:46","modified_gmt":"2025-09-05T10:06:46","slug":"kopfdichtungssatz-yanmar-3ym30-728990-92600-119717-01331","status":"publish","type":"product","link":"https:\/\/mps.digital-monkey.in\/de\/produkt\/kopfdichtungssatz-yanmar-3ym30-728990-92600-119717-01331\/","title":{"rendered":"Kopfdichtungssatz Yanmar 3YM30 - 728990-92600 \/ 119717-01331"},"content":{"rendered":"<p data-start=\"473\" data-end=\"537\"><strong data-start=\"473\" data-end=\"535\">Kopfdichtungssatz Yanmar 3YM30 - 728990-92600 \/ 119717-01331<\/strong><\/p>\n<p data-start=\"539\" data-end=\"810\">Dieser <strong data-start=\"544\" data-end=\"579\">Yanmar Zylinderkopfdichtungssatz<\/strong> wurde speziell f\u00fcr den <strong data-start=\"613\" data-end=\"643\">Yanmar 3YM30 Schiffsmotor<\/strong> entwickelt. Er enth\u00e4lt alle wichtigen Dichtungen, die f\u00fcr die Wartung des Zylinderkopfs erforderlich sind. Er sorgt f\u00fcr eine pr\u00e4zise Passform, verhindert Lecks und gew\u00e4hrleistet eine lange Lebensdauer. <\/p>\n<p data-start=\"812\" data-end=\"841\"><strong data-start=\"812\" data-end=\"839\">Referenz-Teilenummern:<\/strong><\/p>\n<ul data-start=\"842\" data-end=\"875\">\n<li data-start=\"842\" data-end=\"858\">\n<p data-start=\"844\" data-end=\"858\">728990-92600<\/p>\n<\/li>\n<li data-start=\"859\" data-end=\"875\">\n<p data-start=\"861\" data-end=\"875\">119717-01331<\/p>\n<\/li>\n<\/ul>\n<p data-start=\"877\" data-end=\"914\"><strong data-start=\"877\" data-end=\"912\">Kompatibel mit Yanmar-Motoren:<\/strong><\/p>\n<ul data-start=\"915\" data-end=\"924\">\n<li data-start=\"915\" data-end=\"924\">\n<p data-start=\"917\" data-end=\"924\">3YM30<\/p>\n<\/li>\n<\/ul>\n<p data-start=\"926\" data-end=\"945\"><strong data-start=\"926\" data-end=\"943\">Wichtigste Vorteile:<\/strong><\/p>\n<ul data-start=\"946\" data-end=\"1194\">\n<li data-start=\"946\" data-end=\"1000\">\n<p data-start=\"948\" data-end=\"1000\">Kompletter Zylinderkopfdichtungssatz f\u00fcr Yanmar 3YM30<\/p>\n<\/li>\n<li data-start=\"1001\" data-end=\"1042\">\n<p data-start=\"1003\" data-end=\"1042\">Dichtungen in OEM-Qualit\u00e4t f\u00fcr eine perfekte Passform<\/p>\n<\/li>\n<li data-start=\"1043\" data-end=\"1094\">\n<p data-start=\"1045\" data-end=\"1094\">Verhindert \u00d6l-, K\u00fchlmittel- und Verbrennungsgaslecks<\/p>\n<\/li>\n<li data-start=\"1095\" data-end=\"1142\">\n<p data-start=\"1097\" data-end=\"1142\">Erh\u00e4lt die Kompression und die Effizienz des Motors<\/p>\n<\/li>\n<li data-start=\"1143\" data-end=\"1194\">\n<p data-start=\"1145\" data-end=\"1194\">Ideal f\u00fcr Kopfreparaturen, \u00dcberholungen und Wartungsarbeiten<\/p>\n<\/li>\n<\/ul>\n<p data-start=\"1196\" data-end=\"1374\">Dieser <strong data-start=\"1201\" data-end=\"1233\">Yanmar 3YM30 Zylinderkopfdichtungssatz<\/strong> gew\u00e4hrleistet eine zuverl\u00e4ssige Abdichtung und Langlebigkeit und ist damit die zuverl\u00e4ssige Wahl f\u00fcr Bootsmechaniker und Bootseigner, die eine hochwertige Wartung durchf\u00fchren.<\/p>\n","protected":false},"excerpt":{"rendered":"<p>Kopfdichtungssatz Yanmar 3YM30 - 728990-92600 \/ 119717-01331 Dieser Yanmar Zylinderkopfdichtungssatz wurde speziell f\u00fcr den Yanmar 3YM30 Schiffsmotor entwickelt. Er enth\u00e4lt alle wichtigen Dichtungen, die f\u00fcr die Wartung des Zylinderkopfs erforderlich sind. Er sorgt f\u00fcr eine pr\u00e4zise Passform, verhindert Lecks und gew\u00e4hrleistet eine lange Lebensdauer. Referenz-Teilenummern: 728990-92600 119717-01331 Kompatibel mit Yanmar-Motoren: 3YM30 Wichtigste Vorteile: Kompletter Zylinderkopfdichtungssatz [&hellip;]<\/p>\n","protected":false},"featured_media":38212,"comment_status":"open","ping_status":"closed","template":"","meta":[],"product_brand":[4236],"product_cat":[3037,2498,3038,4531],"product_tag":[],"class_list":{"0":"post-38211","1":"product","2":"type-product","3":"status-publish","4":"has-post-thumbnail","6":"product_brand-yanmar","7":"product_cat-kits-fur-wartung-und-reparatur","8":"product_cat-ersatzteile-fur-motoren","9":"product_cat-motor-dichtungen","10":"product_cat-yanmar-service-teile","11":"pa_condition-neu","12":"pa_model-3ym30","13":"pa_oem-or-aftermarket-aftermarket","15":"first","16":"onbackorder","17":"taxable","18":"shipping-taxable","19":"purchasable","20":"product-type-simple"},"supplier_id":7294,"supplier_sku":"REC728990-92600","barcode":null,"atum_controlled":true,"out_stock_date":"2026-02-27 14:11:35","out_stock_threshold":null,"inheritable":false,"inbound_stock":0,"stock_on_hold":0,"sold_today":0,"sales_last_days":0,"reserved_stock":0,"customer_returns":0,"warehouse_damage":0,"lost_in_post":0,"other_logs":0,"out_stock_days":25,"lost_sales":0,"has_location":false,"update_date":"2026-02-27T14:11:35","atum_locations":[],"atum_stock_status":"onbackorder","restock_status":false,"low_stock_amount":1,"sales_update_date":"2025-10-01T07:42:08","calc_backorders":null,"_links":{"self":[{"href":"https:\/\/mps.digital-monkey.in\/de\/wp-json\/wp\/v2\/product\/38211","targetHints":{"allow":["GET"]}}],"collection":[{"href":"https:\/\/mps.digital-monkey.in\/de\/wp-json\/wp\/v2\/product"}],"about":[{"href":"https:\/\/mps.digital-monkey.in\/de\/wp-json\/wp\/v2\/types\/product"}],"replies":[{"embeddable":true,"href":"https:\/\/mps.digital-monkey.in\/de\/wp-json\/wp\/v2\/comments?post=38211"}],"wp:featuredmedia":[{"embeddable":true,"href":"https:\/\/mps.digital-monkey.in\/de\/wp-json\/wp\/v2\/media\/38212"}],"wp:attachment":[{"href":"https:\/\/mps.digital-monkey.in\/de\/wp-json\/wp\/v2\/media?parent=38211"}],"wp:term":[{"taxonomy":"product_brand","embeddable":true,"href":"https:\/\/mps.digital-monkey.in\/de\/wp-json\/wp\/v2\/product_brand?post=38211"},{"taxonomy":"product_cat","embeddable":true,"href":"https:\/\/mps.digital-monkey.in\/de\/wp-json\/wp\/v2\/product_cat?post=38211"},{"taxonomy":"product_tag","embeddable":true,"href":"https:\/\/mps.digital-monkey.in\/de\/wp-json\/wp\/v2\/product_tag?post=38211"}],"curies":[{"name":"wp","href":"https:\/\/api.w.org\/{rel}","templated":true}]}}