{"id":38388,"date":"2025-09-20T13:27:13","date_gmt":"2025-09-20T13:27:13","guid":{"rendered":"https:\/\/mps.digital-monkey.in\/product\/mitsubishi-s4l2-bootsmotor\/"},"modified":"2026-01-04T10:51:18","modified_gmt":"2026-01-04T10:51:18","slug":"mitsubishi-s4l2-bootsmotor","status":"publish","type":"product","link":"https:\/\/mps.digital-monkey.in\/de\/produkt\/mitsubishi-s4l2-bootsmotor\/","title":{"rendered":"Mitsubishi S4L2 Bootsmotor"},"content":{"rendered":"<p data-start=\"0\" data-end=\"281\">Ihr Schiffsmotor wird als Komplettpaket geliefert.<br data-start=\"79\" data-end=\"82\">Der Mitsubishi S4L2 Schiffsmotor ist mit einem W\u00e4rmetauscher, einer Seewasserpumpe, einem Einspritzkr\u00fcmmer, einer Motorverkabelung mit Steckverbindungen, flexiblen Motorlagern und einer separaten Kurbelgeh\u00e4useablasspumpe ausgestattet.<\/p>\n<p data-start=\"283\" data-end=\"625\"><strong data-start=\"283\" data-end=\"294\">Allgemein<\/strong><br data-start=\"294\" data-end=\"297\">Marke: Mitsubishi<br data-start=\"314\" data-end=\"317\">Gewicht: 155 kg<br data-start=\"331\" data-end=\"334\">Kraftstoffart: Diesel<br data-start=\"351\" data-end=\"354\">W\u00e4rmetauscher: Ja<br data-start=\"373\" data-end=\"376\">Abmessungen (L \u00d7 B \u00d7 H): 599 \u00d7 440 \u00d7 527 mm<br data-start=\"418\" data-end=\"421\">Startsystem: Elektrisch<br data-start=\"446\" data-end=\"449\">Seewasserpumpe: Ja<br data-start=\"468\" data-end=\"471\">Einspritzkr\u00fcmmer: Ja<br data-start=\"491\" data-end=\"494\">Getriebe: Optional<br data-start=\"511\" data-end=\"514\">Motorverkabelung: Ja<br data-start=\"532\" data-end=\"535\">K\u00fchlung: Wassergek\u00fchlt<br data-start=\"556\" data-end=\"559\">Flexible Motoraufh\u00e4ngung: Ja<br data-start=\"586\" data-end=\"589\">Separate Kurbelgeh\u00e4useablasspumpe: Ja<\/p>\n<p data-start=\"627\" data-end=\"740\"><strong data-start=\"627\" data-end=\"642\">Leistung<\/strong><br data-start=\"642\" data-end=\"645\">Leistung: 42 PS<br data-start=\"664\" data-end=\"667\">Zylinder: 4 in Reihe<br data-start=\"687\" data-end=\"690\">Hubraum: 1.758 ccm<br data-start=\"712\" data-end=\"715\">Motordrehzahl: 3.000 U\/min<\/p>\n<p data-start=\"742\" data-end=\"945\"><strong data-start=\"742\" data-end=\"755\">Armaturenbrett<\/strong><br data-start=\"755\" data-end=\"758\">Ladeanzeige: Ja<br data-start=\"779\" data-end=\"782\">Abmessungen: 265 \u00d7 190 mm<br data-start=\"806\" data-end=\"809\">Drehzahlmesser: Ja<br data-start=\"824\" data-end=\"827\">Voltmeter: 12 Volt<br data-start=\"845\" data-end=\"848\">Gl\u00fchstart: Ja<br data-start=\"863\" data-end=\"866\">Elektrostopp: Ja<br data-start=\"884\" data-end=\"887\">\u00d6ldruckalarm: Ja<br data-start=\"910\" data-end=\"913\">K\u00fchlmitteltemperaturalarm: Ja<\/p>\n<p data-start=\"947\" data-end=\"1087\" data-is-last-node=\"\" data-is-only-node=\"\">\n","protected":false},"excerpt":{"rendered":"<p>Ihr Schiffsmotor wird als Komplettpaket geliefert.Der Mitsubishi S4L2 Schiffsmotor ist mit einem W\u00e4rmetauscher, einer Seewasserpumpe, einem Einspritzkr\u00fcmmer, einer Motorverkabelung mit Steckverbindungen, flexiblen Motorlagern und einer separaten Kurbelgeh\u00e4useablasspumpe ausgestattet. AllgemeinMarke: MitsubishiGewicht: 155 kgKraftstoffart: DieselW\u00e4rmetauscher: JaAbmessungen (L \u00d7 B \u00d7 H): 599 \u00d7 440 \u00d7 527 mmStartsystem: ElektrischSeewasserpumpe: JaEinspritzkr\u00fcmmer: JaGetriebe: OptionalMotorverkabelung: JaK\u00fchlung: Wassergek\u00fchltFlexible Motoraufh\u00e4ngung: JaSeparate Kurbelgeh\u00e4useablasspumpe: Ja [&hellip;]<\/p>\n","protected":false},"featured_media":38389,"comment_status":"open","ping_status":"closed","template":"","meta":[],"product_brand":[],"product_cat":[2485],"product_tag":[],"class_list":{"0":"post-38388","1":"product","2":"type-product","3":"status-publish","4":"has-post-thumbnail","6":"product_cat-motoren","7":"product_shipping_class-motor-de","8":"pa_condition-neu","9":"pa_variant-mit-hurth-zf-12m-getriebe","10":"pa_variant-mit-tmc60-getriebe","11":"pa_variant-ohne-getriebe","13":"first","14":"onbackorder","15":"taxable","16":"shipping-taxable","17":"purchasable","18":"product-type-variable"},"supplier_id":null,"supplier_sku":"","barcode":null,"atum_controlled":true,"out_stock_date":"2025-09-20 16:32:10","out_stock_threshold":null,"inheritable":true,"inbound_stock":0,"stock_on_hold":0,"sold_today":0,"sales_last_days":0,"reserved_stock":0,"customer_returns":0,"warehouse_damage":0,"lost_in_post":0,"other_logs":0,"out_stock_days":105,"lost_sales":0,"has_location":false,"update_date":"2026-03-10T15:00:30","atum_locations":[],"atum_stock_status":"onbackorder","restock_status":false,"low_stock_amount":0,"sales_update_date":"2026-03-10T15:00:30","calc_backorders":null,"_links":{"self":[{"href":"https:\/\/mps.digital-monkey.in\/de\/wp-json\/wp\/v2\/product\/38388","targetHints":{"allow":["GET"]}}],"collection":[{"href":"https:\/\/mps.digital-monkey.in\/de\/wp-json\/wp\/v2\/product"}],"about":[{"href":"https:\/\/mps.digital-monkey.in\/de\/wp-json\/wp\/v2\/types\/product"}],"replies":[{"embeddable":true,"href":"https:\/\/mps.digital-monkey.in\/de\/wp-json\/wp\/v2\/comments?post=38388"}],"wp:featuredmedia":[{"embeddable":true,"href":"https:\/\/mps.digital-monkey.in\/de\/wp-json\/wp\/v2\/media\/38389"}],"wp:attachment":[{"href":"https:\/\/mps.digital-monkey.in\/de\/wp-json\/wp\/v2\/media?parent=38388"}],"wp:term":[{"taxonomy":"product_brand","embeddable":true,"href":"https:\/\/mps.digital-monkey.in\/de\/wp-json\/wp\/v2\/product_brand?post=38388"},{"taxonomy":"product_cat","embeddable":true,"href":"https:\/\/mps.digital-monkey.in\/de\/wp-json\/wp\/v2\/product_cat?post=38388"},{"taxonomy":"product_tag","embeddable":true,"href":"https:\/\/mps.digital-monkey.in\/de\/wp-json\/wp\/v2\/product_tag?post=38388"}],"curies":[{"name":"wp","href":"https:\/\/api.w.org\/{rel}","templated":true}]}}