{"id":38423,"date":"2025-09-22T12:35:14","date_gmt":"2025-09-22T12:35:14","guid":{"rendered":"https:\/\/mps.digital-monkey.in\/product\/kopfdichtungssatz-yanmar-729693-92600\/"},"modified":"2025-09-22T12:35:14","modified_gmt":"2025-09-22T12:35:14","slug":"kopfdichtungssatz-yanmar-729693-92600","status":"publish","type":"product","link":"https:\/\/mps.digital-monkey.in\/de\/product\/kopfdichtungssatz-yanmar-729693-92600\/","title":{"rendered":"Kopfdichtungssatz Yanmar &#8211; 729693-92600"},"content":{"rendered":"<h2 data-start=\"169\" data-end=\"213\"><strong data-start=\"172\" data-end=\"213\">Kopfdichtungssatz Yanmar &#8211; 729693-92600<\/strong><\/h2>\n<p data-start=\"215\" data-end=\"515\">Dieser Original <strong data-start=\"228\" data-end=\"263\">Yanmar Zylinderkopfdichtungssatz<\/strong> wurde speziell f\u00fcr Yanmar Marinemotoren entwickelt. Der Satz enth\u00e4lt alle wesentlichen Dichtungen, die f\u00fcr die Wartung des Zylinderkopfs ben\u00f6tigt werden. Er gew\u00e4hrleistet eine <strong data-start=\"412\" data-end=\"427\">pr\u00e4zise Passform<\/strong>, eine <strong data-start=\"429\" data-end=\"449\">zuverl\u00e4ssige Abdichtung<\/strong> und eine <strong data-start=\"455\" data-end=\"483\">lang anhaltende Leistung<\/strong> unter anspruchsvollen maritimen Bedingungen. <\/p>\n<h3 data-start=\"517\" data-end=\"547\"><strong data-start=\"521\" data-end=\"547\">Referenz-Artikelnummer:<\/strong><\/h3>\n<ul data-start=\"548\" data-end=\"562\">\n<li data-start=\"548\" data-end=\"562\">\n<p data-start=\"550\" data-end=\"562\">729693-92600<\/p>\n<\/li>\n<\/ul>\n<h3 data-start=\"564\" data-end=\"603\"><strong data-start=\"568\" data-end=\"603\">Kompatibel mit Yanmar-Motoren:<\/strong><\/h3>\n<ul data-start=\"604\" data-end=\"646\">\n<li data-start=\"604\" data-end=\"614\">\n<p data-start=\"606\" data-end=\"614\">4JH3-DTE<\/p>\n<\/li>\n<li data-start=\"615\" data-end=\"625\">\n<p data-start=\"617\" data-end=\"625\">4JH3-HTE<\/p>\n<\/li>\n<li data-start=\"626\" data-end=\"635\">\n<p data-start=\"628\" data-end=\"635\">4JH3-TE<\/p>\n<\/li>\n<li data-start=\"636\" data-end=\"646\">\n<p data-start=\"638\" data-end=\"646\">4JH3-TCE<\/p>\n<\/li>\n<\/ul>\n<h3 data-start=\"648\" data-end=\"669\"><strong data-start=\"652\" data-end=\"669\">Wichtigste Vorteile:<\/strong><\/h3>\n<ul data-start=\"670\" data-end=\"952\">\n<li data-start=\"670\" data-end=\"736\">\n<p data-start=\"672\" data-end=\"736\">Kompletter Zylinderkopfdichtungssatz f\u00fcr Yanmar Motoren der Serie 4JH3<\/p>\n<\/li>\n<li data-start=\"737\" data-end=\"791\">\n<p data-start=\"739\" data-end=\"791\">Dichtungen in OEM-Qualit\u00e4t f\u00fcr perfekte Passform und Haltbarkeit<\/p>\n<\/li>\n<li data-start=\"792\" data-end=\"846\">\n<p data-start=\"794\" data-end=\"846\">Verhindert das Austreten von \u00d6l, K\u00fchlmittel und Verbrennungsgasen<\/p>\n<\/li>\n<li data-start=\"847\" data-end=\"893\">\n<p data-start=\"849\" data-end=\"893\">Erh\u00e4lt die Kompression und die Motorleistung<\/p>\n<\/li>\n<li data-start=\"894\" data-end=\"952\">\n<p data-start=\"896\" data-end=\"952\">Ideal f\u00fcr Reparaturen, \u00dcberholungen und Wartung von Zylinderk\u00f6pfen<\/p>\n<\/li>\n<\/ul>\n<p data-start=\"954\" data-end=\"1165\">Dieser <strong data-start=\"959\" data-end=\"998\">Yanmar Zylinderkopfdichtungssatz 729693-92600<\/strong> garantiert eine <strong data-start=\"1010\" data-end=\"1052\">zuverl\u00e4ssige Abdichtung und Motoreffizienz<\/strong> und ist damit die zuverl\u00e4ssige Wahl f\u00fcr Schiffsingenieure, Mechaniker und Bootseigner, die eine hochwertige Wartung durchf\u00fchren.<\/p>\n<p>&nbsp;<\/p>\n","protected":false},"excerpt":{"rendered":"<p>Kopfdichtungssatz Yanmar &#8211; 729693-92600 Dieser Original Yanmar Zylinderkopfdichtungssatz wurde speziell f\u00fcr Yanmar Marinemotoren entwickelt. Der Satz enth\u00e4lt alle wesentlichen Dichtungen, die f\u00fcr die Wartung des Zylinderkopfs ben\u00f6tigt werden. Er gew\u00e4hrleistet eine pr\u00e4zise Passform, eine zuverl\u00e4ssige Abdichtung und eine lang anhaltende Leistung unter anspruchsvollen maritimen Bedingungen. Referenz-Artikelnummer: 729693-92600 Kompatibel mit Yanmar-Motoren: 4JH3-DTE 4JH3-HTE 4JH3-TE 4JH3-TCE Wichtigste [&hellip;]<\/p>\n","protected":false},"featured_media":38424,"comment_status":"open","ping_status":"closed","template":"","meta":[],"product_brand":[4236],"product_cat":[2498,3037,3038],"product_tag":[],"class_list":{"0":"post-38423","1":"product","2":"type-product","3":"status-publish","4":"has-post-thumbnail","6":"product_brand-yanmar","7":"product_cat-ersatzteile-fur-motoren","8":"product_cat-kits-fur-wartung-und-reparatur","9":"product_cat-motor-dichtungen","10":"pa_condition-neu","11":"pa_model-4jh3-dte","12":"pa_model-4jh3-hte","13":"pa_model-4jh3-tce","14":"pa_model-4jh3-te","15":"pa_oem-or-aftermarket-aftermarket","17":"first","18":"onbackorder","19":"sale","20":"taxable","21":"shipping-taxable","22":"purchasable","23":"product-type-simple"},"supplier_id":7294,"supplier_sku":"REC729693-92600","barcode":null,"atum_controlled":true,"out_stock_date":"2025-11-21 13:00:54","out_stock_threshold":null,"inheritable":false,"inbound_stock":0,"stock_on_hold":0,"sold_today":0,"sales_last_days":0,"reserved_stock":0,"customer_returns":0,"warehouse_damage":0,"lost_in_post":0,"other_logs":0,"out_stock_days":8,"lost_sales":0,"has_location":false,"update_date":"2025-11-21T13:00:54","atum_locations":[],"atum_stock_status":"onbackorder","restock_status":false,"low_stock_amount":1,"sales_update_date":"2025-10-01T07:42:08","calc_backorders":null,"_links":{"self":[{"href":"https:\/\/mps.digital-monkey.in\/de\/wp-json\/wp\/v2\/product\/38423","targetHints":{"allow":["GET"]}}],"collection":[{"href":"https:\/\/mps.digital-monkey.in\/de\/wp-json\/wp\/v2\/product"}],"about":[{"href":"https:\/\/mps.digital-monkey.in\/de\/wp-json\/wp\/v2\/types\/product"}],"replies":[{"embeddable":true,"href":"https:\/\/mps.digital-monkey.in\/de\/wp-json\/wp\/v2\/comments?post=38423"}],"wp:featuredmedia":[{"embeddable":true,"href":"https:\/\/mps.digital-monkey.in\/de\/wp-json\/wp\/v2\/media\/38424"}],"wp:attachment":[{"href":"https:\/\/mps.digital-monkey.in\/de\/wp-json\/wp\/v2\/media?parent=38423"}],"wp:term":[{"taxonomy":"product_brand","embeddable":true,"href":"https:\/\/mps.digital-monkey.in\/de\/wp-json\/wp\/v2\/product_brand?post=38423"},{"taxonomy":"product_cat","embeddable":true,"href":"https:\/\/mps.digital-monkey.in\/de\/wp-json\/wp\/v2\/product_cat?post=38423"},{"taxonomy":"product_tag","embeddable":true,"href":"https:\/\/mps.digital-monkey.in\/de\/wp-json\/wp\/v2\/product_tag?post=38423"}],"curies":[{"name":"wp","href":"https:\/\/api.w.org\/{rel}","templated":true}]}}