{"id":38486,"date":"2025-09-23T06:59:36","date_gmt":"2025-09-23T06:59:36","guid":{"rendered":"https:\/\/mps.digital-monkey.in\/product\/yanmar-729470-92605-kopfdichtungssatz\/"},"modified":"2025-10-10T15:42:41","modified_gmt":"2025-10-10T15:42:41","slug":"yanmar-729470-92605-kopfdichtungssatz","status":"publish","type":"product","link":"https:\/\/mps.digital-monkey.in\/de\/product\/yanmar-729470-92605-kopfdichtungssatz\/","title":{"rendered":"Yanmar 729470-92605 Kopfdichtungssatz"},"content":{"rendered":"<h3 data-start=\"73\" data-end=\"173\"><strong data-start=\"77\" data-end=\"173\">Yanmar 729470-92605 Zylinderkopfdichtungssatz &#8211; OEM-Ersatz f\u00fcr Schiffsmotoren der 4JH-Serie<\/strong><\/h3>\n<p data-start=\"175\" data-end=\"613\">Der <strong data-start=\"179\" data-end=\"227\">Yanmar 729470-92605 Zylinderkopfdichtungssatz<\/strong> ist ein <strong data-start=\"233\" data-end=\"268\">erstklassiger Ersatz in Erstausr\u00fcsterqualit\u00e4t<\/strong> f\u00fcr <strong data-start=\"282\" data-end=\"325\">Yanmar Dieselmotoren der 4JH-Serie<\/strong>, einschlie\u00dflich <strong data-start=\"337\" data-end=\"378\">4JH-TE, 4JH-HTE, 4JH-DTE und 4JH-STE<\/strong>. Dieses Aftermarket-Dichtungskit wurde nach den <strong data-start=\"399\" data-end=\"433\">Original-Spezifikationen von Yanmar<\/strong> hergestellt und gew\u00e4hrleistet eine <strong data-start=\"471\" data-end=\"542\">pr\u00e4zise Abdichtung, eine zuverl\u00e4ssige Kompression und eine vollst\u00e4ndige Leckagevermeidung<\/strong>, was zu einer lang anhaltenden Leistung unter anspruchsvollen maritimen Bedingungen f\u00fchrt. <\/p>\n<p data-start=\"615\" data-end=\"967\">Dieser <strong data-start=\"620\" data-end=\"636\">komplette Satz<\/strong> enth\u00e4lt alle erforderlichen <strong data-start=\"659\" data-end=\"682\">Dichtungen und O-Ringe<\/strong> f\u00fcr die Wartung des Zylinderkopfs. Er hilft, <strong data-start=\"724\" data-end=\"747\">die Kompression wiederherzustellen<\/strong>, <strong data-start=\"749\" data-end=\"782\">verhindert K\u00fchlmittel- und \u00d6llecks<\/strong> und sorgt daf\u00fcr, dass Ihr Motor reibungslos l\u00e4uft. Es bietet <strong data-start=\"832\" data-end=\"853\">Erstausr\u00fcsterqualit\u00e4t<\/strong> zu einem <strong data-start=\"859\" data-end=\"884\">erschwinglichen Preis<\/strong> und ist die ideale Wahl f\u00fcr <strong data-start=\"911\" data-end=\"964\">\u00dcberholungen, Wartungs- oder Reparaturprojekte<\/strong>. <\/p>\n<hr data-start=\"953\" data-end=\"956\">\n<h4 data-start=\"958\" data-end=\"991\">\u2699\ufe0f Hauptmerkmale und Vorteile<\/h4>\n<ul data-start=\"992\" data-end=\"1485\">\n<li data-start=\"992\" data-end=\"1065\">\n<p data-start=\"994\" data-end=\"1065\">\u2705 <strong data-start=\"996\" data-end=\"1015\">OEM-Ersatz<\/strong> &#8211; Hergestellt nach den Spezifikationen von Yanmar<\/p>\n<\/li>\n<li data-start=\"1066\" data-end=\"1190\">\n<p data-start=\"1068\" data-end=\"1190\">\u2705 <strong data-start=\"1070\" data-end=\"1086\">Kompletter Satz<\/strong> &#8211; Zylinderkopfdichtung plus Kr\u00fcmmer-, Getriebegeh\u00e4use-, \u00d6lwannen- und Wasserpumpendichtungen sowie O-Ringe<\/p>\n<\/li>\n<li data-start=\"1191\" data-end=\"1264\">\n<p data-start=\"1193\" data-end=\"1264\"><strong data-start=\"1195\" data-end=\"1221\">Marine-Grade Materialien<\/strong> &#8211; Hitze-, druck- und chemikalienbest\u00e4ndig<\/p>\n<\/li>\n<li data-start=\"1265\" data-end=\"1376\">\n<p data-start=\"1267\" data-end=\"1376\">\u2705 <strong data-start=\"1269\" data-end=\"1299\">Kosteneffiziente Alternative<\/strong> &#8211; G\u00fcnstigerer Preis als der Original Yanmar OEM, ohne Kompromisse bei der Zuverl\u00e4ssigkeit einzugehen<\/p>\n<\/li>\n<li data-start=\"1377\" data-end=\"1485\">\n<p data-start=\"1379\" data-end=\"1485\">\u2705 S <strong data-start=\"1381\" data-end=\"1400\">ch\u00fctzt den Motor<\/strong> &#8211; Verhindert K\u00fchlmittel- und \u00d6llecks, sorgt f\u00fcr Kompression, reduziert das Risiko von \u00dcberhitzung<\/p>\n<\/li>\n<\/ul>\n<hr data-start=\"1487\" data-end=\"1490\">\n<h4 data-start=\"1492\" data-end=\"1522\">\ud83d\udd27 Motorenkompatibilit\u00e4t<\/h4>\n<p data-start=\"1523\" data-end=\"1606\">Dieser OEM-Ersatzdichtungssatz passt f\u00fcr die folgenden <strong data-start=\"1574\" data-end=\"1603\">Motoren der Yanmar 4JH-Serie<\/strong>:<\/p>\n<ul data-start=\"1607\" data-end=\"1678\">\n<li data-start=\"1607\" data-end=\"1617\">\n<p data-start=\"1609\" data-end=\"1617\">4JH-TE<\/p>\n<\/li>\n<li data-start=\"1618\" data-end=\"1629\">\n<p data-start=\"1620\" data-end=\"1629\">4JH-HTE<\/p>\n<\/li>\n<li data-start=\"1630\" data-end=\"1641\">\n<p data-start=\"1632\" data-end=\"1641\">4JH-DTE<\/p>\n<\/li>\n<li data-start=\"1642\" data-end=\"1653\">\n<p data-start=\"1644\" data-end=\"1653\">4JH-STE<\/p>\n<\/li>\n<li data-start=\"1654\" data-end=\"1678\">\n<p data-start=\"1656\" data-end=\"1678\">Andere 4JH Variationen<\/p>\n<\/li>\n<\/ul>\n<p data-start=\"1680\" data-end=\"1745\"><em data-start=\"1680\" data-end=\"1743\">(\u00dcberpr\u00fcfen Sie vor der Bestellung die Seriennummer Ihres Motors und das Handbuch).<\/em><\/p>\n<hr data-start=\"2052\" data-end=\"2055\">\n<h4 data-start=\"2057\" data-end=\"2082\">\ud83d\udca1 Wann austauschen<\/h4>\n<ul data-start=\"2083\" data-end=\"2259\">\n<li data-start=\"2083\" data-end=\"2115\">\n<p data-start=\"2085\" data-end=\"2115\">Geplatzte oder undichte Kopfdichtung<\/p>\n<\/li>\n<li data-start=\"2116\" data-end=\"2167\">\n<p data-start=\"2118\" data-end=\"2167\">Kreuzkontamination von K\u00fchlmittel und \u00d6l (milchiges \u00d6l)<\/p>\n<\/li>\n<li data-start=\"2168\" data-end=\"2217\">\n<p data-start=\"2170\" data-end=\"2217\">\u00dcberhitzungsprobleme werden auf Dichtungsfehler zur\u00fcckgef\u00fchrt<\/p>\n<\/li>\n<li data-start=\"2218\" data-end=\"2259\">\n<p data-start=\"2220\" data-end=\"2259\">Routinem\u00e4\u00dfige \u00dcberholungen oder \u00dcberholungen des oberen Endes<\/p>\n<\/li>\n<\/ul>\n<hr data-start=\"2261\" data-end=\"2264\">\n<h4 data-start=\"2266\" data-end=\"2309\">\u2705 Warum sollten Sie sich f\u00fcr einen OEM-Ersatzteilsatz entscheiden?<\/h4>\n<ul data-start=\"2310\" data-end=\"2540\">\n<li data-start=\"2310\" data-end=\"2357\">\n<p data-start=\"2312\" data-end=\"2357\">Erschwingliche Alternative zu OEM-Originalteilen<\/p>\n<\/li>\n<li data-start=\"2358\" data-end=\"2411\">\n<p data-start=\"2360\" data-end=\"2411\">Hergestellt aus langlebigen Materialien f\u00fcr den Einsatz auf See<\/p>\n<\/li>\n<li data-start=\"2412\" data-end=\"2477\">\n<p data-start=\"2414\" data-end=\"2477\">Bietet die gleiche Passform und Funktion wie die Original-Yanmar-Dichtungen<\/p>\n<\/li>\n<li data-start=\"2478\" data-end=\"2540\">\n<p data-start=\"2480\" data-end=\"2540\">Verhindert kostspielige Sch\u00e4den durch Lecks oder Kompressionsverlust<\/p>\n<\/li>\n<\/ul>\n<hr data-start=\"2542\" data-end=\"2545\">\n<p data-start=\"2547\" data-end=\"2660\">\ud83d\udc49 Jetzt erh\u00e4ltlich bei <strong data-start=\"2567\" data-end=\"2595\">MarinePartSystem (MPS)<\/strong> &#8211; Ihrer zuverl\u00e4ssigen Quelle f\u00fcr <strong data-start=\"2622\" data-end=\"2657\">Yanmar Motorersatzteile<\/strong>.<\/p>\n","protected":false},"excerpt":{"rendered":"<p>Yanmar 729470-92605 Zylinderkopfdichtungssatz &#8211; OEM-Ersatz f\u00fcr Schiffsmotoren der 4JH-Serie Der Yanmar 729470-92605 Zylinderkopfdichtungssatz ist ein erstklassiger Ersatz in Erstausr\u00fcsterqualit\u00e4t f\u00fcr Yanmar Dieselmotoren der 4JH-Serie, einschlie\u00dflich 4JH-TE, 4JH-HTE, 4JH-DTE und 4JH-STE. Dieses Aftermarket-Dichtungskit wurde nach den Original-Spezifikationen von Yanmar hergestellt und gew\u00e4hrleistet eine pr\u00e4zise Abdichtung, eine zuverl\u00e4ssige Kompression und eine vollst\u00e4ndige Leckagevermeidung, was zu einer lang [&hellip;]<\/p>\n","protected":false},"featured_media":38487,"comment_status":"open","ping_status":"closed","template":"","meta":[],"product_brand":[4236],"product_cat":[2498,3037,3038],"product_tag":[],"class_list":{"0":"post-38486","1":"product","2":"type-product","3":"status-publish","4":"has-post-thumbnail","6":"product_brand-yanmar","7":"product_cat-ersatzteile-fur-motoren","8":"product_cat-kits-fur-wartung-und-reparatur","9":"product_cat-motor-dichtungen","10":"pa_condition-neu","11":"pa_model-4jh-dte","12":"pa_model-4jh-e","13":"pa_model-4jh-hte","14":"pa_model-4jh-te","15":"pa_oem-or-aftermarket-aftermarket","17":"first","18":"onbackorder","19":"sale","20":"taxable","21":"shipping-taxable","22":"purchasable","23":"product-type-simple"},"supplier_id":7294,"supplier_sku":"REC729470-92605","barcode":null,"atum_controlled":true,"out_stock_date":"2025-11-21 13:00:41","out_stock_threshold":null,"inheritable":false,"inbound_stock":0,"stock_on_hold":0,"sold_today":0,"sales_last_days":0,"reserved_stock":0,"customer_returns":0,"warehouse_damage":0,"lost_in_post":0,"other_logs":0,"out_stock_days":17,"lost_sales":0,"has_location":false,"update_date":"2025-11-21T13:00:41","atum_locations":[],"atum_stock_status":"onbackorder","restock_status":false,"low_stock_amount":1,"sales_update_date":"2025-10-07T07:19:53","calc_backorders":null,"_links":{"self":[{"href":"https:\/\/mps.digital-monkey.in\/de\/wp-json\/wp\/v2\/product\/38486","targetHints":{"allow":["GET"]}}],"collection":[{"href":"https:\/\/mps.digital-monkey.in\/de\/wp-json\/wp\/v2\/product"}],"about":[{"href":"https:\/\/mps.digital-monkey.in\/de\/wp-json\/wp\/v2\/types\/product"}],"replies":[{"embeddable":true,"href":"https:\/\/mps.digital-monkey.in\/de\/wp-json\/wp\/v2\/comments?post=38486"}],"wp:featuredmedia":[{"embeddable":true,"href":"https:\/\/mps.digital-monkey.in\/de\/wp-json\/wp\/v2\/media\/38487"}],"wp:attachment":[{"href":"https:\/\/mps.digital-monkey.in\/de\/wp-json\/wp\/v2\/media?parent=38486"}],"wp:term":[{"taxonomy":"product_brand","embeddable":true,"href":"https:\/\/mps.digital-monkey.in\/de\/wp-json\/wp\/v2\/product_brand?post=38486"},{"taxonomy":"product_cat","embeddable":true,"href":"https:\/\/mps.digital-monkey.in\/de\/wp-json\/wp\/v2\/product_cat?post=38486"},{"taxonomy":"product_tag","embeddable":true,"href":"https:\/\/mps.digital-monkey.in\/de\/wp-json\/wp\/v2\/product_tag?post=38486"}],"curies":[{"name":"wp","href":"https:\/\/api.w.org\/{rel}","templated":true}]}}