{"id":38497,"date":"2025-09-23T07:25:16","date_gmt":"2025-09-23T07:25:16","guid":{"rendered":"https:\/\/mps.digital-monkey.in\/product\/kopfdichtungssatz-yanmar-729408-92605\/"},"modified":"2025-10-10T15:38:39","modified_gmt":"2025-10-10T15:38:39","slug":"kopfdichtungssatz-yanmar-729408-92605","status":"publish","type":"product","link":"https:\/\/mps.digital-monkey.in\/de\/produkt\/kopfdichtungssatz-yanmar-729408-92605\/","title":{"rendered":"Kopfdichtungssatz Yanmar 729408-92605"},"content":{"rendered":"<h3 data-start=\"74\" data-end=\"161\"><strong data-start=\"78\" data-end=\"161\">Yanmar 729408-92605 Dichtungssatz - OEM-Ersatz f\u00fcr Schiffsmotoren der 4JH3-Serie<\/strong><\/h3>\n<p data-start=\"163\" data-end=\"576\">Der <strong data-start=\"167\" data-end=\"201\">Yanmar 729408-92605 Dichtungssatz<\/strong> ist ein <strong data-start=\"207\" data-end=\"243\">hochwertiger OEM-Ersatzsatzsatzsatz<\/strong> f\u00fcr <strong data-start=\"257\" data-end=\"301\">Yanmar-Schiffsdieselmotoren der 4JH3-Serie<\/strong>, einschlie\u00dflich <strong data-start=\"313\" data-end=\"351\">4JH3, 4JH3-CE, 4JH3-E und 4JH3-ZA<\/strong>. Dieser <strong data-start=\"358\" data-end=\"381\">komplette Dichtungssatz<\/strong> sorgt f\u00fcr eine <strong data-start=\"391\" data-end=\"455\">zuverl\u00e4ssige Abdichtung, Kompressionserhaltung und Leckagevermeidung<\/strong> f\u00fcr den <strong data-start=\"464\" data-end=\"519\">Zylinderkopf, die Kr\u00fcmmer und die dazugeh\u00f6rigen Komponenten<\/strong> und gew\u00e4hrleistet so eine langfristige Motorleistung und Schutz. <\/p>\n<p data-start=\"578\" data-end=\"920\">Dieser nach den <strong data-start=\"587\" data-end=\"623\">Original-Spezifikationen von Yanmar<\/strong> gefertigte Nachr\u00fcstsatz bietet <strong data-start=\"655\" data-end=\"711\">dauerhafte, hitze- und \u00f6lbest\u00e4ndige Dichtungsleistung<\/strong> unter rauen maritimen Bedingungen. Es ist die <strong data-start=\"751\" data-end=\"846\">ideale Wahl f\u00fcr Top-End-Rebuilds, die Wartung von Zylinderk\u00f6pfen oder die planm\u00e4\u00dfige Wartung von Motoren<\/strong> und bietet <strong data-start=\"857\" data-end=\"882\">Zuverl\u00e4ssigkeit auf OEM-Niveau<\/strong> zu einem <strong data-start=\"888\" data-end=\"917\">g\u00fcnstigeren Preis<\/strong>. <\/p>\n<hr data-start=\"919\" data-end=\"922\">\n<h3 data-start=\"924\" data-end=\"954\">\u2699\ufe0f Hauptmerkmale und Vorteile<\/h3>\n<ul data-start=\"956\" data-end=\"1529\">\n<li data-start=\"956\" data-end=\"1089\">\n<p data-start=\"958\" data-end=\"1089\"><strong data-start=\"960\" data-end=\"987\">\u2705 Erstausr\u00fcsterqualit\u00e4t<\/strong> - Entwickelt, um die Gr\u00f6\u00dfe, das Material und die Dichtungsleistung des originalen Yanmar Dichtungssatzes zu erreichen.<\/p>\n<\/li>\n<li data-start=\"1090\" data-end=\"1173\">\n<p data-start=\"1092\" data-end=\"1173\">\u2705 <strong data-start=\"1094\" data-end=\"1120\">Asbestfreie Materialien<\/strong> - Sicher und konform mit modernen Marinestandards.<\/p>\n<\/li>\n<li data-start=\"1174\" data-end=\"1317\">\n<p data-start=\"1176\" data-end=\"1317\">\u2705 <strong data-start=\"1178\" data-end=\"1194\">Kompletter Satz<\/strong> - Enth\u00e4lt Zylinderkopfdichtung, Kr\u00fcmmerdichtungen, O-Ringe und alle Dichtungen, die f\u00fcr die Wartung des Kopfes und der Kr\u00fcmmer erforderlich sind.<\/p>\n<\/li>\n<li data-start=\"1318\" data-end=\"1427\">\n<p data-start=\"1320\" data-end=\"1427\">\u2705 <strong data-start=\"1322\" data-end=\"1352\">Kosteneffiziente Alternative<\/strong> - G\u00fcnstiger als Original-OEM bei gleichbleibender Passform und Haltbarkeit.<\/p>\n<\/li>\n<li data-start=\"1428\" data-end=\"1529\">\n<p data-start=\"1430\" data-end=\"1529\">\u2705 <strong data-start=\"1432\" data-end=\"1453\">Motorschutz<\/strong> - Verhindert Lecks, h\u00e4lt die Kompression aufrecht und reduziert das Risiko einer \u00dcberhitzung.<\/p>\n<\/li>\n<\/ul>\n<hr data-start=\"1531\" data-end=\"1534\">\n<h3 data-start=\"1536\" data-end=\"1556\">\ud83d\udd27 Kompatibilit\u00e4t<\/h3>\n<p data-start=\"1558\" data-end=\"1601\">Passend f\u00fcr die folgenden Yanmar Schiffsmotoren:<\/p>\n<ul data-start=\"1603\" data-end=\"1647\">\n<li data-start=\"1603\" data-end=\"1611\">\n<p data-start=\"1605\" data-end=\"1611\">4JH3<\/p>\n<\/li>\n<li data-start=\"1612\" data-end=\"1623\">\n<p data-start=\"1614\" data-end=\"1623\">4JH3-CE<\/p>\n<\/li>\n<li data-start=\"1624\" data-end=\"1635\">\n<p data-start=\"1626\" data-end=\"1635\">4JH3-E<\/p>\n<\/li>\n<li data-start=\"1636\" data-end=\"1647\">\n<p data-start=\"1638\" data-end=\"1647\">4JH3-ZA<\/p>\n<\/li>\n<\/ul>\n<p data-start=\"1649\" data-end=\"1722\"><em data-start=\"1649\" data-end=\"1720\">(\u00dcberpr\u00fcfen Sie vor der Bestellung immer die Seriennummer Ihres Motors und das Handbuch).<\/em><\/p>\n<hr data-start=\"2126\" data-end=\"2129\">\n<h3 data-start=\"2131\" data-end=\"2153\">\ud83d\udca1 Wann austauschen<\/h3>\n<ul data-start=\"2155\" data-end=\"2358\">\n<li data-start=\"2155\" data-end=\"2217\">\n<p data-start=\"2157\" data-end=\"2217\">K\u00fchlmittel- oder \u00d6llecks im Bereich des Zylinderkopfs oder der Verteilerrohre<\/p>\n<\/li>\n<li data-start=\"2218\" data-end=\"2255\">\n<p data-start=\"2220\" data-end=\"2255\">\u00dcberhitzung oder Kompressionsprobleme<\/p>\n<\/li>\n<li data-start=\"2256\" data-end=\"2305\">\n<p data-start=\"2258\" data-end=\"2305\">Sichtbare Abnutzung, Risse oder Verformung der Dichtung<\/p>\n<\/li>\n<li data-start=\"2306\" data-end=\"2358\">\n<p data-start=\"2308\" data-end=\"2358\">Bei jeder \u00dcberholung des oberen Endes oder Wartung des Motors<\/p>\n<\/li>\n<\/ul>\n<hr data-start=\"2360\" data-end=\"2363\">\n<h3 data-start=\"2365\" data-end=\"2406\">\u2705 Warum sollten Sie sich f\u00fcr dieses OEM-Ersatzkit entscheiden?<\/h3>\n<ul data-start=\"2408\" data-end=\"2625\">\n<li data-start=\"2408\" data-end=\"2472\">\n<p data-start=\"2410\" data-end=\"2472\">Zuverl\u00e4ssige Leistung entsprechend den originalen Yanmar-Spezifikationen<\/p>\n<\/li>\n<li data-start=\"2473\" data-end=\"2505\">\n<p data-start=\"2475\" data-end=\"2505\">Sicherere nicht-asbesthaltige Materialien<\/p>\n<\/li>\n<li data-start=\"2506\" data-end=\"2564\">\n<p data-start=\"2508\" data-end=\"2564\">Kosteng\u00fcnstige L\u00f6sung ohne Abstriche bei der Haltbarkeit<\/p>\n<\/li>\n<li data-start=\"2565\" data-end=\"2625\">\n<p data-start=\"2567\" data-end=\"2625\">Kompletter Satz f\u00fcr den Austausch der Dichtungen in 4JH3-Motoren<\/p>\n<\/li>\n<\/ul>\n<hr data-start=\"2627\" data-end=\"2630\">\n<h3 data-start=\"2632\" data-end=\"2668\">\ud83d\uded2 Erh\u00e4ltlich bei MarinePartSystem<\/h3>\n<p data-start=\"2670\" data-end=\"2872\">Holen Sie sich Ihren <strong data-start=\"2679\" data-end=\"2731\">Yanmar 729408-92605 Dichtungssatz (OEM-Ersatz)<\/strong> jetzt bei <strong data-start=\"2739\" data-end=\"2759\">MarinePartSystem<\/strong> - Ihrer zuverl\u00e4ssigen Quelle f\u00fcr Ersatzteile f\u00fcr Schiffsmotoren, die Zuverl\u00e4ssigkeit, Langlebigkeit und Kosteneinsparungen gew\u00e4hrleisten.<\/p>\n","protected":false},"excerpt":{"rendered":"<p>Yanmar 729408-92605 Dichtungssatz - OEM-Ersatz f\u00fcr Schiffsmotoren der 4JH3-Serie Der Yanmar 729408-92605 Dichtungssatz ist ein hochwertiger OEM-Ersatzsatzsatzsatz f\u00fcr Yanmar-Schiffsdieselmotoren der 4JH3-Serie, einschlie\u00dflich 4JH3, 4JH3-CE, 4JH3-E und 4JH3-ZA. Dieser komplette Dichtungssatz sorgt f\u00fcr eine zuverl\u00e4ssige Abdichtung, Kompressionserhaltung und Leckagevermeidung f\u00fcr den Zylinderkopf, die Kr\u00fcmmer und die dazugeh\u00f6rigen Komponenten und gew\u00e4hrleistet so eine langfristige Motorleistung und Schutz. [&hellip;]<\/p>\n","protected":false},"featured_media":38498,"comment_status":"open","ping_status":"closed","template":"","meta":[],"product_brand":[4236],"product_cat":[2498,3037,3038],"product_tag":[],"class_list":{"0":"post-38497","1":"product","2":"type-product","3":"status-publish","4":"has-post-thumbnail","6":"product_brand-yanmar","7":"product_cat-ersatzteile-fur-motoren","8":"product_cat-kits-fur-wartung-und-reparatur","9":"product_cat-motor-dichtungen","10":"pa_condition-neu","11":"pa_model-4jh3","12":"pa_model-4jh3-e","13":"pa_model-4jh3e","14":"pa_oem-or-aftermarket-aftermarket","16":"first","17":"onbackorder","18":"sale","19":"taxable","20":"shipping-taxable","21":"purchasable","22":"product-type-simple"},"supplier_id":7294,"supplier_sku":"REC729408-92605","barcode":null,"atum_controlled":true,"out_stock_date":"2025-11-21 13:00:37","out_stock_threshold":null,"inheritable":false,"inbound_stock":0,"stock_on_hold":0,"sold_today":0,"sales_last_days":0,"reserved_stock":0,"customer_returns":0,"warehouse_damage":0,"lost_in_post":0,"other_logs":0,"out_stock_days":24,"lost_sales":0,"has_location":false,"update_date":"2025-11-21T13:00:37","atum_locations":[],"atum_stock_status":"onbackorder","restock_status":false,"low_stock_amount":1,"sales_update_date":"2025-10-17T07:51:53","calc_backorders":null,"_links":{"self":[{"href":"https:\/\/mps.digital-monkey.in\/de\/wp-json\/wp\/v2\/product\/38497","targetHints":{"allow":["GET"]}}],"collection":[{"href":"https:\/\/mps.digital-monkey.in\/de\/wp-json\/wp\/v2\/product"}],"about":[{"href":"https:\/\/mps.digital-monkey.in\/de\/wp-json\/wp\/v2\/types\/product"}],"replies":[{"embeddable":true,"href":"https:\/\/mps.digital-monkey.in\/de\/wp-json\/wp\/v2\/comments?post=38497"}],"wp:featuredmedia":[{"embeddable":true,"href":"https:\/\/mps.digital-monkey.in\/de\/wp-json\/wp\/v2\/media\/38498"}],"wp:attachment":[{"href":"https:\/\/mps.digital-monkey.in\/de\/wp-json\/wp\/v2\/media?parent=38497"}],"wp:term":[{"taxonomy":"product_brand","embeddable":true,"href":"https:\/\/mps.digital-monkey.in\/de\/wp-json\/wp\/v2\/product_brand?post=38497"},{"taxonomy":"product_cat","embeddable":true,"href":"https:\/\/mps.digital-monkey.in\/de\/wp-json\/wp\/v2\/product_cat?post=38497"},{"taxonomy":"product_tag","embeddable":true,"href":"https:\/\/mps.digital-monkey.in\/de\/wp-json\/wp\/v2\/product_tag?post=38497"}],"curies":[{"name":"wp","href":"https:\/\/api.w.org\/{rel}","templated":true}]}}