{"id":38507,"date":"2025-09-23T07:45:01","date_gmt":"2025-09-23T07:45:01","guid":{"rendered":"https:\/\/mps.digital-monkey.in\/product\/yanmar-719173-92600-dichtungssatz-4lha-serie\/"},"modified":"2025-10-10T15:32:35","modified_gmt":"2025-10-10T15:32:35","slug":"yanmar-719173-92600-dichtungssatz-4lha-serie","status":"publish","type":"product","link":"https:\/\/mps.digital-monkey.in\/de\/product\/yanmar-719173-92600-dichtungssatz-4lha-serie\/","title":{"rendered":"Yanmar 719173-92600 Dichtungssatz &#8211; 4LHA-Serie"},"content":{"rendered":"<h3 data-start=\"74\" data-end=\"161\"><strong data-start=\"78\" data-end=\"161\">Yanmar 719173-92600 Dichtungssatz &#8211; OEM-Ersatz f\u00fcr Schiffsmotoren der 4LHA-Serie<\/strong><\/h3>\n<p data-start=\"163\" data-end=\"451\">Der <strong data-start=\"167\" data-end=\"201\">Yanmar 719173-92600 Dichtungssatz<\/strong> ist ein <strong data-start=\"207\" data-end=\"246\">hochwertiger OEM-Ersatzsatzsatzsatz<\/strong> f\u00fcr <strong data-start=\"260\" data-end=\"304\">Yanmar Dieselmotoren der 4LHA-Serie<\/strong>, einschlie\u00dflich <strong data-start=\"316\" data-end=\"448\">4LHA-DTE, 4LHA-DTP, 4LHA-DTZE, 4LHA-DTZP, 4LHA-HTE, 4LHA-HTP, 4LHA-HTZE, 4LHA-HTZP, 4LHA-STE, 4LHA-STP, 4LHA-STZE und 4LHA-STZP<\/strong>.<\/p>\n<p data-start=\"453\" data-end=\"847\">Dieses <strong data-start=\"458\" data-end=\"484\">Aftermarket-Dichtungskit<\/strong> entspricht den <strong data-start=\"493\" data-end=\"529\">Original-Spezifikationen von Yanmar<\/strong> und bietet eine <strong data-start=\"541\" data-end=\"615\">zuverl\u00e4ssige Abdichtung, eine gleichm\u00e4\u00dfige Kompression und eine hervorragende Leckagepr\u00e4vention<\/strong> f\u00fcr den Zylinderkopf und die zugeh\u00f6rigen Komponenten. Er eignet sich perfekt f\u00fcr <strong data-start=\"674\" data-end=\"745\">Top-End-Reparaturen, planm\u00e4\u00dfige Wartungsarbeiten oder komplette Motorreparaturen<\/strong> und gew\u00e4hrleistet <strong data-start=\"758\" data-end=\"789\">langfristigen Motorschutz<\/strong> und bietet <strong data-start=\"803\" data-end=\"844\">Leistung in Erstausr\u00fcsterqualit\u00e4t zu geringeren Kosten<\/strong>. <\/p>\n<hr data-start=\"936\" data-end=\"939\">\n<h3 data-start=\"941\" data-end=\"971\">\u2699\ufe0f Hauptmerkmale und Vorteile<\/h3>\n<ul data-start=\"972\" data-end=\"1469\">\n<li data-start=\"972\" data-end=\"1067\">\n<p data-start=\"974\" data-end=\"1067\">\u2705 <strong data-start=\"976\" data-end=\"1003\">OEM-Ersatzqualit\u00e4t<\/strong> &#8211; Passgenauigkeit und Leistung entsprechen den Yanmar-Spezifikationen<\/p>\n<\/li>\n<li data-start=\"1068\" data-end=\"1180\">\n<p data-start=\"1070\" data-end=\"1180\">\u2705 <strong data-start=\"1072\" data-end=\"1088\">Kompletter Satz<\/strong> &#8211; Zylinderkopfdichtung plus Kr\u00fcmmerdichtungen, O-Ringe und Dichtungen f\u00fcr alle wichtigen Komponenten<\/p>\n<\/li>\n<li data-start=\"1181\" data-end=\"1279\">\n<p data-start=\"1183\" data-end=\"1279\">\u2705 <strong data-start=\"1185\" data-end=\"1206\">Langlebige Materialien<\/strong> &#8211; Hitze-, \u00f6l- und k\u00fchlmittelbest\u00e4ndig f\u00fcr lang anhaltende Leistung auf See<\/p>\n<\/li>\n<li data-start=\"1280\" data-end=\"1368\">\n<p data-start=\"1282\" data-end=\"1368\">\u2705 <strong data-start=\"1284\" data-end=\"1314\">Kosteneffiziente Alternative<\/strong> &#8211; Erschwingliche L\u00f6sung bei gleichbleibender Zuverl\u00e4ssigkeit<\/p>\n<\/li>\n<li data-start=\"1369\" data-end=\"1469\">\n<p data-start=\"1371\" data-end=\"1469\">\u2705 <strong data-start=\"1373\" data-end=\"1394\">Motorschutz<\/strong> &#8211; Verhindert Lecks, h\u00e4lt die Kompression aufrecht und reduziert das Risiko einer \u00dcberhitzung<\/p>\n<\/li>\n<\/ul>\n<hr data-start=\"1471\" data-end=\"1474\">\n<h3 data-start=\"1476\" data-end=\"1496\">\ud83d\udd27 Kompatibilit\u00e4t<\/h3>\n<p data-start=\"1497\" data-end=\"1559\">Passend f\u00fcr die folgenden Yanmar Schiffsdieselmotoren der 4LHA-Serie:<\/p>\n<ul data-start=\"1561\" data-end=\"1722\">\n<li data-start=\"1561\" data-end=\"1573\">\n<p data-start=\"1563\" data-end=\"1573\">4LHA-DTE<\/p>\n<\/li>\n<li data-start=\"1574\" data-end=\"1586\">\n<p data-start=\"1576\" data-end=\"1586\">4LHA-DTP<\/p>\n<\/li>\n<li data-start=\"1587\" data-end=\"1600\">\n<p data-start=\"1589\" data-end=\"1600\">4LHA-DTZE<\/p>\n<\/li>\n<li data-start=\"1601\" data-end=\"1614\">\n<p data-start=\"1603\" data-end=\"1614\">4LHA-DTZP<\/p>\n<\/li>\n<li data-start=\"1615\" data-end=\"1627\">\n<p data-start=\"1617\" data-end=\"1627\">4LHA-HTE<\/p>\n<\/li>\n<li data-start=\"1628\" data-end=\"1640\">\n<p data-start=\"1630\" data-end=\"1640\">4LHA-HTP<\/p>\n<\/li>\n<li data-start=\"1641\" data-end=\"1654\">\n<p data-start=\"1643\" data-end=\"1654\">4LHA-HTZE<\/p>\n<\/li>\n<li data-start=\"1655\" data-end=\"1668\">\n<p data-start=\"1657\" data-end=\"1668\">4LHA-HTZP<\/p>\n<\/li>\n<li data-start=\"1669\" data-end=\"1681\">\n<p data-start=\"1671\" data-end=\"1681\">4LHA-STE<\/p>\n<\/li>\n<li data-start=\"1682\" data-end=\"1694\">\n<p data-start=\"1684\" data-end=\"1694\">4LHA-STP<\/p>\n<\/li>\n<li data-start=\"1695\" data-end=\"1708\">\n<p data-start=\"1697\" data-end=\"1708\">4LHA-STZE<\/p>\n<\/li>\n<li data-start=\"1709\" data-end=\"1722\">\n<p data-start=\"1711\" data-end=\"1722\">4LHA-STZP<\/p>\n<\/li>\n<\/ul>\n<p data-start=\"1724\" data-end=\"1799\"><em data-start=\"1724\" data-end=\"1797\">(\u00dcberpr\u00fcfen Sie vor der Bestellung immer die Seriennummer Ihres Motors und das Handbuch).<\/em><\/p>\n<hr data-start=\"2148\" data-end=\"2151\">\n<h3 data-start=\"2153\" data-end=\"2175\">\ud83d\udca1 Wann austauschen<\/h3>\n<ul data-start=\"2176\" data-end=\"2352\">\n<li data-start=\"2176\" data-end=\"2234\">\n<p data-start=\"2178\" data-end=\"2234\">K\u00fchlmittel- oder \u00d6llecks im Bereich des Zylinderkopfs oder der Kr\u00fcmmer<\/p>\n<\/li>\n<li data-start=\"2235\" data-end=\"2268\">\n<p data-start=\"2237\" data-end=\"2268\">Kompressionsverlust oder Z\u00fcndaussetzer<\/p>\n<\/li>\n<li data-start=\"2269\" data-end=\"2309\">\n<p data-start=\"2271\" data-end=\"2309\">\u00dcberhitzung durch defekte Dichtung<\/p>\n<\/li>\n<li data-start=\"2310\" data-end=\"2352\">\n<p data-start=\"2312\" data-end=\"2352\">Routinem\u00e4\u00dfige \u00dcberholung oder Wartung des oberen Endes<\/p>\n<\/li>\n<\/ul>\n<hr data-start=\"2354\" data-end=\"2357\">\n<h3 data-start=\"2359\" data-end=\"2400\">\u2705 Warum sollten Sie sich f\u00fcr dieses OEM-Ersatzkit entscheiden?<\/h3>\n<ul data-start=\"2401\" data-end=\"2631\">\n<li data-start=\"2401\" data-end=\"2465\">\n<p data-start=\"2403\" data-end=\"2465\">Zuverl\u00e4ssige Leistung entsprechend den originalen Yanmar-Spezifikationen<\/p>\n<\/li>\n<li data-start=\"2466\" data-end=\"2500\">\n<p data-start=\"2468\" data-end=\"2500\">Langlebige asbestfreie Materialien<\/p>\n<\/li>\n<li data-start=\"2501\" data-end=\"2552\">\n<p data-start=\"2503\" data-end=\"2552\">Kosteng\u00fcnstige Alternative zu OEM-Originalteilen<\/p>\n<\/li>\n<li data-start=\"2553\" data-end=\"2631\">\n<p data-start=\"2555\" data-end=\"2631\">Kompletter Satz f\u00fcr den Austausch aller Dichtungen bei allen aufgef\u00fchrten Motoren der 4LHA-Serie<\/p>\n<\/li>\n<\/ul>\n<hr data-start=\"2633\" data-end=\"2636\">\n<h3 data-start=\"2638\" data-end=\"2674\">\ud83d\uded2 Erh\u00e4ltlich bei MarinePartSystem<\/h3>\n<p data-start=\"2675\" data-end=\"2859\">Holen Sie sich Ihren <strong data-start=\"2684\" data-end=\"2736\">Yanmar 719173-92600 Dichtungssatz (OEM-Ersatz)<\/strong> jetzt bei <strong data-start=\"2744\" data-end=\"2764\">MarinePartSystem<\/strong>, Ihrer zuverl\u00e4ssigen Quelle f\u00fcr Bootsmotor-Ersatzteile mit zuverl\u00e4ssigem Versand und Support.<\/p>\n","protected":false},"excerpt":{"rendered":"<p>Yanmar 719173-92600 Dichtungssatz &#8211; OEM-Ersatz f\u00fcr Schiffsmotoren der 4LHA-Serie Der Yanmar 719173-92600 Dichtungssatz ist ein hochwertiger OEM-Ersatzsatzsatzsatz f\u00fcr Yanmar Dieselmotoren der 4LHA-Serie, einschlie\u00dflich 4LHA-DTE, 4LHA-DTP, 4LHA-DTZE, 4LHA-DTZP, 4LHA-HTE, 4LHA-HTP, 4LHA-HTZE, 4LHA-HTZP, 4LHA-STE, 4LHA-STP, 4LHA-STZE und 4LHA-STZP. Dieses Aftermarket-Dichtungskit entspricht den Original-Spezifikationen von Yanmar und bietet eine zuverl\u00e4ssige Abdichtung, eine gleichm\u00e4\u00dfige Kompression und eine hervorragende Leckagepr\u00e4vention [&hellip;]<\/p>\n","protected":false},"featured_media":38508,"comment_status":"open","ping_status":"closed","template":"","meta":[],"product_brand":[4236],"product_cat":[2498,3037,3038],"product_tag":[],"class_list":{"0":"post-38507","1":"product","2":"type-product","3":"status-publish","4":"has-post-thumbnail","6":"product_brand-yanmar","7":"product_cat-ersatzteile-fur-motoren","8":"product_cat-kits-fur-wartung-und-reparatur","9":"product_cat-motor-dichtungen","10":"pa_condition-neu","11":"pa_model-4lha-dte","12":"pa_model-4lha-dtp","13":"pa_model-4lha-dtze","14":"pa_model-4lha-dtzp","15":"pa_model-4lha-hte","16":"pa_model-4lha-htp","17":"pa_model-4lha-htze","18":"pa_model-4lha-htzp","19":"pa_model-4lha-ste","20":"pa_model-4lha-stp","21":"pa_model-4lha-stze","22":"pa_model-4lha-stzp","23":"pa_oem-or-aftermarket-aftermarket","25":"first","26":"onbackorder","27":"sale","28":"taxable","29":"shipping-taxable","30":"purchasable","31":"product-type-simple"},"supplier_id":7294,"supplier_sku":"REC719173\u201192600","barcode":null,"atum_controlled":true,"out_stock_date":"2025-11-21 13:00:32","out_stock_threshold":null,"inheritable":false,"inbound_stock":0,"stock_on_hold":0,"sold_today":0,"sales_last_days":0,"reserved_stock":0,"customer_returns":0,"warehouse_damage":0,"lost_in_post":0,"other_logs":0,"out_stock_days":24,"lost_sales":0,"has_location":false,"update_date":"2025-11-21T13:00:32","atum_locations":[],"atum_stock_status":"onbackorder","restock_status":false,"low_stock_amount":1,"sales_update_date":"2025-10-17T07:51:53","calc_backorders":null,"_links":{"self":[{"href":"https:\/\/mps.digital-monkey.in\/de\/wp-json\/wp\/v2\/product\/38507","targetHints":{"allow":["GET"]}}],"collection":[{"href":"https:\/\/mps.digital-monkey.in\/de\/wp-json\/wp\/v2\/product"}],"about":[{"href":"https:\/\/mps.digital-monkey.in\/de\/wp-json\/wp\/v2\/types\/product"}],"replies":[{"embeddable":true,"href":"https:\/\/mps.digital-monkey.in\/de\/wp-json\/wp\/v2\/comments?post=38507"}],"wp:featuredmedia":[{"embeddable":true,"href":"https:\/\/mps.digital-monkey.in\/de\/wp-json\/wp\/v2\/media\/38508"}],"wp:attachment":[{"href":"https:\/\/mps.digital-monkey.in\/de\/wp-json\/wp\/v2\/media?parent=38507"}],"wp:term":[{"taxonomy":"product_brand","embeddable":true,"href":"https:\/\/mps.digital-monkey.in\/de\/wp-json\/wp\/v2\/product_brand?post=38507"},{"taxonomy":"product_cat","embeddable":true,"href":"https:\/\/mps.digital-monkey.in\/de\/wp-json\/wp\/v2\/product_cat?post=38507"},{"taxonomy":"product_tag","embeddable":true,"href":"https:\/\/mps.digital-monkey.in\/de\/wp-json\/wp\/v2\/product_tag?post=38507"}],"curies":[{"name":"wp","href":"https:\/\/api.w.org\/{rel}","templated":true}]}}