{"id":38527,"date":"2025-09-23T08:09:14","date_gmt":"2025-09-23T08:09:14","guid":{"rendered":"https:\/\/mps.digital-monkey.in\/product\/yanmar-1gm-1gm10-ventildeckeldichtung-128170-11310\/"},"modified":"2025-10-30T12:23:36","modified_gmt":"2025-10-30T12:23:36","slug":"yanmar-1gm-1gm10-ventildeckeldichtung-128170-11310","status":"publish","type":"product","link":"https:\/\/mps.digital-monkey.in\/de\/produkt\/yanmar-1gm-1gm10-ventildeckeldichtung-128170-11310\/","title":{"rendered":"Yanmar 1GM 1GM10 Ventildeckeldichtung 128170-11310"},"content":{"rendered":"<h3 data-start=\"74\" data-end=\"163\"><strong data-start=\"78\" data-end=\"163\">Yanmar 128170-11310 Ventildeckeldichtung - OEM-Ersatz f\u00fcr 1GM10 Schiffsmotoren<\/strong><\/h3>\n<p data-start=\"165\" data-end=\"504\">Die <strong data-start=\"169\" data-end=\"211\">Yanmar 128170-11310 Ventildeckeldichtung<\/strong> ist eine <strong data-start=\"217\" data-end=\"256\">hochwertige OEM-Ersatzdichtung<\/strong>, die f\u00fcr <strong data-start=\"272\" data-end=\"317\">Yanmar 1GM10 Schiffsdieselmotoren<\/strong> entwickelt wurde. Sie wurde entwickelt, um <strong data-start=\"331\" data-end=\"376\">den Ventildeckel mit dem Zylinderkopf abzudichten<\/strong>. Sie verhindert <strong data-start=\"390\" data-end=\"403\">\u00d6llecks<\/strong> und sorgt f\u00fcr <strong data-start=\"418\" data-end=\"467\">gleichbleibende Leistung und Sauberkeit des Motors<\/strong> unter anspruchsvollen maritimen Bedingungen.<\/p>\n<p data-start=\"506\" data-end=\"811\">Diese Dichtung ist ideal f\u00fcr <strong data-start=\"516\" data-end=\"586\">routinem\u00e4\u00dfige Motorwartungen, Ventileinstellungen oder \u00dcberholungen des oberen Endes<\/strong> und bietet eine <strong data-start=\"609\" data-end=\"640\">dauerhafte, \u00f6lbest\u00e4ndige Dichtung<\/strong>, die eine lange Lebensdauer und eine einfache Installation gew\u00e4hrleistet. Es ist eine <strong data-start=\"702\" data-end=\"744\">kosteng\u00fcnstige Alternative f\u00fcr den Ersatzteilmarkt<\/strong>, die in Leistung und Passform dem Originalteil von Yanmar entspricht.<\/p>\n<hr data-start=\"824\" data-end=\"827\">\n<h3 data-start=\"829\" data-end=\"849\">\u2699\ufe0f Kompatibilit\u00e4t<\/h3>\n<p data-start=\"850\" data-end=\"904\">Kompatibel mit den folgenden Yanmar Schiffsmotoren:<\/p>\n<ul data-start=\"906\" data-end=\"964\">\n<li data-start=\"906\" data-end=\"915\">\n<p data-start=\"908\" data-end=\"915\">1GM10<\/p>\n<\/li>\n<li data-start=\"916\" data-end=\"926\">\n<p data-start=\"918\" data-end=\"926\">1GM10C<\/p>\n<\/li>\n<li data-start=\"927\" data-end=\"938\">\n<p data-start=\"929\" data-end=\"938\">1GM10VE<\/p>\n<\/li>\n<li data-start=\"939\" data-end=\"953\">\n<p data-start=\"941\" data-end=\"953\">1GM10(YMI)<\/p>\n<\/li>\n<li data-start=\"954\" data-end=\"964\">\n<p data-start=\"956\" data-end=\"964\">1GM10L<\/p>\n<\/li>\n<\/ul>\n<p data-start=\"966\" data-end=\"1028\"><em data-start=\"966\" data-end=\"1026\">(\u00dcberpr\u00fcfen Sie vor der Bestellung immer die Seriennummer Ihres Motors).<\/em><\/p>\n<hr data-start=\"1030\" data-end=\"1033\">\n<h3 data-start=\"1035\" data-end=\"1059\">\ud83d\udce6 Technische Details<\/h3>\n<div class=\"_tableContainer_1rjym_1\">\n<div class=\"group _tableWrapper_1rjym_13 flex w-fit flex-col-reverse\" tabindex=\"-1\">\n<table class=\"w-fit min-w-(--thread-content-width)\" data-start=\"1061\" data-end=\"1335\">\n<thead data-start=\"1061\" data-end=\"1087\">\n<tr data-start=\"1061\" data-end=\"1087\">\n<th data-start=\"1061\" data-end=\"1077\" data-col-size=\"sm\">Spezifikation<\/th>\n<th data-start=\"1077\" data-end=\"1087\" data-col-size=\"sm\">Detail<\/th>\n<\/tr>\n<\/thead>\n<tbody data-start=\"1115\" data-end=\"1335\">\n<tr data-start=\"1115\" data-end=\"1147\">\n<td data-start=\"1115\" data-end=\"1131\" data-col-size=\"sm\">Teilenummer<\/td>\n<td data-col-size=\"sm\" data-start=\"1131\" data-end=\"1147\">128170-11310<\/td>\n<\/tr>\n<tr data-start=\"1148\" data-end=\"1195\">\n<td data-start=\"1148\" data-end=\"1164\" data-col-size=\"sm\">Typ<\/td>\n<td data-col-size=\"sm\" data-start=\"1164\" data-end=\"1195\">Dichtung f\u00fcr Ventildeckel (Motorhaube)<\/td>\n<\/tr>\n<tr data-start=\"1196\" data-end=\"1253\">\n<td data-start=\"1196\" data-end=\"1212\" data-col-size=\"sm\">Material<\/td>\n<td data-col-size=\"sm\" data-start=\"1212\" data-end=\"1253\">Gummi \/ Verbundstoff f\u00fcr \u00d6lbest\u00e4ndigkeit<\/td>\n<\/tr>\n<tr data-start=\"1254\" data-end=\"1294\">\n<td data-start=\"1254\" data-end=\"1270\" data-col-size=\"sm\">Zustand<\/td>\n<td data-col-size=\"sm\" data-start=\"1270\" data-end=\"1294\">Neu, OEM Ersatz<\/td>\n<\/tr>\n<tr data-start=\"1295\" data-end=\"1335\">\n<td data-start=\"1295\" data-end=\"1311\" data-col-size=\"sm\">Kompatibilit\u00e4t<\/td>\n<td data-col-size=\"sm\" data-start=\"1311\" data-end=\"1335\">Motoren der Serie 1GM10<\/td>\n<\/tr>\n<\/tbody>\n<\/table>\n<\/div>\n<\/div>\n<hr data-start=\"1337\" data-end=\"1340\">\n<h3 data-start=\"1342\" data-end=\"1364\">\ud83d\udca1 Wann austauschen<\/h3>\n<ul data-start=\"1365\" data-end=\"1523\">\n<li data-start=\"1365\" data-end=\"1401\">\n<p data-start=\"1367\" data-end=\"1401\">\u00d6llecks im Bereich des Ventildeckels<\/p>\n<\/li>\n<li data-start=\"1480\" data-end=\"1523\">\n<p data-start=\"1482\" data-end=\"1523\">Routinem\u00e4\u00dfige Top-End-Wartung oder Rebuilds<\/p>\n<\/li>\n<\/ul>\n<hr data-start=\"1525\" data-end=\"1528\">\n<h3 data-start=\"1530\" data-end=\"1571\">\u2705 Warum sollten Sie sich f\u00fcr dieses OEM-Ersatzkit entscheiden?<\/h3>\n<ul data-start=\"1572\" data-end=\"1772\">\n<li data-start=\"1572\" data-end=\"1635\">\n<p data-start=\"1574\" data-end=\"1635\">Zuverl\u00e4ssige Passform und Leistung entsprechend den Yanmar-Spezifikationen<\/p>\n<\/li>\n<li data-start=\"1636\" data-end=\"1681\">\n<p data-start=\"1638\" data-end=\"1681\">Strapazierf\u00e4higes Material f\u00fcr lang anhaltende Versiegelung<\/p>\n<\/li>\n<li data-start=\"1682\" data-end=\"1733\">\n<p data-start=\"1684\" data-end=\"1733\">Kosteng\u00fcnstige Alternative zu OEM-Originalteilen<\/p>\n<\/li>\n<li data-start=\"1734\" data-end=\"1772\">\n<p data-start=\"1736\" data-end=\"1772\">Einfache Installation mit einfachen Werkzeugen<\/p>\n<\/li>\n<\/ul>\n<hr data-start=\"1774\" data-end=\"1777\">\n<h3 data-start=\"1779\" data-end=\"1815\">\ud83d\uded2 Erh\u00e4ltlich bei MarinePartSystem<\/h3>\n<p data-start=\"1816\" data-end=\"1973\">Kaufen Sie die <strong data-start=\"1829\" data-end=\"1889\">Yanmar 128170-11310 Ventildeckeldichtung (OEM-Ersatz)<\/strong> bei <strong data-start=\"1893\" data-end=\"1913\">MarinePartSystem<\/strong>, Ihrer vertrauensw\u00fcrdigen Quelle f\u00fcr Bootsmotor-Ersatzteile.<\/p>\n","protected":false},"excerpt":{"rendered":"<p>Yanmar 128170-11310 Ventildeckeldichtung - OEM-Ersatz f\u00fcr 1GM10 Schiffsmotoren Die Yanmar 128170-11310 Ventildeckeldichtung ist eine hochwertige OEM-Ersatzdichtung, die f\u00fcr Yanmar 1GM10 Schiffsdieselmotoren entwickelt wurde. Sie wurde entwickelt, um den Ventildeckel mit dem Zylinderkopf abzudichten. Sie verhindert \u00d6llecks und sorgt f\u00fcr gleichbleibende Leistung und Sauberkeit des Motors unter anspruchsvollen maritimen Bedingungen. Diese Dichtung ist ideal f\u00fcr routinem\u00e4\u00dfige [&hellip;]<\/p>\n","protected":false},"featured_media":38528,"comment_status":"open","ping_status":"closed","template":"","meta":[],"product_brand":[4236],"product_cat":[4452,2498,3037,3038,4441],"product_tag":[],"class_list":{"0":"post-38527","1":"product","2":"type-product","3":"status-publish","4":"has-post-thumbnail","6":"product_brand-yanmar","7":"product_cat-1gm-1gm10-teile","8":"product_cat-ersatzteile-fur-motoren","9":"product_cat-kits-fur-wartung-und-reparatur","10":"product_cat-motor-dichtungen","11":"product_cat-yanmar","12":"pa_condition-neu","13":"pa_model-1gm","14":"pa_model-1gm10","15":"pa_model-1gm10c","16":"pa_oem-or-aftermarket-aftermarket","18":"first","19":"instock","20":"sale","21":"taxable","22":"shipping-taxable","23":"purchasable","24":"product-type-simple"},"supplier_id":7294,"supplier_sku":"REC128170\u201111310","barcode":null,"atum_controlled":true,"out_stock_date":null,"out_stock_threshold":null,"inheritable":false,"inbound_stock":0,"stock_on_hold":0,"sold_today":0,"sales_last_days":0,"reserved_stock":0,"customer_returns":0,"warehouse_damage":0,"lost_in_post":0,"other_logs":0,"out_stock_days":0,"lost_sales":0,"has_location":false,"update_date":"2026-01-29T09:10:02","atum_locations":[],"atum_stock_status":"instock","restock_status":false,"low_stock_amount":1,"sales_update_date":"2026-01-29T09:10:02","calc_backorders":null,"_links":{"self":[{"href":"https:\/\/mps.digital-monkey.in\/de\/wp-json\/wp\/v2\/product\/38527","targetHints":{"allow":["GET"]}}],"collection":[{"href":"https:\/\/mps.digital-monkey.in\/de\/wp-json\/wp\/v2\/product"}],"about":[{"href":"https:\/\/mps.digital-monkey.in\/de\/wp-json\/wp\/v2\/types\/product"}],"replies":[{"embeddable":true,"href":"https:\/\/mps.digital-monkey.in\/de\/wp-json\/wp\/v2\/comments?post=38527"}],"wp:featuredmedia":[{"embeddable":true,"href":"https:\/\/mps.digital-monkey.in\/de\/wp-json\/wp\/v2\/media\/38528"}],"wp:attachment":[{"href":"https:\/\/mps.digital-monkey.in\/de\/wp-json\/wp\/v2\/media?parent=38527"}],"wp:term":[{"taxonomy":"product_brand","embeddable":true,"href":"https:\/\/mps.digital-monkey.in\/de\/wp-json\/wp\/v2\/product_brand?post=38527"},{"taxonomy":"product_cat","embeddable":true,"href":"https:\/\/mps.digital-monkey.in\/de\/wp-json\/wp\/v2\/product_cat?post=38527"},{"taxonomy":"product_tag","embeddable":true,"href":"https:\/\/mps.digital-monkey.in\/de\/wp-json\/wp\/v2\/product_tag?post=38527"}],"curies":[{"name":"wp","href":"https:\/\/api.w.org\/{rel}","templated":true}]}}