{"id":38557,"date":"2025-09-24T08:17:35","date_gmt":"2025-09-24T08:17:35","guid":{"rendered":"https:\/\/mps.digital-monkey.in\/product\/yanmar-121450-11310-ventildeckeldichtung-3gm-serie-motoren\/"},"modified":"2025-10-30T12:18:59","modified_gmt":"2025-10-30T12:18:59","slug":"yanmar-121450-11310-ventildeckeldichtung-3gm-serie-motoren","status":"publish","type":"product","link":"https:\/\/mps.digital-monkey.in\/de\/product\/yanmar-121450-11310-ventildeckeldichtung-3gm-serie-motoren\/","title":{"rendered":"Yanmar 121450-11310 Ventildeckeldichtung -3GM Serie Motoren"},"content":{"rendered":"<h3 data-start=\"74\" data-end=\"168\"><strong data-start=\"78\" data-end=\"168\">Yanmar 121450-11310 Ventildeckeldichtung &#8211; OEM-Ersatz f\u00fcr Schiffsmotoren der 3GM-Serie<\/strong><\/h3>\n<p data-start=\"170\" data-end=\"540\">Die <strong data-start=\"174\" data-end=\"216\">Yanmar 121450-11310 Ventildeckeldichtung<\/strong> ist eine <strong data-start=\"222\" data-end=\"261\">hochwertige OEM-Ersatzdichtung<\/strong> f\u00fcr <strong data-start=\"275\" data-end=\"318\">Yanmar 3GM-Schiffsdieselmotoren<\/strong>, einschlie\u00dflich <strong data-start=\"330\" data-end=\"358\">3GM, 3GM30, 3GM30F, 3GMD<\/strong> und \u00e4hnliche Modelle. Sie sorgt f\u00fcr eine <strong data-start=\"394\" data-end=\"423\">dichte, \u00f6lbest\u00e4ndige Abdichtung<\/strong> zwischen Ventildeckel und Zylinderkopf, verhindert Lecks und sch\u00fctzt die internen Komponenten vor Verunreinigungen.<\/p>\n<p data-start=\"542\" data-end=\"817\">Diese Dichtung aus <strong data-start=\"553\" data-end=\"591\">strapazierf\u00e4higem Gummi\/Verbundmaterial<\/strong> gew\u00e4hrleistet eine lange Lebensdauer unter maritimen Bedingungen. Es ist ein unverzichtbares Teil f\u00fcr <strong data-start=\"690\" data-end=\"748\">Top-End-Wartung, Ventileinstellungen oder Motor\u00fcberholungen<\/strong> und tr\u00e4gt zu einem sauberen, effizienten und zuverl\u00e4ssigen Motorbetrieb bei.<\/p>\n<hr data-start=\"880\" data-end=\"883\">\n<h3 data-start=\"885\" data-end=\"905\">\u2699\ufe0f Kompatibilit\u00e4t<\/h3>\n<p data-start=\"906\" data-end=\"960\">Kompatibel mit den folgenden Yanmar Schiffsmotoren:<\/p>\n<ul data-start=\"962\" data-end=\"1037\">\n<li data-start=\"962\" data-end=\"969\">\n<p data-start=\"964\" data-end=\"969\">3GM<\/p>\n<\/li>\n<li data-start=\"970\" data-end=\"979\">\n<p data-start=\"972\" data-end=\"979\">3GM30<\/p>\n<\/li>\n<li data-start=\"980\" data-end=\"990\">\n<p data-start=\"982\" data-end=\"990\">3GM30F<\/p>\n<\/li>\n<li data-start=\"991\" data-end=\"1003\">\n<p data-start=\"993\" data-end=\"1003\">3GM30YEU<\/p>\n<\/li>\n<li data-start=\"1004\" data-end=\"1015\">\n<p data-start=\"1006\" data-end=\"1015\">3GM30FC<\/p>\n<\/li>\n<li data-start=\"1016\" data-end=\"1024\">\n<p data-start=\"1018\" data-end=\"1024\">3GMD<\/p>\n<\/li>\n<li data-start=\"1025\" data-end=\"1037\">\n<p data-start=\"1027\" data-end=\"1037\">3GMD-YEU<\/p>\n<\/li>\n<\/ul>\n<p data-start=\"1039\" data-end=\"1111\"><em data-start=\"1039\" data-end=\"1109\">(\u00dcberpr\u00fcfen Sie vor der Bestellung immer Ihr Motormodell und die Seriennummer).<\/em><\/p>\n<hr data-start=\"1113\" data-end=\"1116\">\n<h3 data-start=\"1118\" data-end=\"1142\">\ud83d\udce6 Technische Details<\/h3>\n<div class=\"_tableContainer_1rjym_1\">\n<div class=\"group _tableWrapper_1rjym_13 flex w-fit flex-col-reverse\" tabindex=\"-1\">\n<table class=\"w-fit min-w-(--thread-content-width)\" data-start=\"1144\" data-end=\"1423\">\n<thead data-start=\"1144\" data-end=\"1170\">\n<tr data-start=\"1144\" data-end=\"1170\">\n<th data-start=\"1144\" data-end=\"1160\" data-col-size=\"sm\">Spezifikation<\/th>\n<th data-start=\"1160\" data-end=\"1170\" data-col-size=\"sm\">Detail<\/th>\n<\/tr>\n<\/thead>\n<tbody data-start=\"1198\" data-end=\"1423\">\n<tr data-start=\"1198\" data-end=\"1230\">\n<td data-start=\"1198\" data-end=\"1214\" data-col-size=\"sm\">Teilenummer<\/td>\n<td data-start=\"1214\" data-end=\"1230\" data-col-size=\"sm\">121450-11310<\/td>\n<\/tr>\n<tr data-start=\"1231\" data-end=\"1278\">\n<td data-start=\"1231\" data-end=\"1247\" data-col-size=\"sm\">Typ<\/td>\n<td data-start=\"1247\" data-end=\"1278\" data-col-size=\"sm\">Dichtung f\u00fcr Ventildeckel (Motorhaube)<\/td>\n<\/tr>\n<tr data-start=\"1279\" data-end=\"1336\">\n<td data-start=\"1279\" data-end=\"1295\" data-col-size=\"sm\">Material<\/td>\n<td data-start=\"1295\" data-end=\"1336\" data-col-size=\"sm\">Gummi \/ Verbundstoff f\u00fcr \u00d6lbest\u00e4ndigkeit<\/td>\n<\/tr>\n<tr data-start=\"1337\" data-end=\"1377\">\n<td data-start=\"1337\" data-end=\"1353\" data-col-size=\"sm\">Zustand<\/td>\n<td data-start=\"1353\" data-end=\"1377\" data-col-size=\"sm\">Neu, OEM Ersatz<\/td>\n<\/tr>\n<tr data-start=\"1378\" data-end=\"1423\">\n<td data-start=\"1378\" data-end=\"1394\" data-col-size=\"sm\">Kompatibilit\u00e4t<\/td>\n<td data-start=\"1394\" data-end=\"1423\" data-col-size=\"sm\">Yanmar-Motoren der 3GM-Serie<\/td>\n<\/tr>\n<\/tbody>\n<\/table>\n<\/div>\n<\/div>\n<hr data-start=\"1425\" data-end=\"1428\">\n<h3 data-start=\"1430\" data-end=\"1452\">\ud83d\udca1 Wann austauschen<\/h3>\n<ul data-start=\"1453\" data-end=\"1640\">\n<li data-start=\"1453\" data-end=\"1489\">\n<p data-start=\"1455\" data-end=\"1489\">\u00d6llecks im Bereich des Ventildeckels<\/p>\n<\/li>\n<li data-start=\"1490\" data-end=\"1531\">\n<p data-start=\"1492\" data-end=\"1531\">\u00d6lr\u00fcckst\u00e4nde auf Zylinderkopf oder Block<\/p>\n<\/li>\n<li data-start=\"1582\" data-end=\"1640\">\n<p data-start=\"1584\" data-end=\"1640\">Bei Ventileinstellungen, Wartungsarbeiten am oberen Ende oder \u00dcberholungen<\/p>\n<\/li>\n<\/ul>\n<hr data-start=\"1642\" data-end=\"1645\">\n<h3 data-start=\"1647\" data-end=\"1691\">\u2705 Warum diese OEM-Ersatzdichtung w\u00e4hlen<\/h3>\n<ul data-start=\"1692\" data-end=\"1899\">\n<li data-start=\"1692\" data-end=\"1746\">\n<p data-start=\"1694\" data-end=\"1746\">Perfekte Passform gem\u00e4\u00df den Yanmar-Spezifikationen<\/p>\n<\/li>\n<li data-start=\"1747\" data-end=\"1812\">\n<p data-start=\"1749\" data-end=\"1812\">Hochwertige Gummi-\/Verbundmaterialien f\u00fcr eine lange Nutzungsdauer<\/p>\n<\/li>\n<li data-start=\"1813\" data-end=\"1858\">\n<p data-start=\"1815\" data-end=\"1858\">Kosteng\u00fcnstige Alternative zu OEM-Dichtungen<\/p>\n<\/li>\n<li data-start=\"1859\" data-end=\"1899\">\n<p data-start=\"1861\" data-end=\"1899\">Einfache Installation mit einfachen Werkzeugen<\/p>\n<\/li>\n<\/ul>\n<hr data-start=\"1901\" data-end=\"1904\">\n<h3 data-start=\"1906\" data-end=\"1942\">\ud83d\uded2 Erh\u00e4ltlich bei MarinePartSystem<\/h3>\n<p data-start=\"1943\" data-end=\"2101\">Bestellen Sie die <strong data-start=\"1953\" data-end=\"2013\">Yanmar 121450-11310 Ventildeckeldichtung (OEM-Ersatz)<\/strong> noch heute bei <strong data-start=\"2025\" data-end=\"2045\">MarinePartSystem<\/strong>, Ihrem vertrauensw\u00fcrdigen Lieferanten f\u00fcr Yanmar Bootsmotorenteile.<\/p>\n","protected":false},"excerpt":{"rendered":"<p>Yanmar 121450-11310 Ventildeckeldichtung &#8211; OEM-Ersatz f\u00fcr Schiffsmotoren der 3GM-Serie Die Yanmar 121450-11310 Ventildeckeldichtung ist eine hochwertige OEM-Ersatzdichtung f\u00fcr Yanmar 3GM-Schiffsdieselmotoren, einschlie\u00dflich 3GM, 3GM30, 3GM30F, 3GMD und \u00e4hnliche Modelle. Sie sorgt f\u00fcr eine dichte, \u00f6lbest\u00e4ndige Abdichtung zwischen Ventildeckel und Zylinderkopf, verhindert Lecks und sch\u00fctzt die internen Komponenten vor Verunreinigungen. Diese Dichtung aus strapazierf\u00e4higem Gummi\/Verbundmaterial gew\u00e4hrleistet eine [&hellip;]<\/p>\n","protected":false},"featured_media":38558,"comment_status":"open","ping_status":"closed","template":"","meta":[],"product_brand":[4236],"product_cat":[4443,2498,3037,3038,4441],"product_tag":[],"class_list":{"0":"post-38557","1":"product","2":"type-product","3":"status-publish","4":"has-post-thumbnail","6":"product_brand-yanmar","7":"product_cat-3gm-3gm30-teile","8":"product_cat-ersatzteile-fur-motoren","9":"product_cat-kits-fur-wartung-und-reparatur","10":"product_cat-motor-dichtungen","11":"product_cat-yanmar","12":"pa_condition-neu","13":"pa_model-3gm","14":"pa_model-3gm30","15":"pa_model-3gm30-yeu","16":"pa_model-3gm30b","17":"pa_model-3gm30c","18":"pa_model-3gm30c-yeu","19":"pa_model-3gm30f","20":"pa_model-3gm30f-yeu","21":"pa_model-3gm30fc-yeu","22":"pa_model-3gm30fv","23":"pa_model-3gm30fve","24":"pa_model-3gm30v","25":"pa_model-3gm30ve","26":"pa_model-3gmd","27":"pa_model-3gmdf","28":"pa_model-3gmf","29":"pa_model-3gmfle","30":"pa_model-3gmfy-e","31":"pa_model-3gmfye-e","32":"pa_oem-or-aftermarket-aftermarket","34":"first","35":"instock","36":"sale","37":"taxable","38":"shipping-taxable","39":"purchasable","40":"product-type-simple"},"supplier_id":7294,"supplier_sku":"REC121450-11310","barcode":null,"atum_controlled":true,"out_stock_date":null,"out_stock_threshold":null,"inheritable":false,"inbound_stock":0,"stock_on_hold":0,"sold_today":0,"sales_last_days":0,"reserved_stock":0,"customer_returns":0,"warehouse_damage":0,"lost_in_post":0,"other_logs":0,"out_stock_days":0,"lost_sales":0,"has_location":false,"update_date":"2026-01-29T09:10:18","atum_locations":[],"atum_stock_status":"instock","restock_status":false,"low_stock_amount":1,"sales_update_date":"2026-01-29T09:10:18","calc_backorders":null,"_links":{"self":[{"href":"https:\/\/mps.digital-monkey.in\/de\/wp-json\/wp\/v2\/product\/38557","targetHints":{"allow":["GET"]}}],"collection":[{"href":"https:\/\/mps.digital-monkey.in\/de\/wp-json\/wp\/v2\/product"}],"about":[{"href":"https:\/\/mps.digital-monkey.in\/de\/wp-json\/wp\/v2\/types\/product"}],"replies":[{"embeddable":true,"href":"https:\/\/mps.digital-monkey.in\/de\/wp-json\/wp\/v2\/comments?post=38557"}],"wp:featuredmedia":[{"embeddable":true,"href":"https:\/\/mps.digital-monkey.in\/de\/wp-json\/wp\/v2\/media\/38558"}],"wp:attachment":[{"href":"https:\/\/mps.digital-monkey.in\/de\/wp-json\/wp\/v2\/media?parent=38557"}],"wp:term":[{"taxonomy":"product_brand","embeddable":true,"href":"https:\/\/mps.digital-monkey.in\/de\/wp-json\/wp\/v2\/product_brand?post=38557"},{"taxonomy":"product_cat","embeddable":true,"href":"https:\/\/mps.digital-monkey.in\/de\/wp-json\/wp\/v2\/product_cat?post=38557"},{"taxonomy":"product_tag","embeddable":true,"href":"https:\/\/mps.digital-monkey.in\/de\/wp-json\/wp\/v2\/product_tag?post=38557"}],"curies":[{"name":"wp","href":"https:\/\/api.w.org\/{rel}","templated":true}]}}