{"id":38827,"date":"2025-10-02T07:09:43","date_gmt":"2025-10-02T07:09:43","guid":{"rendered":"https:\/\/mps.digital-monkey.in\/product\/volvo-penta-2002-diesel-marine-motor-mit-armaturenbrett-saildrive\/"},"modified":"2025-10-10T14:48:06","modified_gmt":"2025-10-10T14:48:06","slug":"volvo-penta-2002-diesel-marine-motor-mit-armaturenbrett-saildrive","status":"publish","type":"product","link":"https:\/\/mps.digital-monkey.in\/de\/produkt\/volvo-penta-2002-diesel-marine-motor-mit-armaturenbrett-saildrive\/","title":{"rendered":"Volvo Penta 2002 Diesel Marine Motor mit Armaturenbrett &amp; Saildrive"},"content":{"rendered":"<h3 data-start=\"74\" data-end=\"146\"><strong data-start=\"78\" data-end=\"146\">Volvo Penta 2002 Schiffsdieselmotor mit Armaturenbrett &amp; Saildrive<\/strong><\/h3>\n<p data-start=\"148\" data-end=\"484\">Der <strong data-start=\"152\" data-end=\"172\">Volvo Penta 2002<\/strong> ist ein <strong data-start=\"178\" data-end=\"234\">kompakter und zuverl\u00e4ssiger 2-Zylinder-Schiffsdieselmotor<\/strong>, der f\u00fcr Yachten, Segelboote und kleine Boote entwickelt wurde, die einen zuverl\u00e4ssigen Antrieb ben\u00f6tigen. Dieses gebrauchte Aggregat wird <strong data-start=\"325\" data-end=\"369\">mit Armaturenbrett, Segelantrieb und Propeller<\/strong> angeboten. Es ist <strong data-start=\"394\" data-end=\"423\">vollst\u00e4ndig gewartet und getestet<\/strong> und damit ideal f\u00fcr <strong data-start=\"445\" data-end=\"481\">Repowering-Projekte oder die Umr\u00fcstung von Yachten<\/strong>. <\/p>\n<p data-start=\"486\" data-end=\"770\">Der Volvo Penta 2002 ist f\u00fcr seine <strong data-start=\"500\" data-end=\"561\">Langlebigkeit, seine Kraftstoffeffizienz und sein einfaches mechanisches Design<\/strong> bekannt und gew\u00e4hrleistet einen reibungslosen und gleichm\u00e4\u00dfigen Betrieb auf See. Jeder Motor wird <strong data-start=\"647\" data-end=\"683\">einbaufertig geliefert<\/strong>, inklusive <strong data-start=\"690\" data-end=\"716\">frischem \u00d6l, neuen Filtern<\/strong> und den <strong data-start=\"726\" data-end=\"758\">Original-Handb\u00fcchern von Volvo Penta<\/strong>. <\/p>\n<hr data-start=\"664\" data-end=\"667\">\n<h3 data-start=\"669\" data-end=\"699\">Technische Daten<\/h3>\n<ul data-start=\"700\" data-end=\"1189\">\n<li data-start=\"700\" data-end=\"731\">\n<p data-start=\"702\" data-end=\"731\"><strong data-start=\"702\" data-end=\"712\">Modell:<\/strong> Volvo Penta 2002<\/p>\n<\/li>\n<li data-start=\"732\" data-end=\"788\">\n<p data-start=\"734\" data-end=\"788\"><strong data-start=\"734\" data-end=\"751\">Leistungsabgabe:<\/strong> Ca. 18 PS (13 kW) bei 3.200 U\/min <\/p>\n<\/li>\n<li data-start=\"789\" data-end=\"843\">\n<p data-start=\"791\" data-end=\"843\"><strong data-start=\"791\" data-end=\"805\">Zylinder:<\/strong> 2, Viertakt, Saugmotor<\/p>\n<\/li>\n<li data-start=\"844\" data-end=\"883\">\n<p data-start=\"846\" data-end=\"883\"><strong data-start=\"846\" data-end=\"863\">Hubraum:<\/strong> ~ 830 cc (0,83 L)<\/p>\n<\/li>\n<li data-start=\"884\" data-end=\"940\">\n<p data-start=\"886\" data-end=\"940\"><strong data-start=\"886\" data-end=\"905\">K\u00fchlsystem:<\/strong> W\u00e4rmetauscher \/ seewassergek\u00fchlt<\/p>\n<\/li>\n<li data-start=\"986\" data-end=\"1015\">\n<p data-start=\"988\" data-end=\"1015\"><strong data-start=\"988\" data-end=\"1005\">\u00d6lkapazit\u00e4t:<\/strong> ~ 2,8 L<\/p>\n<\/li>\n<li data-start=\"1016\" data-end=\"1067\">\n<p data-start=\"1018\" data-end=\"1067\"><strong data-start=\"1018\" data-end=\"1032\">Nenndrehzahl:<\/strong> 3.200 U\/min<\/p>\n<\/li>\n<li data-start=\"1068\" data-end=\"1135\">\n<p data-start=\"1070\" data-end=\"1135\"><strong data-start=\"1070\" data-end=\"1087\">Konstruktion:<\/strong> Block und Kopf aus Gusseisen<\/p>\n<\/li>\n<li data-start=\"1136\" data-end=\"1189\">\n<p data-start=\"1138\" data-end=\"1189\"><strong data-start=\"1138\" data-end=\"1148\">Antrieb:<\/strong> Saildrive-Einheit mit Propeller (kann auch mit Getriebe verwendet werden)<\/p>\n<\/li>\n<\/ul>\n<hr data-start=\"1191\" data-end=\"1194\">\n<h3 data-start=\"1196\" data-end=\"1221\">Zustand &amp; Service<\/h3>\n<ul data-start=\"1222\" data-end=\"1421\">\n<li data-start=\"1222\" data-end=\"1255\">\n<p data-start=\"1224\" data-end=\"1255\">Motor l\u00e4uft in gutem Zustand<\/p>\n<\/li>\n<li data-start=\"1256\" data-end=\"1273\">\n<p data-start=\"1258\" data-end=\"1273\">Stunden unbekannt<\/p>\n<\/li>\n<li data-start=\"1274\" data-end=\"1336\">\n<p data-start=\"1276\" data-end=\"1336\">Auslieferung mit <strong data-start=\"1293\" data-end=\"1309\">komplettem Service<\/strong> (\u00d6l und Filter gewechselt)<\/p>\n<\/li>\n<li data-start=\"1337\" data-end=\"1374\">\n<p data-start=\"1339\" data-end=\"1374\">Getestet und bereit zur Installation<\/p>\n<\/li>\n<li data-start=\"1375\" data-end=\"1421\">\n<p data-start=\"1377\" data-end=\"1421\">Original <strong data-start=\"1386\" data-end=\"1410\">Motorb\u00fccher\/Handb\u00fccher<\/strong> inklusive<\/p>\n<\/li>\n<\/ul>\n<hr data-start=\"1423\" data-end=\"1426\">\n<h3 data-start=\"1428\" data-end=\"1449\">Was ist inbegriffen?<\/h3>\n<ul data-start=\"1450\" data-end=\"1594\">\n<li data-start=\"1450\" data-end=\"1477\">\n<p data-start=\"1452\" data-end=\"1477\">Volvo Penta 2002 Motor<\/p>\n<\/li>\n<li data-start=\"1478\" data-end=\"1513\">\n<p data-start=\"1480\" data-end=\"1513\">Armaturenbrett \/ Kontrollinstrumente<\/p>\n<\/li>\n<li data-start=\"1514\" data-end=\"1542\">\n<p data-start=\"1516\" data-end=\"1542\">Saildrive mit Propeller<\/p>\n<\/li>\n<li data-start=\"1543\" data-end=\"1575\">\n<p data-start=\"1545\" data-end=\"1575\">Kompletter Service (\u00d6l &amp; Filter)<\/p>\n<\/li>\n<li data-start=\"1576\" data-end=\"1594\">\n<p data-start=\"1578\" data-end=\"1594\">Handb\u00fccher f\u00fcr Motoren<\/p>\n<\/li>\n<\/ul>\n<hr data-start=\"1596\" data-end=\"1599\">\n<h3 data-start=\"1601\" data-end=\"1614\">Preisgestaltung<\/h3>\n<ul data-start=\"1615\" data-end=\"1694\">\n<li data-start=\"1615\" data-end=\"1642\">\n<p data-start=\"1617\" data-end=\"1642\"><strong data-start=\"1617\" data-end=\"1633\">Nur Motor:<\/strong> \u20ac2.450<\/p>\n<\/li>\n<li data-start=\"1643\" data-end=\"1694\">\n<p data-start=\"1645\" data-end=\"1694\"><strong data-start=\"1645\" data-end=\"1685\">Motor + Saildrive (mit Propeller):<\/strong> \u20ac2,850<\/p>\n<\/li>\n<\/ul>\n<hr data-start=\"1696\" data-end=\"1699\">\n<h3 data-start=\"1701\" data-end=\"1724\">Informationen bestellen<\/h3>\n<p data-start=\"1725\" data-end=\"1860\">\ud83d\udce9 <strong data-start=\"1728\" data-end=\"1749\">Kontaktieren Sie uns, um<\/strong> dieses Volvo Penta 2002 Paket <strong data-start=\"1728\" data-end=\"1749\">zu kaufen<\/strong>.<br data-start=\"1780\" data-end=\"1783\">Wir informieren Sie gerne \u00fcber weitere Details, Versandoptionen und Verf\u00fcgbarkeit.<\/p>\n","protected":false},"excerpt":{"rendered":"<p>Volvo Penta 2002 Schiffsdieselmotor mit Armaturenbrett &amp; Saildrive Der Volvo Penta 2002 ist ein kompakter und zuverl\u00e4ssiger 2-Zylinder-Schiffsdieselmotor, der f\u00fcr Yachten, Segelboote und kleine Boote entwickelt wurde, die einen zuverl\u00e4ssigen Antrieb ben\u00f6tigen. Dieses gebrauchte Aggregat wird mit Armaturenbrett, Segelantrieb und Propeller angeboten. Es ist vollst\u00e4ndig gewartet und getestet und damit ideal f\u00fcr Repowering-Projekte oder die [&hellip;]<\/p>\n","protected":false},"featured_media":38828,"comment_status":"open","ping_status":"closed","template":"","meta":[],"product_brand":[4230],"product_cat":[4488,4496,2485,4308,4470,4466],"product_tag":[],"class_list":{"0":"post-38827","1":"product","2":"type-product","3":"status-publish","4":"has-post-thumbnail","6":"product_brand-volvo-penta","7":"product_cat-brauchen-sie-volvo-penta-teile","8":"product_cat-gebrauchte-volvo-penta-teile-kaufen","9":"product_cat-motoren","10":"product_cat-volvo-penta","11":"product_cat-volvo-penta-2002-teile","12":"product_cat-volvo-penta-serie-2000","13":"product_shipping_class-motor-de","14":"pa_condition-gebraucht","15":"pa_model-3089","16":"pa_oem-or-aftermarket-oem","18":"first","19":"outofstock","20":"taxable","21":"shipping-taxable","22":"purchasable","23":"product-type-simple"},"supplier_id":null,"supplier_sku":"","barcode":null,"atum_controlled":true,"out_stock_date":"2025-11-04 10:44:06","out_stock_threshold":null,"inheritable":false,"inbound_stock":0,"stock_on_hold":0,"sold_today":0,"sales_last_days":0,"reserved_stock":0,"customer_returns":0,"warehouse_damage":0,"lost_in_post":0,"other_logs":0,"out_stock_days":136,"lost_sales":0,"has_location":false,"update_date":"2026-03-20T11:16:33","atum_locations":[],"atum_stock_status":"outofstock","restock_status":false,"low_stock_amount":1,"sales_update_date":"2026-03-20T11:16:33","calc_backorders":null,"_links":{"self":[{"href":"https:\/\/mps.digital-monkey.in\/de\/wp-json\/wp\/v2\/product\/38827","targetHints":{"allow":["GET"]}}],"collection":[{"href":"https:\/\/mps.digital-monkey.in\/de\/wp-json\/wp\/v2\/product"}],"about":[{"href":"https:\/\/mps.digital-monkey.in\/de\/wp-json\/wp\/v2\/types\/product"}],"replies":[{"embeddable":true,"href":"https:\/\/mps.digital-monkey.in\/de\/wp-json\/wp\/v2\/comments?post=38827"}],"wp:featuredmedia":[{"embeddable":true,"href":"https:\/\/mps.digital-monkey.in\/de\/wp-json\/wp\/v2\/media\/38828"}],"wp:attachment":[{"href":"https:\/\/mps.digital-monkey.in\/de\/wp-json\/wp\/v2\/media?parent=38827"}],"wp:term":[{"taxonomy":"product_brand","embeddable":true,"href":"https:\/\/mps.digital-monkey.in\/de\/wp-json\/wp\/v2\/product_brand?post=38827"},{"taxonomy":"product_cat","embeddable":true,"href":"https:\/\/mps.digital-monkey.in\/de\/wp-json\/wp\/v2\/product_cat?post=38827"},{"taxonomy":"product_tag","embeddable":true,"href":"https:\/\/mps.digital-monkey.in\/de\/wp-json\/wp\/v2\/product_tag?post=38827"}],"curies":[{"name":"wp","href":"https:\/\/api.w.org\/{rel}","templated":true}]}}