{"id":38928,"date":"2025-10-02T12:49:29","date_gmt":"2025-10-02T12:49:29","guid":{"rendered":"https:\/\/mps.digital-monkey.in\/product\/ellebogen-gt-m45-yanmar-120650-08400\/"},"modified":"2025-11-24T10:13:36","modified_gmt":"2025-11-24T10:13:36","slug":"ellebogen-gt-m45-yanmar-120650-08400","status":"publish","type":"product","link":"https:\/\/mps.digital-monkey.in\/de\/produkt\/ellebogen-gt-m45-yanmar-120650-08400\/","title":{"rendered":"Ellebogen GT-M45 Yanmar 120650-08400"},"content":{"rendered":"<h3 data-start=\"74\" data-end=\"160\"><strong data-start=\"78\" data-end=\"160\">Ellebogen GT-M45 M20 - Marine Motorhalterung f\u00fcr Yanmar 120650-08400 Ersatz<\/strong><\/h3>\n<p data-start=\"162\" data-end=\"510\">Das <strong data-start=\"166\" data-end=\"190\">Ellebogen GT-M45 M20<\/strong> ist ein <strong data-start=\"196\" data-end=\"251\">hochleistungsf\u00e4higes Anti-Vibrations-Motorlager<\/strong>, das als <strong data-start=\"266\" data-end=\"312\">direkter Ersatz f\u00fcr das Yanmar 120650-08400<\/strong> entwickelt wurde. Diese Halterung wurde f\u00fcr pr\u00e4zise Passgenauigkeit und langfristige Stabilit\u00e4t entwickelt und bietet <strong data-start=\"392\" data-end=\"423\">eine hervorragende Vibrationsd\u00e4mpfung<\/strong>, eine <strong data-start=\"425\" data-end=\"450\">sichere Motorabst\u00fctzung<\/strong> und einen <strong data-start=\"456\" data-end=\"484\">verbesserten Komfort an Bord<\/strong> in maritimen Umgebungen.<\/p>\n<p data-start=\"512\" data-end=\"776\">Der Ellebogen GT-M45 M20 ist aus <strong data-start=\"530\" data-end=\"583\">Gummi in Marinequalit\u00e4t und korrosionsbest\u00e4ndigem Metall<\/strong> gefertigt. Er sorgt f\u00fcr einen <strong data-start=\"618\" data-end=\"645\">reibungslosen Motorbetrieb<\/strong>, reduziert die strukturelle Belastung und verhindert Ausrichtungsfehler - und sorgt so f\u00fcr eine optimale Leistung der <strong data-start=\"745\" data-end=\"773\">Yanmar-Dieselmotoren der BY-Serie<\/strong>.<\/p>\n<hr data-start=\"485\" data-end=\"488\">\n<h3 data-start=\"490\" data-end=\"522\"><strong data-start=\"494\" data-end=\"522\">Technische Daten<\/strong><\/h3>\n<ul data-start=\"523\" data-end=\"673\">\n<li data-start=\"523\" data-end=\"569\">\n<p data-start=\"525\" data-end=\"569\"><strong data-start=\"525\" data-end=\"546\">Referenznummer:<\/strong> Ellebogen GT-M45 M20<\/p>\n<\/li>\n<li data-start=\"570\" data-end=\"614\">\n<p data-start=\"572\" data-end=\"614\"><strong data-start=\"572\" data-end=\"592\">OEM-Ersatz:<\/strong> Yanmar 120650-08400<\/p>\n<\/li>\n<li data-start=\"615\" data-end=\"637\">\n<p data-start=\"617\" data-end=\"637\"><strong data-start=\"617\" data-end=\"630\">H\u00e4rte:<\/strong> 45Sh<\/p>\n<\/li>\n<li data-start=\"638\" data-end=\"673\">\n<p data-start=\"640\" data-end=\"673\"><strong data-start=\"640\" data-end=\"664\">Maximale statische Belastung:<\/strong> 120 kg<\/p>\n<\/li>\n<\/ul>\n<hr data-start=\"675\" data-end=\"678\">\n<h3 data-start=\"680\" data-end=\"713\"><strong data-start=\"684\" data-end=\"713\">Kompatible Yanmar-Motoren<\/strong><\/h3>\n<ul data-start=\"714\" data-end=\"809\">\n<li data-start=\"714\" data-end=\"724\">\n<p data-start=\"716\" data-end=\"724\">4BY150<\/p>\n<\/li>\n<li data-start=\"725\" data-end=\"735\">\n<p data-start=\"727\" data-end=\"735\">4BY180<\/p>\n<\/li>\n<li data-start=\"736\" data-end=\"748\">\n<p data-start=\"738\" data-end=\"748\">4BY3-150<\/p>\n<\/li>\n<li data-start=\"749\" data-end=\"761\">\n<p data-start=\"751\" data-end=\"761\">4BY3-180<\/p>\n<\/li>\n<li data-start=\"762\" data-end=\"772\">\n<p data-start=\"764\" data-end=\"772\">6BY220<\/p>\n<\/li>\n<li data-start=\"773\" data-end=\"783\">\n<p data-start=\"775\" data-end=\"783\">6BY260<\/p>\n<\/li>\n<li data-start=\"784\" data-end=\"796\">\n<p data-start=\"786\" data-end=\"796\">6BY3-220<\/p>\n<\/li>\n<li data-start=\"797\" data-end=\"809\">\n<p data-start=\"799\" data-end=\"809\">6BY3-260<\/p>\n<\/li>\n<\/ul>\n<hr data-start=\"811\" data-end=\"814\">\n<h3 data-start=\"816\" data-end=\"836\"><strong data-start=\"820\" data-end=\"836\">Wesentliche Merkmale<\/strong><\/h3>\n<ul data-start=\"837\" data-end=\"1072\">\n<li data-start=\"837\" data-end=\"881\">\n<p data-start=\"839\" data-end=\"881\">OEM-Ersatz f\u00fcr Yanmar 120650-08400.<\/p>\n<\/li>\n<li data-start=\"882\" data-end=\"944\">\n<p data-start=\"884\" data-end=\"944\">Entwickelt, um Vibrationen zu reduzieren und die Stabilit\u00e4t des Motors zu verbessern.<\/p>\n<\/li>\n<li data-start=\"945\" data-end=\"1007\">\n<p data-start=\"947\" data-end=\"1007\">Die Konstruktion aus Gummi und Metall in Marinequalit\u00e4t garantiert Langlebigkeit.<\/p>\n<\/li>\n<li data-start=\"1008\" data-end=\"1072\">\n<p data-start=\"1010\" data-end=\"1072\">Einfache Installation, pr\u00e4zise Passform f\u00fcr Yanmar-Motoren der BY-Serie.<\/p>\n<\/li>\n<\/ul>\n","protected":false},"excerpt":{"rendered":"<p>Ellebogen GT-M45 M20 - Marine Motorhalterung f\u00fcr Yanmar 120650-08400 Ersatz Das Ellebogen GT-M45 M20 ist ein hochleistungsf\u00e4higes Anti-Vibrations-Motorlager, das als direkter Ersatz f\u00fcr das Yanmar 120650-08400 entwickelt wurde. Diese Halterung wurde f\u00fcr pr\u00e4zise Passgenauigkeit und langfristige Stabilit\u00e4t entwickelt und bietet eine hervorragende Vibrationsd\u00e4mpfung, eine sichere Motorabst\u00fctzung und einen verbesserten Komfort an Bord in maritimen Umgebungen. [&hellip;]<\/p>\n","protected":false},"featured_media":38929,"comment_status":"open","ping_status":"closed","template":"","meta":[],"product_brand":[4234,4236],"product_cat":[2532,2886,4565],"product_tag":[],"class_list":{"0":"post-38928","1":"product","2":"type-product","3":"status-publish","4":"has-post-thumbnail","6":"product_brand-ellebogen","7":"product_brand-yanmar","8":"product_cat-motorenteile","9":"product_cat-motorhalterungen","10":"product_cat-yanmar-motorhalterungen","11":"pa_condition-neu","12":"pa_model-4by150","13":"pa_model-4by180","14":"pa_model-4by3-150","15":"pa_model-4by3-180","16":"pa_model-6by220","17":"pa_model-6by260","18":"pa_model-6by3-220","19":"pa_model-6by3-260","20":"pa_oem-or-aftermarket-aftermarket","22":"first","23":"onbackorder","24":"taxable","25":"shipping-taxable","26":"purchasable","27":"product-type-simple"},"supplier_id":7297,"supplier_sku":"GT-M45M20","barcode":null,"atum_controlled":true,"out_stock_date":"2025-11-24 10:07:34","out_stock_threshold":null,"inheritable":false,"inbound_stock":0,"stock_on_hold":0,"sold_today":0,"sales_last_days":0,"reserved_stock":0,"customer_returns":0,"warehouse_damage":0,"lost_in_post":0,"other_logs":0,"out_stock_days":20,"lost_sales":0,"has_location":false,"update_date":"2025-11-24T10:10:05","atum_locations":[],"atum_stock_status":"onbackorder","restock_status":false,"low_stock_amount":1,"sales_update_date":"2025-10-22T14:30:15","calc_backorders":null,"_links":{"self":[{"href":"https:\/\/mps.digital-monkey.in\/de\/wp-json\/wp\/v2\/product\/38928","targetHints":{"allow":["GET"]}}],"collection":[{"href":"https:\/\/mps.digital-monkey.in\/de\/wp-json\/wp\/v2\/product"}],"about":[{"href":"https:\/\/mps.digital-monkey.in\/de\/wp-json\/wp\/v2\/types\/product"}],"replies":[{"embeddable":true,"href":"https:\/\/mps.digital-monkey.in\/de\/wp-json\/wp\/v2\/comments?post=38928"}],"wp:featuredmedia":[{"embeddable":true,"href":"https:\/\/mps.digital-monkey.in\/de\/wp-json\/wp\/v2\/media\/38929"}],"wp:attachment":[{"href":"https:\/\/mps.digital-monkey.in\/de\/wp-json\/wp\/v2\/media?parent=38928"}],"wp:term":[{"taxonomy":"product_brand","embeddable":true,"href":"https:\/\/mps.digital-monkey.in\/de\/wp-json\/wp\/v2\/product_brand?post=38928"},{"taxonomy":"product_cat","embeddable":true,"href":"https:\/\/mps.digital-monkey.in\/de\/wp-json\/wp\/v2\/product_cat?post=38928"},{"taxonomy":"product_tag","embeddable":true,"href":"https:\/\/mps.digital-monkey.in\/de\/wp-json\/wp\/v2\/product_tag?post=38928"}],"curies":[{"name":"wp","href":"https:\/\/api.w.org\/{rel}","templated":true}]}}